{"id":821,"date":"2026-05-08T13:45:06","date_gmt":"2026-05-08T13:45:06","guid":{"rendered":"https:\/\/lulabookstore.com\/?post_type=product&#038;p=821"},"modified":"2026-05-08T13:45:07","modified_gmt":"2026-05-08T13:45:07","slug":"821","status":"publish","type":"product","link":"https:\/\/lulabookstore.com\/index.php\/san-pham\/821\/","title":{"rendered":""},"content":{"rendered":"<p class=\"QN2lPu\">\ud83d\udc69\u200d\ud83c\udfeb TH\u00d4NG TIN S\u1ea2N PH\u1ea8M<\/p>\n<p class=\"QN2lPu\">\u274c\ud83d\udd25 GI\u1ea4Y IN 1 M\u1eb6T A4, KH\u00d4NG \u00c9P PLASTIC<\/p>\n<p class=\"QN2lPu\">\n<p class=\"QN2lPu\">\u27a1\ufe0f H\u00ecnh \u1ea3nh trong t\u00e0i li\u1ec7u \u0111\u1ec1u \u0111\u01b0\u1ee3c thi\u1ebft k\u1ebf \u0111\u1ed9c l\u1eadp, kh\u00f4ng tr\u00f9ng l\u1eb7p, gi\u00fap b\u00e9 kh\u00e1m ph\u00e1 \u0111a d\u1ea1ng n\u1ed9i dung h\u1ecdc t\u1eadp.<\/p>\n<p class=\"QN2lPu\">\n<p class=\"QN2lPu\">\u27a1\ufe0f T\u00e0i li\u1ec7u h\u1ecdc \u0111\u01b0\u1ee3c in tr\u00ean kh\u1ed5 gi\u1ea5y A4, t\u1eebng t\u1edd r\u1eddi, kh\u00f4ng \u0111\u00f3ng quy\u1ec3n \u2013 ti\u1ec7n l\u1ee3i cho vi\u1ec7c s\u1eed d\u1ee5ng linh ho\u1ea1t.<\/p>\n<p class=\"QN2lPu\">\n<p class=\"QN2lPu\">\u27a1\ufe0f Khi s\u1eed d\u1ee5ng, ba m\u1eb9 c\u00f3 th\u1ec3 d\u1ec5 d\u00e0ng l\u1ea5y t\u1eebng t\u1edd ra cho b\u00e9 h\u1ecdc v\u00e0 ch\u01a1i theo t\u1eebng ch\u1ee7 \u0111\u1ec1.<\/p>\n<p class=\"QN2lPu\">\n<p class=\"QN2lPu\">\u27a1\ufe0f Gi\u1ea5y in s\u1eed d\u1ee5ng m\u1ed9t l\u1ea7n, kh\u00f4ng t\u1ea9y x\u00f3a \u0111\u01b0\u1ee3c \u2013 \u0111\u1ea3m b\u1ea3o ch\u1ea5t l\u01b0\u1ee3ng h\u00ecnh \u1ea3nh.<\/p>\n<p class=\"QN2lPu\">\n<p class=\"QN2lPu\">\ud83d\udfe2 B\u1ed9 t\u00e0i li\u1ec7u g\u1ed3m c\u00e1c t\u1edd A4, IN M\u1ed8T M\u1eb6T tr\u00ean gi\u1ea5y th\u01b0\u1eddng, gi\u1ed1ng ch\u1ea5t li\u1ec7u gi\u1ea5y A4 th\u00f4ng d\u1ee5ng.<\/p>\n<p class=\"QN2lPu\">\n<p class=\"QN2lPu\">\ud83d\udfe2 Qu\u00fd kh\u00e1ch vui l\u00f2ng xem k\u1ef9 h\u00ecnh \u1ea3nh v\u00e0 m\u00f4 t\u1ea3 s\u1ea3n ph\u1ea9m tr\u01b0\u1edbc khi \u0111\u1eb7t mua \u0111\u1ec3 tr\u00e1nh nh\u1ea7m l\u1eabn v\u1ec1 ch\u1ea5t li\u1ec7u v\u00e0 c\u00e1ch s\u1eed d\u1ee5ng.<\/p>\n<p class=\"QN2lPu\">\n<p class=\"QN2lPu\">\u2e3b<\/p>\n<p class=\"QN2lPu\">\n<p class=\"QN2lPu\">CAM K\u1ebeT T\u1eea SHOP<\/p>\n<p class=\"QN2lPu\">\n<p class=\"QN2lPu\">\u2022 S\u1ea3n ph\u1ea9m \u0111\u00fang nh\u01b0 h\u00ecnh \u1ea3nh v\u00e0 m\u00f4 t\u1ea3.<\/p>\n<p class=\"QN2lPu\">\u2022 Chu\u1ea9n b\u1ecb h\u00e0ng si\u00eau t\u1ed1c trong v\u00f2ng 24h.<\/p>\n","protected":false},"excerpt":{"rendered":"<p>\ud83d\udc69\u200d\ud83c\udfeb TH\u00d4NG TIN S\u1ea2N PH\u1ea8M \u274c\ud83d\udd25 GI\u1ea4Y IN 1 M\u1eb6T A4, KH\u00d4NG \u00c9P PLASTIC \u27a1\ufe0f H\u00ecnh \u1ea3nh trong t\u00e0i li\u1ec7u [&hellip;]<\/p>\n","protected":false},"featured_media":819,"comment_status":"open","ping_status":"closed","template":"","meta":{"site-sidebar-layout":"default","site-content-layout":"","ast-site-content-layout":"default","site-content-style":"default","site-sidebar-style":"default","ast-global-header-display":"","ast-banner-title-visibility":"","ast-main-header-display":"","ast-hfb-above-header-display":"","ast-hfb-below-header-display":"","ast-hfb-mobile-header-display":"","site-post-title":"","ast-breadcrumbs-content":"","ast-featured-img":"","footer-sml-layout":"","ast-disable-related-posts":"","theme-transparent-header-meta":"default","adv-header-id-meta":"","stick-header-meta":"","header-above-stick-meta":"","header-main-stick-meta":"","header-below-stick-meta":"","astra-migrate-meta-layouts":"set","ast-page-background-enabled":"default","ast-page-background-meta":{"desktop":{"background-color":"var(--ast-global-color-5)","background-image":"","background-repeat":"repeat","background-position":"center center","background-size":"auto","background-attachment":"scroll","background-type":"","background-media":"","overlay-type":"","overlay-color":"","overlay-opacity":"","overlay-gradient":""},"tablet":{"background-color":"","background-image":"","background-repeat":"repeat","background-position":"center center","background-size":"auto","background-attachment":"scroll","background-type":"","background-media":"","overlay-type":"","overlay-color":"","overlay-opacity":"","overlay-gradient":""},"mobile":{"background-color":"","background-image":"","background-repeat":"repeat","background-position":"center center","background-size":"auto","background-attachment":"scroll","background-type":"","background-media":"","overlay-type":"","overlay-color":"","overlay-opacity":"","overlay-gradient":""}},"ast-content-background-meta":{"desktop":{"background-color":"var(--ast-global-color-4)","background-image":"","background-repeat":"repeat","background-position":"center center","background-size":"auto","background-attachment":"scroll","background-type":"","background-media":"","overlay-type":"","overlay-color":"","overlay-opacity":"","overlay-gradient":""},"tablet":{"background-color":"var(--ast-global-color-4)","background-image":"","background-repeat":"repeat","background-position":"center center","background-size":"auto","background-attachment":"scroll","background-type":"","background-media":"","overlay-type":"","overlay-color":"","overlay-opacity":"","overlay-gradient":""},"mobile":{"background-color":"var(--ast-global-color-4)","background-image":"","background-repeat":"repeat","background-position":"center center","background-size":"auto","background-attachment":"scroll","background-type":"","background-media":"","overlay-type":"","overlay-color":"","overlay-opacity":"","overlay-gradient":""}}},"product_brand":[],"product_cat":[15],"product_tag":[],"class_list":{"0":"post-821","1":"product","2":"type-product","3":"status-publish","4":"has-post-thumbnail","6":"product_cat-chua-phan-loai","7":"desktop-align-left","8":"tablet-align-left","9":"mobile-align-left","11":"first","12":"instock","13":"taxable","14":"shipping-taxable","15":"purchasable","16":"product-type-variable"},"_links":{"self":[{"href":"https:\/\/lulabookstore.com\/index.php\/wp-json\/wp\/v2\/product\/821","targetHints":{"allow":["GET"]}}],"collection":[{"href":"https:\/\/lulabookstore.com\/index.php\/wp-json\/wp\/v2\/product"}],"about":[{"href":"https:\/\/lulabookstore.com\/index.php\/wp-json\/wp\/v2\/types\/product"}],"replies":[{"embeddable":true,"href":"https:\/\/lulabookstore.com\/index.php\/wp-json\/wp\/v2\/comments?post=821"}],"wp:featuredmedia":[{"embeddable":true,"href":"https:\/\/lulabookstore.com\/index.php\/wp-json\/wp\/v2\/media\/819"}],"wp:attachment":[{"href":"https:\/\/lulabookstore.com\/index.php\/wp-json\/wp\/v2\/media?parent=821"}],"wp:term":[{"taxonomy":"product_brand","embeddable":true,"href":"https:\/\/lulabookstore.com\/index.php\/wp-json\/wp\/v2\/product_brand?post=821"},{"taxonomy":"product_cat","embeddable":true,"href":"https:\/\/lulabookstore.com\/index.php\/wp-json\/wp\/v2\/product_cat?post=821"},{"taxonomy":"product_tag","embeddable":true,"href":"https:\/\/lulabookstore.com\/index.php\/wp-json\/wp\/v2\/product_tag?post=821"}],"curies":[{"name":"wp","href":"https:\/\/api.w.org\/{rel}","templated":true}]}}