{"id":75,"date":"2026-03-19T17:43:02","date_gmt":"2026-03-19T17:43:02","guid":{"rendered":"https:\/\/lulabookstore.com\/?post_type=product&#038;p=75"},"modified":"2026-03-22T10:59:55","modified_gmt":"2026-03-22T10:59:55","slug":"sach-combo-cambridge-english-ielts-tu-1-20-le-bokem-audio","status":"publish","type":"product","link":"https:\/\/lulabookstore.com\/index.php\/san-pham\/sach-combo-cambridge-english-ielts-tu-1-20-le-bokem-audio\/","title":{"rendered":"S\u00e1ch Combo Cambridge English IELTS (t\u1eeb 1 \u2013 20) (L\u1ebb, B\u1ed9)(K\u00e8m Audio)"},"content":{"rendered":"<p>S\u00e1ch Combo Cambridge English IELTS (t\u1eeb 1 \u2013 20) (L\u1ebb, B\u1ed9)(K\u00e8m Audio)<\/p>\n<p>\u2013 4 b\u00e0i test c\u01a1 b\u1ea3n v\u1edbi \u0111\u1ed9 kh\u00f3 theo xu h\u01b0\u1edbng ra \u0111\u1ec1 m\u1edbi c\u1ee7a t\u1eebng n\u0103m. Hi\u1ec7n b\u1ed9 Cambridge 20 l\u00e0 \u0111\u1ec1 m\u1edbi nh\u1ea5t<\/p>\n<p>\u2013 C\u00e1c b\u00e0i test \u0111\u1ec1u c\u00f3 \u0111\u00e1p \u00e1n v\u00e0 audioscripts ph\u00eda sau \u0111\u1ec3 c\u00e1c b\u1ea1n check l\u1ea1i \u0111\u00e1p \u00e1n<\/p>\n<p>\u2013 Th\u1ef1c hi\u1ec7n c\u00e1c b\u00e0i m\u1eabu Speaking v\u00e0 Writing \u0111\u1ec3 c\u00e1c b\u1ea1n tham kh\u1ea3o<\/p>\n<p>\u2013 C\u00f3 \u0111\u1ee7 audio \u0111\u1ec3 b\u1ea1n nghe v\u00e0 th\u1ef1c hi\u1ec7n b\u00e0i test.<\/p>\n<p>\u0110\u1eb7c bi\u1ec7t b\u1ed9 Cambridge IELTS t\u1eeb 1 \u2013 20 l\u00e0 ngu\u1ed3n l\u1ea5y \u0111\u1ec1 thi th\u1eed IELTS t\u1ed1t nh\u1ea5t cho c\u00e1c b\u1ea1n \u0111\u1ec3 l\u00e0m quen v\u1edbi c\u1ea5u tr\u00fac b\u00e0i thi IELTS c\u0169ng nh\u01b0 r\u00e8n luy\u1ec7n ki\u1ebfn th\u1ee9c IELTS tr\u01b0\u1edbc khi b\u1ea1n b\u01b0\u1edbc v\u00e0o k\u1ef3 thi th\u1ef1c t\u1ebf!<\/p>\n","protected":false},"excerpt":{"rendered":"<p>S\u00e1ch Combo Cambridge English IELTS (t\u1eeb 1 \u2013 20) (L\u1ebb, B\u1ed9)(K\u00e8m Audio) \u2013 4 b\u00e0i test c\u01a1 b\u1ea3n v\u1edbi \u0111\u1ed9 [&hellip;]<\/p>\n","protected":false},"featured_media":76,"comment_status":"open","ping_status":"closed","template":"","meta":{"site-sidebar-layout":"default","site-content-layout":"","ast-site-content-layout":"default","site-content-style":"default","site-sidebar-style":"default","ast-global-header-display":"","ast-banner-title-visibility":"","ast-main-header-display":"","ast-hfb-above-header-display":"","ast-hfb-below-header-display":"","ast-hfb-mobile-header-display":"","site-post-title":"","ast-breadcrumbs-content":"","ast-featured-img":"","footer-sml-layout":"","ast-disable-related-posts":"","theme-transparent-header-meta":"","adv-header-id-meta":"","stick-header-meta":"","header-above-stick-meta":"","header-main-stick-meta":"","header-below-stick-meta":"","astra-migrate-meta-layouts":"default","ast-page-background-enabled":"default","ast-page-background-meta":{"desktop":{"background-color":"var(--ast-global-color-5)","background-image":"","background-repeat":"repeat","background-position":"center center","background-size":"auto","background-attachment":"scroll","background-type":"","background-media":"","overlay-type":"","overlay-color":"","overlay-opacity":"","overlay-gradient":""},"tablet":{"background-color":"","background-image":"","background-repeat":"repeat","background-position":"center center","background-size":"auto","background-attachment":"scroll","background-type":"","background-media":"","overlay-type":"","overlay-color":"","overlay-opacity":"","overlay-gradient":""},"mobile":{"background-color":"","background-image":"","background-repeat":"repeat","background-position":"center center","background-size":"auto","background-attachment":"scroll","background-type":"","background-media":"","overlay-type":"","overlay-color":"","overlay-opacity":"","overlay-gradient":""}},"ast-content-background-meta":{"desktop":{"background-color":"var(--ast-global-color-4)","background-image":"","background-repeat":"repeat","background-position":"center center","background-size":"auto","background-attachment":"scroll","background-type":"","background-media":"","overlay-type":"","overlay-color":"","overlay-opacity":"","overlay-gradient":""},"tablet":{"background-color":"var(--ast-global-color-4)","background-image":"","background-repeat":"repeat","background-position":"center center","background-size":"auto","background-attachment":"scroll","background-type":"","background-media":"","overlay-type":"","overlay-color":"","overlay-opacity":"","overlay-gradient":""},"mobile":{"background-color":"var(--ast-global-color-4)","background-image":"","background-repeat":"repeat","background-position":"center center","background-size":"auto","background-attachment":"scroll","background-type":"","background-media":"","overlay-type":"","overlay-color":"","overlay-opacity":"","overlay-gradient":""}}},"product_brand":[],"product_cat":[24],"product_tag":[],"class_list":{"0":"post-75","1":"product","2":"type-product","3":"status-publish","4":"has-post-thumbnail","6":"product_cat-sach-ielts","7":"desktop-align-left","8":"tablet-align-left","9":"mobile-align-left","11":"first","12":"instock","13":"sale","14":"taxable","15":"shipping-taxable","16":"purchasable","17":"product-type-variable"},"_links":{"self":[{"href":"https:\/\/lulabookstore.com\/index.php\/wp-json\/wp\/v2\/product\/75","targetHints":{"allow":["GET"]}}],"collection":[{"href":"https:\/\/lulabookstore.com\/index.php\/wp-json\/wp\/v2\/product"}],"about":[{"href":"https:\/\/lulabookstore.com\/index.php\/wp-json\/wp\/v2\/types\/product"}],"replies":[{"embeddable":true,"href":"https:\/\/lulabookstore.com\/index.php\/wp-json\/wp\/v2\/comments?post=75"}],"wp:featuredmedia":[{"embeddable":true,"href":"https:\/\/lulabookstore.com\/index.php\/wp-json\/wp\/v2\/media\/76"}],"wp:attachment":[{"href":"https:\/\/lulabookstore.com\/index.php\/wp-json\/wp\/v2\/media?parent=75"}],"wp:term":[{"taxonomy":"product_brand","embeddable":true,"href":"https:\/\/lulabookstore.com\/index.php\/wp-json\/wp\/v2\/product_brand?post=75"},{"taxonomy":"product_cat","embeddable":true,"href":"https:\/\/lulabookstore.com\/index.php\/wp-json\/wp\/v2\/product_cat?post=75"},{"taxonomy":"product_tag","embeddable":true,"href":"https:\/\/lulabookstore.com\/index.php\/wp-json\/wp\/v2\/product_tag?post=75"}],"curies":[{"name":"wp","href":"https:\/\/api.w.org\/{rel}","templated":true}]}}