{"id":67,"date":"2026-03-19T17:30:28","date_gmt":"2026-03-19T17:30:28","guid":{"rendered":"https:\/\/lulabookstore.com\/?post_type=product&#038;p=67"},"modified":"2026-03-22T11:00:09","modified_gmt":"2026-03-22T11:00:09","slug":"sach-ielts-tong-hop-ielts-trainer-2-academic-audio-mp3-key-audio","status":"publish","type":"product","link":"https:\/\/lulabookstore.com\/index.php\/san-pham\/sach-ielts-tong-hop-ielts-trainer-2-academic-audio-mp3-key-audio\/","title":{"rendered":"S\u00e1ch IELTS t\u1ed5ng h\u1ee3p IELTS TRAINER 2 &#8211; Academic &#8211; Audio mp3 + Key audio"},"content":{"rendered":"<p>S\u00e1ch IELTS t\u1ed5ng h\u1ee3p IELTS TRAINER 2 &#8211; Academic &#8211; Audio mp3 + Key<\/p>\n<p>\u0110\u00e2y l\u00e0 nh\u1eefng t\u00e0i li\u1ec7u do nh\u00e0 xu\u1ea5t b\u1ea3n \u0111\u00ecnh \u0111\u00e1m bi\u00ean so\u1ea1n, ch\u00ednh v\u00ec v\u1eady m\u00e0 b\u1ea1n c\u0169ng kh\u00f4ng c\u1ea7n lo ng\u1ea1i v\u1ec1 ch\u1ea5t l\u01b0\u1ee3ng. N\u00f3 th\u1eadm ch\u00ed r\u1ea5t s\u00e1t v\u1edbi \u0111\u1ec1 thi th\u1eadt.<\/p>\n<p>Nh\u00ecn chung, s\u00e1ch t\u1eadp trung v\u00e0o vi\u1ec7c gi\u1ea3i c\u00e1c ki\u1ec3u d\u1ea1ng c\u00e2u h\u1ecfi th\u01b0\u1eddng g\u1eb7p trong b\u00e0i thi nghe v\u00e0 \u0111\u1ecdc. S\u00e1ch kh\u00f4ng d\u1ea1y t\u1eeb v\u1ef1ng hay c\u1ea5u tr\u00fac c\u0169ng nh\u01b0 c\u00e1c m\u1eb9o thi, l\u00e0m b\u00e0i thi\u2026 Tuy v\u1eady, \u0111\u00e2y v\u1eabn l\u00e0 m\u1ed9t \u0111\u1ea7u s\u00e1ch c\u1ef1c k\u00ec ch\u1ea5t l\u01b0\u1ee3ng \u0111\u00e1ng h\u1ecdc \u0111\u1ebfn t\u1eeb NXB n\u00e0y.<\/p>\n","protected":false},"excerpt":{"rendered":"<p>S\u00e1ch IELTS t\u1ed5ng h\u1ee3p IELTS TRAINER 2 &#8211; Academic &#8211; Audio mp3 + Key \u0110\u00e2y l\u00e0 nh\u1eefng t\u00e0i li\u1ec7u do [&hellip;]<\/p>\n","protected":false},"featured_media":70,"comment_status":"open","ping_status":"closed","template":"","meta":{"site-sidebar-layout":"default","site-content-layout":"","ast-site-content-layout":"default","site-content-style":"default","site-sidebar-style":"default","ast-global-header-display":"","ast-banner-title-visibility":"","ast-main-header-display":"","ast-hfb-above-header-display":"","ast-hfb-below-header-display":"","ast-hfb-mobile-header-display":"","site-post-title":"","ast-breadcrumbs-content":"","ast-featured-img":"","footer-sml-layout":"","ast-disable-related-posts":"","theme-transparent-header-meta":"","adv-header-id-meta":"","stick-header-meta":"","header-above-stick-meta":"","header-main-stick-meta":"","header-below-stick-meta":"","astra-migrate-meta-layouts":"default","ast-page-background-enabled":"default","ast-page-background-meta":{"desktop":{"background-color":"var(--ast-global-color-5)","background-image":"","background-repeat":"repeat","background-position":"center center","background-size":"auto","background-attachment":"scroll","background-type":"","background-media":"","overlay-type":"","overlay-color":"","overlay-opacity":"","overlay-gradient":""},"tablet":{"background-color":"","background-image":"","background-repeat":"repeat","background-position":"center center","background-size":"auto","background-attachment":"scroll","background-type":"","background-media":"","overlay-type":"","overlay-color":"","overlay-opacity":"","overlay-gradient":""},"mobile":{"background-color":"","background-image":"","background-repeat":"repeat","background-position":"center center","background-size":"auto","background-attachment":"scroll","background-type":"","background-media":"","overlay-type":"","overlay-color":"","overlay-opacity":"","overlay-gradient":""}},"ast-content-background-meta":{"desktop":{"background-color":"var(--ast-global-color-4)","background-image":"","background-repeat":"repeat","background-position":"center center","background-size":"auto","background-attachment":"scroll","background-type":"","background-media":"","overlay-type":"","overlay-color":"","overlay-opacity":"","overlay-gradient":""},"tablet":{"background-color":"var(--ast-global-color-4)","background-image":"","background-repeat":"repeat","background-position":"center center","background-size":"auto","background-attachment":"scroll","background-type":"","background-media":"","overlay-type":"","overlay-color":"","overlay-opacity":"","overlay-gradient":""},"mobile":{"background-color":"var(--ast-global-color-4)","background-image":"","background-repeat":"repeat","background-position":"center center","background-size":"auto","background-attachment":"scroll","background-type":"","background-media":"","overlay-type":"","overlay-color":"","overlay-opacity":"","overlay-gradient":""}}},"product_brand":[],"product_cat":[24],"product_tag":[],"class_list":{"0":"post-67","1":"product","2":"type-product","3":"status-publish","4":"has-post-thumbnail","6":"product_cat-sach-ielts","7":"desktop-align-left","8":"tablet-align-left","9":"mobile-align-left","11":"first","12":"instock","13":"sale","14":"taxable","15":"shipping-taxable","16":"purchasable","17":"product-type-variable"},"_links":{"self":[{"href":"https:\/\/lulabookstore.com\/index.php\/wp-json\/wp\/v2\/product\/67","targetHints":{"allow":["GET"]}}],"collection":[{"href":"https:\/\/lulabookstore.com\/index.php\/wp-json\/wp\/v2\/product"}],"about":[{"href":"https:\/\/lulabookstore.com\/index.php\/wp-json\/wp\/v2\/types\/product"}],"replies":[{"embeddable":true,"href":"https:\/\/lulabookstore.com\/index.php\/wp-json\/wp\/v2\/comments?post=67"}],"wp:featuredmedia":[{"embeddable":true,"href":"https:\/\/lulabookstore.com\/index.php\/wp-json\/wp\/v2\/media\/70"}],"wp:attachment":[{"href":"https:\/\/lulabookstore.com\/index.php\/wp-json\/wp\/v2\/media?parent=67"}],"wp:term":[{"taxonomy":"product_brand","embeddable":true,"href":"https:\/\/lulabookstore.com\/index.php\/wp-json\/wp\/v2\/product_brand?post=67"},{"taxonomy":"product_cat","embeddable":true,"href":"https:\/\/lulabookstore.com\/index.php\/wp-json\/wp\/v2\/product_cat?post=67"},{"taxonomy":"product_tag","embeddable":true,"href":"https:\/\/lulabookstore.com\/index.php\/wp-json\/wp\/v2\/product_tag?post=67"}],"curies":[{"name":"wp","href":"https:\/\/api.w.org\/{rel}","templated":true}]}}