{"id":64,"date":"2026-03-19T17:20:34","date_gmt":"2026-03-19T17:20:34","guid":{"rendered":"https:\/\/lulabookstore.com\/?post_type=product&#038;p=64"},"modified":"2026-03-22T11:00:29","modified_gmt":"2026-03-22T11:00:29","slug":"sach-tron-bo-8-cuon-preliminary-english-test-8-cuon-pet-cambridge","status":"publish","type":"product","link":"https:\/\/lulabookstore.com\/index.php\/san-pham\/sach-tron-bo-8-cuon-preliminary-english-test-8-cuon-pet-cambridge\/","title":{"rendered":"S\u00e1ch &#8211; Tr\u1ecdn b\u1ed9 8 cu\u1ed1n Preliminary English Test 8 cu\u1ed1n (PET) Cambridge"},"content":{"rendered":"<p>S\u00e1ch &#8211; Tr\u1ecdn b\u1ed9 8 cu\u1ed1n Preliminary English Test 8 cu\u1ed1n (PET) Cambridge<\/p>\n<p>PET\u00a0l\u00e0 vi\u1ebft t\u1eaft c\u1ee7a c\u1ee5m t\u1eeb trong ti\u1ebfng Anh: Preliminary English Test \u2013 d\u00e0nh cho \u0111\u1ed1i t\u01b0\u1ee3ng l\u00e0 h\u1ecdc sinh trung h\u1ecdc c\u01a1 s\u1edf, cho nh\u1eefng b\u1ea1n c\u00f3 m\u1ee5c \u0111\u00edch l\u00e0m vi\u1ec7c, du h\u1ecdc hay ph\u00e1t tri\u1ec3n s\u1ef1 nghi\u1ec7p trong m\u00f4i tr\u01b0\u1eddng qu\u1ed1c t\u1ebf.<\/p>\n<p>Theo chu\u1ea9n khung Ch\u00e2u \u00c2u b\u1eb1ng PET c\u1ee7a cambridge t\u01b0\u01a1ng \u0111\u01b0\u01a1ng v\u1edbi tr\u00ecnh \u0111\u1ed9 B1, Ielts 3.5-4.0, Toefl iBT 45 v\u00e0 Toeic 400-500. Ch\u1ee9ng ch\u1ec9 PET \u0111\u01b0\u1ee3c c\u00f4ng nh\u1eadn tr\u00ean to\u00e0n th\u1ebf gi\u1edbi v\u1ec1 tr\u00ecnh \u0111\u1ed9 ngo\u1ea1i ng\u1eef t\u01b0\u01a1ng t\u1ef1 nh\u01b0 Ielts, Toeic, Toefl.<\/p>\n<p>B\u00e0i thi ch\u1ee9ng ch\u1ec9 Cambridge PET G\u1ed3m 23 ph\u1ea7n thi v\u1edbi 4 k\u1ef9 n\u0103ng: Nghe, n\u00f3i, \u0111\u1ecdc, vi\u1ebft:<\/p>\n<p>\u0110\u1ecdc v\u00e0 Vi\u1ebft (90 ph\u00fat): B\u1ea1n c\u1ea7n c\u00f3 kh\u1ea3 n\u0103ng \u0111\u1ecdc v\u0103n b\u1ea3n t\u1eeb c\u00e1c bi\u1ec3n b\u00e1o, b\u00e1o v\u00e0 t\u1ea1p ch\u00ed v\u00e0 hi\u1ec3u c\u00e1c \u0111i\u1ec3m ch\u00ednh. B\u1ea1n c\u00f3 th\u1ec3 s\u1eed d\u1ee5ng t\u1eeb v\u1ef1ng v\u00e0 c\u1ea5u tr\u00fac b\u1eb1ng c\u00e1ch ho\u00e0n th\u00e0nh c\u00e1c nhi\u1ec7m v\u1ee5 nh\u01b0 vi\u1ebft m\u1ed9t tin nh\u1eafn ng\u1eafn, vi\u1ebft 1 c\u00e2u chuy\u1ec7n ho\u1eb7c 1 l\u00e1 th\u01b0 kho\u1ea3ng 100 t\u1eeb.<\/p>\n<p>Nghe (30 ph\u00fat): B\u1ea1n c\u1ea7n ph\u1ea3i cho th\u1ea5y b\u1ea1n c\u00f3 th\u1ec3 hi\u1ec3u \u0111\u01b0\u1ee3c \u00fd ngh\u0129a c\u1ee7a c\u00e1c th\u00f4ng b\u00e1o, th\u1ea3o lu\u1eadn v\u1ec1 cu\u1ed9c s\u1ed1ng h\u1eb1ng ng\u00e0y.<\/p>\n<p>N\u00f3i (Kho\u1ea3ng 10 ph\u00fat): B\u1ea1n s\u1ebd c\u1ea7n ph\u1ea3i ch\u1ee9ng minh b\u1ea1n c\u00f3 th\u1ec3 tham gia v\u00e0o m\u1ed9t cu\u1ed9c tr\u00f2 chuy\u1ec7n b\u1eb1ng c\u00e1ch tr\u1ea3 l\u1eddi v\u00e0 \u0111\u1eb7t m\u1ed9t s\u1ed1 c\u00e2u h\u1ecfi \u0111\u01a1n gi\u1ea3n, t\u1ef1 tin giao ti\u1ebfp v\u1edbi gi\u00e1m th\u1ecb.<\/p>\n","protected":false},"excerpt":{"rendered":"<p>S\u00e1ch &#8211; Tr\u1ecdn b\u1ed9 8 cu\u1ed1n Preliminary English Test 8 cu\u1ed1n (PET) Cambridge PET\u00a0l\u00e0 vi\u1ebft t\u1eaft c\u1ee7a c\u1ee5m t\u1eeb trong [&hellip;]<\/p>\n","protected":false},"featured_media":65,"comment_status":"open","ping_status":"closed","template":"","meta":{"site-sidebar-layout":"default","site-content-layout":"","ast-site-content-layout":"default","site-content-style":"default","site-sidebar-style":"default","ast-global-header-display":"","ast-banner-title-visibility":"","ast-main-header-display":"","ast-hfb-above-header-display":"","ast-hfb-below-header-display":"","ast-hfb-mobile-header-display":"","site-post-title":"","ast-breadcrumbs-content":"","ast-featured-img":"","footer-sml-layout":"","ast-disable-related-posts":"","theme-transparent-header-meta":"","adv-header-id-meta":"","stick-header-meta":"","header-above-stick-meta":"","header-main-stick-meta":"","header-below-stick-meta":"","astra-migrate-meta-layouts":"default","ast-page-background-enabled":"default","ast-page-background-meta":{"desktop":{"background-color":"var(--ast-global-color-5)","background-image":"","background-repeat":"repeat","background-position":"center center","background-size":"auto","background-attachment":"scroll","background-type":"","background-media":"","overlay-type":"","overlay-color":"","overlay-opacity":"","overlay-gradient":""},"tablet":{"background-color":"","background-image":"","background-repeat":"repeat","background-position":"center center","background-size":"auto","background-attachment":"scroll","background-type":"","background-media":"","overlay-type":"","overlay-color":"","overlay-opacity":"","overlay-gradient":""},"mobile":{"background-color":"","background-image":"","background-repeat":"repeat","background-position":"center center","background-size":"auto","background-attachment":"scroll","background-type":"","background-media":"","overlay-type":"","overlay-color":"","overlay-opacity":"","overlay-gradient":""}},"ast-content-background-meta":{"desktop":{"background-color":"var(--ast-global-color-4)","background-image":"","background-repeat":"repeat","background-position":"center center","background-size":"auto","background-attachment":"scroll","background-type":"","background-media":"","overlay-type":"","overlay-color":"","overlay-opacity":"","overlay-gradient":""},"tablet":{"background-color":"var(--ast-global-color-4)","background-image":"","background-repeat":"repeat","background-position":"center center","background-size":"auto","background-attachment":"scroll","background-type":"","background-media":"","overlay-type":"","overlay-color":"","overlay-opacity":"","overlay-gradient":""},"mobile":{"background-color":"var(--ast-global-color-4)","background-image":"","background-repeat":"repeat","background-position":"center center","background-size":"auto","background-attachment":"scroll","background-type":"","background-media":"","overlay-type":"","overlay-color":"","overlay-opacity":"","overlay-gradient":""}}},"product_brand":[],"product_cat":[22,28],"product_tag":[],"class_list":{"0":"post-64","1":"product","2":"type-product","3":"status-publish","4":"has-post-thumbnail","6":"product_cat-sach-tieng-anh","7":"product_cat-sach-tong-hop","8":"desktop-align-left","9":"tablet-align-left","10":"mobile-align-left","12":"first","13":"instock","14":"sale","15":"taxable","16":"shipping-taxable","17":"purchasable","18":"product-type-simple"},"_links":{"self":[{"href":"https:\/\/lulabookstore.com\/index.php\/wp-json\/wp\/v2\/product\/64","targetHints":{"allow":["GET"]}}],"collection":[{"href":"https:\/\/lulabookstore.com\/index.php\/wp-json\/wp\/v2\/product"}],"about":[{"href":"https:\/\/lulabookstore.com\/index.php\/wp-json\/wp\/v2\/types\/product"}],"replies":[{"embeddable":true,"href":"https:\/\/lulabookstore.com\/index.php\/wp-json\/wp\/v2\/comments?post=64"}],"wp:featuredmedia":[{"embeddable":true,"href":"https:\/\/lulabookstore.com\/index.php\/wp-json\/wp\/v2\/media\/65"}],"wp:attachment":[{"href":"https:\/\/lulabookstore.com\/index.php\/wp-json\/wp\/v2\/media?parent=64"}],"wp:term":[{"taxonomy":"product_brand","embeddable":true,"href":"https:\/\/lulabookstore.com\/index.php\/wp-json\/wp\/v2\/product_brand?post=64"},{"taxonomy":"product_cat","embeddable":true,"href":"https:\/\/lulabookstore.com\/index.php\/wp-json\/wp\/v2\/product_cat?post=64"},{"taxonomy":"product_tag","embeddable":true,"href":"https:\/\/lulabookstore.com\/index.php\/wp-json\/wp\/v2\/product_tag?post=64"}],"curies":[{"name":"wp","href":"https:\/\/api.w.org\/{rel}","templated":true}]}}