{"id":565,"date":"2026-03-23T04:46:06","date_gmt":"2026-03-23T04:46:06","guid":{"rendered":"https:\/\/lulabookstore.com\/?post_type=product&#038;p=565"},"modified":"2026-03-23T04:47:09","modified_gmt":"2026-03-23T04:47:09","slug":"565","status":"publish","type":"product","link":"https:\/\/lulabookstore.com\/index.php\/san-pham\/565\/","title":{"rendered":"S\u00e1ch ETS TOEIC 2022 K\u00e8m File Nghe"},"content":{"rendered":"<div class=\"Y3BBE\" data-sfc-cp=\"\" data-sfc-root=\"c\" data-sfc-cb=\"\" data-hveid=\"CAEIBxAA\" data-complete=\"true\" data-processed=\"true\">B\u1ed9 s\u00e1ch g\u1ed3m 2 cu\u1ed1n chuy\u00ean bi\u1ec7t \u0111\u1ec3 luy\u1ec7n 10 \u0111\u1ec1 thi ho\u00e0n ch\u1ec9nh (m\u1ed7i cu\u1ed1n 1000 c\u00e2u):<button class=\"rBl3me\" tabindex=\"0\" data-amic=\"true\" data-icl-uuid=\"f20704fe-62d8-421a-86c2-196e84a07205\" aria-label=\"Xem c\u00e1c \u0111\u01b0\u1eddng li\u00ean k\u1ebft c\u00f3 li\u00ean quan\" data-wiz-attrbind=\"disabled=PPLIEb_1f\/C5gNJc;aria-label=PPLIEb_1f\/bOjMyf;class=PPLIEb_1f\/UpSNec\" data-ved=\"2ahUKEwj19aj3mbWTAxX0YvUHHSh1AFEQye0OegYIAQgHEAE\" data-hveid=\"CAEIBxAB\"><\/button><\/div>\n<ul class=\"KsbFXc U6u95\" data-sfc-root=\"c\" data-sfc-cb=\"\" data-complete=\"true\" data-processed=\"true\">\n<li class=\"dF3vjf\" data-sfc-root=\"c\" data-sfc-cb=\"\" data-hveid=\"CAEICBAA\" data-complete=\"true\" data-sae=\"\"><span class=\"T286Pc\" data-sfc-cp=\"\" data-sfc-root=\"c\" data-sfc-cb=\"\" data-complete=\"true\"><strong class=\"Yjhzub\" data-sfc-root=\"c\" data-sfc-cb=\"\" data-complete=\"true\">LC (Cu\u1ed1n m\u00e0u \u0111\u1ecf\/tr\u1eafng b\u00ean tr\u00e1i):<\/strong>\u00a0T\u1eadp trung v\u00e0o k\u1ef9 n\u0103ng Nghe. \u0110i\u1ec3m gi\u00e1 tr\u1ecb nh\u1ea5t l\u00e0 gi\u1ecdng \u0111\u1ecdc, t\u1ed1c \u0111\u1ed9 v\u00e0 c\u00e1c ng\u1eef \u0111i\u1ec7u (Anh, M\u1ef9, \u00dac, Canada) ho\u00e0n to\u00e0n gi\u1ed1ng h\u1ec7t \u0111\u1ec1 thi th\u1eadt t\u1ea1i Vi\u1ec7t Nam hi\u1ec7n nay.<\/span><\/li>\n<li class=\"dF3vjf\" data-sfc-root=\"c\" data-sfc-cb=\"\" data-hveid=\"CAEICBAB\" data-complete=\"true\" data-sae=\"\"><span class=\"T286Pc\" data-sfc-cp=\"\" data-sfc-root=\"c\" data-sfc-cb=\"\" data-complete=\"true\"><strong class=\"Yjhzub\" data-sfc-root=\"c\" data-sfc-cb=\"\" data-complete=\"true\">RC (Cu\u1ed1n m\u00e0u xanh\/tr\u1eafng b\u00ean ph\u1ea3i):<\/strong>\u00a0T\u1eadp trung v\u00e0o k\u1ef9 n\u0103ng \u0110\u1ecdc. C\u00e1c ch\u1ee7 \u0111\u1ec1 trong Part 7 \u0111\u01b0\u1ee3c c\u1eadp nh\u1eadt r\u1ea5t s\u00e1t v\u1edbi xu h\u01b0\u1edbng ra \u0111\u1ec1 th\u1ef1c t\u1ebf c\u1ee7a nh\u1eefng n\u0103m g\u1ea7n \u0111\u00e2y.<\/span><\/li>\n<li class=\"dF3vjf\" data-sfc-root=\"c\" data-sfc-cb=\"\" data-hveid=\"CAEIChAB\" data-complete=\"true\" data-sae=\"\"><span class=\"T286Pc\" data-sfc-cp=\"\" data-sfc-root=\"c\" data-sfc-cb=\"\" data-complete=\"true\"><strong class=\"Yjhzub\" data-sfc-root=\"c\" data-sfc-cb=\"\" data-complete=\"true\">Th\u1ef1c chi\u1ebfn c\u1ef1c cao:<\/strong>\u00a0N\u1ebfu b\u1ea1n l\u00e0m b\u1ed9 n\u00e0y \u0111\u01b0\u1ee3c bao nhi\u00eau \u0111i\u1ec3m th\u00ec \u0111i thi th\u1eadt k\u1ebft qu\u1ea3 th\u01b0\u1eddng s\u1ebd t\u01b0\u01a1ng \u0111\u01b0\u01a1ng ho\u1eb7c ch\u00eanh l\u1ec7ch r\u1ea5t \u00edt.<\/span><\/li>\n<li class=\"dF3vjf\" data-sfc-root=\"c\" data-sfc-cb=\"\" data-hveid=\"CAEIChAC\" data-complete=\"true\" data-sae=\"\"><span class=\"T286Pc\" data-sfc-cp=\"\" data-sfc-root=\"c\" data-sfc-cb=\"\" data-complete=\"true\"><strong class=\"Yjhzub\" data-sfc-root=\"c\" data-sfc-cb=\"\" data-complete=\"true\">Ph\u00f9 h\u1ee3p m\u1ecdi m\u1ee5c ti\u00eau:<\/strong>\u00a0D\u00f9 b\u1ea1n \u0111ang h\u01b0\u1edbng t\u1edbi m\u1ee9c\u00a0<strong class=\"Yjhzub\" data-sfc-root=\"c\" data-sfc-cb=\"\" data-complete=\"true\">500+<\/strong>\u00a0hay\u00a0<strong class=\"Yjhzub\" data-sfc-root=\"c\" data-sfc-cb=\"\" data-complete=\"true\">900+<\/strong>, \u0111\u00e2y v\u1eabn l\u00e0 b\u1ed9 \u0111\u1ec1 c\u1ed1t l\u00f5i kh\u00f4ng th\u1ec3 b\u1ecf qua.<\/span><\/li>\n<li class=\"dF3vjf\" data-sfc-root=\"c\" data-sfc-cb=\"\" data-hveid=\"CAEIChAD\" data-complete=\"true\" data-sae=\"\"><span class=\"T286Pc\" data-sfc-cp=\"\" data-sfc-root=\"c\" data-sfc-cb=\"\" data-complete=\"true\"><strong class=\"Yjhzub\" data-sfc-root=\"c\" data-sfc-cb=\"\" data-complete=\"true\">\u0110\u1ed9 kh\u00f3:<\/strong>\u00a0\u0110\u01b0\u1ee3c \u0111\u00e1nh gi\u00e1 l\u00e0 nh\u1ec9nh h\u01a1n Vol. 1 v\u00e0 Vol. 2 m\u1ed9t ch\u00fat, gi\u00fap b\u1ea1n chu\u1ea9n b\u1ecb t\u00e2m l\u00fd t\u1ed1t h\u01a1n cho ph\u00f2ng thi.<\/span><\/li>\n<\/ul>\n","protected":false},"excerpt":{"rendered":"<p>B\u1ed9 s\u00e1ch g\u1ed3m 2 cu\u1ed1n chuy\u00ean bi\u1ec7t \u0111\u1ec3 luy\u1ec7n 10 \u0111\u1ec1 thi ho\u00e0n ch\u1ec9nh (m\u1ed7i cu\u1ed1n 1000 c\u00e2u): LC (Cu\u1ed1n [&hellip;]<\/p>\n","protected":false},"featured_media":566,"comment_status":"open","ping_status":"closed","template":"","meta":{"site-sidebar-layout":"default","site-content-layout":"","ast-site-content-layout":"default","site-content-style":"default","site-sidebar-style":"default","ast-global-header-display":"","ast-banner-title-visibility":"","ast-main-header-display":"","ast-hfb-above-header-display":"","ast-hfb-below-header-display":"","ast-hfb-mobile-header-display":"","site-post-title":"","ast-breadcrumbs-content":"","ast-featured-img":"","footer-sml-layout":"","ast-disable-related-posts":"","theme-transparent-header-meta":"","adv-header-id-meta":"","stick-header-meta":"","header-above-stick-meta":"","header-main-stick-meta":"","header-below-stick-meta":"","astra-migrate-meta-layouts":"default","ast-page-background-enabled":"default","ast-page-background-meta":{"desktop":{"background-color":"var(--ast-global-color-5)","background-image":"","background-repeat":"repeat","background-position":"center center","background-size":"auto","background-attachment":"scroll","background-type":"","background-media":"","overlay-type":"","overlay-color":"","overlay-opacity":"","overlay-gradient":""},"tablet":{"background-color":"","background-image":"","background-repeat":"repeat","background-position":"center center","background-size":"auto","background-attachment":"scroll","background-type":"","background-media":"","overlay-type":"","overlay-color":"","overlay-opacity":"","overlay-gradient":""},"mobile":{"background-color":"","background-image":"","background-repeat":"repeat","background-position":"center center","background-size":"auto","background-attachment":"scroll","background-type":"","background-media":"","overlay-type":"","overlay-color":"","overlay-opacity":"","overlay-gradient":""}},"ast-content-background-meta":{"desktop":{"background-color":"var(--ast-global-color-4)","background-image":"","background-repeat":"repeat","background-position":"center center","background-size":"auto","background-attachment":"scroll","background-type":"","background-media":"","overlay-type":"","overlay-color":"","overlay-opacity":"","overlay-gradient":""},"tablet":{"background-color":"var(--ast-global-color-4)","background-image":"","background-repeat":"repeat","background-position":"center center","background-size":"auto","background-attachment":"scroll","background-type":"","background-media":"","overlay-type":"","overlay-color":"","overlay-opacity":"","overlay-gradient":""},"mobile":{"background-color":"var(--ast-global-color-4)","background-image":"","background-repeat":"repeat","background-position":"center center","background-size":"auto","background-attachment":"scroll","background-type":"","background-media":"","overlay-type":"","overlay-color":"","overlay-opacity":"","overlay-gradient":""}}},"product_brand":[],"product_cat":[23],"product_tag":[],"class_list":{"0":"post-565","1":"product","2":"type-product","3":"status-publish","4":"has-post-thumbnail","6":"product_cat-sach-toeic","7":"desktop-align-left","8":"tablet-align-left","9":"mobile-align-left","11":"first","12":"instock","13":"sale","14":"taxable","15":"shipping-taxable","16":"purchasable","17":"product-type-variable"},"_links":{"self":[{"href":"https:\/\/lulabookstore.com\/index.php\/wp-json\/wp\/v2\/product\/565","targetHints":{"allow":["GET"]}}],"collection":[{"href":"https:\/\/lulabookstore.com\/index.php\/wp-json\/wp\/v2\/product"}],"about":[{"href":"https:\/\/lulabookstore.com\/index.php\/wp-json\/wp\/v2\/types\/product"}],"replies":[{"embeddable":true,"href":"https:\/\/lulabookstore.com\/index.php\/wp-json\/wp\/v2\/comments?post=565"}],"wp:featuredmedia":[{"embeddable":true,"href":"https:\/\/lulabookstore.com\/index.php\/wp-json\/wp\/v2\/media\/566"}],"wp:attachment":[{"href":"https:\/\/lulabookstore.com\/index.php\/wp-json\/wp\/v2\/media?parent=565"}],"wp:term":[{"taxonomy":"product_brand","embeddable":true,"href":"https:\/\/lulabookstore.com\/index.php\/wp-json\/wp\/v2\/product_brand?post=565"},{"taxonomy":"product_cat","embeddable":true,"href":"https:\/\/lulabookstore.com\/index.php\/wp-json\/wp\/v2\/product_cat?post=565"},{"taxonomy":"product_tag","embeddable":true,"href":"https:\/\/lulabookstore.com\/index.php\/wp-json\/wp\/v2\/product_tag?post=565"}],"curies":[{"name":"wp","href":"https:\/\/api.w.org\/{rel}","templated":true}]}}