{"id":56,"date":"2026-03-19T17:06:45","date_gmt":"2026-03-19T17:06:45","guid":{"rendered":"https:\/\/lulabookstore.com\/?post_type=product&#038;p=56"},"modified":"2026-03-22T11:00:48","modified_gmt":"2026-03-22T11:00:48","slug":"sach-daily-science-1-2-3-4-5-6","status":"publish","type":"product","link":"https:\/\/lulabookstore.com\/index.php\/san-pham\/sach-daily-science-1-2-3-4-5-6\/","title":{"rendered":"S\u00e1ch Daily Science 1-2-3-4-5-6"},"content":{"rendered":"<p>B\u1ed9 s\u00e1ch &#8220;Daily Science&#8221; l\u00e0 b\u1ed9 gi\u00e1o d\u1ee5c khoa h\u1ecdc g\u1ed3m 6 cu\u1ed1n c\u1ee7a\u00a0Evan-Moor, d\u00e0nh cho h\u1ecdc sinh t\u1eeb l\u1edbp 1 \u0111\u1ebfn l\u1edbp 6 (kho\u1ea3ng 7-11 tu\u1ed5i), v\u1edbi c\u00e1c b\u00e0i h\u1ecdc ng\u1eafn g\u1ecdn, ch\u1ee7 \u0111\u1ec1 \u0111a d\u1ea1ng v\u00e0 ho\u1ea1t \u0111\u1ed9ng th\u1ef1c h\u00e0nh. B\u1ed9 s\u00e1ch\u00a0gi\u00fap tr\u1ebb ti\u1ebfp thu ki\u1ebfn th\u1ee9c khoa h\u1ecdc m\u1ed9t c\u00e1ch h\u1ec7 th\u1ed1ng, t\u1eeb c\u01a1 b\u1ea3n \u0111\u1ebfn n\u00e2ng cao, r\u00e8n luy\u1ec7n k\u1ef9 n\u0103ng STEM v\u00e0 c\u00f3 \u0111\u00e1p \u00e1n k\u00e8m theo \u0111\u1ec3 ki\u1ec3m tra.<\/p>\n","protected":false},"excerpt":{"rendered":"<p>B\u1ed9 s\u00e1ch &#8220;Daily Science&#8221; l\u00e0 b\u1ed9 gi\u00e1o d\u1ee5c khoa h\u1ecdc g\u1ed3m 6 cu\u1ed1n c\u1ee7a\u00a0Evan-Moor, d\u00e0nh cho h\u1ecdc sinh t\u1eeb l\u1edbp [&hellip;]<\/p>\n","protected":false},"featured_media":27,"comment_status":"open","ping_status":"closed","template":"","meta":{"site-sidebar-layout":"default","site-content-layout":"","ast-site-content-layout":"default","site-content-style":"default","site-sidebar-style":"default","ast-global-header-display":"","ast-banner-title-visibility":"","ast-main-header-display":"","ast-hfb-above-header-display":"","ast-hfb-below-header-display":"","ast-hfb-mobile-header-display":"","site-post-title":"","ast-breadcrumbs-content":"","ast-featured-img":"","footer-sml-layout":"","ast-disable-related-posts":"","theme-transparent-header-meta":"","adv-header-id-meta":"","stick-header-meta":"","header-above-stick-meta":"","header-main-stick-meta":"","header-below-stick-meta":"","astra-migrate-meta-layouts":"default","ast-page-background-enabled":"default","ast-page-background-meta":{"desktop":{"background-color":"var(--ast-global-color-5)","background-image":"","background-repeat":"repeat","background-position":"center center","background-size":"auto","background-attachment":"scroll","background-type":"","background-media":"","overlay-type":"","overlay-color":"","overlay-opacity":"","overlay-gradient":""},"tablet":{"background-color":"","background-image":"","background-repeat":"repeat","background-position":"center center","background-size":"auto","background-attachment":"scroll","background-type":"","background-media":"","overlay-type":"","overlay-color":"","overlay-opacity":"","overlay-gradient":""},"mobile":{"background-color":"","background-image":"","background-repeat":"repeat","background-position":"center center","background-size":"auto","background-attachment":"scroll","background-type":"","background-media":"","overlay-type":"","overlay-color":"","overlay-opacity":"","overlay-gradient":""}},"ast-content-background-meta":{"desktop":{"background-color":"var(--ast-global-color-4)","background-image":"","background-repeat":"repeat","background-position":"center center","background-size":"auto","background-attachment":"scroll","background-type":"","background-media":"","overlay-type":"","overlay-color":"","overlay-opacity":"","overlay-gradient":""},"tablet":{"background-color":"var(--ast-global-color-4)","background-image":"","background-repeat":"repeat","background-position":"center center","background-size":"auto","background-attachment":"scroll","background-type":"","background-media":"","overlay-type":"","overlay-color":"","overlay-opacity":"","overlay-gradient":""},"mobile":{"background-color":"var(--ast-global-color-4)","background-image":"","background-repeat":"repeat","background-position":"center center","background-size":"auto","background-attachment":"scroll","background-type":"","background-media":"","overlay-type":"","overlay-color":"","overlay-opacity":"","overlay-gradient":""}}},"product_brand":[],"product_cat":[22,28],"product_tag":[],"class_list":{"0":"post-56","1":"product","2":"type-product","3":"status-publish","4":"has-post-thumbnail","6":"product_cat-sach-tieng-anh","7":"product_cat-sach-tong-hop","8":"desktop-align-left","9":"tablet-align-left","10":"mobile-align-left","12":"first","13":"instock","14":"sale","15":"taxable","16":"shipping-taxable","17":"purchasable","18":"product-type-variable"},"_links":{"self":[{"href":"https:\/\/lulabookstore.com\/index.php\/wp-json\/wp\/v2\/product\/56","targetHints":{"allow":["GET"]}}],"collection":[{"href":"https:\/\/lulabookstore.com\/index.php\/wp-json\/wp\/v2\/product"}],"about":[{"href":"https:\/\/lulabookstore.com\/index.php\/wp-json\/wp\/v2\/types\/product"}],"replies":[{"embeddable":true,"href":"https:\/\/lulabookstore.com\/index.php\/wp-json\/wp\/v2\/comments?post=56"}],"wp:featuredmedia":[{"embeddable":true,"href":"https:\/\/lulabookstore.com\/index.php\/wp-json\/wp\/v2\/media\/27"}],"wp:attachment":[{"href":"https:\/\/lulabookstore.com\/index.php\/wp-json\/wp\/v2\/media?parent=56"}],"wp:term":[{"taxonomy":"product_brand","embeddable":true,"href":"https:\/\/lulabookstore.com\/index.php\/wp-json\/wp\/v2\/product_brand?post=56"},{"taxonomy":"product_cat","embeddable":true,"href":"https:\/\/lulabookstore.com\/index.php\/wp-json\/wp\/v2\/product_cat?post=56"},{"taxonomy":"product_tag","embeddable":true,"href":"https:\/\/lulabookstore.com\/index.php\/wp-json\/wp\/v2\/product_tag?post=56"}],"curies":[{"name":"wp","href":"https:\/\/api.w.org\/{rel}","templated":true}]}}