{"id":554,"date":"2026-03-23T04:27:31","date_gmt":"2026-03-23T04:27:31","guid":{"rendered":"https:\/\/lulabookstore.com\/?post_type=product&#038;p=554"},"modified":"2026-03-23T04:27:36","modified_gmt":"2026-03-23T04:27:36","slug":"sach-de-thi-hskk-cao-cap","status":"publish","type":"product","link":"https:\/\/lulabookstore.com\/index.php\/san-pham\/sach-de-thi-hskk-cao-cap\/","title":{"rendered":"S\u00e1ch \u0110\u1ec1 Thi HSKK Cao C\u1ea5p"},"content":{"rendered":"<div class=\"Y3BBE\" data-sfc-cp=\"\" data-sfc-root=\"c\" data-sfc-cb=\"\" data-hveid=\"CAEIBRAA\" data-complete=\"true\" data-processed=\"true\">S\u00e1ch t\u1eadp trung ho\u00e0n to\u00e0n v\u00e0o k\u1ef3 thi\u00a0<strong class=\"Yjhzub\" data-sfc-root=\"c\" data-sfc-cb=\"\" data-complete=\"true\" data-processed=\"true\">HSKK Cao c\u1ea5p<\/strong>\u00a0(d\u00e0nh cho tr\u00ecnh \u0111\u1ed9 t\u01b0\u01a1ng \u0111\u01b0\u01a1ng HSK 6), bao g\u1ed3m:<button class=\"rBl3me\" tabindex=\"0\" data-amic=\"true\" data-icl-uuid=\"b6cff3f7-daf6-471f-96f4-5c0f16666908\" aria-label=\"Xem c\u00e1c \u0111\u01b0\u1eddng li\u00ean k\u1ebft c\u00f3 li\u00ean quan\" data-wiz-attrbind=\"disabled=luB7Cb_11\/C5gNJc;aria-label=luB7Cb_11\/bOjMyf;class=luB7Cb_11\/UpSNec\" data-ved=\"2ahUKEwiYi_3jlrWTAxWziq8BHRuxNCAQye0OegYIAQgFEAE\" data-hveid=\"CAEIBRAB\"><\/button><\/div>\n<ul class=\"KsbFXc U6u95\" data-sfc-root=\"c\" data-sfc-cb=\"\" data-complete=\"true\" data-processed=\"true\">\n<li class=\"dF3vjf\" data-sfc-root=\"c\" data-sfc-cb=\"\" data-hveid=\"CAEIBhAA\" data-complete=\"true\" data-sae=\"\"><span class=\"T286Pc\" data-sfc-cp=\"\" data-sfc-root=\"c\" data-sfc-cb=\"\" data-complete=\"true\"><strong class=\"Yjhzub\" data-sfc-root=\"c\" data-sfc-cb=\"\" data-complete=\"true\">H\u1ec7 th\u1ed1ng \u0111\u1ec1 m\u00f4 ph\u1ecfng:<\/strong>\u00a0C\u00e1c b\u1ed9 \u0111\u1ec1 \u0111\u01b0\u1ee3c thi\u1ebft k\u1ebf v\u1edbi th\u1eddi gian v\u00e0 c\u1ea5u tr\u00fac y h\u1ec7t \u0111\u1ec1 thi th\u1eadt.<\/span><\/li>\n<li class=\"dF3vjf\" data-sfc-root=\"c\" data-sfc-cb=\"\" data-hveid=\"CAEIBhAB\" data-complete=\"true\" data-sae=\"\"><span class=\"T286Pc\" data-sfc-cp=\"\" data-sfc-root=\"c\" data-sfc-cb=\"\" data-complete=\"true\"><strong class=\"Yjhzub\" data-sfc-root=\"c\" data-sfc-cb=\"\" data-complete=\"true\">3 ph\u1ea7n thi ch\u00ednh:<\/strong>\u00a0Luy\u1ec7n t\u1eadp chuy\u00ean s\u00e2u cho ph\u1ea7n\u00a0<em class=\"eujQNb\" data-sfc-root=\"c\" data-sfc-cb=\"\" data-complete=\"true\">Nghe v\u00e0 nh\u1eafc l\u1ea1i<\/em>,\u00a0<em class=\"eujQNb\" data-sfc-root=\"c\" data-sfc-cb=\"\" data-complete=\"true\">\u0110\u1ecdc th\u00e0nh ti\u1ebfng<\/em>, v\u00e0\u00a0<em class=\"eujQNb\" data-sfc-root=\"c\" data-sfc-cb=\"\" data-complete=\"true\">Tr\u1ea3 l\u1eddi c\u00e2u h\u1ecfi<\/em>.<\/span><\/li>\n<li class=\"dF3vjf\" data-sfc-root=\"c\" data-sfc-cb=\"\" data-hveid=\"CAEICBAA\" data-complete=\"true\" data-sae=\"\"><span class=\"T286Pc\" data-sfc-cp=\"\" data-sfc-root=\"c\" data-sfc-cb=\"\" data-complete=\"true\"><strong class=\"Yjhzub\" data-sfc-root=\"c\" data-sfc-cb=\"\" data-complete=\"true\">\u0110\u00e1p \u00e1n m\u1eabu ch\u1ea5t l\u01b0\u1ee3ng:<\/strong>\u00a0\u0110i\u1ec3m gi\u00e1 tr\u1ecb nh\u1ea5t c\u1ee7a cu\u1ed1n n\u00e0y l\u00e0 c\u00e1c b\u00e0i m\u1eabu (Sample Answers). T\u00e1c gi\u1ea3 cung c\u1ea5p c\u00e1ch tri\u1ec3n khai \u00fd t\u01b0\u1edfng logic, s\u1eed d\u1ee5ng t\u1eeb v\u1ef1ng v\u00e0 c\u1ea5u tr\u00fac ng\u1eef ph\u00e1p cao c\u1ea5p \u0111\u1ec3 gi\u00fap b\u1ea1n \u0111\u1ea1t \u0111i\u1ec3m t\u1ed1i \u0111a.<\/span><\/li>\n<li class=\"dF3vjf\" data-sfc-root=\"c\" data-sfc-cb=\"\" data-hveid=\"CAEICBAB\" data-complete=\"true\" data-sae=\"\"><span class=\"T286Pc\" data-sfc-cp=\"\" data-sfc-root=\"c\" data-sfc-cb=\"\" data-complete=\"true\"><strong class=\"Yjhzub\" data-sfc-root=\"c\" data-sfc-cb=\"\" data-complete=\"true\">Ph\u00e2n t\u00edch tr\u1ecdng \u0111i\u1ec3m (\u8003\u70b9):<\/strong>\u00a0S\u00e1ch ch\u1ec9 ra c\u00e1c l\u1ed7i sai th\u01b0\u1eddng g\u1eb7p khi ph\u00e1t \u00e2m ho\u1eb7c c\u00e1ch ng\u1eaft ngh\u1ec9 c\u00e2u sao cho t\u1ef1 nhi\u00ean nh\u1ea5t.<\/span><\/li>\n<li class=\"dF3vjf\" data-sfc-root=\"c\" data-sfc-cb=\"\" data-hveid=\"CAEICBAC\" data-complete=\"true\" data-sae=\"\"><span class=\"T286Pc\" data-sfc-cp=\"\" data-sfc-root=\"c\" data-sfc-cb=\"\" data-complete=\"true\"><strong class=\"Yjhzub\" data-sfc-root=\"c\" data-sfc-cb=\"\" data-complete=\"true\">S\u00e1t th\u1ef1c t\u1ebf:<\/strong>\u00a0C\u00e1c ch\u1ee7 \u0111\u1ec1 th\u1ea3o lu\u1eadn trong ph\u1ea7n tr\u1ea3 l\u1eddi c\u00e2u h\u1ecfi r\u1ea5t \u0111a d\u1ea1ng, bao qu\u00e1t \u0111\u01b0\u1ee3c c\u00e1c v\u1ea5n \u0111\u1ec1 kinh t\u1ebf, v\u0103n h\u00f3a, x\u00e3 h\u1ed9i th\u01b0\u1eddng xu\u1ea5t hi\u1ec7n trong \u0111\u1ec1 thi th\u1eadt.<\/span><\/li>\n<\/ul>\n","protected":false},"excerpt":{"rendered":"<p>S\u00e1ch t\u1eadp trung ho\u00e0n to\u00e0n v\u00e0o k\u1ef3 thi\u00a0HSKK Cao c\u1ea5p\u00a0(d\u00e0nh cho tr\u00ecnh \u0111\u1ed9 t\u01b0\u01a1ng \u0111\u01b0\u01a1ng HSK 6), bao g\u1ed3m: H\u1ec7 [&hellip;]<\/p>\n","protected":false},"featured_media":555,"comment_status":"open","ping_status":"closed","template":"","meta":{"site-sidebar-layout":"default","site-content-layout":"","ast-site-content-layout":"default","site-content-style":"default","site-sidebar-style":"default","ast-global-header-display":"","ast-banner-title-visibility":"","ast-main-header-display":"","ast-hfb-above-header-display":"","ast-hfb-below-header-display":"","ast-hfb-mobile-header-display":"","site-post-title":"","ast-breadcrumbs-content":"","ast-featured-img":"","footer-sml-layout":"","ast-disable-related-posts":"","theme-transparent-header-meta":"","adv-header-id-meta":"","stick-header-meta":"","header-above-stick-meta":"","header-main-stick-meta":"","header-below-stick-meta":"","astra-migrate-meta-layouts":"default","ast-page-background-enabled":"default","ast-page-background-meta":{"desktop":{"background-color":"var(--ast-global-color-5)","background-image":"","background-repeat":"repeat","background-position":"center center","background-size":"auto","background-attachment":"scroll","background-type":"","background-media":"","overlay-type":"","overlay-color":"","overlay-opacity":"","overlay-gradient":""},"tablet":{"background-color":"","background-image":"","background-repeat":"repeat","background-position":"center center","background-size":"auto","background-attachment":"scroll","background-type":"","background-media":"","overlay-type":"","overlay-color":"","overlay-opacity":"","overlay-gradient":""},"mobile":{"background-color":"","background-image":"","background-repeat":"repeat","background-position":"center center","background-size":"auto","background-attachment":"scroll","background-type":"","background-media":"","overlay-type":"","overlay-color":"","overlay-opacity":"","overlay-gradient":""}},"ast-content-background-meta":{"desktop":{"background-color":"var(--ast-global-color-4)","background-image":"","background-repeat":"repeat","background-position":"center center","background-size":"auto","background-attachment":"scroll","background-type":"","background-media":"","overlay-type":"","overlay-color":"","overlay-opacity":"","overlay-gradient":""},"tablet":{"background-color":"var(--ast-global-color-4)","background-image":"","background-repeat":"repeat","background-position":"center center","background-size":"auto","background-attachment":"scroll","background-type":"","background-media":"","overlay-type":"","overlay-color":"","overlay-opacity":"","overlay-gradient":""},"mobile":{"background-color":"var(--ast-global-color-4)","background-image":"","background-repeat":"repeat","background-position":"center center","background-size":"auto","background-attachment":"scroll","background-type":"","background-media":"","overlay-type":"","overlay-color":"","overlay-opacity":"","overlay-gradient":""}}},"product_brand":[],"product_cat":[25],"product_tag":[],"class_list":{"0":"post-554","1":"product","2":"type-product","3":"status-publish","4":"has-post-thumbnail","6":"product_cat-sach-tieng-trung","7":"desktop-align-left","8":"tablet-align-left","9":"mobile-align-left","11":"first","12":"instock","13":"sale","14":"taxable","15":"shipping-taxable","16":"purchasable","17":"product-type-simple"},"_links":{"self":[{"href":"https:\/\/lulabookstore.com\/index.php\/wp-json\/wp\/v2\/product\/554","targetHints":{"allow":["GET"]}}],"collection":[{"href":"https:\/\/lulabookstore.com\/index.php\/wp-json\/wp\/v2\/product"}],"about":[{"href":"https:\/\/lulabookstore.com\/index.php\/wp-json\/wp\/v2\/types\/product"}],"replies":[{"embeddable":true,"href":"https:\/\/lulabookstore.com\/index.php\/wp-json\/wp\/v2\/comments?post=554"}],"wp:featuredmedia":[{"embeddable":true,"href":"https:\/\/lulabookstore.com\/index.php\/wp-json\/wp\/v2\/media\/555"}],"wp:attachment":[{"href":"https:\/\/lulabookstore.com\/index.php\/wp-json\/wp\/v2\/media?parent=554"}],"wp:term":[{"taxonomy":"product_brand","embeddable":true,"href":"https:\/\/lulabookstore.com\/index.php\/wp-json\/wp\/v2\/product_brand?post=554"},{"taxonomy":"product_cat","embeddable":true,"href":"https:\/\/lulabookstore.com\/index.php\/wp-json\/wp\/v2\/product_cat?post=554"},{"taxonomy":"product_tag","embeddable":true,"href":"https:\/\/lulabookstore.com\/index.php\/wp-json\/wp\/v2\/product_tag?post=554"}],"curies":[{"name":"wp","href":"https:\/\/api.w.org\/{rel}","templated":true}]}}