{"id":549,"date":"2026-03-23T04:22:56","date_gmt":"2026-03-23T04:22:56","guid":{"rendered":"https:\/\/lulabookstore.com\/?post_type=product&#038;p=549"},"modified":"2026-03-23T04:23:06","modified_gmt":"2026-03-23T04:23:06","slug":"sach-ets-toeic-2021-kem-file-nghe","status":"publish","type":"product","link":"https:\/\/lulabookstore.com\/index.php\/san-pham\/sach-ets-toeic-2021-kem-file-nghe\/","title":{"rendered":"S\u00e1ch ETS TOEIC 2021 K\u00e8m File Nghe"},"content":{"rendered":"<div class=\"Y3BBE\" data-sfc-cp=\"\" data-sfc-root=\"c\" data-sfc-cb=\"\" data-hveid=\"CAEIBRAA\" data-complete=\"true\" data-processed=\"true\">B\u1ed9 n\u00e0y g\u1ed3m 2 cu\u1ed1n chuy\u00ean bi\u1ec7t cho 2 k\u1ef9 n\u0103ng:<button class=\"rBl3me\" tabindex=\"0\" data-amic=\"true\" data-icl-uuid=\"c3f78f7d-5cee-4224-a558-05b0b40c4213\" aria-label=\"Xem c\u00e1c \u0111\u01b0\u1eddng li\u00ean k\u1ebft c\u00f3 li\u00ean quan\" data-wiz-attrbind=\"disabled=Q5GYac_z\/C5gNJc;aria-label=Q5GYac_z\/bOjMyf;class=Q5GYac_z\/UpSNec\" data-ved=\"2ahUKEwiX_diGlbWTAxWqm68BHR7lBhUQye0OegYIAQgFEAE\" data-hveid=\"CAEIBRAB\"><\/button><\/div>\n<ul class=\"KsbFXc U6u95\" data-sfc-root=\"c\" data-sfc-cb=\"\" data-complete=\"true\" data-processed=\"true\">\n<li class=\"dF3vjf\" data-sfc-root=\"c\" data-sfc-cb=\"\" data-hveid=\"CAEIBhAA\" data-complete=\"true\" data-sae=\"\"><span class=\"T286Pc\" data-sfc-cp=\"\" data-sfc-root=\"c\" data-sfc-cb=\"\" data-complete=\"true\"><strong class=\"Yjhzub\" data-sfc-root=\"c\" data-sfc-cb=\"\" data-complete=\"true\">Cu\u1ed1n LC (m\u00e0u h\u1ed3ng):<\/strong>\u00a0G\u1ed3m 5 \u0111\u1ec1 thi nghe. Gi\u1ecdng \u0111\u1ecdc, t\u1ed1c \u0111\u1ed9 v\u00e0 c\u00e1c gi\u1ecdng Anh &#8211; M\u1ef9, Anh &#8211; Anh, Anh &#8211; \u00dac ho\u00e0n to\u00e0n tr\u00f9ng kh\u1edbp v\u1edbi \u0111\u1ec1 thi th\u1eadt.<\/span><\/li>\n<li class=\"dF3vjf\" data-sfc-root=\"c\" data-sfc-cb=\"\" data-hveid=\"CAEIBhAB\" data-complete=\"true\" data-sae=\"\"><span class=\"T286Pc\" data-sfc-cp=\"\" data-sfc-root=\"c\" data-sfc-cb=\"\" data-complete=\"true\"><strong class=\"Yjhzub\" data-sfc-root=\"c\" data-sfc-cb=\"\" data-complete=\"true\">Cu\u1ed1n RC (m\u00e0u xanh):<\/strong>\u00a0G\u1ed3m 5 \u0111\u1ec1 thi \u0111\u1ecdc. C\u00e1c ch\u1ee7 \u0111\u1ec1 v\u00e0 \u0111\u1ed9 kh\u00f3 \u0111\u01b0\u1ee3c thi\u1ebft k\u1ebf \u0111\u1ec3 &#8220;d\u1ef1 \u0111o\u00e1n&#8221; nh\u1eefng g\u00ec s\u1ebd xu\u1ea5t hi\u1ec7n trong c\u00e1c k\u1ef3 thi th\u1ef1c t\u1ebf g\u1ea7n nh\u1ea5t.<\/span><\/li>\n<li class=\"dF3vjf\" data-sfc-root=\"c\" data-sfc-cb=\"\" data-hveid=\"CAEICBAA\" data-complete=\"true\" data-sae=\"\"><span class=\"T286Pc\" data-sfc-cp=\"\" data-sfc-root=\"c\" data-sfc-cb=\"\" data-complete=\"true\"><strong class=\"Yjhzub\" data-sfc-root=\"c\" data-sfc-cb=\"\" data-complete=\"true\">\u0110\u1ed9 s\u00e1t \u0111\u1ec1 100%:<\/strong>\u00a0V\u00ec l\u00e0 &#8220;con \u0111\u1ebb&#8221; c\u1ee7a ETS, c\u00e1c c\u00e2u h\u1ecfi b\u00e1m s\u00e1t ma tr\u1eadn \u0111\u1ec1 thi th\u1eadt v\u1ec1 c\u1ea3 t\u1eeb v\u1ef1ng, ng\u1eef ph\u00e1p v\u00e0 c\u00e1c lo\u1ea1i &#8220;b\u1eaby&#8221;.<\/span><\/li>\n<li class=\"dF3vjf\" data-sfc-root=\"c\" data-sfc-cb=\"\" data-hveid=\"CAEICBAB\" data-complete=\"true\" data-sae=\"\"><span class=\"T286Pc\" data-sfc-cp=\"\" data-sfc-root=\"c\" data-sfc-cb=\"\" data-complete=\"true\"><strong class=\"Yjhzub\" data-sfc-root=\"c\" data-sfc-cb=\"\" data-complete=\"true\">Ti\u1ebft ki\u1ec7m th\u1eddi gian:<\/strong>\u00a0Thay v\u00ec c\u00e0y 10 \u0111\u1ec1 nh\u01b0 c\u00e1c b\u1ed9 ETS th\u00f4ng th\u01b0\u1eddng, b\u1ed9 n\u00e0y ch\u1ec9 c\u00f3 5 \u0111\u1ec1, r\u1ea5t ph\u00f9 h\u1ee3p cho nh\u1eefng ai ch\u1ec9 c\u00f2n\u00a0<strong class=\"Yjhzub\" data-sfc-root=\"c\" data-sfc-cb=\"\" data-complete=\"true\">1-2 tu\u1ea7n tr\u01b0\u1edbc khi thi<\/strong>\u00a0v\u00e0 mu\u1ed1n t\u1ed5ng \u00f4n nhanh.<\/span><\/li>\n<li class=\"dF3vjf\" data-sfc-root=\"c\" data-sfc-cb=\"\" data-hveid=\"CAEICBAC\" data-complete=\"true\" data-sae=\"\"><span class=\"T286Pc\" data-sfc-cp=\"\" data-sfc-root=\"c\" data-sfc-cb=\"\" data-complete=\"true\"><strong class=\"Yjhzub\" data-sfc-root=\"c\" data-sfc-cb=\"\" data-complete=\"true\">C\u1eadp nh\u1eadt Format m\u1edbi:<\/strong>\u00a0S\u00e1ch bao qu\u00e1t \u0111\u1ea7y \u0111\u1ee7 c\u00e1c d\u1ea1ng b\u00e0i m\u1edbi nh\u1ea5t, \u0111\u1eb7c bi\u1ec7t l\u00e0 ph\u1ea7n Part 7 (\u0111\u1ecdc hi\u1ec3u) v\u1edbi c\u00e1c \u0111o\u1ea1n h\u1ed9i tho\u1ea1i tin nh\u1eafn v\u00e0 nhi\u1ec1u v\u0103n b\u1ea3n.<\/span><button class=\"rBl3me\" tabindex=\"0\" data-amic=\"true\" data-icl-uuid=\"f1ef2c8f-dd7f-47fb-8b09-8bb04625236f\" aria-label=\"Xem c\u00e1c \u0111\u01b0\u1eddng li\u00ean k\u1ebft c\u00f3 li\u00ean quan\" data-wiz-attrbind=\"disabled=Q5GYac_1s\/C5gNJc;aria-label=Q5GYac_1s\/bOjMyf;class=Q5GYac_1s\/UpSNec\" data-ved=\"2ahUKEwiX_diGlbWTAxWqm68BHR7lBhUQye0OegYIAQgIEAM\" data-hveid=\"CAEICBAD\"><\/button><\/li>\n<\/ul>\n","protected":false},"excerpt":{"rendered":"<p>B\u1ed9 n\u00e0y g\u1ed3m 2 cu\u1ed1n chuy\u00ean bi\u1ec7t cho 2 k\u1ef9 n\u0103ng: Cu\u1ed1n LC (m\u00e0u h\u1ed3ng):\u00a0G\u1ed3m 5 \u0111\u1ec1 thi nghe. Gi\u1ecdng [&hellip;]<\/p>\n","protected":false},"featured_media":550,"comment_status":"open","ping_status":"closed","template":"","meta":{"site-sidebar-layout":"default","site-content-layout":"","ast-site-content-layout":"default","site-content-style":"default","site-sidebar-style":"default","ast-global-header-display":"","ast-banner-title-visibility":"","ast-main-header-display":"","ast-hfb-above-header-display":"","ast-hfb-below-header-display":"","ast-hfb-mobile-header-display":"","site-post-title":"","ast-breadcrumbs-content":"","ast-featured-img":"","footer-sml-layout":"","ast-disable-related-posts":"","theme-transparent-header-meta":"","adv-header-id-meta":"","stick-header-meta":"","header-above-stick-meta":"","header-main-stick-meta":"","header-below-stick-meta":"","astra-migrate-meta-layouts":"default","ast-page-background-enabled":"default","ast-page-background-meta":{"desktop":{"background-color":"var(--ast-global-color-5)","background-image":"","background-repeat":"repeat","background-position":"center center","background-size":"auto","background-attachment":"scroll","background-type":"","background-media":"","overlay-type":"","overlay-color":"","overlay-opacity":"","overlay-gradient":""},"tablet":{"background-color":"","background-image":"","background-repeat":"repeat","background-position":"center center","background-size":"auto","background-attachment":"scroll","background-type":"","background-media":"","overlay-type":"","overlay-color":"","overlay-opacity":"","overlay-gradient":""},"mobile":{"background-color":"","background-image":"","background-repeat":"repeat","background-position":"center center","background-size":"auto","background-attachment":"scroll","background-type":"","background-media":"","overlay-type":"","overlay-color":"","overlay-opacity":"","overlay-gradient":""}},"ast-content-background-meta":{"desktop":{"background-color":"var(--ast-global-color-4)","background-image":"","background-repeat":"repeat","background-position":"center center","background-size":"auto","background-attachment":"scroll","background-type":"","background-media":"","overlay-type":"","overlay-color":"","overlay-opacity":"","overlay-gradient":""},"tablet":{"background-color":"var(--ast-global-color-4)","background-image":"","background-repeat":"repeat","background-position":"center center","background-size":"auto","background-attachment":"scroll","background-type":"","background-media":"","overlay-type":"","overlay-color":"","overlay-opacity":"","overlay-gradient":""},"mobile":{"background-color":"var(--ast-global-color-4)","background-image":"","background-repeat":"repeat","background-position":"center center","background-size":"auto","background-attachment":"scroll","background-type":"","background-media":"","overlay-type":"","overlay-color":"","overlay-opacity":"","overlay-gradient":""}}},"product_brand":[],"product_cat":[23],"product_tag":[],"class_list":{"0":"post-549","1":"product","2":"type-product","3":"status-publish","4":"has-post-thumbnail","6":"product_cat-sach-toeic","7":"desktop-align-left","8":"tablet-align-left","9":"mobile-align-left","11":"first","12":"instock","13":"sale","14":"taxable","15":"shipping-taxable","16":"purchasable","17":"product-type-variable"},"_links":{"self":[{"href":"https:\/\/lulabookstore.com\/index.php\/wp-json\/wp\/v2\/product\/549","targetHints":{"allow":["GET"]}}],"collection":[{"href":"https:\/\/lulabookstore.com\/index.php\/wp-json\/wp\/v2\/product"}],"about":[{"href":"https:\/\/lulabookstore.com\/index.php\/wp-json\/wp\/v2\/types\/product"}],"replies":[{"embeddable":true,"href":"https:\/\/lulabookstore.com\/index.php\/wp-json\/wp\/v2\/comments?post=549"}],"wp:featuredmedia":[{"embeddable":true,"href":"https:\/\/lulabookstore.com\/index.php\/wp-json\/wp\/v2\/media\/550"}],"wp:attachment":[{"href":"https:\/\/lulabookstore.com\/index.php\/wp-json\/wp\/v2\/media?parent=549"}],"wp:term":[{"taxonomy":"product_brand","embeddable":true,"href":"https:\/\/lulabookstore.com\/index.php\/wp-json\/wp\/v2\/product_brand?post=549"},{"taxonomy":"product_cat","embeddable":true,"href":"https:\/\/lulabookstore.com\/index.php\/wp-json\/wp\/v2\/product_cat?post=549"},{"taxonomy":"product_tag","embeddable":true,"href":"https:\/\/lulabookstore.com\/index.php\/wp-json\/wp\/v2\/product_tag?post=549"}],"curies":[{"name":"wp","href":"https:\/\/api.w.org\/{rel}","templated":true}]}}