{"id":545,"date":"2026-03-23T04:13:17","date_gmt":"2026-03-23T04:13:17","guid":{"rendered":"https:\/\/lulabookstore.com\/?post_type=product&#038;p=545"},"modified":"2026-03-23T04:13:21","modified_gmt":"2026-03-23T04:13:21","slug":"sach-5000-tu-phan-cap-tu-dien-tu-vung-hsk-1-hsk-2-hsk-3","status":"publish","type":"product","link":"https:\/\/lulabookstore.com\/index.php\/san-pham\/sach-5000-tu-phan-cap-tu-dien-tu-vung-hsk-1-hsk-2-hsk-3\/","title":{"rendered":"S\u00e1ch  5000 T\u1eeb Ph\u00e2n c\u1ea5p T\u1eeb \u0110i\u1ec3n T\u1eeb V\u1ef1ng HSK 1 HSK 2 HSK 3"},"content":{"rendered":"<div class=\"Y3BBE\" data-sfc-cp=\"\" data-sfc-root=\"c\" data-sfc-cb=\"\" data-hveid=\"CAEIBRAA\" data-complete=\"true\" data-processed=\"true\">Cu\u1ed1n s\u00e1ch n\u00e0y kh\u00f4ng ch\u1ec9 \u0111\u01a1n thu\u1ea7n l\u00e0 m\u1ed9t cu\u1ed1n t\u1eeb \u0111i\u1ec3n tra t\u1eeb, m\u00e0 n\u00f3 \u0111\u01b0\u1ee3c thi\u1ebft k\u1ebf nh\u01b0 m\u1ed9t\u00a0<strong class=\"Yjhzub\" data-sfc-root=\"c\" data-sfc-cb=\"\" data-complete=\"true\" data-processed=\"true\">c\u00f4ng c\u1ee5 h\u1ecdc t\u1eadp h\u1ec7 th\u1ed1ng<\/strong>:<button class=\"rBl3me\" tabindex=\"0\" data-amic=\"true\" data-icl-uuid=\"d5293b67-bb5d-447a-a1e3-d7fca1c7a644\" aria-label=\"Xem c\u00e1c \u0111\u01b0\u1eddng li\u00ean k\u1ebft c\u00f3 li\u00ean quan\" data-wiz-attrbind=\"disabled=XXEq9_11\/C5gNJc;aria-label=XXEq9_11\/bOjMyf;class=XXEq9_11\/UpSNec\" data-ved=\"2ahUKEwilwanBk7WTAxXaZfUHHRi2AC0Qye0OegYIAQgFEAE\" data-hveid=\"CAEIBRAB\"><\/button><\/div>\n<ul class=\"KsbFXc U6u95\" data-sfc-root=\"c\" data-sfc-cb=\"\" data-complete=\"true\" data-processed=\"true\">\n<li class=\"dF3vjf\" data-sfc-root=\"c\" data-sfc-cb=\"\" data-hveid=\"CAEIBhAA\" data-complete=\"true\" data-sae=\"\"><span class=\"T286Pc\" data-sfc-cp=\"\" data-sfc-root=\"c\" data-sfc-cb=\"\" data-complete=\"true\"><strong class=\"Yjhzub\" data-sfc-root=\"c\" data-sfc-cb=\"\" data-complete=\"true\">Ph\u1ea1m vi t\u1eeb v\u1ef1ng:<\/strong>\u00a0Bao g\u1ed3m to\u00e0n b\u1ed9 danh s\u00e1ch t\u1eeb v\u1ef1ng chu\u1ea9n c\u1ee7a HSK 1, 2 v\u00e0 3 (t\u1ed5ng c\u1ed9ng kho\u1ea3ng 600 t\u1eeb c\u01a1 b\u1ea3n).<\/span><\/li>\n<li class=\"dF3vjf\" data-sfc-root=\"c\" data-sfc-cb=\"\" data-hveid=\"CAEIBhAB\" data-complete=\"true\" data-sae=\"\"><span class=\"T286Pc\" data-sfc-cp=\"\" data-sfc-root=\"c\" data-sfc-cb=\"\" data-complete=\"true\"><strong class=\"Yjhzub\" data-sfc-root=\"c\" data-sfc-cb=\"\" data-complete=\"true\">C\u1ea5u tr\u00fac m\u1ed7i t\u1eeb:<\/strong>\u00a0M\u1ed7i m\u1ee5c t\u1eeb s\u1ebd bao g\u1ed3m: Ch\u1eef H\u00e1n -&gt; Phi\u00ean \u00e2m -&gt; T\u1eeb lo\u1ea1i -&gt; Ngh\u0129a ti\u1ebfng Anh -&gt; C\u00e1c c\u1ee5m t\u1eeb th\u01b0\u1eddng \u0111i k\u00e8m (Collocations) -&gt; V\u00ed d\u1ee5 minh h\u1ecda.<\/span><\/li>\n<li class=\"dF3vjf\" data-sfc-root=\"c\" data-sfc-cb=\"\" data-hveid=\"CAEIBhAC\" data-complete=\"true\" data-sae=\"\"><span class=\"T286Pc\" data-sfc-cp=\"\" data-sfc-root=\"c\" data-sfc-cb=\"\" data-complete=\"true\"><strong class=\"Yjhzub\" data-sfc-root=\"c\" data-sfc-cb=\"\" data-complete=\"true\">S\u1eafp x\u1ebfp:<\/strong>\u00a0T\u1eeb v\u1ef1ng \u0111\u01b0\u1ee3c s\u1eafp x\u1ebfp theo th\u1ee9 t\u1ef1 ch\u1eef c\u00e1i Pinyin, gi\u00fap vi\u1ec7c tra c\u1ee9u nhanh ch\u00f3ng nh\u01b0 m\u1ed9t cu\u1ed1n t\u1eeb \u0111i\u1ec3n th\u1ef1c th\u1ee5.<\/span><\/li>\n<li class=\"dF3vjf\" data-sfc-root=\"c\" data-sfc-cb=\"\" data-hveid=\"CAEICBAA\" data-complete=\"true\" data-sae=\"\"><span class=\"T286Pc\" data-sfc-cp=\"\" data-sfc-root=\"c\" data-sfc-cb=\"\" data-complete=\"true\"><strong class=\"Yjhzub\" data-sfc-root=\"c\" data-sfc-cb=\"\" data-complete=\"true\">\u0110\u1ed9 ch\u00ednh x\u00e1c v\u00e0 ch\u00ednh th\u1ed1ng:<\/strong>\u00a0V\u00ec do BLCUP (\u0111\u01a1n v\u1ecb h\u00e0ng \u0111\u1ea7u v\u1ec1 gi\u1ea3ng d\u1ea1y ti\u1ebfng Trung cho ng\u01b0\u1eddi n\u01b0\u1edbc ngo\u00e0i) bi\u00ean so\u1ea1n n\u00ean c\u00e1c v\u00ed d\u1ee5 v\u00e0 gi\u1ea3i ngh\u0129a c\u1ef1c k\u1ef3 chu\u1ea9n x\u00e1c, b\u00e1m s\u00e1t t\u01b0 duy ra \u0111\u1ec1 c\u1ee7a k\u1ef3 thi HSK.<\/span><\/li>\n<li class=\"dF3vjf\" data-sfc-root=\"c\" data-sfc-cb=\"\" data-hveid=\"CAEICBAB\" data-complete=\"true\" data-sae=\"\"><span class=\"T286Pc\" data-sfc-cp=\"\" data-sfc-root=\"c\" data-sfc-cb=\"\" data-complete=\"true\"><strong class=\"Yjhzub\" data-sfc-root=\"c\" data-sfc-cb=\"\" data-complete=\"true\">V\u00ed d\u1ee5 minh h\u1ecda th\u1ef1c t\u1ebf:<\/strong>\u00a0\u0110i\u1ec3m m\u1ea1nh l\u1edbn nh\u1ea5t l\u00e0 c\u00e1c v\u00ed d\u1ee5 r\u1ea5t g\u1ea7n g\u0169i v\u1edbi \u0111\u1eddi s\u1ed1ng v\u00e0 th\u01b0\u1eddng xu\u1ea5t hi\u1ec7n trong c\u00e1c b\u00e0i thi Nghe v\u00e0 \u0110\u1ecdc. H\u1ecdc theo v\u00ed d\u1ee5 gi\u00fap b\u1ea1n kh\u00f4ng ch\u1ec9 nh\u1edb t\u1eeb m\u00e0 c\u00f2n bi\u1ebft c\u00e1ch \u0111\u1eb7t c\u00e2u \u0111\u00fang ng\u1eef ph\u00e1p.<\/span><\/li>\n<li class=\"dF3vjf\" data-sfc-root=\"c\" data-sfc-cb=\"\" data-hveid=\"CAEICBAC\" data-complete=\"true\" data-sae=\"\"><span class=\"T286Pc\" data-sfc-cp=\"\" data-sfc-root=\"c\" data-sfc-cb=\"\" data-complete=\"true\"><strong class=\"Yjhzub\" data-sfc-root=\"c\" data-sfc-cb=\"\" data-complete=\"true\">Ph\u1ea7n c\u1ee5m t\u1eeb \u0111i k\u00e8m (Collocations):<\/strong>\u00a0Gi\u00fap b\u1ea1n bi\u1ebft t\u1eeb n\u00e0y &#8220;\u0111i ch\u01a1i&#8221; v\u1edbi t\u1eeb n\u00e0o th\u00ec \u0111\u00fang (v\u00ed d\u1ee5:\u00a0<em class=\"eujQNb\" data-sfc-root=\"c\" data-sfc-cb=\"\" data-complete=\"true\">\u0103n<\/em>\u00a0th\u00ec \u0111i v\u1edbi\u00a0<em class=\"eujQNb\" data-sfc-root=\"c\" data-sfc-cb=\"\" data-complete=\"true\">c\u01a1m<\/em>, kh\u00f4ng \u0111i v\u1edbi\u00a0<em class=\"eujQNb\" data-sfc-root=\"c\" data-sfc-cb=\"\" data-complete=\"true\">n\u01b0\u1edbc<\/em>). \u0110\u00e2y l\u00e0 ph\u1ea7n c\u1ef1c k\u1ef3 quan tr\u1ecdng \u0111\u1ec3 b\u1ea1n n\u00f3i v\u00e0 vi\u1ebft t\u1ef1 nhi\u00ean nh\u01b0 ng\u01b0\u1eddi b\u1ea3n x\u1ee9.<\/span><\/li>\n<\/ul>\n","protected":false},"excerpt":{"rendered":"<p>Cu\u1ed1n s\u00e1ch n\u00e0y kh\u00f4ng ch\u1ec9 \u0111\u01a1n thu\u1ea7n l\u00e0 m\u1ed9t cu\u1ed1n t\u1eeb \u0111i\u1ec3n tra t\u1eeb, m\u00e0 n\u00f3 \u0111\u01b0\u1ee3c thi\u1ebft k\u1ebf nh\u01b0 [&hellip;]<\/p>\n","protected":false},"featured_media":546,"comment_status":"open","ping_status":"closed","template":"","meta":{"site-sidebar-layout":"default","site-content-layout":"","ast-site-content-layout":"default","site-content-style":"default","site-sidebar-style":"default","ast-global-header-display":"","ast-banner-title-visibility":"","ast-main-header-display":"","ast-hfb-above-header-display":"","ast-hfb-below-header-display":"","ast-hfb-mobile-header-display":"","site-post-title":"","ast-breadcrumbs-content":"","ast-featured-img":"","footer-sml-layout":"","ast-disable-related-posts":"","theme-transparent-header-meta":"","adv-header-id-meta":"","stick-header-meta":"","header-above-stick-meta":"","header-main-stick-meta":"","header-below-stick-meta":"","astra-migrate-meta-layouts":"default","ast-page-background-enabled":"default","ast-page-background-meta":{"desktop":{"background-color":"var(--ast-global-color-5)","background-image":"","background-repeat":"repeat","background-position":"center center","background-size":"auto","background-attachment":"scroll","background-type":"","background-media":"","overlay-type":"","overlay-color":"","overlay-opacity":"","overlay-gradient":""},"tablet":{"background-color":"","background-image":"","background-repeat":"repeat","background-position":"center center","background-size":"auto","background-attachment":"scroll","background-type":"","background-media":"","overlay-type":"","overlay-color":"","overlay-opacity":"","overlay-gradient":""},"mobile":{"background-color":"","background-image":"","background-repeat":"repeat","background-position":"center center","background-size":"auto","background-attachment":"scroll","background-type":"","background-media":"","overlay-type":"","overlay-color":"","overlay-opacity":"","overlay-gradient":""}},"ast-content-background-meta":{"desktop":{"background-color":"var(--ast-global-color-4)","background-image":"","background-repeat":"repeat","background-position":"center center","background-size":"auto","background-attachment":"scroll","background-type":"","background-media":"","overlay-type":"","overlay-color":"","overlay-opacity":"","overlay-gradient":""},"tablet":{"background-color":"var(--ast-global-color-4)","background-image":"","background-repeat":"repeat","background-position":"center center","background-size":"auto","background-attachment":"scroll","background-type":"","background-media":"","overlay-type":"","overlay-color":"","overlay-opacity":"","overlay-gradient":""},"mobile":{"background-color":"var(--ast-global-color-4)","background-image":"","background-repeat":"repeat","background-position":"center center","background-size":"auto","background-attachment":"scroll","background-type":"","background-media":"","overlay-type":"","overlay-color":"","overlay-opacity":"","overlay-gradient":""}}},"product_brand":[],"product_cat":[25],"product_tag":[],"class_list":{"0":"post-545","1":"product","2":"type-product","3":"status-publish","4":"has-post-thumbnail","6":"product_cat-sach-tieng-trung","7":"desktop-align-left","8":"tablet-align-left","9":"mobile-align-left","11":"first","12":"instock","13":"sale","14":"taxable","15":"shipping-taxable","16":"purchasable","17":"product-type-simple"},"_links":{"self":[{"href":"https:\/\/lulabookstore.com\/index.php\/wp-json\/wp\/v2\/product\/545","targetHints":{"allow":["GET"]}}],"collection":[{"href":"https:\/\/lulabookstore.com\/index.php\/wp-json\/wp\/v2\/product"}],"about":[{"href":"https:\/\/lulabookstore.com\/index.php\/wp-json\/wp\/v2\/types\/product"}],"replies":[{"embeddable":true,"href":"https:\/\/lulabookstore.com\/index.php\/wp-json\/wp\/v2\/comments?post=545"}],"wp:featuredmedia":[{"embeddable":true,"href":"https:\/\/lulabookstore.com\/index.php\/wp-json\/wp\/v2\/media\/546"}],"wp:attachment":[{"href":"https:\/\/lulabookstore.com\/index.php\/wp-json\/wp\/v2\/media?parent=545"}],"wp:term":[{"taxonomy":"product_brand","embeddable":true,"href":"https:\/\/lulabookstore.com\/index.php\/wp-json\/wp\/v2\/product_brand?post=545"},{"taxonomy":"product_cat","embeddable":true,"href":"https:\/\/lulabookstore.com\/index.php\/wp-json\/wp\/v2\/product_cat?post=545"},{"taxonomy":"product_tag","embeddable":true,"href":"https:\/\/lulabookstore.com\/index.php\/wp-json\/wp\/v2\/product_tag?post=545"}],"curies":[{"name":"wp","href":"https:\/\/api.w.org\/{rel}","templated":true}]}}