{"id":543,"date":"2026-03-23T04:10:04","date_gmt":"2026-03-23T04:10:04","guid":{"rendered":"https:\/\/lulabookstore.com\/?post_type=product&#038;p=543"},"modified":"2026-03-23T04:10:10","modified_gmt":"2026-03-23T04:10:10","slug":"sach-tu-vung-chuyen-sau-hsk-4","status":"publish","type":"product","link":"https:\/\/lulabookstore.com\/index.php\/san-pham\/sach-tu-vung-chuyen-sau-hsk-4\/","title":{"rendered":"S\u00e1ch T\u1eeb V\u1ef1ng Chuy\u00ean S\u00e2u HSK 4"},"content":{"rendered":"<div class=\"Y3BBE\" data-sfc-cp=\"\" data-sfc-root=\"c\" data-sfc-cb=\"\" data-hveid=\"CAEIBRAA\" data-complete=\"true\" data-processed=\"true\">Thay v\u00ec li\u1ec7t k\u00ea t\u1eeb v\u1ef1ng theo b\u1ea3ng ch\u1eef c\u00e1i A-Z nh\u01b0 c\u00e1c cu\u1ed1n t\u1eeb \u0111i\u1ec3n th\u00f4ng th\u01b0\u1eddng, cu\u1ed1n s\u00e1ch n\u00e0y chia 600 t\u1eeb v\u1ef1ng c\u1ee7a HSK 4 th\u00e0nh c\u00e1c nh\u00f3m d\u1ef1a tr\u00ean\u00a0<strong class=\"Yjhzub\" data-sfc-root=\"c\" data-sfc-cb=\"\" data-complete=\"true\" data-processed=\"true\">t\u1ea7n su\u1ea5t xu\u1ea5t hi\u1ec7n trong \u0111\u1ec1 thi th\u1eadt<\/strong>:<button class=\"rBl3me\" tabindex=\"0\" data-amic=\"true\" data-icl-uuid=\"4b80143e-f0a6-4dd8-8977-920f15a2b0c5\" aria-label=\"Xem c\u00e1c \u0111\u01b0\u1eddng li\u00ean k\u1ebft c\u00f3 li\u00ean quan\" data-wiz-attrbind=\"disabled=qgNUUe_10\/C5gNJc;aria-label=qgNUUe_10\/bOjMyf;class=qgNUUe_10\/UpSNec\" data-ved=\"2ahUKEwiG97zYkrWTAxVaulYBHQC8AdQQye0OegYIAQgFEAE\" data-hveid=\"CAEIBRAB\"><\/button><\/div>\n<ul class=\"KsbFXc U6u95\" data-sfc-root=\"c\" data-sfc-cb=\"\" data-complete=\"true\" data-processed=\"true\">\n<li class=\"dF3vjf\" data-sfc-root=\"c\" data-sfc-cb=\"\" data-hveid=\"CAEIBhAA\" data-complete=\"true\" data-sae=\"\"><span class=\"T286Pc\" data-sfc-cp=\"\" data-sfc-root=\"c\" data-sfc-cb=\"\" data-complete=\"true\"><strong class=\"Yjhzub\" data-sfc-root=\"c\" data-sfc-cb=\"\" data-complete=\"true\">Nh\u00f3m t\u1ea7n su\u1ea5t cao:<\/strong>\u00a0Nh\u1eefng t\u1eeb &#8220;ch\u1eafc ch\u1eafn s\u1ebd g\u1eb7p&#8221;, xu\u1ea5t hi\u1ec7n li\u00ean t\u1ee5c trong c\u00e1c \u0111\u1ec1 thi. B\u1ea1n c\u1ea7n \u01b0u ti\u00ean h\u1ecdc thu\u1ed9c l\u00f2ng nh\u00f3m n\u00e0y \u0111\u1ea7u ti\u00ean.<\/span><\/li>\n<li class=\"dF3vjf\" data-sfc-root=\"c\" data-sfc-cb=\"\" data-hveid=\"CAEIBhAB\" data-complete=\"true\" data-sae=\"\"><span class=\"T286Pc\" data-sfc-cp=\"\" data-sfc-root=\"c\" data-sfc-cb=\"\" data-complete=\"true\"><strong class=\"Yjhzub\" data-sfc-root=\"c\" data-sfc-cb=\"\" data-complete=\"true\">Nh\u00f3m t\u1ea7n su\u1ea5t trung b\u00ecnh:<\/strong>\u00a0Nh\u1eefng t\u1eeb th\u01b0\u1eddng xuy\u00ean xu\u1ea5t hi\u1ec7n.<\/span><\/li>\n<li class=\"dF3vjf\" data-sfc-root=\"c\" data-sfc-cb=\"\" data-hveid=\"CAEIBhAC\" data-complete=\"true\" data-sae=\"\"><span class=\"T286Pc\" data-sfc-cp=\"\" data-sfc-root=\"c\" data-sfc-cb=\"\" data-complete=\"true\"><strong class=\"Yjhzub\" data-sfc-root=\"c\" data-sfc-cb=\"\" data-complete=\"true\">Nh\u00f3m t\u1ea7n su\u1ea5t th\u1ea5p:<\/strong>\u00a0Nh\u1eefng t\u1eeb \u00edt xu\u1ea5t hi\u1ec7n h\u01a1n nh\u01b0ng v\u1eabn n\u1eb1m trong ph\u1ea1m vi 1200 t\u1eeb (t\u00ednh c\u1ea3 HSK 1-3) m\u00e0 b\u1ea1n c\u1ea7n bi\u1ebft \u0111\u1ec3 \u0111\u1ea1t \u0111i\u1ec3m tuy\u1ec7t \u0111\u1ed1i.<\/span><button class=\"rBl3me\" tabindex=\"0\" data-amic=\"true\" data-icl-uuid=\"921dc02c-6bae-4a13-9591-69b20dd6927f\" aria-label=\"Xem c\u00e1c \u0111\u01b0\u1eddng li\u00ean k\u1ebft c\u00f3 li\u00ean quan\" data-wiz-attrbind=\"disabled=qgNUUe_1d\/C5gNJc;aria-label=qgNUUe_1d\/bOjMyf;class=qgNUUe_1d\/UpSNec\" data-ved=\"2ahUKEwiG97zYkrWTAxVaulYBHQC8AdQQye0OegYIAQgGEAM\" data-hveid=\"CAEIBhAD\"><\/button><\/li>\n<\/ul>\n<div class=\"Fsg96\" data-sfc-cp=\"\" data-sfc-root=\"c\" data-sfc-cb=\"\" data-complete=\"true\" data-processed=\"true\">\n<div class=\"Y3BBE\" data-sfc-cp=\"\" data-sfc-root=\"c\" data-sfc-cb=\"\" data-hveid=\"CAEICBAA\" data-complete=\"true\" data-processed=\"true\">M\u1ed7i t\u1eeb v\u1ef1ng trong s\u00e1ch kh\u00f4ng ch\u1ec9 c\u00f3 ngh\u0129a su\u00f4ng m\u00e0 \u0111i k\u00e8m v\u1edbi:<button class=\"rBl3me\" tabindex=\"0\" data-amic=\"true\" data-icl-uuid=\"c52aed7f-1a28-437b-9223-a9e28bdbdb7c\" aria-label=\"Xem c\u00e1c \u0111\u01b0\u1eddng li\u00ean k\u1ebft c\u00f3 li\u00ean quan\" data-wiz-attrbind=\"disabled=qgNUUe_1m\/C5gNJc;aria-label=qgNUUe_1m\/bOjMyf;class=qgNUUe_1m\/UpSNec\" data-ved=\"2ahUKEwiG97zYkrWTAxVaulYBHQC8AdQQye0OegYIAQgIEAE\" data-hveid=\"CAEICBAB\"><\/button><\/div>\n<ul class=\"KsbFXc U6u95\" data-sfc-root=\"c\" data-sfc-cb=\"\" data-complete=\"true\" data-processed=\"true\">\n<li class=\"dF3vjf\" data-sfc-root=\"c\" data-sfc-cb=\"\" data-hveid=\"CAEICRAA\" data-complete=\"true\" data-sae=\"\"><span class=\"T286Pc\" data-sfc-cp=\"\" data-sfc-root=\"c\" data-sfc-cb=\"\" data-complete=\"true\"><strong class=\"Yjhzub\" data-sfc-root=\"c\" data-sfc-cb=\"\" data-complete=\"true\">Phi\u00ean \u00e2m (Pinyin) v\u00e0 Ngh\u0129a (H\u00e1n &#8211; Anh):<\/strong>\u00a0Gi\u00fap b\u1ea1n tra c\u1ee9u nhanh.<\/span><\/li>\n<li class=\"dF3vjf\" data-sfc-root=\"c\" data-sfc-cb=\"\" data-hveid=\"CAEICRAB\" data-complete=\"true\" data-sae=\"\"><span class=\"T286Pc\" data-sfc-cp=\"\" data-sfc-root=\"c\" data-sfc-cb=\"\" data-complete=\"true\"><strong class=\"Yjhzub\" data-sfc-root=\"c\" data-sfc-cb=\"\" data-complete=\"true\">C\u1ee5m t\u1eeb c\u1ed1 \u0111\u1ecbnh (Collocations):<\/strong>\u00a0Cho b\u1ea1n bi\u1ebft t\u1eeb \u0111\u00f3 th\u01b0\u1eddng \u0111i v\u1edbi t\u1eeb n\u00e0o (v\u00ed d\u1ee5:\u00a0<em class=\"eujQNb\" data-sfc-root=\"c\" data-sfc-cb=\"\" data-complete=\"true\">ch\u00fa \u00fd<\/em>\u00a0\u0111i v\u1edbi\u00a0<em class=\"eujQNb\" data-sfc-root=\"c\" data-sfc-cb=\"\" data-complete=\"true\">v\u1ea5n \u0111\u1ec1 g\u00ec<\/em>,\u00a0<em class=\"eujQNb\" data-sfc-root=\"c\" data-sfc-cb=\"\" data-complete=\"true\">t\u1ed5 ch\u1ee9c<\/em>\u00a0\u0111i v\u1edbi\u00a0<em class=\"eujQNb\" data-sfc-root=\"c\" data-sfc-cb=\"\" data-complete=\"true\">ho\u1ea1t \u0111\u1ed9ng g\u00ec<\/em>).<\/span><\/li>\n<li class=\"dF3vjf\" data-sfc-root=\"c\" data-sfc-cb=\"\" data-hveid=\"CAEICRAC\" data-complete=\"true\" data-sae=\"\"><span class=\"T286Pc\" data-sfc-cp=\"\" data-sfc-root=\"c\" data-sfc-cb=\"\" data-complete=\"true\"><strong class=\"Yjhzub\" data-sfc-root=\"c\" data-sfc-cb=\"\" data-complete=\"true\">C\u00e2u v\u00ed d\u1ee5 th\u1ef1c t\u1ebf:<\/strong>\u00a0C\u00e1c c\u00e2u v\u00ed d\u1ee5 th\u01b0\u1eddng \u0111\u01b0\u1ee3c l\u1ea5y t\u1eeb ng\u1eef c\u1ea3nh c\u1ee7a c\u00e1c \u0111\u1ec1 thi th\u1eadt, gi\u00fap b\u1ea1n l\u00e0m quen v\u1edbi c\u00e1ch \u0111\u1eb7t c\u00e2u c\u1ee7a gi\u00e1m kh\u1ea3o.<\/span><\/li>\n<li class=\"dF3vjf\" data-sfc-root=\"c\" data-sfc-cb=\"\" data-hveid=\"CAEICRAD\" data-complete=\"true\" data-sae=\"\"><span class=\"T286Pc\" data-sfc-cp=\"\" data-sfc-root=\"c\" data-sfc-cb=\"\" data-complete=\"true\"><strong class=\"Yjhzub\" data-sfc-root=\"c\" data-sfc-cb=\"\" data-complete=\"true\">T\u1eeb \u0111\u1ed3ng ngh\u0129a\/ph\u1ea3n ngh\u0129a:<\/strong>\u00a0Gi\u00fap b\u1ea1n m\u1edf r\u1ed9ng v\u1ed1n t\u1eeb nhanh ch\u00f3ng b\u1eb1ng c\u00e1ch li\u00ean t\u01b0\u1edfng.<\/span><\/li>\n<\/ul>\n<\/div>\n","protected":false},"excerpt":{"rendered":"<p>Thay v\u00ec li\u1ec7t k\u00ea t\u1eeb v\u1ef1ng theo b\u1ea3ng ch\u1eef c\u00e1i A-Z nh\u01b0 c\u00e1c cu\u1ed1n t\u1eeb \u0111i\u1ec3n th\u00f4ng th\u01b0\u1eddng, cu\u1ed1n s\u00e1ch [&hellip;]<\/p>\n","protected":false},"featured_media":544,"comment_status":"open","ping_status":"closed","template":"","meta":{"site-sidebar-layout":"default","site-content-layout":"","ast-site-content-layout":"default","site-content-style":"default","site-sidebar-style":"default","ast-global-header-display":"","ast-banner-title-visibility":"","ast-main-header-display":"","ast-hfb-above-header-display":"","ast-hfb-below-header-display":"","ast-hfb-mobile-header-display":"","site-post-title":"","ast-breadcrumbs-content":"","ast-featured-img":"","footer-sml-layout":"","ast-disable-related-posts":"","theme-transparent-header-meta":"","adv-header-id-meta":"","stick-header-meta":"","header-above-stick-meta":"","header-main-stick-meta":"","header-below-stick-meta":"","astra-migrate-meta-layouts":"default","ast-page-background-enabled":"default","ast-page-background-meta":{"desktop":{"background-color":"var(--ast-global-color-5)","background-image":"","background-repeat":"repeat","background-position":"center center","background-size":"auto","background-attachment":"scroll","background-type":"","background-media":"","overlay-type":"","overlay-color":"","overlay-opacity":"","overlay-gradient":""},"tablet":{"background-color":"","background-image":"","background-repeat":"repeat","background-position":"center center","background-size":"auto","background-attachment":"scroll","background-type":"","background-media":"","overlay-type":"","overlay-color":"","overlay-opacity":"","overlay-gradient":""},"mobile":{"background-color":"","background-image":"","background-repeat":"repeat","background-position":"center center","background-size":"auto","background-attachment":"scroll","background-type":"","background-media":"","overlay-type":"","overlay-color":"","overlay-opacity":"","overlay-gradient":""}},"ast-content-background-meta":{"desktop":{"background-color":"var(--ast-global-color-4)","background-image":"","background-repeat":"repeat","background-position":"center center","background-size":"auto","background-attachment":"scroll","background-type":"","background-media":"","overlay-type":"","overlay-color":"","overlay-opacity":"","overlay-gradient":""},"tablet":{"background-color":"var(--ast-global-color-4)","background-image":"","background-repeat":"repeat","background-position":"center center","background-size":"auto","background-attachment":"scroll","background-type":"","background-media":"","overlay-type":"","overlay-color":"","overlay-opacity":"","overlay-gradient":""},"mobile":{"background-color":"var(--ast-global-color-4)","background-image":"","background-repeat":"repeat","background-position":"center center","background-size":"auto","background-attachment":"scroll","background-type":"","background-media":"","overlay-type":"","overlay-color":"","overlay-opacity":"","overlay-gradient":""}}},"product_brand":[],"product_cat":[25],"product_tag":[],"class_list":{"0":"post-543","1":"product","2":"type-product","3":"status-publish","4":"has-post-thumbnail","6":"product_cat-sach-tieng-trung","7":"desktop-align-left","8":"tablet-align-left","9":"mobile-align-left","11":"first","12":"instock","13":"sale","14":"taxable","15":"shipping-taxable","16":"purchasable","17":"product-type-simple"},"_links":{"self":[{"href":"https:\/\/lulabookstore.com\/index.php\/wp-json\/wp\/v2\/product\/543","targetHints":{"allow":["GET"]}}],"collection":[{"href":"https:\/\/lulabookstore.com\/index.php\/wp-json\/wp\/v2\/product"}],"about":[{"href":"https:\/\/lulabookstore.com\/index.php\/wp-json\/wp\/v2\/types\/product"}],"replies":[{"embeddable":true,"href":"https:\/\/lulabookstore.com\/index.php\/wp-json\/wp\/v2\/comments?post=543"}],"wp:featuredmedia":[{"embeddable":true,"href":"https:\/\/lulabookstore.com\/index.php\/wp-json\/wp\/v2\/media\/544"}],"wp:attachment":[{"href":"https:\/\/lulabookstore.com\/index.php\/wp-json\/wp\/v2\/media?parent=543"}],"wp:term":[{"taxonomy":"product_brand","embeddable":true,"href":"https:\/\/lulabookstore.com\/index.php\/wp-json\/wp\/v2\/product_brand?post=543"},{"taxonomy":"product_cat","embeddable":true,"href":"https:\/\/lulabookstore.com\/index.php\/wp-json\/wp\/v2\/product_cat?post=543"},{"taxonomy":"product_tag","embeddable":true,"href":"https:\/\/lulabookstore.com\/index.php\/wp-json\/wp\/v2\/product_tag?post=543"}],"curies":[{"name":"wp","href":"https:\/\/api.w.org\/{rel}","templated":true}]}}