{"id":533,"date":"2026-03-23T04:04:54","date_gmt":"2026-03-23T04:04:54","guid":{"rendered":"https:\/\/lulabookstore.com\/?post_type=product&#038;p=533"},"modified":"2026-03-23T04:04:55","modified_gmt":"2026-03-23T04:04:55","slug":"sach-bai-tap-dot-pha-thi-hsk-1-hsk-2-hsk-3-hsk-4","status":"publish","type":"product","link":"https:\/\/lulabookstore.com\/index.php\/san-pham\/sach-bai-tap-dot-pha-thi-hsk-1-hsk-2-hsk-3-hsk-4\/","title":{"rendered":"S\u00e1ch B\u00e0i T\u1eadp \u0110\u1ed9t Ph\u00e1 Thi HSK 1 HSK 2 HSK 3 HSK 4"},"content":{"rendered":"<ul class=\"KsbFXc U6u95\" data-sfc-root=\"c\" data-sfc-cb=\"\" data-complete=\"true\" data-processed=\"true\">\n<li class=\"dF3vjf\" data-sfc-root=\"c\" data-sfc-cb=\"\" data-hveid=\"CAEIChAA\" data-complete=\"true\" data-sae=\"\"><span class=\"T286Pc\" data-sfc-cp=\"\" data-sfc-root=\"c\" data-sfc-cb=\"\" data-complete=\"true\"><strong class=\"Yjhzub\" data-sfc-root=\"c\" data-sfc-cb=\"\" data-complete=\"true\">Ph\u00e2n t\u00edch \u0111i\u1ec3m thi tr\u1ecdng t\u00e2m:<\/strong>\u00a0S\u00e1ch t\u1eadp trung v\u00e0o c\u00e1c &#8220;kh\u1ea3o \u0111i\u1ec3m&#8221; (\u0111i\u1ec3m thi) hay xu\u1ea5t hi\u1ec7n nh\u1ea5t, gi\u00fap ng\u01b0\u1eddi h\u1ecdc n\u1eafm b\u1eaft nhanh c\u00e1c c\u1ea5u tr\u00fac ng\u1eef ph\u00e1p v\u00e0 t\u1eeb v\u1ef1ng then ch\u1ed1t thay v\u00ec h\u1ecdc d\u00e0n tr\u1ea3i.<\/span><\/li>\n<li class=\"dF3vjf\" data-sfc-root=\"c\" data-sfc-cb=\"\" data-hveid=\"CAEIChAB\" data-complete=\"true\" data-sae=\"\"><span class=\"T286Pc\" data-sfc-cp=\"\" data-sfc-root=\"c\" data-sfc-cb=\"\" data-complete=\"true\"><strong class=\"Yjhzub\" data-sfc-root=\"c\" data-sfc-cb=\"\" data-complete=\"true\">Luy\u1ec7n t\u1eadp k\u1ef9 n\u0103ng c\u00e2n b\u1eb1ng:<\/strong>\u00a0Thi\u1ebft k\u1ebf b\u00e0i t\u1eadp gi\u00fap th\u00ed sinh \u0111\u1ea1t \u0111\u01b0\u1ee3c s\u1ef1 ti\u1ebfn b\u1ed9 \u0111\u1ed3ng \u0111\u1ec1u \u1edf c\u1ea3 k\u1ef9 n\u0103ng nghe, \u0111\u1ecdc v\u00e0 vi\u1ebft, t\u1eeb \u0111\u00f3 b\u1ee9t ph\u00e1 \u0111i\u1ec3m s\u1ed1 cao.<\/span><\/li>\n<li class=\"dF3vjf\" data-sfc-root=\"c\" data-sfc-cb=\"\" data-hveid=\"CAEIChAC\" data-complete=\"true\" data-sae=\"\"><span class=\"T286Pc\" data-sfc-cp=\"\" data-sfc-root=\"c\" data-sfc-cb=\"\" data-complete=\"true\"><strong class=\"Yjhzub\" data-sfc-root=\"c\" data-sfc-cb=\"\" data-complete=\"true\">T\u00ednh h\u1ec7 th\u1ed1ng cao:<\/strong>\u00a0C\u00e1c c\u1ea5p \u0111\u1ed9 S\u01a1 &#8211; Trung \u0111\u01b0\u1ee3c chia th\u00e0nh c\u00e1c t\u1eadp (1, 2, 3, 4) gi\u00fap ng\u01b0\u1eddi h\u1ecdc c\u00f3 l\u1ed9 tr\u00ecnh \u00f4n luy\u1ec7n t\u1eeb d\u1ec5 \u0111\u1ebfn kh\u00f3 m\u1ed9t c\u00e1ch khoa h\u1ecdc.<\/span><\/li>\n<\/ul>\n","protected":false},"excerpt":{"rendered":"<p>Ph\u00e2n t\u00edch \u0111i\u1ec3m thi tr\u1ecdng t\u00e2m:\u00a0S\u00e1ch t\u1eadp trung v\u00e0o c\u00e1c &#8220;kh\u1ea3o \u0111i\u1ec3m&#8221; (\u0111i\u1ec3m thi) hay xu\u1ea5t hi\u1ec7n nh\u1ea5t, gi\u00fap ng\u01b0\u1eddi [&hellip;]<\/p>\n","protected":false},"featured_media":534,"comment_status":"open","ping_status":"closed","template":"","meta":{"site-sidebar-layout":"default","site-content-layout":"","ast-site-content-layout":"default","site-content-style":"default","site-sidebar-style":"default","ast-global-header-display":"","ast-banner-title-visibility":"","ast-main-header-display":"","ast-hfb-above-header-display":"","ast-hfb-below-header-display":"","ast-hfb-mobile-header-display":"","site-post-title":"","ast-breadcrumbs-content":"","ast-featured-img":"","footer-sml-layout":"","ast-disable-related-posts":"","theme-transparent-header-meta":"","adv-header-id-meta":"","stick-header-meta":"","header-above-stick-meta":"","header-main-stick-meta":"","header-below-stick-meta":"","astra-migrate-meta-layouts":"default","ast-page-background-enabled":"default","ast-page-background-meta":{"desktop":{"background-color":"var(--ast-global-color-5)","background-image":"","background-repeat":"repeat","background-position":"center center","background-size":"auto","background-attachment":"scroll","background-type":"","background-media":"","overlay-type":"","overlay-color":"","overlay-opacity":"","overlay-gradient":""},"tablet":{"background-color":"","background-image":"","background-repeat":"repeat","background-position":"center center","background-size":"auto","background-attachment":"scroll","background-type":"","background-media":"","overlay-type":"","overlay-color":"","overlay-opacity":"","overlay-gradient":""},"mobile":{"background-color":"","background-image":"","background-repeat":"repeat","background-position":"center center","background-size":"auto","background-attachment":"scroll","background-type":"","background-media":"","overlay-type":"","overlay-color":"","overlay-opacity":"","overlay-gradient":""}},"ast-content-background-meta":{"desktop":{"background-color":"var(--ast-global-color-4)","background-image":"","background-repeat":"repeat","background-position":"center center","background-size":"auto","background-attachment":"scroll","background-type":"","background-media":"","overlay-type":"","overlay-color":"","overlay-opacity":"","overlay-gradient":""},"tablet":{"background-color":"var(--ast-global-color-4)","background-image":"","background-repeat":"repeat","background-position":"center center","background-size":"auto","background-attachment":"scroll","background-type":"","background-media":"","overlay-type":"","overlay-color":"","overlay-opacity":"","overlay-gradient":""},"mobile":{"background-color":"var(--ast-global-color-4)","background-image":"","background-repeat":"repeat","background-position":"center center","background-size":"auto","background-attachment":"scroll","background-type":"","background-media":"","overlay-type":"","overlay-color":"","overlay-opacity":"","overlay-gradient":""}}},"product_brand":[],"product_cat":[25],"product_tag":[],"class_list":{"0":"post-533","1":"product","2":"type-product","3":"status-publish","4":"has-post-thumbnail","6":"product_cat-sach-tieng-trung","7":"desktop-align-left","8":"tablet-align-left","9":"mobile-align-left","11":"first","12":"instock","13":"sale","14":"taxable","15":"shipping-taxable","16":"purchasable","17":"product-type-variable"},"_links":{"self":[{"href":"https:\/\/lulabookstore.com\/index.php\/wp-json\/wp\/v2\/product\/533","targetHints":{"allow":["GET"]}}],"collection":[{"href":"https:\/\/lulabookstore.com\/index.php\/wp-json\/wp\/v2\/product"}],"about":[{"href":"https:\/\/lulabookstore.com\/index.php\/wp-json\/wp\/v2\/types\/product"}],"replies":[{"embeddable":true,"href":"https:\/\/lulabookstore.com\/index.php\/wp-json\/wp\/v2\/comments?post=533"}],"wp:featuredmedia":[{"embeddable":true,"href":"https:\/\/lulabookstore.com\/index.php\/wp-json\/wp\/v2\/media\/534"}],"wp:attachment":[{"href":"https:\/\/lulabookstore.com\/index.php\/wp-json\/wp\/v2\/media?parent=533"}],"wp:term":[{"taxonomy":"product_brand","embeddable":true,"href":"https:\/\/lulabookstore.com\/index.php\/wp-json\/wp\/v2\/product_brand?post=533"},{"taxonomy":"product_cat","embeddable":true,"href":"https:\/\/lulabookstore.com\/index.php\/wp-json\/wp\/v2\/product_cat?post=533"},{"taxonomy":"product_tag","embeddable":true,"href":"https:\/\/lulabookstore.com\/index.php\/wp-json\/wp\/v2\/product_tag?post=533"}],"curies":[{"name":"wp","href":"https:\/\/api.w.org\/{rel}","templated":true}]}}