{"id":526,"date":"2026-03-23T03:12:11","date_gmt":"2026-03-23T03:12:11","guid":{"rendered":"https:\/\/lulabookstore.com\/?post_type=product&#038;p=526"},"modified":"2026-03-23T03:12:12","modified_gmt":"2026-03-23T03:12:12","slug":"sach-ets-toeic-2023-kem-file-nghe","status":"publish","type":"product","link":"https:\/\/lulabookstore.com\/index.php\/san-pham\/sach-ets-toeic-2023-kem-file-nghe\/","title":{"rendered":"S\u00e1ch ETS TOEIC 2023 K\u00e8m File Nghe"},"content":{"rendered":"<div class=\"Y3BBE\" data-sfc-cp=\"\" data-sfc-root=\"c\" data-sfc-cb=\"\" data-hveid=\"CAEIBxAA\" data-complete=\"true\" data-processed=\"true\">B\u1ed9 n\u00e0y g\u1ed3m 2 cu\u1ed1n chuy\u00ean bi\u1ec7t \u0111\u1ec3 luy\u1ec7n 10 \u0111\u1ec1 thi ho\u00e0n ch\u1ec9nh (m\u1ed7i cu\u1ed1n 1000 c\u00e2u):<button class=\"rBl3me\" tabindex=\"0\" data-amic=\"true\" data-icl-uuid=\"7806930b-dbdb-42ed-9252-be24cb02ade0\" aria-label=\"Xem c\u00e1c \u0111\u01b0\u1eddng li\u00ean k\u1ebft c\u00f3 li\u00ean quan\" data-wiz-attrbind=\"disabled=JXlNxe_1f\/C5gNJc;aria-label=JXlNxe_1f\/bOjMyf;class=JXlNxe_1f\/UpSNec\" data-ved=\"2ahUKEwiYq9m_hLWTAxXaZfUHHRi2AC0Qye0OegYIAQgHEAE\" data-hveid=\"CAEIBxAB\"><\/button><\/div>\n<ul class=\"KsbFXc U6u95\" data-sfc-root=\"c\" data-sfc-cb=\"\" data-complete=\"true\" data-processed=\"true\">\n<li class=\"dF3vjf\" data-sfc-root=\"c\" data-sfc-cb=\"\" data-hveid=\"CAEICBAA\" data-complete=\"true\" data-sae=\"\"><span class=\"T286Pc\" data-sfc-cp=\"\" data-sfc-root=\"c\" data-sfc-cb=\"\" data-complete=\"true\"><strong class=\"Yjhzub\" data-sfc-root=\"c\" data-sfc-cb=\"\" data-complete=\"true\">LC (Cu\u1ed1n m\u00e0u \u0111\u1ecf):<\/strong>\u00a0T\u1eadp trung v\u00e0o k\u1ef9 n\u0103ng Nghe. Gi\u1ecdng \u0111\u1ecdc, t\u1ed1c \u0111\u1ed9 v\u00e0 c\u00e1c ng\u1eef \u0111i\u1ec7u (Anh-M\u1ef9, Anh-Anh, Anh-\u00dac, Anh-Canada) ho\u00e0n to\u00e0n tr\u00f9ng kh\u1edbp v\u1edbi b\u00e0i thi th\u1ef1c t\u1ebf.<\/span><\/li>\n<li class=\"dF3vjf\" data-sfc-root=\"c\" data-sfc-cb=\"\" data-hveid=\"CAEICBAB\" data-complete=\"true\" data-sae=\"\"><span class=\"T286Pc\" data-sfc-cp=\"\" data-sfc-root=\"c\" data-sfc-cb=\"\" data-complete=\"true\"><strong class=\"Yjhzub\" data-sfc-root=\"c\" data-sfc-cb=\"\" data-complete=\"true\">RC (Cu\u1ed1n m\u00e0u xanh):<\/strong>\u00a0T\u1eadp trung v\u00e0o k\u1ef9 n\u0103ng \u0110\u1ecdc. Bao qu\u00e1t \u0111\u1ea7y \u0111\u1ee7 c\u00e1c ph\u1ea7n t\u1eeb ng\u1eef ph\u00e1p c\u0103n b\u1ea3n \u0111\u1ebfn c\u00e1c \u0111o\u1ea1n v\u0103n ph\u1ee9c t\u1ea1p trong Part 7.<\/span><button class=\"rBl3me\" tabindex=\"0\" data-amic=\"true\" data-icl-uuid=\"04e1ba6a-77b2-4dbb-824d-c9c14b023841\" aria-label=\"Xem c\u00e1c \u0111\u01b0\u1eddng li\u00ean k\u1ebft c\u00f3 li\u00ean quan\" data-wiz-attrbind=\"disabled=JXlNxe_1p\/C5gNJc;aria-label=JXlNxe_1p\/bOjMyf;class=JXlNxe_1p\/UpSNec\" data-ved=\"2ahUKEwiYq9m_hLWTAxXaZfUHHRi2AC0Qye0OegYIAQgIEAI\" data-hveid=\"CAEICBAC\"><\/button><\/li>\n<\/ul>\n<div class=\"Fsg96\" data-sfc-cp=\"\" data-sfc-root=\"c\" data-sfc-cb=\"\" data-complete=\"true\" data-processed=\"true\">\n<ul class=\"KsbFXc U6u95\" data-sfc-root=\"c\" data-sfc-cb=\"\" data-complete=\"true\">\n<li class=\"dF3vjf\" data-sfc-root=\"c\" data-sfc-cb=\"\" data-hveid=\"CAEIChAB\" data-complete=\"true\" data-sae=\"\"><span class=\"T286Pc\" data-sfc-cp=\"\" data-sfc-root=\"c\" data-sfc-cb=\"\" data-complete=\"true\"><strong class=\"Yjhzub\" data-sfc-root=\"c\" data-sfc-cb=\"\" data-complete=\"true\">M\u1ee9c \u0111\u1ed9 kh\u00f3 v\u1eeba ph\u1ea3i:<\/strong>\u00a0B\u1ed9 Vol. 1 n\u00e0y \u0111\u01b0\u1ee3c \u0111\u00e1nh gi\u00e1 l\u00e0 nh\u1eb9 nh\u00e0ng h\u01a1n c\u00e1c b\u1ed9 Vol. 2, 3, 4 hay 5 sau n\u00e0y. N\u00f3 c\u1ef1c k\u1ef3 ph\u00f9 h\u1ee3p cho nh\u1eefng b\u1ea1n m\u1edbi b\u1eaft \u0111\u1ea7u luy\u1ec7n \u0111\u1ec1 ho\u1eb7c m\u1ee5c ti\u00eau \u1edf m\u1ee9c\u00a0<strong class=\"Yjhzub\" data-sfc-root=\"c\" data-sfc-cb=\"\" data-complete=\"true\">450 &#8211; 650 \u0111i\u1ec3m<\/strong>.<\/span><\/li>\n<li class=\"dF3vjf\" data-sfc-root=\"c\" data-sfc-cb=\"\" data-hveid=\"CAEIChAC\" data-complete=\"true\" data-sae=\"\"><span class=\"T286Pc\" data-sfc-cp=\"\" data-sfc-root=\"c\" data-sfc-cb=\"\" data-complete=\"true\"><strong class=\"Yjhzub\" data-sfc-root=\"c\" data-sfc-cb=\"\" data-complete=\"true\">L\u00e0m quen format:<\/strong>\u00a0Gi\u00fap b\u1ea1n l\u00e0m quen v\u1edbi \u00e1p l\u1ef1c th\u1eddi gian (120 ph\u00fat\/\u0111\u1ec1) v\u00e0 c\u00e1ch ph\u00e2n b\u1ed5 s\u1ee9c l\u1ef1c cho t\u1eebng ph\u1ea7n.<\/span><\/li>\n<li class=\"dF3vjf\" data-sfc-root=\"c\" data-sfc-cb=\"\" data-hveid=\"CAEIChAD\" data-complete=\"true\" data-sae=\"\"><span class=\"T286Pc\" data-sfc-cp=\"\" data-sfc-root=\"c\" data-sfc-cb=\"\" data-complete=\"true\"><strong class=\"Yjhzub\" data-sfc-root=\"c\" data-sfc-cb=\"\" data-complete=\"true\">Gi\u1ecdng \u0111\u1ecdc chu\u1ea9n:<\/strong>\u00a0Audio c\u1ee7a b\u1ed9 n\u00e0y r\u1ea5t r\u00f5 r\u00e0ng, gi\u00fap ng\u01b0\u1eddi h\u1ecdc d\u1ec5 d\u00e0ng b\u1eaft nh\u1ecbp v\u1edbi c\u00e1ch ph\u00e1t \u00e2m c\u1ee7a b\u00e0i thi th\u1eadt.<\/span><\/li>\n<\/ul>\n<\/div>\n","protected":false},"excerpt":{"rendered":"<p>B\u1ed9 n\u00e0y g\u1ed3m 2 cu\u1ed1n chuy\u00ean bi\u1ec7t \u0111\u1ec3 luy\u1ec7n 10 \u0111\u1ec1 thi ho\u00e0n ch\u1ec9nh (m\u1ed7i cu\u1ed1n 1000 c\u00e2u): LC (Cu\u1ed1n [&hellip;]<\/p>\n","protected":false},"featured_media":527,"comment_status":"open","ping_status":"closed","template":"","meta":{"site-sidebar-layout":"default","site-content-layout":"","ast-site-content-layout":"default","site-content-style":"default","site-sidebar-style":"default","ast-global-header-display":"","ast-banner-title-visibility":"","ast-main-header-display":"","ast-hfb-above-header-display":"","ast-hfb-below-header-display":"","ast-hfb-mobile-header-display":"","site-post-title":"","ast-breadcrumbs-content":"","ast-featured-img":"","footer-sml-layout":"","ast-disable-related-posts":"","theme-transparent-header-meta":"","adv-header-id-meta":"","stick-header-meta":"","header-above-stick-meta":"","header-main-stick-meta":"","header-below-stick-meta":"","astra-migrate-meta-layouts":"default","ast-page-background-enabled":"default","ast-page-background-meta":{"desktop":{"background-color":"var(--ast-global-color-5)","background-image":"","background-repeat":"repeat","background-position":"center center","background-size":"auto","background-attachment":"scroll","background-type":"","background-media":"","overlay-type":"","overlay-color":"","overlay-opacity":"","overlay-gradient":""},"tablet":{"background-color":"","background-image":"","background-repeat":"repeat","background-position":"center center","background-size":"auto","background-attachment":"scroll","background-type":"","background-media":"","overlay-type":"","overlay-color":"","overlay-opacity":"","overlay-gradient":""},"mobile":{"background-color":"","background-image":"","background-repeat":"repeat","background-position":"center center","background-size":"auto","background-attachment":"scroll","background-type":"","background-media":"","overlay-type":"","overlay-color":"","overlay-opacity":"","overlay-gradient":""}},"ast-content-background-meta":{"desktop":{"background-color":"var(--ast-global-color-4)","background-image":"","background-repeat":"repeat","background-position":"center center","background-size":"auto","background-attachment":"scroll","background-type":"","background-media":"","overlay-type":"","overlay-color":"","overlay-opacity":"","overlay-gradient":""},"tablet":{"background-color":"var(--ast-global-color-4)","background-image":"","background-repeat":"repeat","background-position":"center center","background-size":"auto","background-attachment":"scroll","background-type":"","background-media":"","overlay-type":"","overlay-color":"","overlay-opacity":"","overlay-gradient":""},"mobile":{"background-color":"var(--ast-global-color-4)","background-image":"","background-repeat":"repeat","background-position":"center center","background-size":"auto","background-attachment":"scroll","background-type":"","background-media":"","overlay-type":"","overlay-color":"","overlay-opacity":"","overlay-gradient":""}}},"product_brand":[],"product_cat":[23],"product_tag":[],"class_list":{"0":"post-526","1":"product","2":"type-product","3":"status-publish","4":"has-post-thumbnail","6":"product_cat-sach-toeic","7":"desktop-align-left","8":"tablet-align-left","9":"mobile-align-left","11":"first","12":"instock","13":"sale","14":"taxable","15":"shipping-taxable","16":"purchasable","17":"product-type-variable"},"_links":{"self":[{"href":"https:\/\/lulabookstore.com\/index.php\/wp-json\/wp\/v2\/product\/526","targetHints":{"allow":["GET"]}}],"collection":[{"href":"https:\/\/lulabookstore.com\/index.php\/wp-json\/wp\/v2\/product"}],"about":[{"href":"https:\/\/lulabookstore.com\/index.php\/wp-json\/wp\/v2\/types\/product"}],"replies":[{"embeddable":true,"href":"https:\/\/lulabookstore.com\/index.php\/wp-json\/wp\/v2\/comments?post=526"}],"wp:featuredmedia":[{"embeddable":true,"href":"https:\/\/lulabookstore.com\/index.php\/wp-json\/wp\/v2\/media\/527"}],"wp:attachment":[{"href":"https:\/\/lulabookstore.com\/index.php\/wp-json\/wp\/v2\/media?parent=526"}],"wp:term":[{"taxonomy":"product_brand","embeddable":true,"href":"https:\/\/lulabookstore.com\/index.php\/wp-json\/wp\/v2\/product_brand?post=526"},{"taxonomy":"product_cat","embeddable":true,"href":"https:\/\/lulabookstore.com\/index.php\/wp-json\/wp\/v2\/product_cat?post=526"},{"taxonomy":"product_tag","embeddable":true,"href":"https:\/\/lulabookstore.com\/index.php\/wp-json\/wp\/v2\/product_tag?post=526"}],"curies":[{"name":"wp","href":"https:\/\/api.w.org\/{rel}","templated":true}]}}