{"id":521,"date":"2026-03-23T03:00:29","date_gmt":"2026-03-23T03:00:29","guid":{"rendered":"https:\/\/lulabookstore.com\/?post_type=product&#038;p=521"},"modified":"2026-03-23T03:00:31","modified_gmt":"2026-03-23T03:00:31","slug":"sach-ets-toeic-2024-kem-file-nghe-2","status":"publish","type":"product","link":"https:\/\/lulabookstore.com\/index.php\/san-pham\/sach-ets-toeic-2024-kem-file-nghe-2\/","title":{"rendered":"S\u00e1ch ETS TOEIC 2024 K\u00e8m File Nghe"},"content":{"rendered":"<div class=\"Y3BBE\" data-sfc-cp=\"\" data-sfc-root=\"c\" data-sfc-cb=\"\" data-hveid=\"CAEIBRAA\" data-complete=\"true\" data-processed=\"true\">B\u1ed9 s\u00e1ch g\u1ed3m 2 cu\u1ed1n chuy\u00ean bi\u1ec7t \u0111\u1ec3 luy\u1ec7n 10 \u0111\u1ec1 thi ho\u00e0n ch\u1ec9nh (1000 c\u00e2u m\u1ed7i cu\u1ed1n):<button class=\"rBl3me\" tabindex=\"0\" data-amic=\"true\" data-icl-uuid=\"69b646c9-6569-429b-9340-aa4d8ad4563d\" aria-label=\"Xem c\u00e1c \u0111\u01b0\u1eddng li\u00ean k\u1ebft c\u00f3 li\u00ean quan\" data-wiz-attrbind=\"disabled=TDg4Sb_z\/C5gNJc;aria-label=TDg4Sb_z\/bOjMyf;class=TDg4Sb_z\/UpSNec\" data-ved=\"2ahUKEwiU3JmfgrWTAxW8r1YBHTjCDJoQye0OegYIAQgFEAE\" data-hveid=\"CAEIBRAB\"><\/button><\/div>\n<ul class=\"KsbFXc U6u95\" data-sfc-root=\"c\" data-sfc-cb=\"\" data-complete=\"true\" data-processed=\"true\">\n<li class=\"dF3vjf\" data-sfc-root=\"c\" data-sfc-cb=\"\" data-hveid=\"CAEIBhAA\" data-complete=\"true\" data-sae=\"\"><span class=\"T286Pc\" data-sfc-cp=\"\" data-sfc-root=\"c\" data-sfc-cb=\"\" data-complete=\"true\"><strong class=\"Yjhzub\" data-sfc-root=\"c\" data-sfc-cb=\"\" data-complete=\"true\">LC (Cu\u1ed1n m\u00e0u \u0111\u1ecf):<\/strong>\u00a0T\u1eadp trung v\u00e0o k\u1ef9 n\u0103ng Nghe. \u0110i\u1ec3m gi\u00e1 tr\u1ecb nh\u1ea5t l\u00e0 gi\u1ecdng \u0111\u1ecdc, t\u1ed1c \u0111\u1ed9 v\u00e0 c\u00e1c ng\u1eef \u0111i\u1ec7u (Anh, M\u1ef9, \u00dac, Canada) ho\u00e0n to\u00e0n gi\u1ed1ng h\u1ec7t \u0111\u1ec1 thi th\u1eadt t\u1ea1i Vi\u1ec7t Nam hi\u1ec7n nay [1, 2].<\/span><\/li>\n<li class=\"dF3vjf\" data-sfc-root=\"c\" data-sfc-cb=\"\" data-hveid=\"CAEIBhAB\" data-complete=\"true\" data-sae=\"\"><span class=\"T286Pc\" data-sfc-cp=\"\" data-sfc-root=\"c\" data-sfc-cb=\"\" data-complete=\"true\"><strong class=\"Yjhzub\" data-sfc-root=\"c\" data-sfc-cb=\"\" data-complete=\"true\">RC (Cu\u1ed1n m\u00e0u xanh):<\/strong>\u00a0T\u1eadp trung v\u00e0o k\u1ef9 n\u0103ng \u0110\u1ecdc. C\u00e1c ch\u1ee7 \u0111\u1ec1 trong Part 7 \u0111\u01b0\u1ee3c c\u1eadp nh\u1eadt r\u1ea5t s\u00e1t v\u1edbi xu h\u01b0\u1edbng ra \u0111\u1ec1 th\u1ef1c t\u1ebf c\u1ee7a n\u0103m 2024-2025<\/span><\/li>\n<li class=\"dF3vjf\" data-sfc-root=\"c\" data-sfc-cb=\"\" data-hveid=\"CAEICBAA\" data-complete=\"true\" data-sae=\"\"><span class=\"T286Pc\" data-sfc-cp=\"\" data-sfc-root=\"c\" data-sfc-cb=\"\" data-complete=\"true\"><strong class=\"Yjhzub\" data-sfc-root=\"c\" data-sfc-cb=\"\" data-complete=\"true\">\u0110\u1ed9 ch\u00ednh x\u00e1c 99%:<\/strong>\u00a0\u0110\u00e2y l\u00e0 b\u1ed9 \u0111\u1ec1 c\u00f3 \u0111\u1ed9 kh\u00f3 v\u00e0 c\u1ea5u tr\u00fac s\u00e1t nh\u1ea5t v\u1edbi \u0111\u1ec1 thi th\u1eadt. N\u1ebfu b\u1ea1n l\u00e0m b\u1ed9 n\u00e0y \u0111\u01b0\u1ee3c bao nhi\u00eau \u0111i\u1ec3m th\u00ec \u0111i thi th\u1eadt k\u1ebft qu\u1ea3 th\u01b0\u1eddng s\u1ebd t\u01b0\u01a1ng \u0111\u01b0\u01a1ng [1].<\/span><\/li>\n<li class=\"dF3vjf\" data-sfc-root=\"c\" data-sfc-cb=\"\" data-hveid=\"CAEICBAB\" data-complete=\"true\" data-sae=\"\"><span class=\"T286Pc\" data-sfc-cp=\"\" data-sfc-root=\"c\" data-sfc-cb=\"\" data-complete=\"true\"><strong class=\"Yjhzub\" data-sfc-root=\"c\" data-sfc-cb=\"\" data-complete=\"true\">C\u1eadp nh\u1eadt Format m\u1edbi:<\/strong>\u00a0S\u00e1ch bao qu\u00e1t \u0111\u1ea7y \u0111\u1ee7 c\u00e1c d\u1ea1ng b\u00e0i &#8220;kh\u00f3 nh\u1eb1n&#8221; trong \u0111\u1ecbnh d\u1ea1ng m\u1edbi nh\u01b0 tin nh\u1eafn \u0111i\u1ec7n tho\u1ea1i, bi\u1ec3u \u0111\u1ed3, v\u00e0 c\u00e1c \u0111o\u1ea1n v\u0103n ph\u1ee9c t\u1ea1p [2].<\/span><\/li>\n<li class=\"dF3vjf\" data-sfc-root=\"c\" data-sfc-cb=\"\" data-hveid=\"CAEICBAC\" data-complete=\"true\" data-sae=\"\"><span class=\"T286Pc\" data-sfc-cp=\"\" data-sfc-root=\"c\" data-sfc-cb=\"\" data-complete=\"true\"><strong class=\"Yjhzub\" data-sfc-root=\"c\" data-sfc-cb=\"\" data-complete=\"true\">Ph\u00f9 h\u1ee3p m\u1ecdi m\u1ee5c ti\u00eau:<\/strong>\u00a0D\u00f9 b\u1ea1n \u0111ang h\u01b0\u1edbng t\u1edbi m\u1ee9c\u00a0<strong class=\"Yjhzub\" data-sfc-root=\"c\" data-sfc-cb=\"\" data-complete=\"true\">500+<\/strong>\u00a0hay\u00a0<strong class=\"Yjhzub\" data-sfc-root=\"c\" data-sfc-cb=\"\" data-complete=\"true\">900+<\/strong>, \u0111\u00e2y v\u1eabn l\u00e0 b\u1ed9 \u0111\u1ec1 c\u1ed1t l\u00f5i kh\u00f4ng th\u1ec3 b\u1ecf qua\u00a0<\/span><\/li>\n<\/ul>\n","protected":false},"excerpt":{"rendered":"<p>B\u1ed9 s\u00e1ch g\u1ed3m 2 cu\u1ed1n chuy\u00ean bi\u1ec7t \u0111\u1ec3 luy\u1ec7n 10 \u0111\u1ec1 thi ho\u00e0n ch\u1ec9nh (1000 c\u00e2u m\u1ed7i cu\u1ed1n): LC (Cu\u1ed1n [&hellip;]<\/p>\n","protected":false},"featured_media":522,"comment_status":"open","ping_status":"closed","template":"","meta":{"site-sidebar-layout":"default","site-content-layout":"","ast-site-content-layout":"default","site-content-style":"default","site-sidebar-style":"default","ast-global-header-display":"","ast-banner-title-visibility":"","ast-main-header-display":"","ast-hfb-above-header-display":"","ast-hfb-below-header-display":"","ast-hfb-mobile-header-display":"","site-post-title":"","ast-breadcrumbs-content":"","ast-featured-img":"","footer-sml-layout":"","ast-disable-related-posts":"","theme-transparent-header-meta":"","adv-header-id-meta":"","stick-header-meta":"","header-above-stick-meta":"","header-main-stick-meta":"","header-below-stick-meta":"","astra-migrate-meta-layouts":"default","ast-page-background-enabled":"default","ast-page-background-meta":{"desktop":{"background-color":"var(--ast-global-color-5)","background-image":"","background-repeat":"repeat","background-position":"center center","background-size":"auto","background-attachment":"scroll","background-type":"","background-media":"","overlay-type":"","overlay-color":"","overlay-opacity":"","overlay-gradient":""},"tablet":{"background-color":"","background-image":"","background-repeat":"repeat","background-position":"center center","background-size":"auto","background-attachment":"scroll","background-type":"","background-media":"","overlay-type":"","overlay-color":"","overlay-opacity":"","overlay-gradient":""},"mobile":{"background-color":"","background-image":"","background-repeat":"repeat","background-position":"center center","background-size":"auto","background-attachment":"scroll","background-type":"","background-media":"","overlay-type":"","overlay-color":"","overlay-opacity":"","overlay-gradient":""}},"ast-content-background-meta":{"desktop":{"background-color":"var(--ast-global-color-4)","background-image":"","background-repeat":"repeat","background-position":"center center","background-size":"auto","background-attachment":"scroll","background-type":"","background-media":"","overlay-type":"","overlay-color":"","overlay-opacity":"","overlay-gradient":""},"tablet":{"background-color":"var(--ast-global-color-4)","background-image":"","background-repeat":"repeat","background-position":"center center","background-size":"auto","background-attachment":"scroll","background-type":"","background-media":"","overlay-type":"","overlay-color":"","overlay-opacity":"","overlay-gradient":""},"mobile":{"background-color":"var(--ast-global-color-4)","background-image":"","background-repeat":"repeat","background-position":"center center","background-size":"auto","background-attachment":"scroll","background-type":"","background-media":"","overlay-type":"","overlay-color":"","overlay-opacity":"","overlay-gradient":""}}},"product_brand":[],"product_cat":[23],"product_tag":[],"class_list":{"0":"post-521","1":"product","2":"type-product","3":"status-publish","4":"has-post-thumbnail","6":"product_cat-sach-toeic","7":"desktop-align-left","8":"tablet-align-left","9":"mobile-align-left","11":"first","12":"instock","13":"sale","14":"taxable","15":"shipping-taxable","16":"purchasable","17":"product-type-variable"},"_links":{"self":[{"href":"https:\/\/lulabookstore.com\/index.php\/wp-json\/wp\/v2\/product\/521","targetHints":{"allow":["GET"]}}],"collection":[{"href":"https:\/\/lulabookstore.com\/index.php\/wp-json\/wp\/v2\/product"}],"about":[{"href":"https:\/\/lulabookstore.com\/index.php\/wp-json\/wp\/v2\/types\/product"}],"replies":[{"embeddable":true,"href":"https:\/\/lulabookstore.com\/index.php\/wp-json\/wp\/v2\/comments?post=521"}],"wp:featuredmedia":[{"embeddable":true,"href":"https:\/\/lulabookstore.com\/index.php\/wp-json\/wp\/v2\/media\/522"}],"wp:attachment":[{"href":"https:\/\/lulabookstore.com\/index.php\/wp-json\/wp\/v2\/media?parent=521"}],"wp:term":[{"taxonomy":"product_brand","embeddable":true,"href":"https:\/\/lulabookstore.com\/index.php\/wp-json\/wp\/v2\/product_brand?post=521"},{"taxonomy":"product_cat","embeddable":true,"href":"https:\/\/lulabookstore.com\/index.php\/wp-json\/wp\/v2\/product_cat?post=521"},{"taxonomy":"product_tag","embeddable":true,"href":"https:\/\/lulabookstore.com\/index.php\/wp-json\/wp\/v2\/product_tag?post=521"}],"curies":[{"name":"wp","href":"https:\/\/api.w.org\/{rel}","templated":true}]}}