{"id":516,"date":"2026-03-23T02:51:33","date_gmt":"2026-03-23T02:51:33","guid":{"rendered":"https:\/\/lulabookstore.com\/?post_type=product&#038;p=516"},"modified":"2026-03-23T02:53:07","modified_gmt":"2026-03-23T02:53:07","slug":"sach-ets-toeic-2024-kem-file-nghe","status":"publish","type":"product","link":"https:\/\/lulabookstore.com\/index.php\/san-pham\/sach-ets-toeic-2024-kem-file-nghe\/","title":{"rendered":"S\u00e1ch ETS TOEIC 2026 K\u00e8m File Nghe"},"content":{"rendered":"<div class=\"Y3BBE\" data-sfc-cp=\"\" data-sfc-root=\"c\" data-sfc-cb=\"\" data-hveid=\"CAEIBhAA\" data-complete=\"true\" data-processed=\"true\">B\u1ed9 \u0111\u1ec1 n\u00e0y bao g\u1ed3m 2 cu\u1ed1n chuy\u00ean bi\u1ec7t:<button class=\"rBl3me\" tabindex=\"0\" data-amic=\"true\" data-icl-uuid=\"b7afc914-7533-4dc1-a589-4f3368c0a915\" aria-label=\"Xem c\u00e1c \u0111\u01b0\u1eddng li\u00ean k\u1ebft c\u00f3 li\u00ean quan\" data-wiz-attrbind=\"disabled=ZzzD9e_13\/C5gNJc;aria-label=ZzzD9e_13\/bOjMyf;class=ZzzD9e_13\/UpSNec\" data-ved=\"2ahUKEwjS2-C0gLWTAxWkrlYBHfPOCkEQye0OegYIAQgGEAE\" data-hveid=\"CAEIBhAB\"><\/button><\/div>\n<ul class=\"KsbFXc U6u95\" data-sfc-root=\"c\" data-sfc-cb=\"\" data-complete=\"true\" data-processed=\"true\">\n<li class=\"dF3vjf\" data-sfc-root=\"c\" data-sfc-cb=\"\" data-hveid=\"CAEIBxAA\" data-complete=\"true\" data-sae=\"\"><span class=\"T286Pc\" data-sfc-cp=\"\" data-sfc-root=\"c\" data-sfc-cb=\"\" data-complete=\"true\"><strong class=\"Yjhzub\" data-sfc-root=\"c\" data-sfc-cb=\"\" data-complete=\"true\">ETS TOEIC Regular Test Practice 1000 Vol. 5 LC (m\u00e0u h\u1ed3ng):<\/strong>\u00a0G\u1ed3m 10 \u0111\u1ec1 thi th\u1eed ph\u1ea7n nghe (1000 c\u00e2u). Cu\u1ed1n n\u00e0y th\u01b0\u1eddng \u0111i k\u00e8m ph\u1ea7n transcript (l\u1eddi tho\u1ea1i) chi ti\u1ebft \u0111\u1ec3 b\u1ea1n \u0111\u1ed1i so\u00e1t.<\/span><\/li>\n<li class=\"dF3vjf\" data-sfc-root=\"c\" data-sfc-cb=\"\" data-hveid=\"CAEIBxAB\" data-complete=\"true\" data-sae=\"\"><span class=\"T286Pc\" data-sfc-cp=\"\" data-sfc-root=\"c\" data-sfc-cb=\"\" data-complete=\"true\"><strong class=\"Yjhzub\" data-sfc-root=\"c\" data-sfc-cb=\"\" data-complete=\"true\">ETS TOEIC Regular Test Practice 1000 Vol. 5 RC (m\u00e0u xanh):<\/strong>\u00a0G\u1ed3m 10 \u0111\u1ec1 thi th\u1eed ph\u1ea7n \u0111\u1ecdc (1000 c\u00e2u), b\u00e1m s\u00e1t \u0111\u00fang format v\u00e0 c\u00e1c d\u1ea1ng b\u00e0i m\u1edbi nh\u1ea5t c\u1ee7a k\u1ef3 thi.<\/span><\/li>\n<li class=\"dF3vjf\" data-sfc-root=\"c\" data-sfc-cb=\"\" data-hveid=\"CAEICRAA\" data-complete=\"true\" data-sae=\"\"><span class=\"T286Pc\" data-sfc-cp=\"\" data-sfc-root=\"c\" data-sfc-cb=\"\" data-complete=\"true\"><strong class=\"Yjhzub\" data-sfc-root=\"c\" data-sfc-cb=\"\" data-complete=\"true\">\u0110\u1ed9 tin c\u1eady tuy\u1ec7t \u0111\u1ed1i:<\/strong>\u00a0V\u00ec l\u00e0 &#8220;con \u0111\u1ebb&#8221; c\u1ee7a ETS, c\u00e1c gi\u1ecdng \u0111\u1ecdc, t\u1ed1c \u0111\u1ed9 audio v\u00e0 \u0111\u1ed9 kh\u00f3 c\u1ee7a t\u1eeb v\u1ef1ng, ng\u1eef ph\u00e1p trong b\u1ed9 Vol. 5 n\u00e0y ph\u1ea3n \u00e1nh ch\u00ednh x\u00e1c xu h\u01b0\u1edbng ra \u0111\u1ec1 c\u1ee7a n\u0103m 2026.<\/span><\/li>\n<li class=\"dF3vjf\" data-sfc-root=\"c\" data-sfc-cb=\"\" data-hveid=\"CAEICRAB\" data-complete=\"true\" data-sae=\"\"><span class=\"T286Pc\" data-sfc-cp=\"\" data-sfc-root=\"c\" data-sfc-cb=\"\" data-complete=\"true\"><strong class=\"Yjhzub\" data-sfc-root=\"c\" data-sfc-cb=\"\" data-complete=\"true\">C\u1eadp nh\u1eadt m\u1edbi:<\/strong>\u00a0N\u1ed9i dung \u0111\u01b0\u1ee3c l\u00e0m m\u1edbi ho\u00e0n to\u00e0n so v\u1edbi c\u00e1c phi\u00ean b\u1ea3n 2024 hay 2025 tr\u01b0\u1edbc \u0111\u00f3, b\u1ed5 sung th\u00eam c\u00e1c ch\u1ee7 \u0111\u1ec1 th\u1ef1c t\u1ebf th\u01b0\u1eddng g\u1eb7p trong m\u00f4i tr\u01b0\u1eddng l\u00e0m vi\u1ec7c hi\u1ec7n \u0111\u1ea1i.<\/span><\/li>\n<li class=\"dF3vjf\" data-sfc-root=\"c\" data-sfc-cb=\"\" data-hveid=\"CAEICRAC\" data-complete=\"true\" data-sae=\"\"><span class=\"T286Pc\" data-sfc-cp=\"\" data-sfc-root=\"c\" data-sfc-cb=\"\" data-complete=\"true\"><strong class=\"Yjhzub\" data-sfc-root=\"c\" data-sfc-cb=\"\" data-complete=\"true\">Ph\u00f9 h\u1ee3p luy\u1ec7n \u0111\u1ec1 n\u01b0\u1edbc r\u00fat:<\/strong>\u00a0B\u1ed9 s\u00e1ch c\u1ef1c k\u1ef3 h\u1eefu \u00edch cho nh\u1eefng b\u1ea1n \u0111\u00e3 c\u00f3 n\u1ec1n t\u1ea3ng (aim 500+) v\u00e0 \u0111ang chu\u1ea9n b\u1ecb \u0111i thi trong kho\u1ea3ng 1-2 th\u00e1ng t\u1edbi \u0111\u1ec3 l\u00e0m quen v\u1edbi \u00e1p l\u1ef1c ph\u00f2ng thi<\/span><\/li>\n<\/ul>\n","protected":false},"excerpt":{"rendered":"<p>B\u1ed9 \u0111\u1ec1 n\u00e0y bao g\u1ed3m 2 cu\u1ed1n chuy\u00ean bi\u1ec7t: ETS TOEIC Regular Test Practice 1000 Vol. 5 LC (m\u00e0u h\u1ed3ng):\u00a0G\u1ed3m [&hellip;]<\/p>\n","protected":false},"featured_media":517,"comment_status":"open","ping_status":"closed","template":"","meta":{"site-sidebar-layout":"default","site-content-layout":"","ast-site-content-layout":"default","site-content-style":"default","site-sidebar-style":"default","ast-global-header-display":"","ast-banner-title-visibility":"","ast-main-header-display":"","ast-hfb-above-header-display":"","ast-hfb-below-header-display":"","ast-hfb-mobile-header-display":"","site-post-title":"","ast-breadcrumbs-content":"","ast-featured-img":"","footer-sml-layout":"","ast-disable-related-posts":"","theme-transparent-header-meta":"","adv-header-id-meta":"","stick-header-meta":"","header-above-stick-meta":"","header-main-stick-meta":"","header-below-stick-meta":"","astra-migrate-meta-layouts":"default","ast-page-background-enabled":"default","ast-page-background-meta":{"desktop":{"background-color":"var(--ast-global-color-5)","background-image":"","background-repeat":"repeat","background-position":"center center","background-size":"auto","background-attachment":"scroll","background-type":"","background-media":"","overlay-type":"","overlay-color":"","overlay-opacity":"","overlay-gradient":""},"tablet":{"background-color":"","background-image":"","background-repeat":"repeat","background-position":"center center","background-size":"auto","background-attachment":"scroll","background-type":"","background-media":"","overlay-type":"","overlay-color":"","overlay-opacity":"","overlay-gradient":""},"mobile":{"background-color":"","background-image":"","background-repeat":"repeat","background-position":"center center","background-size":"auto","background-attachment":"scroll","background-type":"","background-media":"","overlay-type":"","overlay-color":"","overlay-opacity":"","overlay-gradient":""}},"ast-content-background-meta":{"desktop":{"background-color":"var(--ast-global-color-4)","background-image":"","background-repeat":"repeat","background-position":"center center","background-size":"auto","background-attachment":"scroll","background-type":"","background-media":"","overlay-type":"","overlay-color":"","overlay-opacity":"","overlay-gradient":""},"tablet":{"background-color":"var(--ast-global-color-4)","background-image":"","background-repeat":"repeat","background-position":"center center","background-size":"auto","background-attachment":"scroll","background-type":"","background-media":"","overlay-type":"","overlay-color":"","overlay-opacity":"","overlay-gradient":""},"mobile":{"background-color":"var(--ast-global-color-4)","background-image":"","background-repeat":"repeat","background-position":"center center","background-size":"auto","background-attachment":"scroll","background-type":"","background-media":"","overlay-type":"","overlay-color":"","overlay-opacity":"","overlay-gradient":""}}},"product_brand":[],"product_cat":[23],"product_tag":[],"class_list":{"0":"post-516","1":"product","2":"type-product","3":"status-publish","4":"has-post-thumbnail","6":"product_cat-sach-toeic","7":"desktop-align-left","8":"tablet-align-left","9":"mobile-align-left","11":"first","12":"instock","13":"sale","14":"taxable","15":"shipping-taxable","16":"purchasable","17":"product-type-variable"},"_links":{"self":[{"href":"https:\/\/lulabookstore.com\/index.php\/wp-json\/wp\/v2\/product\/516","targetHints":{"allow":["GET"]}}],"collection":[{"href":"https:\/\/lulabookstore.com\/index.php\/wp-json\/wp\/v2\/product"}],"about":[{"href":"https:\/\/lulabookstore.com\/index.php\/wp-json\/wp\/v2\/types\/product"}],"replies":[{"embeddable":true,"href":"https:\/\/lulabookstore.com\/index.php\/wp-json\/wp\/v2\/comments?post=516"}],"wp:featuredmedia":[{"embeddable":true,"href":"https:\/\/lulabookstore.com\/index.php\/wp-json\/wp\/v2\/media\/517"}],"wp:attachment":[{"href":"https:\/\/lulabookstore.com\/index.php\/wp-json\/wp\/v2\/media?parent=516"}],"wp:term":[{"taxonomy":"product_brand","embeddable":true,"href":"https:\/\/lulabookstore.com\/index.php\/wp-json\/wp\/v2\/product_brand?post=516"},{"taxonomy":"product_cat","embeddable":true,"href":"https:\/\/lulabookstore.com\/index.php\/wp-json\/wp\/v2\/product_cat?post=516"},{"taxonomy":"product_tag","embeddable":true,"href":"https:\/\/lulabookstore.com\/index.php\/wp-json\/wp\/v2\/product_tag?post=516"}],"curies":[{"name":"wp","href":"https:\/\/api.w.org\/{rel}","templated":true}]}}