{"id":509,"date":"2026-03-23T02:34:02","date_gmt":"2026-03-23T02:34:02","guid":{"rendered":"https:\/\/lulabookstore.com\/?post_type=product&#038;p=509"},"modified":"2026-03-23T02:34:03","modified_gmt":"2026-03-23T02:34:03","slug":"sach-cap-toc-thi-hsk-3-hsk-4-hsk-5-hsk-6-trong-30-ngay","status":"publish","type":"product","link":"https:\/\/lulabookstore.com\/index.php\/san-pham\/sach-cap-toc-thi-hsk-3-hsk-4-hsk-5-hsk-6-trong-30-ngay\/","title":{"rendered":"S\u00e1ch C\u1ea5p T\u1ed1c Thi HSK 3 HSK 4 HSK 5 HSK 6 Trong 30 Ng\u00e0y"},"content":{"rendered":"<div class=\"Y3BBE\" data-sfc-cp=\"\" data-sfc-root=\"c\" data-sfc-cb=\"\" data-hveid=\"CAEIBRAA\" data-complete=\"true\" data-processed=\"true\">B\u1ed9 s\u00e1ch bao g\u1ed3m c\u00e1c cu\u1ed1n t\u1eeb c\u1ea5p \u0111\u1ed9\u00a0<strong class=\"Yjhzub\" data-sfc-root=\"c\" data-sfc-cb=\"\" data-complete=\"true\" data-processed=\"true\">HSK 3 \u0111\u1ebfn HSK 6<\/strong>. M\u1ed7i cu\u1ed1n \u0111\u01b0\u1ee3c thi\u1ebft k\u1ebf theo l\u1ed9 tr\u00ecnh h\u1ecdc t\u1eadp trong \u0111\u00fang\u00a0<strong class=\"Yjhzub\" data-sfc-root=\"c\" data-sfc-cb=\"\" data-complete=\"true\" data-processed=\"true\">30 ng\u00e0y<\/strong>:<button class=\"rBl3me\" tabindex=\"0\" data-amic=\"true\" data-icl-uuid=\"59ed1330-8573-47ef-aab5-fce6691fb5a9\" aria-label=\"Xem c\u00e1c \u0111\u01b0\u1eddng li\u00ean k\u1ebft c\u00f3 li\u00ean quan\" data-wiz-attrbind=\"disabled=wpyaRd_10\/C5gNJc;aria-label=wpyaRd_10\/bOjMyf;class=wpyaRd_10\/UpSNec\" data-ved=\"2ahUKEwj3356w-7STAxVO4DQHHSNoPQcQye0OegYIAQgFEAE\" data-hveid=\"CAEIBRAB\"><\/button><\/div>\n<ul class=\"KsbFXc U6u95\" data-sfc-root=\"c\" data-sfc-cb=\"\" data-complete=\"true\" data-processed=\"true\">\n<li class=\"dF3vjf\" data-sfc-root=\"c\" data-sfc-cb=\"\" data-hveid=\"CAEIBhAA\" data-complete=\"true\" data-sae=\"\"><span class=\"T286Pc\" data-sfc-cp=\"\" data-sfc-root=\"c\" data-sfc-cb=\"\" data-complete=\"true\"><strong class=\"Yjhzub\" data-sfc-root=\"c\" data-sfc-cb=\"\" data-complete=\"true\">5 b\u1ed9 \u0111\u1ec1 thi m\u00f4 ph\u1ecfng:<\/strong>\u00a0C\u00e1c \u0111\u1ec1 \u0111\u01b0\u1ee3c bi\u00ean so\u1ea1n v\u1edbi \u0111\u1ed9 kh\u00f3 s\u00e1t th\u1ef1c t\u1ebf, gi\u00fap b\u1ea1n r\u00e8n luy\u1ec7n s\u1ee9c b\u1ec1n.<\/span><\/li>\n<li class=\"dF3vjf\" data-sfc-root=\"c\" data-sfc-cb=\"\" data-hveid=\"CAEIBhAB\" data-complete=\"true\" data-sae=\"\"><span class=\"T286Pc\" data-sfc-cp=\"\" data-sfc-root=\"c\" data-sfc-cb=\"\" data-complete=\"true\"><strong class=\"Yjhzub\" data-sfc-root=\"c\" data-sfc-cb=\"\" data-complete=\"true\">Ph\u00e2n t\u00edch tr\u1ecdng \u0111i\u1ec3m:<\/strong>\u00a0S\u00e1ch kh\u00f4ng ch\u1ec9 \u0111\u01b0a ra \u0111\u1ec1 m\u00e0 c\u00f2n l\u1ed3ng gh\u00e9p c\u00e1c ph\u1ea7n nh\u1eafc l\u1ea1i ki\u1ebfn th\u1ee9c, t\u1eeb v\u1ef1ng v\u00e0 ng\u1eef ph\u00e1p hay xu\u1ea5t hi\u1ec7n trong k\u1ef3 thi.<\/span><\/li>\n<li class=\"dF3vjf\" data-sfc-root=\"c\" data-sfc-cb=\"\" data-hveid=\"CAEIBhAC\" data-complete=\"true\" data-sae=\"\"><span class=\"T286Pc\" data-sfc-cp=\"\" data-sfc-root=\"c\" data-sfc-cb=\"\" data-complete=\"true\"><strong class=\"Yjhzub\" data-sfc-root=\"c\" data-sfc-cb=\"\" data-complete=\"true\">Chi\u1ebfn thu\u1eadt l\u00e0m b\u00e0i:<\/strong>\u00a0Cung c\u1ea5p m\u1eb9o x\u1eed l\u00fd c\u00e1c d\u1ea1ng b\u00e0i kh\u00f3 (nh\u01b0 ph\u1ea7n Nghe hi\u1ec3u hay Vi\u1ebft t\u00f3m t\u1eaft).<\/span><\/li>\n<li class=\"dF3vjf\" data-sfc-root=\"c\" data-sfc-cb=\"\" data-hveid=\"CAEICBAA\" data-complete=\"true\" data-sae=\"\"><span class=\"T286Pc\" data-sfc-cp=\"\" data-sfc-root=\"c\" data-sfc-cb=\"\" data-complete=\"true\"><strong class=\"Yjhzub\" data-sfc-root=\"c\" data-sfc-cb=\"\" data-complete=\"true\">L\u1ed9 tr\u00ecnh r\u00f5 r\u00e0ng:<\/strong>\u00a0S\u00e1ch chia nh\u1ecf kh\u1ed1i l\u01b0\u1ee3ng c\u00f4ng vi\u1ec7c cho t\u1eebng ng\u00e0y, gi\u00fap b\u1ea1n kh\u00f4ng b\u1ecb &#8220;ng\u1ee3p&#8221; v\u00e0 duy tr\u00ec \u0111\u01b0\u1ee3c k\u1ef7 lu\u1eadt \u00f4n t\u1eadp.<\/span><\/li>\n<li class=\"dF3vjf\" data-sfc-root=\"c\" data-sfc-cb=\"\" data-hveid=\"CAEICBAB\" data-complete=\"true\" data-sae=\"\"><span class=\"T286Pc\" data-sfc-cp=\"\" data-sfc-root=\"c\" data-sfc-cb=\"\" data-complete=\"true\"><strong class=\"Yjhzub\" data-sfc-root=\"c\" data-sfc-cb=\"\" data-complete=\"true\">\u0110\u1ed9 tin c\u1eady cao:<\/strong>\u00a0V\u00ec \u0111\u1ebfn t\u1eeb NXB \u0110\u1ea1i h\u1ecdc Ng\u00f4n ng\u1eef v\u00e0 V\u0103n h\u00f3a B\u1eafc Kinh (c\u00e1i n\u00f4i c\u1ee7a k\u1ef3 thi HSK), n\u1ed9i dung \u0111\u1ec1 thi c\u00f3 \u0111\u1ed9 chu\u1ea9n x\u00e1c v\u00e0 t\u00ednh d\u1ef1 b\u00e1o r\u1ea5t t\u1ed1t.<\/span><\/li>\n<\/ul>\n","protected":false},"excerpt":{"rendered":"<p>B\u1ed9 s\u00e1ch bao g\u1ed3m c\u00e1c cu\u1ed1n t\u1eeb c\u1ea5p \u0111\u1ed9\u00a0HSK 3 \u0111\u1ebfn HSK 6. M\u1ed7i cu\u1ed1n \u0111\u01b0\u1ee3c thi\u1ebft k\u1ebf theo l\u1ed9 [&hellip;]<\/p>\n","protected":false},"featured_media":510,"comment_status":"open","ping_status":"closed","template":"","meta":{"site-sidebar-layout":"default","site-content-layout":"","ast-site-content-layout":"default","site-content-style":"default","site-sidebar-style":"default","ast-global-header-display":"","ast-banner-title-visibility":"","ast-main-header-display":"","ast-hfb-above-header-display":"","ast-hfb-below-header-display":"","ast-hfb-mobile-header-display":"","site-post-title":"","ast-breadcrumbs-content":"","ast-featured-img":"","footer-sml-layout":"","ast-disable-related-posts":"","theme-transparent-header-meta":"","adv-header-id-meta":"","stick-header-meta":"","header-above-stick-meta":"","header-main-stick-meta":"","header-below-stick-meta":"","astra-migrate-meta-layouts":"default","ast-page-background-enabled":"default","ast-page-background-meta":{"desktop":{"background-color":"var(--ast-global-color-5)","background-image":"","background-repeat":"repeat","background-position":"center center","background-size":"auto","background-attachment":"scroll","background-type":"","background-media":"","overlay-type":"","overlay-color":"","overlay-opacity":"","overlay-gradient":""},"tablet":{"background-color":"","background-image":"","background-repeat":"repeat","background-position":"center center","background-size":"auto","background-attachment":"scroll","background-type":"","background-media":"","overlay-type":"","overlay-color":"","overlay-opacity":"","overlay-gradient":""},"mobile":{"background-color":"","background-image":"","background-repeat":"repeat","background-position":"center center","background-size":"auto","background-attachment":"scroll","background-type":"","background-media":"","overlay-type":"","overlay-color":"","overlay-opacity":"","overlay-gradient":""}},"ast-content-background-meta":{"desktop":{"background-color":"var(--ast-global-color-4)","background-image":"","background-repeat":"repeat","background-position":"center center","background-size":"auto","background-attachment":"scroll","background-type":"","background-media":"","overlay-type":"","overlay-color":"","overlay-opacity":"","overlay-gradient":""},"tablet":{"background-color":"var(--ast-global-color-4)","background-image":"","background-repeat":"repeat","background-position":"center center","background-size":"auto","background-attachment":"scroll","background-type":"","background-media":"","overlay-type":"","overlay-color":"","overlay-opacity":"","overlay-gradient":""},"mobile":{"background-color":"var(--ast-global-color-4)","background-image":"","background-repeat":"repeat","background-position":"center center","background-size":"auto","background-attachment":"scroll","background-type":"","background-media":"","overlay-type":"","overlay-color":"","overlay-opacity":"","overlay-gradient":""}}},"product_brand":[],"product_cat":[25],"product_tag":[],"class_list":{"0":"post-509","1":"product","2":"type-product","3":"status-publish","4":"has-post-thumbnail","6":"product_cat-sach-tieng-trung","7":"desktop-align-left","8":"tablet-align-left","9":"mobile-align-left","11":"first","12":"instock","13":"sale","14":"taxable","15":"shipping-taxable","16":"purchasable","17":"product-type-variable"},"_links":{"self":[{"href":"https:\/\/lulabookstore.com\/index.php\/wp-json\/wp\/v2\/product\/509","targetHints":{"allow":["GET"]}}],"collection":[{"href":"https:\/\/lulabookstore.com\/index.php\/wp-json\/wp\/v2\/product"}],"about":[{"href":"https:\/\/lulabookstore.com\/index.php\/wp-json\/wp\/v2\/types\/product"}],"replies":[{"embeddable":true,"href":"https:\/\/lulabookstore.com\/index.php\/wp-json\/wp\/v2\/comments?post=509"}],"wp:featuredmedia":[{"embeddable":true,"href":"https:\/\/lulabookstore.com\/index.php\/wp-json\/wp\/v2\/media\/510"}],"wp:attachment":[{"href":"https:\/\/lulabookstore.com\/index.php\/wp-json\/wp\/v2\/media?parent=509"}],"wp:term":[{"taxonomy":"product_brand","embeddable":true,"href":"https:\/\/lulabookstore.com\/index.php\/wp-json\/wp\/v2\/product_brand?post=509"},{"taxonomy":"product_cat","embeddable":true,"href":"https:\/\/lulabookstore.com\/index.php\/wp-json\/wp\/v2\/product_cat?post=509"},{"taxonomy":"product_tag","embeddable":true,"href":"https:\/\/lulabookstore.com\/index.php\/wp-json\/wp\/v2\/product_tag?post=509"}],"curies":[{"name":"wp","href":"https:\/\/api.w.org\/{rel}","templated":true}]}}