{"id":504,"date":"2026-03-23T02:11:59","date_gmt":"2026-03-23T02:11:59","guid":{"rendered":"https:\/\/lulabookstore.com\/?post_type=product&#038;p=504"},"modified":"2026-03-23T02:11:59","modified_gmt":"2026-03-23T02:11:59","slug":"sach-ets-toeic-2020-kem-file-nghe","status":"publish","type":"product","link":"https:\/\/lulabookstore.com\/index.php\/san-pham\/sach-ets-toeic-2020-kem-file-nghe\/","title":{"rendered":"S\u00e1ch ETS TOEIC 2020 K\u00e8m File Nghe"},"content":{"rendered":"<div class=\"Y3BBE\" data-sfc-cp=\"\" data-sfc-root=\"c\" data-sfc-cb=\"\" data-hveid=\"CAEICBAA\" data-complete=\"true\" data-processed=\"true\">B\u1ed9 s\u00e1ch g\u1ed3m 2 cu\u1ed1n chuy\u00ean bi\u1ec7t ph\u1ee5c v\u1ee5 cho vi\u1ec7c luy\u1ec7n \u0111\u1ec1 2 k\u1ef9 n\u0103ng:<button class=\"rBl3me\" tabindex=\"0\" data-amic=\"true\" data-icl-uuid=\"7b52a075-0a41-44cb-8f9d-baf442b55734\" aria-label=\"Xem c\u00e1c \u0111\u01b0\u1eddng li\u00ean k\u1ebft c\u00f3 li\u00ean quan\" data-wiz-attrbind=\"disabled=WENo8e_1m\/C5gNJc;aria-label=WENo8e_1m\/bOjMyf;class=WENo8e_1m\/UpSNec\" data-ved=\"2ahUKEwiP8czx97STAxUHb_UHHcwqAV4Qye0OegYIAQgIEAE\" data-hveid=\"CAEICBAB\"><\/button><\/div>\n<ul class=\"KsbFXc U6u95\" data-sfc-root=\"c\" data-sfc-cb=\"\" data-complete=\"true\" data-processed=\"true\">\n<li class=\"dF3vjf\" data-sfc-root=\"c\" data-sfc-cb=\"\" data-hveid=\"CAEICRAA\" data-complete=\"true\" data-sae=\"\"><span class=\"T286Pc\" data-sfc-cp=\"\" data-sfc-root=\"c\" data-sfc-cb=\"\" data-complete=\"true\"><strong class=\"Yjhzub\" data-sfc-root=\"c\" data-sfc-cb=\"\" data-complete=\"true\">1000 Listening (Cu\u1ed1n m\u00e0u \u0111\u1ecf):<\/strong>\u00a0G\u1ed3m 10 \u0111\u1ec1 thi nghe (t\u1ed5ng c\u1ed9ng 1000 c\u00e2u). Gi\u1ecdng \u0111\u1ecdc, t\u1ed1c \u0111\u1ed9 v\u00e0 ng\u1eef \u0111i\u1ec7u trong audio ho\u00e0n to\u00e0n tr\u00f9ng kh\u1edbp v\u1edbi b\u00e0i thi th\u1eadt.<\/span><\/li>\n<li class=\"dF3vjf\" data-sfc-root=\"c\" data-sfc-cb=\"\" data-hveid=\"CAEICRAB\" data-complete=\"true\" data-sae=\"\"><span class=\"T286Pc\" data-sfc-cp=\"\" data-sfc-root=\"c\" data-sfc-cb=\"\" data-complete=\"true\"><strong class=\"Yjhzub\" data-sfc-root=\"c\" data-sfc-cb=\"\" data-complete=\"true\">1000 Reading (Cu\u1ed1n m\u00e0u xanh):<\/strong>\u00a0G\u1ed3m 10 \u0111\u1ec1 thi \u0111\u1ecdc (t\u1ed5ng c\u1ed9ng 1000 c\u00e2u) \u0111\u01b0\u1ee3c chia \u0111\u00fang c\u1ea5u tr\u00fac Part 5, 6 v\u00e0 7 c\u1ee7a \u0111\u1ecbnh d\u1ea1ng m\u1edbi.<\/span><\/li>\n<li class=\"dF3vjf\" data-sfc-root=\"c\" data-sfc-cb=\"\" data-hveid=\"CAEICxAB\" data-complete=\"true\" data-sae=\"\"><span class=\"T286Pc\" data-sfc-cp=\"\" data-sfc-root=\"c\" data-sfc-cb=\"\" data-complete=\"true\"><strong class=\"Yjhzub\" data-sfc-root=\"c\" data-sfc-cb=\"\" data-complete=\"true\">Th\u1ef1c chi\u1ebfn cao:<\/strong>\u00a0L\u00e0 phi\u00ean b\u1ea3n n\u00e2ng c\u1ea5p so v\u1edbi Vol 1, \u0111\u1ed9 kh\u00f3 c\u1ee7a c\u00e1c \u0111\u1ec1 \u0111\u00e3 \u0111\u01b0\u1ee3c n\u00e2ng l\u00ean m\u1ed9t b\u1eadc, gi\u00fap ng\u01b0\u1eddi h\u1ecdc chu\u1ea9n b\u1ecb t\u1ed1t t\u00e2m l\u00fd cho k\u1ef3 thi th\u1eadt.<\/span><\/li>\n<li class=\"dF3vjf\" data-sfc-root=\"c\" data-sfc-cb=\"\" data-hveid=\"CAEICxAC\" data-complete=\"true\" data-sae=\"\"><span class=\"T286Pc\" data-sfc-cp=\"\" data-sfc-root=\"c\" data-sfc-cb=\"\" data-complete=\"true\"><strong class=\"Yjhzub\" data-sfc-root=\"c\" data-sfc-cb=\"\" data-complete=\"true\">Ph\u00f9 h\u1ee3p m\u1ee5c ti\u00eau \u0111i\u1ec3m cao:<\/strong>\u00a0R\u1ea5t l\u00fd t\u01b0\u1edfng cho nh\u1eefng b\u1ea1n \u0111ang h\u01b0\u1edbng t\u1edbi m\u1ee9c \u0111i\u1ec3m t\u1eeb\u00a0<strong class=\"Yjhzub\" data-sfc-root=\"c\" data-sfc-cb=\"\" data-complete=\"true\">600-700+<\/strong>.<\/span><\/li>\n<li class=\"dF3vjf\" data-sfc-root=\"c\" data-sfc-cb=\"\" data-hveid=\"CAEICxAD\" data-complete=\"true\" data-sae=\"\"><span class=\"T286Pc\" data-sfc-cp=\"\" data-sfc-root=\"c\" data-sfc-cb=\"\" data-complete=\"true\"><strong class=\"Yjhzub\" data-sfc-root=\"c\" data-sfc-cb=\"\" data-complete=\"true\">Gi\u1ecdng \u0111\u1ecdc chu\u1ea9n:<\/strong>\u00a0Gi\u1ecdng \u0111\u1ecdc \u0111a d\u1ea1ng qu\u1ed1c gia (Anh, M\u1ef9, \u00dac, Canada) gi\u00fap th\u00ed sinh kh\u00f4ng b\u1ecb b\u1ee1 ng\u1ee1 v\u1edbi c\u00e1c ki\u1ec3u ph\u00e1t \u00e2m kh\u00e1c nhau<\/span><\/li>\n<\/ul>\n","protected":false},"excerpt":{"rendered":"<p>B\u1ed9 s\u00e1ch g\u1ed3m 2 cu\u1ed1n chuy\u00ean bi\u1ec7t ph\u1ee5c v\u1ee5 cho vi\u1ec7c luy\u1ec7n \u0111\u1ec1 2 k\u1ef9 n\u0103ng: 1000 Listening (Cu\u1ed1n m\u00e0u [&hellip;]<\/p>\n","protected":false},"featured_media":505,"comment_status":"open","ping_status":"closed","template":"","meta":{"site-sidebar-layout":"default","site-content-layout":"","ast-site-content-layout":"default","site-content-style":"default","site-sidebar-style":"default","ast-global-header-display":"","ast-banner-title-visibility":"","ast-main-header-display":"","ast-hfb-above-header-display":"","ast-hfb-below-header-display":"","ast-hfb-mobile-header-display":"","site-post-title":"","ast-breadcrumbs-content":"","ast-featured-img":"","footer-sml-layout":"","ast-disable-related-posts":"","theme-transparent-header-meta":"","adv-header-id-meta":"","stick-header-meta":"","header-above-stick-meta":"","header-main-stick-meta":"","header-below-stick-meta":"","astra-migrate-meta-layouts":"default","ast-page-background-enabled":"default","ast-page-background-meta":{"desktop":{"background-color":"var(--ast-global-color-5)","background-image":"","background-repeat":"repeat","background-position":"center center","background-size":"auto","background-attachment":"scroll","background-type":"","background-media":"","overlay-type":"","overlay-color":"","overlay-opacity":"","overlay-gradient":""},"tablet":{"background-color":"","background-image":"","background-repeat":"repeat","background-position":"center center","background-size":"auto","background-attachment":"scroll","background-type":"","background-media":"","overlay-type":"","overlay-color":"","overlay-opacity":"","overlay-gradient":""},"mobile":{"background-color":"","background-image":"","background-repeat":"repeat","background-position":"center center","background-size":"auto","background-attachment":"scroll","background-type":"","background-media":"","overlay-type":"","overlay-color":"","overlay-opacity":"","overlay-gradient":""}},"ast-content-background-meta":{"desktop":{"background-color":"var(--ast-global-color-4)","background-image":"","background-repeat":"repeat","background-position":"center center","background-size":"auto","background-attachment":"scroll","background-type":"","background-media":"","overlay-type":"","overlay-color":"","overlay-opacity":"","overlay-gradient":""},"tablet":{"background-color":"var(--ast-global-color-4)","background-image":"","background-repeat":"repeat","background-position":"center center","background-size":"auto","background-attachment":"scroll","background-type":"","background-media":"","overlay-type":"","overlay-color":"","overlay-opacity":"","overlay-gradient":""},"mobile":{"background-color":"var(--ast-global-color-4)","background-image":"","background-repeat":"repeat","background-position":"center center","background-size":"auto","background-attachment":"scroll","background-type":"","background-media":"","overlay-type":"","overlay-color":"","overlay-opacity":"","overlay-gradient":""}}},"product_brand":[],"product_cat":[23],"product_tag":[],"class_list":{"0":"post-504","1":"product","2":"type-product","3":"status-publish","4":"has-post-thumbnail","6":"product_cat-sach-toeic","7":"desktop-align-left","8":"tablet-align-left","9":"mobile-align-left","11":"first","12":"instock","13":"sale","14":"taxable","15":"shipping-taxable","16":"purchasable","17":"product-type-variable"},"_links":{"self":[{"href":"https:\/\/lulabookstore.com\/index.php\/wp-json\/wp\/v2\/product\/504","targetHints":{"allow":["GET"]}}],"collection":[{"href":"https:\/\/lulabookstore.com\/index.php\/wp-json\/wp\/v2\/product"}],"about":[{"href":"https:\/\/lulabookstore.com\/index.php\/wp-json\/wp\/v2\/types\/product"}],"replies":[{"embeddable":true,"href":"https:\/\/lulabookstore.com\/index.php\/wp-json\/wp\/v2\/comments?post=504"}],"wp:featuredmedia":[{"embeddable":true,"href":"https:\/\/lulabookstore.com\/index.php\/wp-json\/wp\/v2\/media\/505"}],"wp:attachment":[{"href":"https:\/\/lulabookstore.com\/index.php\/wp-json\/wp\/v2\/media?parent=504"}],"wp:term":[{"taxonomy":"product_brand","embeddable":true,"href":"https:\/\/lulabookstore.com\/index.php\/wp-json\/wp\/v2\/product_brand?post=504"},{"taxonomy":"product_cat","embeddable":true,"href":"https:\/\/lulabookstore.com\/index.php\/wp-json\/wp\/v2\/product_cat?post=504"},{"taxonomy":"product_tag","embeddable":true,"href":"https:\/\/lulabookstore.com\/index.php\/wp-json\/wp\/v2\/product_tag?post=504"}],"curies":[{"name":"wp","href":"https:\/\/api.w.org\/{rel}","templated":true}]}}