{"id":500,"date":"2026-03-23T01:59:56","date_gmt":"2026-03-23T01:59:56","guid":{"rendered":"https:\/\/lulabookstore.com\/?post_type=product&#038;p=500"},"modified":"2026-03-23T02:01:45","modified_gmt":"2026-03-23T02:01:45","slug":"sach-21-ngay-chinh-phuc-viet-hsk-6","status":"publish","type":"product","link":"https:\/\/lulabookstore.com\/index.php\/san-pham\/sach-21-ngay-chinh-phuc-viet-hsk-6\/","title":{"rendered":"S\u00e1ch 21 Ng\u00e0y Chinh Ph\u1ee5c Vi\u1ebft HSK 6"},"content":{"rendered":"<div class=\"Y3BBE\" data-sfc-cp=\"\" data-sfc-root=\"c\" data-sfc-cb=\"\" data-hveid=\"CAEIBRAA\" data-complete=\"true\" data-processed=\"true\">S\u00e1ch \u0111\u01b0\u1ee3c thi\u1ebft k\u1ebf nh\u01b0 m\u1ed9t kh\u00f3a h\u1ecdc c\u1ea5p t\u1ed1c trong\u00a0<strong class=\"Yjhzub\" data-sfc-root=\"c\" data-sfc-cb=\"\" data-complete=\"true\" data-processed=\"true\">21 ng\u00e0y<\/strong>, chia th\u00e0nh 3 giai \u0111o\u1ea1n chi\u1ebfn l\u01b0\u1ee3c:<button class=\"rBl3me\" tabindex=\"0\" data-amic=\"true\" data-icl-uuid=\"9df1fc32-6c8e-4c47-b971-3668158ed12c\" aria-label=\"Xem c\u00e1c \u0111\u01b0\u1eddng li\u00ean k\u1ebft c\u00f3 li\u00ean quan\" data-wiz-attrbind=\"disabled=dIQeX_10\/C5gNJc;aria-label=dIQeX_10\/bOjMyf;class=dIQeX_10\/UpSNec\" data-ved=\"2ahUKEwil1rDZ9bSTAxXinK8BHfTlAMwQye0OegYIAQgFEAE\" data-hveid=\"CAEIBRAB\"><\/button><\/div>\n<ul class=\"KsbFXc U6u95\" data-sfc-root=\"c\" data-sfc-cb=\"\" data-complete=\"true\" data-processed=\"true\">\n<li class=\"dF3vjf\" data-sfc-root=\"c\" data-sfc-cb=\"\" data-hveid=\"CAEIBhAA\" data-complete=\"true\" data-sae=\"\"><span class=\"T286Pc\" data-sfc-cp=\"\" data-sfc-root=\"c\" data-sfc-cb=\"\" data-complete=\"true\"><strong class=\"Yjhzub\" data-sfc-root=\"c\" data-sfc-cb=\"\" data-complete=\"true\">Tu\u1ea7n 1 (K\u1ef9 n\u0103ng n\u1ec1n t\u1ea3ng):<\/strong>\u00a0H\u01b0\u1edbng d\u1eabn c\u00e1ch \u0111\u1ecdc hi\u1ec3u nhanh v\u0103n b\u1ea3n 1000 ch\u1eef, c\u00e1ch n\u1eafm b\u1eaft nh\u00e2n v\u1eadt, th\u1eddi gian, \u0111\u1ecba \u0111i\u1ec3m v\u00e0 c\u1ed1t truy\u1ec7n ch\u00ednh.<\/span><\/li>\n<li class=\"dF3vjf\" data-sfc-root=\"c\" data-sfc-cb=\"\" data-hveid=\"CAEIBhAB\" data-complete=\"true\" data-sae=\"\"><span class=\"T286Pc\" data-sfc-cp=\"\" data-sfc-root=\"c\" data-sfc-cb=\"\" data-complete=\"true\"><strong class=\"Yjhzub\" data-sfc-root=\"c\" data-sfc-cb=\"\" data-complete=\"true\">Tu\u1ea7n 2 (K\u1ef9 n\u0103ng t\u00f3m t\u1eaft):<\/strong>\u00a0D\u1ea1y c\u00e1c k\u1ef9 thu\u1eadt &#8220;c\u1eaft t\u1ec9a&#8221; c\u00e2u ch\u1eef, chuy\u1ec3n \u0111\u1ed5i t\u1eeb l\u1eddi tho\u1ea1i tr\u1ef1c ti\u1ebfp sang gi\u00e1n ti\u1ebfp, v\u00e0 c\u00e1ch s\u1eed d\u1ee5ng c\u00e1c t\u1eeb n\u1ed1i \u0111\u1ec3 b\u00e0i v\u0103n m\u1ea1ch l\u1ea1c.<\/span><\/li>\n<li class=\"dF3vjf\" data-sfc-root=\"c\" data-sfc-cb=\"\" data-hveid=\"CAEIBhAC\" data-complete=\"true\" data-sae=\"\"><span class=\"T286Pc\" data-sfc-cp=\"\" data-sfc-root=\"c\" data-sfc-cb=\"\" data-complete=\"true\"><strong class=\"Yjhzub\" data-sfc-root=\"c\" data-sfc-cb=\"\" data-complete=\"true\">Tu\u1ea7n 3 (Th\u1ef1c chi\u1ebfn):<\/strong>\u00a0Luy\u1ec7n t\u1eadp v\u1edbi c\u00e1c \u0111\u1ec1 thi m\u00f4 ph\u1ecfng s\u00e1t th\u1ef1c t\u1ebf, \u0111i k\u00e8m v\u1edbi c\u00e1c b\u00e0i m\u1eabu \u0111\u1ec3 b\u1ea1n so s\u00e1nh v\u00e0 r\u00fat kinh nghi\u1ec7m.<\/span><\/li>\n<li class=\"dF3vjf\" data-sfc-root=\"c\" data-sfc-cb=\"\" data-hveid=\"CAEICBAA\" data-complete=\"true\" data-sae=\"\"><span class=\"T286Pc\" data-sfc-cp=\"\" data-sfc-root=\"c\" data-sfc-cb=\"\" data-complete=\"true\"><strong class=\"Yjhzub\" data-sfc-root=\"c\" data-sfc-cb=\"\" data-complete=\"true\">\u0110\u00fang tr\u1ecdng t\u00e2m:<\/strong>\u00a0Ph\u1ea7n vi\u1ebft HSK 6 kh\u00f4ng y\u00eau c\u1ea7u b\u1ea1n s\u00e1ng t\u1ea1o m\u00e0 y\u00eau c\u1ea7u kh\u1ea3 n\u0103ng\u00a0<strong class=\"Yjhzub\" data-sfc-root=\"c\" data-sfc-cb=\"\" data-complete=\"true\">t\u00f3m t\u1eaft<\/strong>. Cu\u1ed1n s\u00e1ch n\u00e0y t\u1eadp trung 100% v\u00e0o k\u1ef9 n\u0103ng \u0111\u00f3, gi\u00fap b\u1ea1n bi\u1ebft c\u00e1i g\u00ec n\u00ean gi\u1eef, c\u00e1i g\u00ec n\u00ean b\u1ecf.<\/span><\/li>\n<li class=\"dF3vjf\" data-sfc-root=\"c\" data-sfc-cb=\"\" data-hveid=\"CAEICBAB\" data-complete=\"true\" data-sae=\"\"><span class=\"T286Pc\" data-sfc-cp=\"\" data-sfc-root=\"c\" data-sfc-cb=\"\" data-complete=\"true\"><strong class=\"Yjhzub\" data-sfc-root=\"c\" data-sfc-cb=\"\" data-complete=\"true\">Ph\u00e2n t\u00edch l\u1ed7i sai:<\/strong>\u00a0S\u00e1ch ch\u1ec9 ra nh\u1eefng l\u1ed7i kinh \u0111i\u1ec3n m\u00e0 th\u00ed sinh th\u01b0\u1eddng m\u1eafc ph\u1ea3i nh\u01b0: vi\u1ebft qu\u00e1 d\u00e0i ph\u1ea7n \u0111\u1ea7u, thi\u1ebfu k\u1ebft th\u00fac, ho\u1eb7c d\u00f9ng sai \u0111\u1ea1i t\u1eeb nh\u00e2n x\u01b0ng khi chuy\u1ec3n \u0111\u1ed5i v\u0103n phong.<\/span><\/li>\n<li class=\"dF3vjf\" data-sfc-root=\"c\" data-sfc-cb=\"\" data-hveid=\"CAEICBAC\" data-complete=\"true\" data-sae=\"\"><span class=\"T286Pc\" data-sfc-cp=\"\" data-sfc-root=\"c\" data-sfc-cb=\"\" data-complete=\"true\"><strong class=\"Yjhzub\" data-sfc-root=\"c\" data-sfc-cb=\"\" data-complete=\"true\">B\u00e0i m\u1eabu ch\u1ea5t l\u01b0\u1ee3ng:<\/strong>\u00a0C\u00e1c b\u00e0i m\u1eabu \u0111\u01b0\u1ee3c chia theo thang \u0111i\u1ec3m (kh\u00e1, gi\u1ecfi, xu\u1ea5t s\u1eafc) gi\u00fap b\u1ea1n hi\u1ec3u r\u00f5 ti\u00eau ch\u00ed ch\u1ea5m \u0111i\u1ec3m c\u1ee7a gi\u00e1m kh\u1ea3o.<\/span><\/li>\n<li class=\"dF3vjf\" data-sfc-root=\"c\" data-sfc-cb=\"\" data-hveid=\"CAEICBAD\" data-complete=\"true\" data-sae=\"\"><span class=\"T286Pc\" data-sfc-cp=\"\" data-sfc-root=\"c\" data-sfc-cb=\"\" data-complete=\"true\"><strong class=\"Yjhzub\" data-sfc-root=\"c\" data-sfc-cb=\"\" data-complete=\"true\">Ph\u00f9 h\u1ee3p t\u1ef1 h\u1ecdc:<\/strong>\u00a0L\u1ed9 tr\u00ecnh chia theo t\u1eebng ng\u00e0y gi\u00fap b\u1ea1n kh\u00f4ng b\u1ecb cho\u00e1ng ng\u1ee3p tr\u01b0\u1edbc kh\u1ed1i l\u01b0\u1ee3ng ki\u1ebfn th\u1ee9c kh\u1ed5ng l\u1ed3 c\u1ee7a HSK 6.<\/span><\/li>\n<\/ul>\n","protected":false},"excerpt":{"rendered":"<p>S\u00e1ch \u0111\u01b0\u1ee3c thi\u1ebft k\u1ebf nh\u01b0 m\u1ed9t kh\u00f3a h\u1ecdc c\u1ea5p t\u1ed1c trong\u00a021 ng\u00e0y, chia th\u00e0nh 3 giai \u0111o\u1ea1n chi\u1ebfn l\u01b0\u1ee3c: Tu\u1ea7n [&hellip;]<\/p>\n","protected":false},"featured_media":501,"comment_status":"open","ping_status":"closed","template":"","meta":{"site-sidebar-layout":"default","site-content-layout":"","ast-site-content-layout":"default","site-content-style":"default","site-sidebar-style":"default","ast-global-header-display":"","ast-banner-title-visibility":"","ast-main-header-display":"","ast-hfb-above-header-display":"","ast-hfb-below-header-display":"","ast-hfb-mobile-header-display":"","site-post-title":"","ast-breadcrumbs-content":"","ast-featured-img":"","footer-sml-layout":"","ast-disable-related-posts":"","theme-transparent-header-meta":"","adv-header-id-meta":"","stick-header-meta":"","header-above-stick-meta":"","header-main-stick-meta":"","header-below-stick-meta":"","astra-migrate-meta-layouts":"default","ast-page-background-enabled":"default","ast-page-background-meta":{"desktop":{"background-color":"var(--ast-global-color-5)","background-image":"","background-repeat":"repeat","background-position":"center center","background-size":"auto","background-attachment":"scroll","background-type":"","background-media":"","overlay-type":"","overlay-color":"","overlay-opacity":"","overlay-gradient":""},"tablet":{"background-color":"","background-image":"","background-repeat":"repeat","background-position":"center center","background-size":"auto","background-attachment":"scroll","background-type":"","background-media":"","overlay-type":"","overlay-color":"","overlay-opacity":"","overlay-gradient":""},"mobile":{"background-color":"","background-image":"","background-repeat":"repeat","background-position":"center center","background-size":"auto","background-attachment":"scroll","background-type":"","background-media":"","overlay-type":"","overlay-color":"","overlay-opacity":"","overlay-gradient":""}},"ast-content-background-meta":{"desktop":{"background-color":"var(--ast-global-color-4)","background-image":"","background-repeat":"repeat","background-position":"center center","background-size":"auto","background-attachment":"scroll","background-type":"","background-media":"","overlay-type":"","overlay-color":"","overlay-opacity":"","overlay-gradient":""},"tablet":{"background-color":"var(--ast-global-color-4)","background-image":"","background-repeat":"repeat","background-position":"center center","background-size":"auto","background-attachment":"scroll","background-type":"","background-media":"","overlay-type":"","overlay-color":"","overlay-opacity":"","overlay-gradient":""},"mobile":{"background-color":"var(--ast-global-color-4)","background-image":"","background-repeat":"repeat","background-position":"center center","background-size":"auto","background-attachment":"scroll","background-type":"","background-media":"","overlay-type":"","overlay-color":"","overlay-opacity":"","overlay-gradient":""}}},"product_brand":[],"product_cat":[25],"product_tag":[],"class_list":{"0":"post-500","1":"product","2":"type-product","3":"status-publish","4":"has-post-thumbnail","6":"product_cat-sach-tieng-trung","7":"desktop-align-left","8":"tablet-align-left","9":"mobile-align-left","11":"first","12":"instock","13":"sale","14":"taxable","15":"shipping-taxable","16":"purchasable","17":"product-type-simple"},"_links":{"self":[{"href":"https:\/\/lulabookstore.com\/index.php\/wp-json\/wp\/v2\/product\/500","targetHints":{"allow":["GET"]}}],"collection":[{"href":"https:\/\/lulabookstore.com\/index.php\/wp-json\/wp\/v2\/product"}],"about":[{"href":"https:\/\/lulabookstore.com\/index.php\/wp-json\/wp\/v2\/types\/product"}],"replies":[{"embeddable":true,"href":"https:\/\/lulabookstore.com\/index.php\/wp-json\/wp\/v2\/comments?post=500"}],"wp:featuredmedia":[{"embeddable":true,"href":"https:\/\/lulabookstore.com\/index.php\/wp-json\/wp\/v2\/media\/501"}],"wp:attachment":[{"href":"https:\/\/lulabookstore.com\/index.php\/wp-json\/wp\/v2\/media?parent=500"}],"wp:term":[{"taxonomy":"product_brand","embeddable":true,"href":"https:\/\/lulabookstore.com\/index.php\/wp-json\/wp\/v2\/product_brand?post=500"},{"taxonomy":"product_cat","embeddable":true,"href":"https:\/\/lulabookstore.com\/index.php\/wp-json\/wp\/v2\/product_cat?post=500"},{"taxonomy":"product_tag","embeddable":true,"href":"https:\/\/lulabookstore.com\/index.php\/wp-json\/wp\/v2\/product_tag?post=500"}],"curies":[{"name":"wp","href":"https:\/\/api.w.org\/{rel}","templated":true}]}}