{"id":494,"date":"2026-03-23T01:54:02","date_gmt":"2026-03-23T01:54:02","guid":{"rendered":"https:\/\/lulabookstore.com\/?post_type=product&#038;p=494"},"modified":"2026-03-23T02:01:59","modified_gmt":"2026-03-23T02:01:59","slug":"sach-giao-trinh-tang-cuong-luyen-thi-hsk-4-hsk-5-hsk-6-cap-toc","status":"publish","type":"product","link":"https:\/\/lulabookstore.com\/index.php\/san-pham\/sach-giao-trinh-tang-cuong-luyen-thi-hsk-4-hsk-5-hsk-6-cap-toc\/","title":{"rendered":"S\u00e1ch Gi\u00e1o Tr\u00ecnh T\u0103ng C\u01b0\u1eddng Luy\u1ec7n Thi HSK 4 &#8211; HSK 5 &#8211; HSK 6 c\u1ea5p T\u1ed1c"},"content":{"rendered":"<div class=\"Y3BBE\" data-sfc-cp=\"\" data-sfc-root=\"c\" data-sfc-cb=\"\" data-hveid=\"CAEIBRAA\" data-complete=\"true\" data-processed=\"true\">Cu\u1ed1n s\u00e1ch b\u00e0i t\u1eadp n\u00e0y \u0111\u01b0\u1ee3c thi\u1ebft k\u1ebf \u0111\u1ec3 b\u1ed5 tr\u1ee3 tr\u1ef1c ti\u1ebfp cho cu\u1ed1n gi\u00e1o tr\u00ecnh l\u00fd thuy\u1ebft c\u00f9ng b\u1ed9:<button class=\"rBl3me\" tabindex=\"0\" data-amic=\"true\" data-icl-uuid=\"6edd4493-5dc5-43c4-b532-ffa00126e601\" aria-label=\"Xem c\u00e1c \u0111\u01b0\u1eddng li\u00ean k\u1ebft c\u00f3 li\u00ean quan\" data-wiz-attrbind=\"disabled=RIb97e_12\/C5gNJc;aria-label=RIb97e_12\/bOjMyf;class=RIb97e_12\/UpSNec\" data-ved=\"2ahUKEwjH2Mb987STAxWziq8BHRuxNCAQye0OegYIAQgFEAE\" data-hveid=\"CAEIBRAB\"><\/button><\/div>\n<ul class=\"KsbFXc U6u95\" data-sfc-root=\"c\" data-sfc-cb=\"\" data-complete=\"true\" data-processed=\"true\">\n<li class=\"dF3vjf\" data-sfc-root=\"c\" data-sfc-cb=\"\" data-hveid=\"CAEIBhAA\" data-complete=\"true\" data-sae=\"\"><span class=\"T286Pc\" data-sfc-cp=\"\" data-sfc-root=\"c\" data-sfc-cb=\"\" data-complete=\"true\"><strong class=\"Yjhzub\" data-sfc-root=\"c\" data-sfc-cb=\"\" data-complete=\"true\">H\u1ec7 th\u1ed1ng b\u00e0i t\u1eadp theo k\u1ef9 n\u0103ng:<\/strong>\u00a0Chia nh\u1ecf c\u00e1c b\u00e0i luy\u1ec7n t\u1eadp theo Nghe, \u0110\u1ecdc, Vi\u1ebft b\u00e1m s\u00e1t \u0111\u1ecbnh d\u1ea1ng \u0111\u1ec1 thi th\u1ef1c t\u1ebf.<\/span><\/li>\n<li class=\"dF3vjf\" data-sfc-root=\"c\" data-sfc-cb=\"\" data-hveid=\"CAEIBhAB\" data-complete=\"true\" data-sae=\"\"><span class=\"T286Pc\" data-sfc-cp=\"\" data-sfc-root=\"c\" data-sfc-cb=\"\" data-complete=\"true\"><strong class=\"Yjhzub\" data-sfc-root=\"c\" data-sfc-cb=\"\" data-complete=\"true\">\u0110\u1ec1 thi m\u00f4 ph\u1ecfng:<\/strong>\u00a0Cu\u1ed1i s\u00e1ch th\u01b0\u1eddng c\u00f3 c\u00e1c b\u1ed9 \u0111\u1ec1 thi th\u1eed ho\u00e0n ch\u1ec9nh \u0111\u1ec3 b\u1ea1n t\u1ef1 \u0111\u00e1nh gi\u00e1 tr\u00ecnh \u0111\u1ed9 sau khi h\u1ecdc xong l\u00fd thuy\u1ebft.<\/span><\/li>\n<li class=\"dF3vjf\" data-sfc-root=\"c\" data-sfc-cb=\"\" data-hveid=\"CAEICBAA\" data-complete=\"true\" data-sae=\"\"><span class=\"T286Pc\" data-sfc-cp=\"\" data-sfc-root=\"c\" data-sfc-cb=\"\" data-complete=\"true\"><strong class=\"Yjhzub\" data-sfc-root=\"c\" data-sfc-cb=\"\" data-complete=\"true\">T\u00ednh th\u1ef1c chi\u1ebfn cao:<\/strong>\u00a0C\u00e1c b\u00e0i t\u1eadp kh\u00f4ng qu\u00e1 d\u00e0n tr\u1ea3i m\u00e0 t\u1eadp trung v\u00e0o c\u00e1c d\u1ea1ng c\u00e2u h\u1ecfi &#8220;\u0103n \u0111i\u1ec3m&#8221; v\u00e0 c\u00e1c l\u1ed7i sai kinh \u0111i\u1ec3n th\u00ed sinh th\u01b0\u1eddng m\u1eafc ph\u1ea3i.<\/span><\/li>\n<li class=\"dF3vjf\" data-sfc-root=\"c\" data-sfc-cb=\"\" data-hveid=\"CAEICBAB\" data-complete=\"true\" data-sae=\"\"><span class=\"T286Pc\" data-sfc-cp=\"\" data-sfc-root=\"c\" data-sfc-cb=\"\" data-complete=\"true\"><strong class=\"Yjhzub\" data-sfc-root=\"c\" data-sfc-cb=\"\" data-complete=\"true\">L\u01b0\u1ee3ng t\u1eeb v\u1ef1ng phong ph\u00fa:<\/strong>\u00a0Gi\u00fap b\u1ea1n \u00f4n l\u1ea1i v\u00e0 m\u1edf r\u1ed9ng v\u1ed1n t\u1eeb v\u1ef1ng tr\u1ecdng t\u00e2m c\u1ee7a t\u1eebng c\u1ea5p \u0111\u1ed9 m\u1ed9t c\u00e1ch t\u1ef1 nhi\u00ean th\u00f4ng qua b\u00e0i t\u1eadp ng\u1eef c\u1ea3nh.<\/span><\/li>\n<li class=\"dF3vjf\" data-sfc-root=\"c\" data-sfc-cb=\"\" data-hveid=\"CAEICBAC\" data-complete=\"true\" data-sae=\"\"><span class=\"T286Pc\" data-sfc-cp=\"\" data-sfc-root=\"c\" data-sfc-cb=\"\" data-complete=\"true\"><strong class=\"Yjhzub\" data-sfc-root=\"c\" data-sfc-cb=\"\" data-complete=\"true\">Ph\u00f9 h\u1ee3p \u00f4n luy\u1ec7n c\u1ea5p t\u1ed1c:<\/strong>\u00a0\u0110\u00fang nh\u01b0 c\u00e1i t\u00ean &#8220;T\u1ed1c th\u00e0nh&#8221;, c\u00e1c b\u00e0i t\u1eadp \u0111\u01b0\u1ee3c thi\u1ebft k\u1ebf \u0111\u1ec3 b\u1ea1n l\u00e0m quen nhanh nh\u1ea5t v\u1edbi nh\u1ecbp \u0111\u1ed9 v\u00e0 \u0111\u1ed9 kh\u00f3 c\u1ee7a \u0111\u1ec1 thi th\u1eadt.<\/span><\/li>\n<li class=\"dF3vjf\" data-sfc-root=\"c\" data-sfc-cb=\"\" data-hveid=\"CAEICBAD\" data-complete=\"true\" data-sae=\"\"><span class=\"T286Pc\" data-sfc-cp=\"\" data-sfc-root=\"c\" data-sfc-cb=\"\" data-complete=\"true\"><strong class=\"Yjhzub\" data-sfc-root=\"c\" data-sfc-cb=\"\" data-complete=\"true\">\u0110\u1ed9 kh\u00f3 t\u01b0\u01a1ng \u0111\u01b0\u01a1ng \u0111\u1ec1 th\u1eadt:<\/strong>\u00a0Gi\u00fap b\u1ea1n c\u00f3 c\u00e1i nh\u00ecn ch\u00ednh x\u00e1c v\u1ec1 kh\u1ea3 n\u0103ng c\u1ee7a m\u00ecnh tr\u01b0\u1edbc khi b\u01b0\u1edbc v\u00e0o ph\u00f2ng thi.<\/span><\/li>\n<\/ul>\n","protected":false},"excerpt":{"rendered":"<p>Cu\u1ed1n s\u00e1ch b\u00e0i t\u1eadp n\u00e0y \u0111\u01b0\u1ee3c thi\u1ebft k\u1ebf \u0111\u1ec3 b\u1ed5 tr\u1ee3 tr\u1ef1c ti\u1ebfp cho cu\u1ed1n gi\u00e1o tr\u00ecnh l\u00fd thuy\u1ebft c\u00f9ng [&hellip;]<\/p>\n","protected":false},"featured_media":495,"comment_status":"open","ping_status":"closed","template":"","meta":{"site-sidebar-layout":"default","site-content-layout":"","ast-site-content-layout":"default","site-content-style":"default","site-sidebar-style":"default","ast-global-header-display":"","ast-banner-title-visibility":"","ast-main-header-display":"","ast-hfb-above-header-display":"","ast-hfb-below-header-display":"","ast-hfb-mobile-header-display":"","site-post-title":"","ast-breadcrumbs-content":"","ast-featured-img":"","footer-sml-layout":"","ast-disable-related-posts":"","theme-transparent-header-meta":"","adv-header-id-meta":"","stick-header-meta":"","header-above-stick-meta":"","header-main-stick-meta":"","header-below-stick-meta":"","astra-migrate-meta-layouts":"default","ast-page-background-enabled":"default","ast-page-background-meta":{"desktop":{"background-color":"var(--ast-global-color-5)","background-image":"","background-repeat":"repeat","background-position":"center center","background-size":"auto","background-attachment":"scroll","background-type":"","background-media":"","overlay-type":"","overlay-color":"","overlay-opacity":"","overlay-gradient":""},"tablet":{"background-color":"","background-image":"","background-repeat":"repeat","background-position":"center center","background-size":"auto","background-attachment":"scroll","background-type":"","background-media":"","overlay-type":"","overlay-color":"","overlay-opacity":"","overlay-gradient":""},"mobile":{"background-color":"","background-image":"","background-repeat":"repeat","background-position":"center center","background-size":"auto","background-attachment":"scroll","background-type":"","background-media":"","overlay-type":"","overlay-color":"","overlay-opacity":"","overlay-gradient":""}},"ast-content-background-meta":{"desktop":{"background-color":"var(--ast-global-color-4)","background-image":"","background-repeat":"repeat","background-position":"center center","background-size":"auto","background-attachment":"scroll","background-type":"","background-media":"","overlay-type":"","overlay-color":"","overlay-opacity":"","overlay-gradient":""},"tablet":{"background-color":"var(--ast-global-color-4)","background-image":"","background-repeat":"repeat","background-position":"center center","background-size":"auto","background-attachment":"scroll","background-type":"","background-media":"","overlay-type":"","overlay-color":"","overlay-opacity":"","overlay-gradient":""},"mobile":{"background-color":"var(--ast-global-color-4)","background-image":"","background-repeat":"repeat","background-position":"center center","background-size":"auto","background-attachment":"scroll","background-type":"","background-media":"","overlay-type":"","overlay-color":"","overlay-opacity":"","overlay-gradient":""}}},"product_brand":[],"product_cat":[25],"product_tag":[],"class_list":{"0":"post-494","1":"product","2":"type-product","3":"status-publish","4":"has-post-thumbnail","6":"product_cat-sach-tieng-trung","7":"desktop-align-left","8":"tablet-align-left","9":"mobile-align-left","11":"first","12":"instock","13":"sale","14":"taxable","15":"shipping-taxable","16":"purchasable","17":"product-type-variable"},"_links":{"self":[{"href":"https:\/\/lulabookstore.com\/index.php\/wp-json\/wp\/v2\/product\/494","targetHints":{"allow":["GET"]}}],"collection":[{"href":"https:\/\/lulabookstore.com\/index.php\/wp-json\/wp\/v2\/product"}],"about":[{"href":"https:\/\/lulabookstore.com\/index.php\/wp-json\/wp\/v2\/types\/product"}],"replies":[{"embeddable":true,"href":"https:\/\/lulabookstore.com\/index.php\/wp-json\/wp\/v2\/comments?post=494"}],"wp:featuredmedia":[{"embeddable":true,"href":"https:\/\/lulabookstore.com\/index.php\/wp-json\/wp\/v2\/media\/495"}],"wp:attachment":[{"href":"https:\/\/lulabookstore.com\/index.php\/wp-json\/wp\/v2\/media?parent=494"}],"wp:term":[{"taxonomy":"product_brand","embeddable":true,"href":"https:\/\/lulabookstore.com\/index.php\/wp-json\/wp\/v2\/product_brand?post=494"},{"taxonomy":"product_cat","embeddable":true,"href":"https:\/\/lulabookstore.com\/index.php\/wp-json\/wp\/v2\/product_cat?post=494"},{"taxonomy":"product_tag","embeddable":true,"href":"https:\/\/lulabookstore.com\/index.php\/wp-json\/wp\/v2\/product_tag?post=494"}],"curies":[{"name":"wp","href":"https:\/\/api.w.org\/{rel}","templated":true}]}}