{"id":492,"date":"2026-03-23T01:45:41","date_gmt":"2026-03-23T01:45:41","guid":{"rendered":"https:\/\/lulabookstore.com\/?post_type=product&#038;p=492"},"modified":"2026-03-23T02:03:21","modified_gmt":"2026-03-23T02:03:21","slug":"sach-21-ngay-chinh-phuc-tu-vung-hsk-1-hsk-4","status":"publish","type":"product","link":"https:\/\/lulabookstore.com\/index.php\/san-pham\/sach-21-ngay-chinh-phuc-tu-vung-hsk-1-hsk-4\/","title":{"rendered":"S\u00e1ch 21 Ng\u00e0y Chinh Ph\u1ee5c T\u1eeb V\u1ef1ng HSK 1- HSK 4"},"content":{"rendered":"<ul class=\"KsbFXc U6u95\" data-sfc-root=\"c\" data-sfc-cb=\"\" data-complete=\"true\" data-processed=\"true\">\n<li class=\"dF3vjf\" data-sfc-root=\"c\" data-sfc-cb=\"\" data-hveid=\"CAEIBhAA\" data-complete=\"true\" data-sae=\"\"><span class=\"T286Pc\" data-sfc-cp=\"\" data-sfc-root=\"c\" data-sfc-cb=\"\" data-complete=\"true\"><strong class=\"Yjhzub\" data-sfc-root=\"c\" data-sfc-cb=\"\" data-complete=\"true\">L\u1ed9 tr\u00ecnh 21 ng\u00e0y:<\/strong>\u00a0S\u00e1ch chia 1200 t\u1eeb v\u1ef1ng (t\u1ed5ng t\u1eeb v\u1ef1ng c\u1ee7a HSK 1, 2, 3 v\u00e0 4) th\u00e0nh c\u00e1c nh\u00f3m h\u1ecdc theo ng\u00e0y. \u0110i\u1ec1u n\u00e0y gi\u00fap b\u1ea1n c\u00f3 k\u1ebf ho\u1ea1ch h\u1ecdc t\u1eadp r\u1ea5t r\u00f5 r\u00e0ng, kh\u00f4ng b\u1ecb n\u1ea3n.<\/span><\/li>\n<li class=\"dF3vjf\" data-sfc-root=\"c\" data-sfc-cb=\"\" data-hveid=\"CAEIBhAB\" data-complete=\"true\" data-sae=\"\"><span class=\"T286Pc\" data-sfc-cp=\"\" data-sfc-root=\"c\" data-sfc-cb=\"\" data-complete=\"true\"><strong class=\"Yjhzub\" data-sfc-root=\"c\" data-sfc-cb=\"\" data-complete=\"true\">C\u1ea5u tr\u00fac m\u1ed7i t\u1eeb:<\/strong>\u00a0Bao g\u1ed3m Ch\u1eef H\u00e1n, Phi\u00ean \u00e2m, Ngh\u0129a (Ti\u1ebfng Anh\/Ti\u1ebfng Vi\u1ec7t t\u00f9y b\u1ea3n d\u1ecbch), c\u00e1c c\u1ee5m t\u1eeb th\u01b0\u1eddng \u0111i k\u00e8m (Collocations) v\u00e0 c\u00e2u v\u00ed d\u1ee5 th\u1ef1c t\u1ebf.<\/span><\/li>\n<li class=\"dF3vjf\" data-sfc-root=\"c\" data-sfc-cb=\"\" data-hveid=\"CAEIBhAC\" data-complete=\"true\" data-sae=\"\"><span class=\"T286Pc\" data-sfc-cp=\"\" data-sfc-root=\"c\" data-sfc-cb=\"\" data-complete=\"true\"><strong class=\"Yjhzub\" data-sfc-root=\"c\" data-sfc-cb=\"\" data-complete=\"true\">Ph\u00e2n lo\u1ea1i t\u1eeb:<\/strong>\u00a0C\u00e1c t\u1eeb \u0111\u01b0\u1ee3c ph\u00e2n lo\u1ea1i theo t\u1eeb lo\u1ea1i (danh t\u1eeb, \u0111\u1ed9ng t\u1eeb, t\u00ednh t\u1eeb&#8230;) v\u00e0 c\u1ea5p \u0111\u1ed9, gi\u00fap b\u1ea1n d\u1ec5 d\u00e0ng tra c\u1ee9u.<\/span><\/li>\n<li class=\"dF3vjf\" data-sfc-root=\"c\" data-sfc-cb=\"\" data-hveid=\"CAEIBhAA\" data-complete=\"true\" data-sae=\"\"><span class=\"T286Pc\" data-sfc-cp=\"\" data-sfc-root=\"c\" data-sfc-cb=\"\" data-complete=\"true\"><strong class=\"Yjhzub\" data-sfc-root=\"c\" data-sfc-cb=\"\" data-complete=\"true\">L\u1ed9 tr\u00ecnh 21 ng\u00e0y:<\/strong>\u00a0S\u00e1ch chia 1200 t\u1eeb v\u1ef1ng (t\u1ed5ng t\u1eeb v\u1ef1ng c\u1ee7a HSK 1, 2, 3 v\u00e0 4) th\u00e0nh c\u00e1c nh\u00f3m h\u1ecdc theo ng\u00e0y. \u0110i\u1ec1u n\u00e0y gi\u00fap b\u1ea1n c\u00f3 k\u1ebf ho\u1ea1ch h\u1ecdc t\u1eadp r\u1ea5t r\u00f5 r\u00e0ng, kh\u00f4ng b\u1ecb n\u1ea3n.<\/span><\/li>\n<li class=\"dF3vjf\" data-sfc-root=\"c\" data-sfc-cb=\"\" data-hveid=\"CAEIBhAB\" data-complete=\"true\" data-sae=\"\"><span class=\"T286Pc\" data-sfc-cp=\"\" data-sfc-root=\"c\" data-sfc-cb=\"\" data-complete=\"true\"><strong class=\"Yjhzub\" data-sfc-root=\"c\" data-sfc-cb=\"\" data-complete=\"true\">C\u1ea5u tr\u00fac m\u1ed7i t\u1eeb:<\/strong>\u00a0Bao g\u1ed3m Ch\u1eef H\u00e1n, Phi\u00ean \u00e2m, Ngh\u0129a (Ti\u1ebfng Anh\/Ti\u1ebfng Vi\u1ec7t t\u00f9y b\u1ea3n d\u1ecbch), c\u00e1c c\u1ee5m t\u1eeb th\u01b0\u1eddng \u0111i k\u00e8m (Collocations) v\u00e0 c\u00e2u v\u00ed d\u1ee5 th\u1ef1c t\u1ebf.<\/span><\/li>\n<li class=\"dF3vjf\" data-sfc-root=\"c\" data-sfc-cb=\"\" data-hveid=\"CAEIBhAC\" data-complete=\"true\" data-sae=\"\"><span class=\"T286Pc\" data-sfc-cp=\"\" data-sfc-root=\"c\" data-sfc-cb=\"\" data-complete=\"true\"><strong class=\"Yjhzub\" data-sfc-root=\"c\" data-sfc-cb=\"\" data-complete=\"true\">Ph\u00e2n lo\u1ea1i t\u1eeb:<\/strong>\u00a0C\u00e1c t\u1eeb \u0111\u01b0\u1ee3c ph\u00e2n lo\u1ea1i theo t\u1eeb lo\u1ea1i (danh t\u1eeb, \u0111\u1ed9ng t\u1eeb, t\u00ednh t\u1eeb&#8230;) v\u00e0 c\u1ea5p \u0111\u1ed9, gi\u00fap b\u1ea1n d\u1ec5 d\u00e0ng tra c\u1ee9u.<\/span><\/li>\n<\/ul>\n","protected":false},"excerpt":{"rendered":"<p>L\u1ed9 tr\u00ecnh 21 ng\u00e0y:\u00a0S\u00e1ch chia 1200 t\u1eeb v\u1ef1ng (t\u1ed5ng t\u1eeb v\u1ef1ng c\u1ee7a HSK 1, 2, 3 v\u00e0 4) th\u00e0nh c\u00e1c [&hellip;]<\/p>\n","protected":false},"featured_media":493,"comment_status":"open","ping_status":"closed","template":"","meta":{"site-sidebar-layout":"default","site-content-layout":"","ast-site-content-layout":"default","site-content-style":"default","site-sidebar-style":"default","ast-global-header-display":"","ast-banner-title-visibility":"","ast-main-header-display":"","ast-hfb-above-header-display":"","ast-hfb-below-header-display":"","ast-hfb-mobile-header-display":"","site-post-title":"","ast-breadcrumbs-content":"","ast-featured-img":"","footer-sml-layout":"","ast-disable-related-posts":"","theme-transparent-header-meta":"","adv-header-id-meta":"","stick-header-meta":"","header-above-stick-meta":"","header-main-stick-meta":"","header-below-stick-meta":"","astra-migrate-meta-layouts":"default","ast-page-background-enabled":"default","ast-page-background-meta":{"desktop":{"background-color":"var(--ast-global-color-5)","background-image":"","background-repeat":"repeat","background-position":"center center","background-size":"auto","background-attachment":"scroll","background-type":"","background-media":"","overlay-type":"","overlay-color":"","overlay-opacity":"","overlay-gradient":""},"tablet":{"background-color":"","background-image":"","background-repeat":"repeat","background-position":"center center","background-size":"auto","background-attachment":"scroll","background-type":"","background-media":"","overlay-type":"","overlay-color":"","overlay-opacity":"","overlay-gradient":""},"mobile":{"background-color":"","background-image":"","background-repeat":"repeat","background-position":"center center","background-size":"auto","background-attachment":"scroll","background-type":"","background-media":"","overlay-type":"","overlay-color":"","overlay-opacity":"","overlay-gradient":""}},"ast-content-background-meta":{"desktop":{"background-color":"var(--ast-global-color-4)","background-image":"","background-repeat":"repeat","background-position":"center center","background-size":"auto","background-attachment":"scroll","background-type":"","background-media":"","overlay-type":"","overlay-color":"","overlay-opacity":"","overlay-gradient":""},"tablet":{"background-color":"var(--ast-global-color-4)","background-image":"","background-repeat":"repeat","background-position":"center center","background-size":"auto","background-attachment":"scroll","background-type":"","background-media":"","overlay-type":"","overlay-color":"","overlay-opacity":"","overlay-gradient":""},"mobile":{"background-color":"var(--ast-global-color-4)","background-image":"","background-repeat":"repeat","background-position":"center center","background-size":"auto","background-attachment":"scroll","background-type":"","background-media":"","overlay-type":"","overlay-color":"","overlay-opacity":"","overlay-gradient":""}}},"product_brand":[],"product_cat":[25],"product_tag":[],"class_list":{"0":"post-492","1":"product","2":"type-product","3":"status-publish","4":"has-post-thumbnail","6":"product_cat-sach-tieng-trung","7":"desktop-align-left","8":"tablet-align-left","9":"mobile-align-left","11":"first","12":"instock","13":"sale","14":"taxable","15":"shipping-taxable","16":"purchasable","17":"product-type-simple"},"_links":{"self":[{"href":"https:\/\/lulabookstore.com\/index.php\/wp-json\/wp\/v2\/product\/492","targetHints":{"allow":["GET"]}}],"collection":[{"href":"https:\/\/lulabookstore.com\/index.php\/wp-json\/wp\/v2\/product"}],"about":[{"href":"https:\/\/lulabookstore.com\/index.php\/wp-json\/wp\/v2\/types\/product"}],"replies":[{"embeddable":true,"href":"https:\/\/lulabookstore.com\/index.php\/wp-json\/wp\/v2\/comments?post=492"}],"wp:featuredmedia":[{"embeddable":true,"href":"https:\/\/lulabookstore.com\/index.php\/wp-json\/wp\/v2\/media\/493"}],"wp:attachment":[{"href":"https:\/\/lulabookstore.com\/index.php\/wp-json\/wp\/v2\/media?parent=492"}],"wp:term":[{"taxonomy":"product_brand","embeddable":true,"href":"https:\/\/lulabookstore.com\/index.php\/wp-json\/wp\/v2\/product_brand?post=492"},{"taxonomy":"product_cat","embeddable":true,"href":"https:\/\/lulabookstore.com\/index.php\/wp-json\/wp\/v2\/product_cat?post=492"},{"taxonomy":"product_tag","embeddable":true,"href":"https:\/\/lulabookstore.com\/index.php\/wp-json\/wp\/v2\/product_tag?post=492"}],"curies":[{"name":"wp","href":"https:\/\/api.w.org\/{rel}","templated":true}]}}