{"id":490,"date":"2026-03-23T01:34:04","date_gmt":"2026-03-23T01:34:04","guid":{"rendered":"https:\/\/lulabookstore.com\/?post_type=product&#038;p=490"},"modified":"2026-03-23T02:03:56","modified_gmt":"2026-03-23T02:03:56","slug":"sach-huong-dan-chuyen-sau-giai-bai-tap-hsk-5","status":"publish","type":"product","link":"https:\/\/lulabookstore.com\/index.php\/san-pham\/sach-huong-dan-chuyen-sau-giai-bai-tap-hsk-5\/","title":{"rendered":"S\u00e1ch H\u01b0\u1edbng D\u1eabn Chuy\u00ean S\u00e2u Gi\u1ea3i B\u00e0i T\u1eadp HSK 5"},"content":{"rendered":"<ul class=\"KsbFXc U6u95\" data-sfc-root=\"c\" data-sfc-cb=\"\" data-complete=\"true\" data-processed=\"true\">\n<li class=\"dF3vjf\" data-sfc-root=\"c\" data-sfc-cb=\"\" data-hveid=\"CAEICBAA\" data-complete=\"true\" data-sae=\"\"><span class=\"T286Pc\" data-sfc-cp=\"\" data-sfc-root=\"c\" data-sfc-cb=\"\" data-complete=\"true\"><strong class=\"Yjhzub\" data-sfc-root=\"c\" data-sfc-cb=\"\" data-complete=\"true\">Ph\u00e2n t\u00edch 100% (\u9ad8\u5206\u6218\u7565 100% \u5206\u6790):<\/strong>\u00a0\u0110\u00fang nh\u01b0 d\u00f2ng ch\u1eef tr\u00ean b\u00eca, s\u00e1ch t\u1eadp trung v\u00e0o chi\u1ebfn l\u01b0\u1ee3c \u0111\u1ea1t \u0111i\u1ec3m cao. N\u00f3 gi\u1ea3i th\u00edch c\u1eb7n k\u1ebd t\u1ea1i sao ch\u1ecdn \u0111\u00e1p \u00e1n n\u00e0y m\u00e0 kh\u00f4ng ph\u1ea3i \u0111\u00e1p \u00e1n kia, gi\u00fap b\u1ea1n x\u00e2y d\u1ef1ng t\u01b0 duy logic c\u1ee7a gi\u00e1m kh\u1ea3o.<\/span><\/li>\n<li class=\"dF3vjf\" data-sfc-root=\"c\" data-sfc-cb=\"\" data-hveid=\"CAEICBAB\" data-complete=\"true\" data-sae=\"\"><span class=\"T286Pc\" data-sfc-cp=\"\" data-sfc-root=\"c\" data-sfc-cb=\"\" data-complete=\"true\"><strong class=\"Yjhzub\" data-sfc-root=\"c\" data-sfc-cb=\"\" data-complete=\"true\">B\u00e1m s\u00e1t th\u1ef1c t\u1ebf:<\/strong>\u00a0C\u00e1c v\u00ed d\u1ee5 v\u00e0 b\u00e0i t\u1eadp \u0111\u01b0\u1ee3c tr\u00edch d\u1eabn ho\u1eb7c m\u00f4 ph\u1ecfng t\u1eeb kho \u0111\u1ec1 thi th\u1eadt, \u0111\u1ea3m b\u1ea3o t\u00ednh c\u1eadp nh\u1eadt v\u00e0 s\u00e1t th\u1ef1c.<\/span><\/li>\n<li class=\"dF3vjf\" data-sfc-root=\"c\" data-sfc-cb=\"\" data-hveid=\"CAEICBAC\" data-complete=\"true\" data-sae=\"\"><span class=\"T286Pc\" data-sfc-cp=\"\" data-sfc-root=\"c\" data-sfc-cb=\"\" data-complete=\"true\"><strong class=\"Yjhzub\" data-sfc-root=\"c\" data-sfc-cb=\"\" data-complete=\"true\">Gi\u1ea3i quy\u1ebft ph\u1ea7n Vi\u1ebft c\u1ef1c t\u1ed1t:<\/strong>\u00a0HSK 5 c\u00f3 ph\u1ea7n s\u1eafp x\u1ebfp c\u00e2u v\u00e0 vi\u1ebft \u0111o\u1ea1n v\u0103n r\u1ea5t kh\u00f3 nh\u1eb1n. S\u00e1ch cung c\u1ea5p c\u00e1c c\u1ea5u tr\u00fac ng\u1eef ph\u00e1p &#8220;\u0103n \u0111i\u1ec3m&#8221; v\u00e0 c\u00e1c b\u00e0i m\u1eabu chu\u1ea9n m\u1ef1c \u0111\u1ec3 b\u1ea1n tham kh\u1ea3o.<\/span><\/li>\n<\/ul>\n","protected":false},"excerpt":{"rendered":"<p>Ph\u00e2n t\u00edch 100% (\u9ad8\u5206\u6218\u7565 100% \u5206\u6790):\u00a0\u0110\u00fang nh\u01b0 d\u00f2ng ch\u1eef tr\u00ean b\u00eca, s\u00e1ch t\u1eadp trung v\u00e0o chi\u1ebfn l\u01b0\u1ee3c \u0111\u1ea1t \u0111i\u1ec3m cao. [&hellip;]<\/p>\n","protected":false},"featured_media":491,"comment_status":"open","ping_status":"closed","template":"","meta":{"site-sidebar-layout":"default","site-content-layout":"","ast-site-content-layout":"default","site-content-style":"default","site-sidebar-style":"default","ast-global-header-display":"","ast-banner-title-visibility":"","ast-main-header-display":"","ast-hfb-above-header-display":"","ast-hfb-below-header-display":"","ast-hfb-mobile-header-display":"","site-post-title":"","ast-breadcrumbs-content":"","ast-featured-img":"","footer-sml-layout":"","ast-disable-related-posts":"","theme-transparent-header-meta":"","adv-header-id-meta":"","stick-header-meta":"","header-above-stick-meta":"","header-main-stick-meta":"","header-below-stick-meta":"","astra-migrate-meta-layouts":"default","ast-page-background-enabled":"default","ast-page-background-meta":{"desktop":{"background-color":"var(--ast-global-color-5)","background-image":"","background-repeat":"repeat","background-position":"center center","background-size":"auto","background-attachment":"scroll","background-type":"","background-media":"","overlay-type":"","overlay-color":"","overlay-opacity":"","overlay-gradient":""},"tablet":{"background-color":"","background-image":"","background-repeat":"repeat","background-position":"center center","background-size":"auto","background-attachment":"scroll","background-type":"","background-media":"","overlay-type":"","overlay-color":"","overlay-opacity":"","overlay-gradient":""},"mobile":{"background-color":"","background-image":"","background-repeat":"repeat","background-position":"center center","background-size":"auto","background-attachment":"scroll","background-type":"","background-media":"","overlay-type":"","overlay-color":"","overlay-opacity":"","overlay-gradient":""}},"ast-content-background-meta":{"desktop":{"background-color":"var(--ast-global-color-4)","background-image":"","background-repeat":"repeat","background-position":"center center","background-size":"auto","background-attachment":"scroll","background-type":"","background-media":"","overlay-type":"","overlay-color":"","overlay-opacity":"","overlay-gradient":""},"tablet":{"background-color":"var(--ast-global-color-4)","background-image":"","background-repeat":"repeat","background-position":"center center","background-size":"auto","background-attachment":"scroll","background-type":"","background-media":"","overlay-type":"","overlay-color":"","overlay-opacity":"","overlay-gradient":""},"mobile":{"background-color":"var(--ast-global-color-4)","background-image":"","background-repeat":"repeat","background-position":"center center","background-size":"auto","background-attachment":"scroll","background-type":"","background-media":"","overlay-type":"","overlay-color":"","overlay-opacity":"","overlay-gradient":""}}},"product_brand":[],"product_cat":[25],"product_tag":[],"class_list":{"0":"post-490","1":"product","2":"type-product","3":"status-publish","4":"has-post-thumbnail","6":"product_cat-sach-tieng-trung","7":"desktop-align-left","8":"tablet-align-left","9":"mobile-align-left","11":"first","12":"instock","13":"sale","14":"taxable","15":"shipping-taxable","16":"purchasable","17":"product-type-simple"},"_links":{"self":[{"href":"https:\/\/lulabookstore.com\/index.php\/wp-json\/wp\/v2\/product\/490","targetHints":{"allow":["GET"]}}],"collection":[{"href":"https:\/\/lulabookstore.com\/index.php\/wp-json\/wp\/v2\/product"}],"about":[{"href":"https:\/\/lulabookstore.com\/index.php\/wp-json\/wp\/v2\/types\/product"}],"replies":[{"embeddable":true,"href":"https:\/\/lulabookstore.com\/index.php\/wp-json\/wp\/v2\/comments?post=490"}],"wp:featuredmedia":[{"embeddable":true,"href":"https:\/\/lulabookstore.com\/index.php\/wp-json\/wp\/v2\/media\/491"}],"wp:attachment":[{"href":"https:\/\/lulabookstore.com\/index.php\/wp-json\/wp\/v2\/media?parent=490"}],"wp:term":[{"taxonomy":"product_brand","embeddable":true,"href":"https:\/\/lulabookstore.com\/index.php\/wp-json\/wp\/v2\/product_brand?post=490"},{"taxonomy":"product_cat","embeddable":true,"href":"https:\/\/lulabookstore.com\/index.php\/wp-json\/wp\/v2\/product_cat?post=490"},{"taxonomy":"product_tag","embeddable":true,"href":"https:\/\/lulabookstore.com\/index.php\/wp-json\/wp\/v2\/product_tag?post=490"}],"curies":[{"name":"wp","href":"https:\/\/api.w.org\/{rel}","templated":true}]}}