{"id":475,"date":"2026-03-22T17:26:56","date_gmt":"2026-03-22T17:26:56","guid":{"rendered":"https:\/\/lulabookstore.com\/?post_type=product&#038;p=475"},"modified":"2026-03-22T17:26:56","modified_gmt":"2026-03-22T17:26:56","slug":"sach-bo-mo-phong-hsk-4-hsk-5-hsk-6","status":"publish","type":"product","link":"https:\/\/lulabookstore.com\/index.php\/san-pham\/sach-bo-mo-phong-hsk-4-hsk-5-hsk-6\/","title":{"rendered":"S\u00e1ch B\u1ed9 M\u00f4 Ph\u1ecfng HSK 4 HSK 5 HSK 6"},"content":{"rendered":"<div class=\"Y3BBE\" data-sfc-cp=\"\" data-sfc-root=\"c\" data-sfc-cb=\"\" data-hveid=\"CAEIBRAA\" data-complete=\"true\" data-processed=\"true\">M\u1ed7i cu\u1ed1n s\u00e1ch trong b\u1ed9 n\u00e0y t\u1eadp trung ho\u00e0n to\u00e0n v\u00e0o vi\u1ec7c luy\u1ec7n \u0111\u1ec1 c\u01b0\u1eddng \u0111\u1ed9 cao v\u1edbi:<button class=\"rBl3me\" tabindex=\"0\" data-amic=\"true\" data-icl-uuid=\"1c702764-4f90-4fff-a6cf-f2ca5840ab38\" aria-label=\"Xem c\u00e1c \u0111\u01b0\u1eddng li\u00ean k\u1ebft c\u00f3 li\u00ean quan\" data-wiz-attrbind=\"disabled=irlhG_13\/C5gNJc;aria-label=irlhG_13\/bOjMyf;class=irlhG_13\/UpSNec\" data-ved=\"2ahUKEwjtzu30-rOTAxURUfUHHaD5BEgQye0OegYIAQgFEAE\" data-hveid=\"CAEIBRAB\"><\/button><\/div>\n<ul class=\"KsbFXc U6u95\" data-sfc-root=\"c\" data-sfc-cb=\"\" data-complete=\"true\" data-processed=\"true\">\n<li class=\"dF3vjf\" data-sfc-root=\"c\" data-sfc-cb=\"\" data-hveid=\"CAEIBhAA\" data-complete=\"true\" data-sae=\"\"><span class=\"T286Pc\" data-sfc-cp=\"\" data-sfc-root=\"c\" data-sfc-cb=\"\" data-complete=\"true\"><strong class=\"Yjhzub\" data-sfc-root=\"c\" data-sfc-cb=\"\" data-complete=\"true\">10 b\u1ed9 \u0111\u1ec1 thi m\u00f4 ph\u1ecfng:<\/strong>\u00a0\u0110\u00e2y l\u00e0 s\u1ed1 l\u01b0\u1ee3ng \u0111\u1ec1 r\u1ea5t l\u1edbn (nhi\u1ec1u g\u1ea5p \u0111\u00f4i so v\u1edbi c\u00e1c b\u1ed9 \u0111\u1ec1 th\u00f4ng th\u01b0\u1eddng), gi\u00fap b\u1ea1n r\u00e8n luy\u1ec7n s\u1ee9c b\u1ec1n v\u00e0 k\u1ef9 n\u0103ng qu\u1ea3n l\u00fd th\u1eddi gian.<\/span><\/li>\n<li class=\"dF3vjf\" data-sfc-root=\"c\" data-sfc-cb=\"\" data-hveid=\"CAEIBhAB\" data-complete=\"true\" data-sae=\"\"><span class=\"T286Pc\" data-sfc-cp=\"\" data-sfc-root=\"c\" data-sfc-cb=\"\" data-complete=\"true\"><strong class=\"Yjhzub\" data-sfc-root=\"c\" data-sfc-cb=\"\" data-complete=\"true\">C\u1ea5u tr\u00fac chu\u1ea9n 100%:<\/strong>\u00a0C\u00e1c \u0111\u1ec1 \u0111\u01b0\u1ee3c thi\u1ebft k\u1ebf b\u00e1m s\u00e1t ma tr\u1eadn \u0111\u1ec1 thi th\u1eadt v\u1ec1 c\u1ea3 s\u1ed1 l\u01b0\u1ee3ng c\u00e2u h\u1ecfi, \u0111\u1ed9 kh\u00f3 v\u00e0 c\u00e1c ch\u1ee7 \u0111\u1ec1 th\u01b0\u1eddng g\u1eb7p.<\/span><\/li>\n<li class=\"dF3vjf\" data-sfc-root=\"c\" data-sfc-cb=\"\" data-hveid=\"CAEIBhAC\" data-complete=\"true\" data-sae=\"\"><span class=\"T286Pc\" data-sfc-cp=\"\" data-sfc-root=\"c\" data-sfc-cb=\"\" data-complete=\"true\"><strong class=\"Yjhzub\" data-sfc-root=\"c\" data-sfc-cb=\"\" data-complete=\"true\">Gi\u1ea3i th\u00edch \u0111\u00e1p \u00e1n chi ti\u1ebft:<\/strong>\u00a0Kh\u00e1c v\u1edbi m\u1ed9t s\u1ed1 b\u1ed9 \u0111\u1ec1 ch\u1ec9 c\u00f3 \u0111\u00e1p \u00e1n \u0111\u00fang\/sai, cu\u1ed1n n\u00e0y c\u00f3 ph\u1ea7n ph\u00e2n t\u00edch t\u1ea1i sao ch\u1ecdn \u0111\u00e1p \u00e1n \u0111\u00f3, r\u1ea5t h\u1eefu \u00edch cho ng\u01b0\u1eddi t\u1ef1 h\u1ecdc.<\/span><\/li>\n<li class=\"dF3vjf\" data-sfc-root=\"c\" data-sfc-cb=\"\" data-hveid=\"CAEIBhAD\" data-complete=\"true\" data-sae=\"\"><span class=\"T286Pc\" data-sfc-cp=\"\" data-sfc-root=\"c\" data-sfc-cb=\"\" data-complete=\"true\"><strong class=\"Yjhzub\" data-sfc-root=\"c\" data-sfc-cb=\"\" data-complete=\"true\">Ph\u1ee5 l\u1ee5c t\u1eeb v\u1ef1ng:<\/strong>\u00a0Th\u01b0\u1eddng \u0111i k\u00e8m b\u1ea3ng t\u1eeb v\u1ef1ng tr\u1ecdng t\u00e2m (v\u00ed d\u1ee5 cu\u1ed1n HSK 6 c\u00f3 b\u1ea3ng 2500 t\u1eeb) \u0111\u1ec3 b\u1ea1n r\u00e0 so\u00e1t l\u1ea1i ki\u1ebfn th\u1ee9c tr\u01b0\u1edbc khi l\u00e0m \u0111\u1ec1.<\/span><\/li>\n<li data-sfc-root=\"c\" data-sfc-cb=\"\" data-hveid=\"CAEIBhAD\" data-complete=\"true\" data-sae=\"\">\n<div class=\"Y3BBE\" data-sfc-cp=\"\" data-sfc-root=\"c\" data-sfc-cb=\"\" data-hveid=\"CAEIBRAA\" data-complete=\"true\" data-processed=\"true\">M\u1ed7i cu\u1ed1n s\u00e1ch trong b\u1ed9 n\u00e0y t\u1eadp trung ho\u00e0n to\u00e0n v\u00e0o vi\u1ec7c luy\u1ec7n \u0111\u1ec1 c\u01b0\u1eddng \u0111\u1ed9 cao v\u1edbi:<button class=\"rBl3me\" tabindex=\"0\" data-amic=\"true\" data-icl-uuid=\"1c702764-4f90-4fff-a6cf-f2ca5840ab38\" aria-label=\"Xem c\u00e1c \u0111\u01b0\u1eddng li\u00ean k\u1ebft c\u00f3 li\u00ean quan\" data-wiz-attrbind=\"disabled=irlhG_13\/C5gNJc;aria-label=irlhG_13\/bOjMyf;class=irlhG_13\/UpSNec\" data-ved=\"2ahUKEwjtzu30-rOTAxURUfUHHaD5BEgQye0OegYIAQgFEAE\" data-hveid=\"CAEIBRAB\"><\/button><\/div>\n<ul class=\"KsbFXc U6u95\" data-sfc-root=\"c\" data-sfc-cb=\"\" data-complete=\"true\" data-processed=\"true\">\n<li class=\"dF3vjf\" data-sfc-root=\"c\" data-sfc-cb=\"\" data-hveid=\"CAEIBhAA\" data-complete=\"true\" data-sae=\"\"><span class=\"T286Pc\" data-sfc-cp=\"\" data-sfc-root=\"c\" data-sfc-cb=\"\" data-complete=\"true\"><strong class=\"Yjhzub\" data-sfc-root=\"c\" data-sfc-cb=\"\" data-complete=\"true\">10 b\u1ed9 \u0111\u1ec1 thi m\u00f4 ph\u1ecfng:<\/strong>\u00a0\u0110\u00e2y l\u00e0 s\u1ed1 l\u01b0\u1ee3ng \u0111\u1ec1 r\u1ea5t l\u1edbn (nhi\u1ec1u g\u1ea5p \u0111\u00f4i so v\u1edbi c\u00e1c b\u1ed9 \u0111\u1ec1 th\u00f4ng th\u01b0\u1eddng), gi\u00fap b\u1ea1n r\u00e8n luy\u1ec7n s\u1ee9c b\u1ec1n v\u00e0 k\u1ef9 n\u0103ng qu\u1ea3n l\u00fd th\u1eddi gian.<\/span><\/li>\n<li class=\"dF3vjf\" data-sfc-root=\"c\" data-sfc-cb=\"\" data-hveid=\"CAEIBhAB\" data-complete=\"true\" data-sae=\"\"><span class=\"T286Pc\" data-sfc-cp=\"\" data-sfc-root=\"c\" data-sfc-cb=\"\" data-complete=\"true\"><strong class=\"Yjhzub\" data-sfc-root=\"c\" data-sfc-cb=\"\" data-complete=\"true\">C\u1ea5u tr\u00fac chu\u1ea9n 100%:<\/strong>\u00a0C\u00e1c \u0111\u1ec1 \u0111\u01b0\u1ee3c thi\u1ebft k\u1ebf b\u00e1m s\u00e1t ma tr\u1eadn \u0111\u1ec1 thi th\u1eadt v\u1ec1 c\u1ea3 s\u1ed1 l\u01b0\u1ee3ng c\u00e2u h\u1ecfi, \u0111\u1ed9 kh\u00f3 v\u00e0 c\u00e1c ch\u1ee7 \u0111\u1ec1 th\u01b0\u1eddng g\u1eb7p.<\/span><\/li>\n<li class=\"dF3vjf\" data-sfc-root=\"c\" data-sfc-cb=\"\" data-hveid=\"CAEIBhAC\" data-complete=\"true\" data-sae=\"\"><span class=\"T286Pc\" data-sfc-cp=\"\" data-sfc-root=\"c\" data-sfc-cb=\"\" data-complete=\"true\"><strong class=\"Yjhzub\" data-sfc-root=\"c\" data-sfc-cb=\"\" data-complete=\"true\">Gi\u1ea3i th\u00edch \u0111\u00e1p \u00e1n chi ti\u1ebft:<\/strong>\u00a0Kh\u00e1c v\u1edbi m\u1ed9t s\u1ed1 b\u1ed9 \u0111\u1ec1 ch\u1ec9 c\u00f3 \u0111\u00e1p \u00e1n \u0111\u00fang\/sai, cu\u1ed1n n\u00e0y c\u00f3 ph\u1ea7n ph\u00e2n t\u00edch t\u1ea1i sao ch\u1ecdn \u0111\u00e1p \u00e1n \u0111\u00f3, r\u1ea5t h\u1eefu \u00edch cho ng\u01b0\u1eddi t\u1ef1 h\u1ecdc.<\/span><\/li>\n<li class=\"dF3vjf\" data-sfc-root=\"c\" data-sfc-cb=\"\" data-hveid=\"CAEIBhAD\" data-complete=\"true\" data-sae=\"\"><span class=\"T286Pc\" data-sfc-cp=\"\" data-sfc-root=\"c\" data-sfc-cb=\"\" data-complete=\"true\"><strong class=\"Yjhzub\" data-sfc-root=\"c\" data-sfc-cb=\"\" data-complete=\"true\">Ph\u1ee5 l\u1ee5c t\u1eeb v\u1ef1ng:<\/strong>\u00a0Th\u01b0\u1eddng \u0111i k\u00e8m b\u1ea3ng t\u1eeb v\u1ef1ng tr\u1ecdng t\u00e2m (v\u00ed d\u1ee5 cu\u1ed1n HSK 6 c\u00f3 b\u1ea3ng 2500 t\u1eeb) \u0111\u1ec3 b\u1ea1n r\u00e0 so\u00e1t l\u1ea1i ki\u1ebfn th\u1ee9c tr\u01b0\u1edbc khi l\u00e0m \u0111\u1ec1.<\/span><\/li>\n<\/ul>\n<\/li>\n<\/ul>\n","protected":false},"excerpt":{"rendered":"<p>M\u1ed7i cu\u1ed1n s\u00e1ch trong b\u1ed9 n\u00e0y t\u1eadp trung ho\u00e0n to\u00e0n v\u00e0o vi\u1ec7c luy\u1ec7n \u0111\u1ec1 c\u01b0\u1eddng \u0111\u1ed9 cao v\u1edbi: 10 b\u1ed9 [&hellip;]<\/p>\n","protected":false},"featured_media":476,"comment_status":"open","ping_status":"closed","template":"","meta":{"site-sidebar-layout":"default","site-content-layout":"","ast-site-content-layout":"default","site-content-style":"default","site-sidebar-style":"default","ast-global-header-display":"","ast-banner-title-visibility":"","ast-main-header-display":"","ast-hfb-above-header-display":"","ast-hfb-below-header-display":"","ast-hfb-mobile-header-display":"","site-post-title":"","ast-breadcrumbs-content":"","ast-featured-img":"","footer-sml-layout":"","ast-disable-related-posts":"","theme-transparent-header-meta":"","adv-header-id-meta":"","stick-header-meta":"","header-above-stick-meta":"","header-main-stick-meta":"","header-below-stick-meta":"","astra-migrate-meta-layouts":"default","ast-page-background-enabled":"default","ast-page-background-meta":{"desktop":{"background-color":"var(--ast-global-color-5)","background-image":"","background-repeat":"repeat","background-position":"center center","background-size":"auto","background-attachment":"scroll","background-type":"","background-media":"","overlay-type":"","overlay-color":"","overlay-opacity":"","overlay-gradient":""},"tablet":{"background-color":"","background-image":"","background-repeat":"repeat","background-position":"center center","background-size":"auto","background-attachment":"scroll","background-type":"","background-media":"","overlay-type":"","overlay-color":"","overlay-opacity":"","overlay-gradient":""},"mobile":{"background-color":"","background-image":"","background-repeat":"repeat","background-position":"center center","background-size":"auto","background-attachment":"scroll","background-type":"","background-media":"","overlay-type":"","overlay-color":"","overlay-opacity":"","overlay-gradient":""}},"ast-content-background-meta":{"desktop":{"background-color":"var(--ast-global-color-4)","background-image":"","background-repeat":"repeat","background-position":"center center","background-size":"auto","background-attachment":"scroll","background-type":"","background-media":"","overlay-type":"","overlay-color":"","overlay-opacity":"","overlay-gradient":""},"tablet":{"background-color":"var(--ast-global-color-4)","background-image":"","background-repeat":"repeat","background-position":"center center","background-size":"auto","background-attachment":"scroll","background-type":"","background-media":"","overlay-type":"","overlay-color":"","overlay-opacity":"","overlay-gradient":""},"mobile":{"background-color":"var(--ast-global-color-4)","background-image":"","background-repeat":"repeat","background-position":"center center","background-size":"auto","background-attachment":"scroll","background-type":"","background-media":"","overlay-type":"","overlay-color":"","overlay-opacity":"","overlay-gradient":""}}},"product_brand":[],"product_cat":[25],"product_tag":[],"class_list":{"0":"post-475","1":"product","2":"type-product","3":"status-publish","4":"has-post-thumbnail","6":"product_cat-sach-tieng-trung","7":"desktop-align-left","8":"tablet-align-left","9":"mobile-align-left","11":"first","12":"instock","13":"sale","14":"taxable","15":"shipping-taxable","16":"purchasable","17":"product-type-variable"},"_links":{"self":[{"href":"https:\/\/lulabookstore.com\/index.php\/wp-json\/wp\/v2\/product\/475","targetHints":{"allow":["GET"]}}],"collection":[{"href":"https:\/\/lulabookstore.com\/index.php\/wp-json\/wp\/v2\/product"}],"about":[{"href":"https:\/\/lulabookstore.com\/index.php\/wp-json\/wp\/v2\/types\/product"}],"replies":[{"embeddable":true,"href":"https:\/\/lulabookstore.com\/index.php\/wp-json\/wp\/v2\/comments?post=475"}],"wp:featuredmedia":[{"embeddable":true,"href":"https:\/\/lulabookstore.com\/index.php\/wp-json\/wp\/v2\/media\/476"}],"wp:attachment":[{"href":"https:\/\/lulabookstore.com\/index.php\/wp-json\/wp\/v2\/media?parent=475"}],"wp:term":[{"taxonomy":"product_brand","embeddable":true,"href":"https:\/\/lulabookstore.com\/index.php\/wp-json\/wp\/v2\/product_brand?post=475"},{"taxonomy":"product_cat","embeddable":true,"href":"https:\/\/lulabookstore.com\/index.php\/wp-json\/wp\/v2\/product_cat?post=475"},{"taxonomy":"product_tag","embeddable":true,"href":"https:\/\/lulabookstore.com\/index.php\/wp-json\/wp\/v2\/product_tag?post=475"}],"curies":[{"name":"wp","href":"https:\/\/api.w.org\/{rel}","templated":true}]}}