{"id":473,"date":"2026-03-22T16:29:49","date_gmt":"2026-03-22T16:29:49","guid":{"rendered":"https:\/\/lulabookstore.com\/?post_type=product&#038;p=473"},"modified":"2026-03-22T16:30:09","modified_gmt":"2026-03-22T16:30:09","slug":"sach-de-mo-phong-hskk","status":"publish","type":"product","link":"https:\/\/lulabookstore.com\/index.php\/san-pham\/sach-de-mo-phong-hskk\/","title":{"rendered":"S\u00e1ch \u0110\u1ec1 M\u00f4 Ph\u1ecfng HSKK"},"content":{"rendered":"<div class=\"Y3BBE\" data-sfc-cp=\"\" data-sfc-root=\"c\" data-sfc-cb=\"\" data-hveid=\"CAEIBRAA\" data-complete=\"true\" data-processed=\"true\">Cu\u1ed1n s\u00e1ch n\u00e0y l\u00e0 m\u1ed9t &#8220;kho \u0111\u1ec1&#8221; th\u1ef1c th\u1ee5 d\u00e0nh cho nh\u1eefng ai mu\u1ed1n luy\u1ec7n k\u1ef9 n\u0103ng n\u00f3i \u0111\u1ec3 l\u1ea5y ch\u1ee9ng ch\u1ec9 HSKK. S\u00e1ch bao g\u1ed3m:<button class=\"rBl3me\" tabindex=\"0\" data-amic=\"true\" data-icl-uuid=\"b11d2d15-38c5-4d63-87cb-d5fa0faec6b3\" aria-label=\"Xem c\u00e1c \u0111\u01b0\u1eddng li\u00ean k\u1ebft c\u00f3 li\u00ean quan\" data-wiz-attrbind=\"disabled=Ozf8ne_11\/C5gNJc;aria-label=Ozf8ne_11\/bOjMyf;class=Ozf8ne_11\/UpSNec\" data-ved=\"2ahUKEwit8-qr9bOTAxVnja8BHfVEE1UQye0OegYIAQgFEAE\" data-hveid=\"CAEIBRAB\"><\/button><\/div>\n<ul class=\"KsbFXc U6u95\" data-sfc-root=\"c\" data-sfc-cb=\"\" data-complete=\"true\" data-processed=\"true\">\n<li class=\"dF3vjf\" data-sfc-root=\"c\" data-sfc-cb=\"\" data-hveid=\"CAEIBhAB\" data-complete=\"true\" data-sae=\"\"><span class=\"T286Pc\" data-sfc-cp=\"\" data-sfc-root=\"c\" data-sfc-cb=\"\" data-complete=\"true\"><strong class=\"Yjhzub\" data-sfc-root=\"c\" data-sfc-cb=\"\" data-complete=\"true\">C\u1ea5u tr\u00fac b\u00e1m s\u00e1t \u0111\u1ec1 th\u1eadt:<\/strong>\u00a0C\u00e1c ph\u1ea7n nh\u01b0 Nh\u1eafc l\u1ea1i c\u00e2u, Nghe v\u00e0 tr\u1ea3 l\u1eddi c\u00e2u h\u1ecfi, Nh\u00ecn tranh n\u00f3i, hay Tr\u1ea3 l\u1eddi c\u00e2u h\u1ecfi m\u1edf \u0111\u1ec1u \u0111\u01b0\u1ee3c thi\u1ebft k\u1ebf gi\u1ed1ng h\u1ec7t \u0111\u1ecbnh d\u1ea1ng thi th\u1ef1c t\u1ebf.<\/span><\/li>\n<li class=\"dF3vjf\" data-sfc-root=\"c\" data-sfc-cb=\"\" data-hveid=\"CAEIBhAC\" data-complete=\"true\" data-sae=\"\"><span class=\"T286Pc\" data-sfc-cp=\"\" data-sfc-root=\"c\" data-sfc-cb=\"\" data-complete=\"true\"><strong class=\"Yjhzub\" data-sfc-root=\"c\" data-sfc-cb=\"\" data-complete=\"true\">\u0110\u00e1p \u00e1n tham kh\u1ea3o:<\/strong>\u00a0Ph\u1ea7n cu\u1ed1i s\u00e1ch cung c\u1ea5p c\u00e1c b\u00e0i n\u00f3i m\u1eabu chu\u1ea9n, gi\u00fap b\u1ea1n h\u1ecdc c\u00e1ch tri\u1ec3n khai \u00fd t\u01b0\u1edfng v\u00e0 s\u1eed d\u1ee5ng t\u1eeb v\u1ef1ng cao c\u1ea5p.<\/span><\/li>\n<li class=\"dF3vjf\" data-sfc-root=\"c\" data-sfc-cb=\"\" data-hveid=\"CAEICBAA\" data-complete=\"true\" data-sae=\"\"><span class=\"T286Pc\" data-sfc-cp=\"\" data-sfc-root=\"c\" data-sfc-cb=\"\" data-complete=\"true\"><strong class=\"Yjhzub\" data-sfc-root=\"c\" data-sfc-cb=\"\" data-complete=\"true\">T\u00ednh &#8220;Th\u1ef1c chi\u1ebfn&#8221; cao:<\/strong>\u00a0\u0110\u00fang nh\u01b0 t\u00ean g\u1ecdi, c\u00e1c b\u1ed9 \u0111\u1ec1 \u0111\u01b0\u1ee3c bi\u00ean so\u1ea1n v\u1edbi \u0111\u1ed9 kh\u00f3 r\u1ea5t s\u00e1t v\u1edbi \u0111\u1ec1 thi th\u1eadt c\u1ee7a Hanban. N\u1ebfu l\u00e0m h\u1ebft cu\u1ed1n n\u00e0y, b\u1ea1n s\u1ebd kh\u00f4ng c\u00f2n b\u1ecb b\u1ee1 ng\u1ee1 khi v\u00e0o ph\u00f2ng thi.<\/span><\/li>\n<\/ul>\n","protected":false},"excerpt":{"rendered":"<p>Cu\u1ed1n s\u00e1ch n\u00e0y l\u00e0 m\u1ed9t &#8220;kho \u0111\u1ec1&#8221; th\u1ef1c th\u1ee5 d\u00e0nh cho nh\u1eefng ai mu\u1ed1n luy\u1ec7n k\u1ef9 n\u0103ng n\u00f3i \u0111\u1ec3 l\u1ea5y [&hellip;]<\/p>\n","protected":false},"featured_media":474,"comment_status":"open","ping_status":"closed","template":"","meta":{"site-sidebar-layout":"default","site-content-layout":"","ast-site-content-layout":"default","site-content-style":"default","site-sidebar-style":"default","ast-global-header-display":"","ast-banner-title-visibility":"","ast-main-header-display":"","ast-hfb-above-header-display":"","ast-hfb-below-header-display":"","ast-hfb-mobile-header-display":"","site-post-title":"","ast-breadcrumbs-content":"","ast-featured-img":"","footer-sml-layout":"","ast-disable-related-posts":"","theme-transparent-header-meta":"","adv-header-id-meta":"","stick-header-meta":"","header-above-stick-meta":"","header-main-stick-meta":"","header-below-stick-meta":"","astra-migrate-meta-layouts":"default","ast-page-background-enabled":"default","ast-page-background-meta":{"desktop":{"background-color":"var(--ast-global-color-5)","background-image":"","background-repeat":"repeat","background-position":"center center","background-size":"auto","background-attachment":"scroll","background-type":"","background-media":"","overlay-type":"","overlay-color":"","overlay-opacity":"","overlay-gradient":""},"tablet":{"background-color":"","background-image":"","background-repeat":"repeat","background-position":"center center","background-size":"auto","background-attachment":"scroll","background-type":"","background-media":"","overlay-type":"","overlay-color":"","overlay-opacity":"","overlay-gradient":""},"mobile":{"background-color":"","background-image":"","background-repeat":"repeat","background-position":"center center","background-size":"auto","background-attachment":"scroll","background-type":"","background-media":"","overlay-type":"","overlay-color":"","overlay-opacity":"","overlay-gradient":""}},"ast-content-background-meta":{"desktop":{"background-color":"var(--ast-global-color-4)","background-image":"","background-repeat":"repeat","background-position":"center center","background-size":"auto","background-attachment":"scroll","background-type":"","background-media":"","overlay-type":"","overlay-color":"","overlay-opacity":"","overlay-gradient":""},"tablet":{"background-color":"var(--ast-global-color-4)","background-image":"","background-repeat":"repeat","background-position":"center center","background-size":"auto","background-attachment":"scroll","background-type":"","background-media":"","overlay-type":"","overlay-color":"","overlay-opacity":"","overlay-gradient":""},"mobile":{"background-color":"var(--ast-global-color-4)","background-image":"","background-repeat":"repeat","background-position":"center center","background-size":"auto","background-attachment":"scroll","background-type":"","background-media":"","overlay-type":"","overlay-color":"","overlay-opacity":"","overlay-gradient":""}}},"product_brand":[],"product_cat":[25],"product_tag":[],"class_list":{"0":"post-473","1":"product","2":"type-product","3":"status-publish","4":"has-post-thumbnail","6":"product_cat-sach-tieng-trung","7":"desktop-align-left","8":"tablet-align-left","9":"mobile-align-left","11":"first","12":"instock","13":"sale","14":"taxable","15":"shipping-taxable","16":"purchasable","17":"product-type-simple"},"_links":{"self":[{"href":"https:\/\/lulabookstore.com\/index.php\/wp-json\/wp\/v2\/product\/473","targetHints":{"allow":["GET"]}}],"collection":[{"href":"https:\/\/lulabookstore.com\/index.php\/wp-json\/wp\/v2\/product"}],"about":[{"href":"https:\/\/lulabookstore.com\/index.php\/wp-json\/wp\/v2\/types\/product"}],"replies":[{"embeddable":true,"href":"https:\/\/lulabookstore.com\/index.php\/wp-json\/wp\/v2\/comments?post=473"}],"wp:featuredmedia":[{"embeddable":true,"href":"https:\/\/lulabookstore.com\/index.php\/wp-json\/wp\/v2\/media\/474"}],"wp:attachment":[{"href":"https:\/\/lulabookstore.com\/index.php\/wp-json\/wp\/v2\/media?parent=473"}],"wp:term":[{"taxonomy":"product_brand","embeddable":true,"href":"https:\/\/lulabookstore.com\/index.php\/wp-json\/wp\/v2\/product_brand?post=473"},{"taxonomy":"product_cat","embeddable":true,"href":"https:\/\/lulabookstore.com\/index.php\/wp-json\/wp\/v2\/product_cat?post=473"},{"taxonomy":"product_tag","embeddable":true,"href":"https:\/\/lulabookstore.com\/index.php\/wp-json\/wp\/v2\/product_tag?post=473"}],"curies":[{"name":"wp","href":"https:\/\/api.w.org\/{rel}","templated":true}]}}