{"id":467,"date":"2026-03-22T16:14:52","date_gmt":"2026-03-22T16:14:52","guid":{"rendered":"https:\/\/lulabookstore.com\/?post_type=product&#038;p=467"},"modified":"2026-03-22T16:14:59","modified_gmt":"2026-03-22T16:14:59","slug":"sach-bo-360-cau-giao-tiep-tieng-trung-chuan-hskk","status":"publish","type":"product","link":"https:\/\/lulabookstore.com\/index.php\/san-pham\/sach-bo-360-cau-giao-tiep-tieng-trung-chuan-hskk\/","title":{"rendered":"S\u00e1ch B\u1ed9 360 C\u00e2u Giao Ti\u1ebfp Ti\u1ebfng Trung Chu\u1ea9n HSKK"},"content":{"rendered":"<div class=\"Y3BBE\" data-sfc-cp=\"\" data-sfc-root=\"c\" data-sfc-cb=\"\" data-hveid=\"CAEIBRAA\" data-complete=\"true\" data-processed=\"true\">B\u1ed9 s\u00e1ch g\u1ed3m 4 t\u1eadp, chia th\u00e0nh 60 b\u00e0i h\u1ecdc l\u1edbn. M\u1ed7i t\u1eadp t\u1eadp trung v\u00e0o c\u00e1c t\u00ecnh hu\u1ed1ng giao ti\u1ebfp \u0111\u1eddi th\u01b0\u1eddng:<button class=\"rBl3me\" tabindex=\"0\" data-amic=\"true\" data-icl-uuid=\"3e963182-7ad0-4244-83b4-59badb2f63f3\" aria-label=\"Xem c\u00e1c \u0111\u01b0\u1eddng li\u00ean k\u1ebft c\u00f3 li\u00ean quan\" data-wiz-attrbind=\"disabled=hBdIie_z\/C5gNJc;aria-label=hBdIie_z\/bOjMyf;class=hBdIie_z\/UpSNec\" data-ved=\"2ahUKEwiAydCK8rOTAxXVj68BHSJXEBcQye0OegYIAQgFEAE\" data-hveid=\"CAEIBRAB\"><\/button><\/div>\n<ul class=\"KsbFXc U6u95\" data-sfc-root=\"c\" data-sfc-cb=\"\" data-complete=\"true\" data-processed=\"true\">\n<li class=\"dF3vjf\" data-sfc-root=\"c\" data-sfc-cb=\"\" data-hveid=\"CAEIBhAA\" data-complete=\"true\" data-sae=\"\"><span class=\"T286Pc\" data-sfc-cp=\"\" data-sfc-root=\"c\" data-sfc-cb=\"\" data-complete=\"true\"><strong class=\"Yjhzub\" data-sfc-root=\"c\" data-sfc-cb=\"\" data-complete=\"true\">360 m\u1eabu c\u00e2u c\u01a1 b\u1ea3n:<\/strong>\u00a0M\u1ed7i b\u00e0i h\u1ecdc xoay quanh c\u00e1c m\u1eabu c\u00e2u chu\u1ea9n, d\u1ec5 nh\u1edb, d\u1ec5 \u00e1p d\u1ee5ng.<\/span><\/li>\n<li class=\"dF3vjf\" data-sfc-root=\"c\" data-sfc-cb=\"\" data-hveid=\"CAEIBhAB\" data-complete=\"true\" data-sae=\"\"><span class=\"T286Pc\" data-sfc-cp=\"\" data-sfc-root=\"c\" data-sfc-cb=\"\" data-complete=\"true\"><strong class=\"Yjhzub\" data-sfc-root=\"c\" data-sfc-cb=\"\" data-complete=\"true\">Ch\u1ee7 \u0111\u1ec1 \u0111a d\u1ea1ng:<\/strong>\u00a0T\u1eeb ch\u00e0o h\u1ecfi, gi\u1edbi thi\u1ec7u b\u1ea3n th\u00e2n \u0111\u1ebfn mua s\u1eafm, du l\u1ecbch, c\u00f4ng vi\u1ec7c v\u00e0 c\u00e1c t\u00ecnh hu\u1ed1ng x\u00e3 giao ph\u1ee9c t\u1ea1p h\u01a1n \u1edf c\u00e1c t\u1eadp sau.<\/span><\/li>\n<li class=\"dF3vjf\" data-sfc-root=\"c\" data-sfc-cb=\"\" data-hveid=\"CAEIBhAC\" data-complete=\"true\" data-sae=\"\"><span class=\"T286Pc\" data-sfc-cp=\"\" data-sfc-root=\"c\" data-sfc-cb=\"\" data-complete=\"true\"><strong class=\"Yjhzub\" data-sfc-root=\"c\" data-sfc-cb=\"\" data-complete=\"true\">C\u1ea5u tr\u00fac m\u1ed7i b\u00e0i:<\/strong>\u00a0G\u1ed3m M\u1eabu c\u00e2u -&gt; T\u1eeb m\u1edbi -&gt; H\u1ed9i tho\u1ea1i m\u1eabu -&gt; Ch\u00fa th\u00edch ng\u1eef ph\u00e1p -&gt; B\u00e0i t\u1eadp th\u1ef1c h\u00e0nh.<\/span><button class=\"rBl3me\" tabindex=\"0\" data-amic=\"true\" data-icl-uuid=\"07fd4991-4e21-477f-a367-9f57998072d4\" aria-label=\"Xem c\u00e1c \u0111\u01b0\u1eddng li\u00ean k\u1ebft c\u00f3 li\u00ean quan\" data-wiz-attrbind=\"disabled=hBdIie_1c\/C5gNJc;aria-label=hBdIie_1c\/bOjMyf;class=hBdIie_1c\/UpSNec\" data-ved=\"2ahUKEwiAydCK8rOTAxXVj68BHSJXEBcQye0OegYIAQgGEAM\" data-hveid=\"CAEIBhAD\"><\/button><\/li>\n<\/ul>\n<div class=\"Fsg96\" data-sfc-cp=\"\" data-sfc-root=\"c\" data-sfc-cb=\"\" data-complete=\"true\" data-processed=\"true\">\n<ul class=\"KsbFXc U6u95\" data-sfc-root=\"c\" data-sfc-cb=\"\" data-complete=\"true\" data-processed=\"true\">\n<li class=\"dF3vjf\" data-sfc-root=\"c\" data-sfc-cb=\"\" data-hveid=\"CAEICBAA\" data-complete=\"true\" data-sae=\"\"><span class=\"T286Pc\" data-sfc-cp=\"\" data-sfc-root=\"c\" data-sfc-cb=\"\" data-complete=\"true\"><strong class=\"Yjhzub\" data-sfc-root=\"c\" data-sfc-cb=\"\" data-complete=\"true\">T\u00ednh \u1ee9ng d\u1ee5ng cao:<\/strong>\u00a0S\u00e1ch l\u01b0\u1ee3c b\u1ecf b\u1edbt c\u00e1c ph\u1ea7n l\u00fd thuy\u1ebft h\u1ecdc thu\u1eadt n\u1eb7ng n\u1ec1, t\u1eadp trung t\u1ed1i \u0111a v\u00e0o vi\u1ec7c gi\u00fap ng\u01b0\u1eddi h\u1ecdc\u00a0<strong class=\"Yjhzub\" data-sfc-root=\"c\" data-sfc-cb=\"\" data-complete=\"true\">&#8220;n\u00f3i \u0111\u01b0\u1ee3c ngay&#8221;<\/strong>.<\/span><\/li>\n<li class=\"dF3vjf\" data-sfc-root=\"c\" data-sfc-cb=\"\" data-hveid=\"CAEICBAB\" data-complete=\"true\" data-sae=\"\"><span class=\"T286Pc\" data-sfc-cp=\"\" data-sfc-root=\"c\" data-sfc-cb=\"\" data-complete=\"true\"><strong class=\"Yjhzub\" data-sfc-root=\"c\" data-sfc-cb=\"\" data-complete=\"true\">Tr\u00ecnh b\u00e0y khoa h\u1ecdc:<\/strong>\u00a0C\u00f3 \u0111\u1ea7y \u0111\u1ee7 ch\u1eef H\u00e1n, Phi\u00ean \u00e2m (Pinyin) v\u00e0 gi\u1ea3i ngh\u0129a ti\u1ebfng Anh\/Vi\u1ebft gi\u00fap ng\u01b0\u1eddi h\u1ecdc d\u1ec5 d\u00e0ng t\u1ef1 tra c\u1ee9u.<\/span><\/li>\n<li class=\"dF3vjf\" data-sfc-root=\"c\" data-sfc-cb=\"\" data-hveid=\"CAEICBAC\" data-complete=\"true\" data-sae=\"\"><span class=\"T286Pc\" data-sfc-cp=\"\" data-sfc-root=\"c\" data-sfc-cb=\"\" data-complete=\"true\"><strong class=\"Yjhzub\" data-sfc-root=\"c\" data-sfc-cb=\"\" data-complete=\"true\">Ph\u00f9 h\u1ee3p cho ng\u01b0\u1eddi b\u1eadn r\u1ed9n:<\/strong>\u00a0C\u00e1c b\u00e0i h\u1ecdc ng\u1eafn g\u1ecdn, m\u1ed7i b\u00e0i ch\u1ec9 t\u1eadp trung v\u00e0o m\u1ed9t v\u00e0i t\u00ecnh hu\u1ed1ng c\u1ee5 th\u1ec3, gi\u00fap b\u1ea1n d\u1ec5 d\u00e0ng duy tr\u00ec vi\u1ec7c h\u1ecdc h\u00e0ng ng\u00e0y.<\/span><\/li>\n<li class=\"dF3vjf\" data-sfc-root=\"c\" data-sfc-cb=\"\" data-hveid=\"CAEICBAD\" data-complete=\"true\" data-sae=\"\"><span class=\"T286Pc\" data-sfc-cp=\"\" data-sfc-root=\"c\" data-sfc-cb=\"\" data-complete=\"true\"><strong class=\"Yjhzub\" data-sfc-root=\"c\" data-sfc-cb=\"\" data-complete=\"true\">H\u1ec7 th\u1ed1ng \u00e2m thanh:<\/strong>\u00a0\u0110i k\u00e8m v\u1edbi file nghe chu\u1ea9n, gi\u00fap b\u1ea1n r\u00e8n luy\u1ec7n ng\u1eef \u0111i\u1ec7u v\u00e0 ph\u00e1t \u00e2m t\u1ef1 nhi\u00ean nh\u01b0 ng\u01b0\u1eddi b\u1ea3n x\u1ee9.<\/span><button class=\"rBl3me\" tabindex=\"0\" data-amic=\"true\" data-icl-uuid=\"a011bb95-7761-43f2-91fb-50fb1f1886b3\" aria-label=\"Xem c\u00e1c \u0111\u01b0\u1eddng li\u00ean k\u1ebft c\u00f3 li\u00ean quan\" data-wiz-attrbind=\"disabled=hBdIie_1y\/C5gNJc;aria-label=hBdIie_1y\/bOjMyf;class=hBdIie_1y\/UpSNec\" data-ved=\"2ahUKEwiAydCK8rOTAxXVj68BHSJXEBcQye0OegYIAQgIEAQ\" data-hveid=\"CAEICBAE\"><\/button><\/li>\n<\/ul>\n<div class=\"Fsg96\" data-sfc-cp=\"\" data-sfc-root=\"c\" data-sfc-cb=\"\" data-complete=\"true\" data-processed=\"true\"><\/div>\n<\/div>\n","protected":false},"excerpt":{"rendered":"<p>B\u1ed9 s\u00e1ch g\u1ed3m 4 t\u1eadp, chia th\u00e0nh 60 b\u00e0i h\u1ecdc l\u1edbn. M\u1ed7i t\u1eadp t\u1eadp trung v\u00e0o c\u00e1c t\u00ecnh hu\u1ed1ng giao [&hellip;]<\/p>\n","protected":false},"featured_media":468,"comment_status":"open","ping_status":"closed","template":"","meta":{"site-sidebar-layout":"default","site-content-layout":"","ast-site-content-layout":"default","site-content-style":"default","site-sidebar-style":"default","ast-global-header-display":"","ast-banner-title-visibility":"","ast-main-header-display":"","ast-hfb-above-header-display":"","ast-hfb-below-header-display":"","ast-hfb-mobile-header-display":"","site-post-title":"","ast-breadcrumbs-content":"","ast-featured-img":"","footer-sml-layout":"","ast-disable-related-posts":"","theme-transparent-header-meta":"","adv-header-id-meta":"","stick-header-meta":"","header-above-stick-meta":"","header-main-stick-meta":"","header-below-stick-meta":"","astra-migrate-meta-layouts":"default","ast-page-background-enabled":"default","ast-page-background-meta":{"desktop":{"background-color":"var(--ast-global-color-5)","background-image":"","background-repeat":"repeat","background-position":"center center","background-size":"auto","background-attachment":"scroll","background-type":"","background-media":"","overlay-type":"","overlay-color":"","overlay-opacity":"","overlay-gradient":""},"tablet":{"background-color":"","background-image":"","background-repeat":"repeat","background-position":"center center","background-size":"auto","background-attachment":"scroll","background-type":"","background-media":"","overlay-type":"","overlay-color":"","overlay-opacity":"","overlay-gradient":""},"mobile":{"background-color":"","background-image":"","background-repeat":"repeat","background-position":"center center","background-size":"auto","background-attachment":"scroll","background-type":"","background-media":"","overlay-type":"","overlay-color":"","overlay-opacity":"","overlay-gradient":""}},"ast-content-background-meta":{"desktop":{"background-color":"var(--ast-global-color-4)","background-image":"","background-repeat":"repeat","background-position":"center center","background-size":"auto","background-attachment":"scroll","background-type":"","background-media":"","overlay-type":"","overlay-color":"","overlay-opacity":"","overlay-gradient":""},"tablet":{"background-color":"var(--ast-global-color-4)","background-image":"","background-repeat":"repeat","background-position":"center center","background-size":"auto","background-attachment":"scroll","background-type":"","background-media":"","overlay-type":"","overlay-color":"","overlay-opacity":"","overlay-gradient":""},"mobile":{"background-color":"var(--ast-global-color-4)","background-image":"","background-repeat":"repeat","background-position":"center center","background-size":"auto","background-attachment":"scroll","background-type":"","background-media":"","overlay-type":"","overlay-color":"","overlay-opacity":"","overlay-gradient":""}}},"product_brand":[],"product_cat":[25],"product_tag":[],"class_list":{"0":"post-467","1":"product","2":"type-product","3":"status-publish","4":"has-post-thumbnail","6":"product_cat-sach-tieng-trung","7":"desktop-align-left","8":"tablet-align-left","9":"mobile-align-left","11":"first","12":"instock","13":"sale","14":"taxable","15":"shipping-taxable","16":"purchasable","17":"product-type-variable"},"_links":{"self":[{"href":"https:\/\/lulabookstore.com\/index.php\/wp-json\/wp\/v2\/product\/467","targetHints":{"allow":["GET"]}}],"collection":[{"href":"https:\/\/lulabookstore.com\/index.php\/wp-json\/wp\/v2\/product"}],"about":[{"href":"https:\/\/lulabookstore.com\/index.php\/wp-json\/wp\/v2\/types\/product"}],"replies":[{"embeddable":true,"href":"https:\/\/lulabookstore.com\/index.php\/wp-json\/wp\/v2\/comments?post=467"}],"wp:featuredmedia":[{"embeddable":true,"href":"https:\/\/lulabookstore.com\/index.php\/wp-json\/wp\/v2\/media\/468"}],"wp:attachment":[{"href":"https:\/\/lulabookstore.com\/index.php\/wp-json\/wp\/v2\/media?parent=467"}],"wp:term":[{"taxonomy":"product_brand","embeddable":true,"href":"https:\/\/lulabookstore.com\/index.php\/wp-json\/wp\/v2\/product_brand?post=467"},{"taxonomy":"product_cat","embeddable":true,"href":"https:\/\/lulabookstore.com\/index.php\/wp-json\/wp\/v2\/product_cat?post=467"},{"taxonomy":"product_tag","embeddable":true,"href":"https:\/\/lulabookstore.com\/index.php\/wp-json\/wp\/v2\/product_tag?post=467"}],"curies":[{"name":"wp","href":"https:\/\/api.w.org\/{rel}","templated":true}]}}