{"id":396,"date":"2026-03-21T09:52:43","date_gmt":"2026-03-21T09:52:43","guid":{"rendered":"https:\/\/lulabookstore.com\/?post_type=product&#038;p=396"},"modified":"2026-03-22T10:43:40","modified_gmt":"2026-03-22T10:43:40","slug":"sach-bo-de-thi-xanh-la-hsk-1-hsk-2-hsk-3-hsk-4-hsk-5-hsk-6","status":"publish","type":"product","link":"https:\/\/lulabookstore.com\/index.php\/san-pham\/sach-bo-de-thi-xanh-la-hsk-1-hsk-2-hsk-3-hsk-4-hsk-5-hsk-6\/","title":{"rendered":"S\u00e1ch B\u1ed9 \u0110\u1ec1 Thi Xanh L\u00e1 HSK 1 HSK 2 HSK 3 HSK 4 HSK 5 HSK 6"},"content":{"rendered":"<div class=\"Y3BBE\" data-sfc-cp=\"\" data-sfc-root=\"c\" data-sfc-cb=\"\" data-hveid=\"CAEIBRAA\" data-complete=\"true\" data-processed=\"true\">M\u1ed7i cu\u1ed1n s\u00e1ch t\u1eadp trung ho\u00e0n to\u00e0n v\u00e0o vi\u1ec7c\u00a0<strong class=\"Yjhzub\" data-sfc-root=\"c\" data-sfc-cb=\"\" data-complete=\"true\" data-processed=\"true\">luy\u1ec7n \u0111\u1ec1 thi m\u00f4 ph\u1ecfng<\/strong>, bao g\u1ed3m:<button class=\"rBl3me\" tabindex=\"0\" data-amic=\"true\" data-icl-uuid=\"d64ebbe0-98a3-4c37-be60-975d23c5d5e0\" aria-label=\"Xem c\u00e1c \u0111\u01b0\u1eddng li\u00ean k\u1ebft c\u00f3 li\u00ean quan\" data-wiz-attrbind=\"disabled=WsAHbe_12\/C5gNJc;aria-label=WsAHbe_12\/bOjMyf;class=WsAHbe_12\/UpSNec\" data-ved=\"2ahUKEwjY_eyN2rCTAxWd5TQHHY7oI6wQye0OegYIAQgFEAE\" data-hveid=\"CAEIBRAB\"><\/button><\/div>\n<ul class=\"KsbFXc U6u95\" data-sfc-root=\"c\" data-sfc-cb=\"\" data-complete=\"true\" data-processed=\"true\">\n<li class=\"dF3vjf\" data-sfc-root=\"c\" data-sfc-cb=\"\" data-hveid=\"CAEIBhAA\" data-complete=\"true\" data-sae=\"\"><span class=\"T286Pc\" data-sfc-cp=\"\" data-sfc-root=\"c\" data-sfc-cb=\"\" data-complete=\"true\"><strong class=\"Yjhzub\" data-sfc-root=\"c\" data-sfc-cb=\"\" data-complete=\"true\">10 b\u1ed9 \u0111\u1ec1 thi th\u1eed:<\/strong>\u00a0S\u1ed1 l\u01b0\u1ee3ng \u0111\u1ec1 r\u1ea5t l\u1edbn so v\u1edbi c\u00e1c b\u1ed9 s\u00e1ch kh\u00e1c (th\u01b0\u1eddng ch\u1ec9 c\u00f3 5 \u0111\u1ec1), gi\u00fap b\u1ea1n r\u00e8n luy\u1ec7n c\u01b0\u1eddng \u0111\u1ed9 cao.<\/span><\/li>\n<li class=\"dF3vjf\" data-sfc-root=\"c\" data-sfc-cb=\"\" data-hveid=\"CAEIBhAB\" data-complete=\"true\" data-sae=\"\"><span class=\"T286Pc\" data-sfc-cp=\"\" data-sfc-root=\"c\" data-sfc-cb=\"\" data-complete=\"true\"><strong class=\"Yjhzub\" data-sfc-root=\"c\" data-sfc-cb=\"\" data-complete=\"true\">C\u1ea5u tr\u00fac chu\u1ea9n:<\/strong>\u00a0C\u00e1c \u0111\u1ec1 \u0111\u01b0\u1ee3c thi\u1ebft k\u1ebf b\u00e1m s\u00e1t 100% c\u1ea5u tr\u00fac, d\u1ea1ng b\u00e0i v\u00e0 s\u1ed1 l\u01b0\u1ee3ng c\u00e2u h\u1ecfi c\u1ee7a \u0111\u1ec1 thi th\u1eadt.<\/span><\/li>\n<li class=\"dF3vjf\" data-sfc-root=\"c\" data-sfc-cb=\"\" data-hveid=\"CAEIBhAC\" data-complete=\"true\" data-sae=\"\"><span class=\"T286Pc\" data-sfc-cp=\"\" data-sfc-root=\"c\" data-sfc-cb=\"\" data-complete=\"true\"><strong class=\"Yjhzub\" data-sfc-root=\"c\" data-sfc-cb=\"\" data-complete=\"true\">File nghe \u0111i k\u00e8m:<\/strong>\u00a0Gi\u1ecdng \u0111\u1ecdc v\u00e0 t\u1ed1c \u0111\u1ed9 t\u01b0\u01a1ng \u0111\u1ed3ng v\u1edbi k\u1ef3 thi th\u1ef1c t\u1ebf.<\/span><\/li>\n<li class=\"dF3vjf\" data-sfc-root=\"c\" data-sfc-cb=\"\" data-hveid=\"CAEICBAA\" data-complete=\"true\" data-sae=\"\"><span class=\"T286Pc\" data-sfc-cp=\"\" data-sfc-root=\"c\" data-sfc-cb=\"\" data-complete=\"true\"><strong class=\"Yjhzub\" data-sfc-root=\"c\" data-sfc-cb=\"\" data-complete=\"true\">\u0110\u1ed9 kh\u00f3 c\u1ef1c s\u00e1t:<\/strong>\u00a0B\u1ed9 s\u00e1ch n\u00e0y n\u1ed5i ti\u1ebfng v\u00ec c\u00f3 \u0111\u1ed9 kh\u00f3\u00a0<strong class=\"Yjhzub\" data-sfc-root=\"c\" data-sfc-cb=\"\" data-complete=\"true\">t\u01b0\u01a1ng \u0111\u01b0\u01a1ng ho\u1eb7c cao h\u01a1n \u0111\u1ec1 thi th\u1eadt m\u1ed9t ch\u00fat<\/strong>, gi\u00fap b\u1ea1n kh\u00f4ng b\u1ecb b\u1ee1 ng\u1ee3p khi b\u01b0\u1edbc v\u00e0o ph\u00f2ng thi.<\/span><\/li>\n<li class=\"dF3vjf\" data-sfc-root=\"c\" data-sfc-cb=\"\" data-hveid=\"CAEICBAB\" data-complete=\"true\" data-sae=\"\"><span class=\"T286Pc\" data-sfc-cp=\"\" data-sfc-root=\"c\" data-sfc-cb=\"\" data-complete=\"true\"><strong class=\"Yjhzub\" data-sfc-root=\"c\" data-sfc-cb=\"\" data-complete=\"true\">T\u00ednh th\u1ef1c chi\u1ebfn cao:<\/strong>\u00a0V\u1edbi 10 \u0111\u1ec1 thi, b\u1ea1n c\u00f3 \u0111\u1ee7 t\u00e0i li\u1ec7u \u0111\u1ec3 r\u00e8n luy\u1ec7n k\u1ef9 n\u0103ng qu\u1ea3n l\u00fd th\u1eddi gian v\u00e0 x\u00e2y d\u1ef1ng chi\u1ebfn thu\u1eadt l\u00e0m b\u00e0i cho t\u1eebng ph\u1ea7n.<\/span><\/li>\n<li class=\"dF3vjf\" data-sfc-root=\"c\" data-sfc-cb=\"\" data-hveid=\"CAEICBAC\" data-complete=\"true\" data-sae=\"\"><span class=\"T286Pc\" data-sfc-cp=\"\" data-sfc-root=\"c\" data-sfc-cb=\"\" data-complete=\"true\"><strong class=\"Yjhzub\" data-sfc-root=\"c\" data-sfc-cb=\"\" data-complete=\"true\">C\u1eadp nh\u1eadt t\u1eeb v\u1ef1ng:<\/strong>\u00a0C\u00e1c ch\u1ee7 \u0111\u1ec1 trong b\u00e0i \u0111\u1ecdc v\u00e0 b\u00e0i nghe r\u1ea5t \u0111a d\u1ea1ng, bao qu\u00e1t \u0111\u01b0\u1ee3c l\u01b0\u1ee3ng t\u1eeb v\u1ef1ng tr\u1ecdng t\u00e2m c\u1ee7a t\u1eebng c\u1ea5p \u0111\u1ed9.<\/span><\/li>\n<\/ul>\n","protected":false},"excerpt":{"rendered":"<p>M\u1ed7i cu\u1ed1n s\u00e1ch t\u1eadp trung ho\u00e0n to\u00e0n v\u00e0o vi\u1ec7c\u00a0luy\u1ec7n \u0111\u1ec1 thi m\u00f4 ph\u1ecfng, bao g\u1ed3m: 10 b\u1ed9 \u0111\u1ec1 thi th\u1eed:\u00a0S\u1ed1 [&hellip;]<\/p>\n","protected":false},"featured_media":397,"comment_status":"open","ping_status":"closed","template":"","meta":{"site-sidebar-layout":"default","site-content-layout":"","ast-site-content-layout":"default","site-content-style":"default","site-sidebar-style":"default","ast-global-header-display":"","ast-banner-title-visibility":"","ast-main-header-display":"","ast-hfb-above-header-display":"","ast-hfb-below-header-display":"","ast-hfb-mobile-header-display":"","site-post-title":"","ast-breadcrumbs-content":"","ast-featured-img":"","footer-sml-layout":"","ast-disable-related-posts":"","theme-transparent-header-meta":"","adv-header-id-meta":"","stick-header-meta":"","header-above-stick-meta":"","header-main-stick-meta":"","header-below-stick-meta":"","astra-migrate-meta-layouts":"default","ast-page-background-enabled":"default","ast-page-background-meta":{"desktop":{"background-color":"var(--ast-global-color-5)","background-image":"","background-repeat":"repeat","background-position":"center center","background-size":"auto","background-attachment":"scroll","background-type":"","background-media":"","overlay-type":"","overlay-color":"","overlay-opacity":"","overlay-gradient":""},"tablet":{"background-color":"","background-image":"","background-repeat":"repeat","background-position":"center center","background-size":"auto","background-attachment":"scroll","background-type":"","background-media":"","overlay-type":"","overlay-color":"","overlay-opacity":"","overlay-gradient":""},"mobile":{"background-color":"","background-image":"","background-repeat":"repeat","background-position":"center center","background-size":"auto","background-attachment":"scroll","background-type":"","background-media":"","overlay-type":"","overlay-color":"","overlay-opacity":"","overlay-gradient":""}},"ast-content-background-meta":{"desktop":{"background-color":"var(--ast-global-color-4)","background-image":"","background-repeat":"repeat","background-position":"center center","background-size":"auto","background-attachment":"scroll","background-type":"","background-media":"","overlay-type":"","overlay-color":"","overlay-opacity":"","overlay-gradient":""},"tablet":{"background-color":"var(--ast-global-color-4)","background-image":"","background-repeat":"repeat","background-position":"center center","background-size":"auto","background-attachment":"scroll","background-type":"","background-media":"","overlay-type":"","overlay-color":"","overlay-opacity":"","overlay-gradient":""},"mobile":{"background-color":"var(--ast-global-color-4)","background-image":"","background-repeat":"repeat","background-position":"center center","background-size":"auto","background-attachment":"scroll","background-type":"","background-media":"","overlay-type":"","overlay-color":"","overlay-opacity":"","overlay-gradient":""}}},"product_brand":[],"product_cat":[25],"product_tag":[],"class_list":{"0":"post-396","1":"product","2":"type-product","3":"status-publish","4":"has-post-thumbnail","6":"product_cat-sach-tieng-trung","7":"desktop-align-left","8":"tablet-align-left","9":"mobile-align-left","11":"first","12":"instock","13":"sale","14":"taxable","15":"shipping-taxable","16":"purchasable","17":"product-type-variable"},"_links":{"self":[{"href":"https:\/\/lulabookstore.com\/index.php\/wp-json\/wp\/v2\/product\/396","targetHints":{"allow":["GET"]}}],"collection":[{"href":"https:\/\/lulabookstore.com\/index.php\/wp-json\/wp\/v2\/product"}],"about":[{"href":"https:\/\/lulabookstore.com\/index.php\/wp-json\/wp\/v2\/types\/product"}],"replies":[{"embeddable":true,"href":"https:\/\/lulabookstore.com\/index.php\/wp-json\/wp\/v2\/comments?post=396"}],"wp:featuredmedia":[{"embeddable":true,"href":"https:\/\/lulabookstore.com\/index.php\/wp-json\/wp\/v2\/media\/397"}],"wp:attachment":[{"href":"https:\/\/lulabookstore.com\/index.php\/wp-json\/wp\/v2\/media?parent=396"}],"wp:term":[{"taxonomy":"product_brand","embeddable":true,"href":"https:\/\/lulabookstore.com\/index.php\/wp-json\/wp\/v2\/product_brand?post=396"},{"taxonomy":"product_cat","embeddable":true,"href":"https:\/\/lulabookstore.com\/index.php\/wp-json\/wp\/v2\/product_cat?post=396"},{"taxonomy":"product_tag","embeddable":true,"href":"https:\/\/lulabookstore.com\/index.php\/wp-json\/wp\/v2\/product_tag?post=396"}],"curies":[{"name":"wp","href":"https:\/\/api.w.org\/{rel}","templated":true}]}}