{"id":387,"date":"2026-03-21T09:19:34","date_gmt":"2026-03-21T09:19:34","guid":{"rendered":"https:\/\/lulabookstore.com\/?post_type=product&#038;p=387"},"modified":"2026-03-22T10:45:45","modified_gmt":"2026-03-22T10:45:45","slug":"sach-bo-de-thi-that-hsk-1-hsk-2-hsk-3-hsk-4-hsk-5-hsk-6-nam-2018","status":"publish","type":"product","link":"https:\/\/lulabookstore.com\/index.php\/san-pham\/sach-bo-de-thi-that-hsk-1-hsk-2-hsk-3-hsk-4-hsk-5-hsk-6-nam-2018\/","title":{"rendered":"S\u00e1ch B\u1ed9 \u0110\u1ec1 Thi Th\u1eadt HSK 1 &#8211; HSK 2 &#8211; HSK 3 &#8211; HSK 4 &#8211; HSK 5 &#8211; HSK 6 N\u0103m 2018"},"content":{"rendered":"<div class=\"Y3BBE\" data-sfc-cp=\"\" data-sfc-root=\"c\" data-sfc-cb=\"\" data-hveid=\"CAEIBRAA\" data-complete=\"true\" data-processed=\"true\">M\u1ed7i cu\u1ed1n s\u00e1ch t\u01b0\u01a1ng \u1ee9ng v\u1edbi m\u1ed9t c\u1ea5p \u0111\u1ed9 (t\u1eeb HSK 1 \u0111\u1ebfn HSK 6). N\u1ed9i dung bao g\u1ed3m:<button class=\"rBl3me\" tabindex=\"0\" data-amic=\"true\" data-icl-uuid=\"e7ca259c-5161-4ad8-9c7b-8742248b9779\" aria-label=\"Xem c\u00e1c \u0111\u01b0\u1eddng li\u00ean k\u1ebft c\u00f3 li\u00ean quan\" data-wiz-attrbind=\"disabled=gkZkq_y\/C5gNJc;aria-label=gkZkq_y\/bOjMyf;class=gkZkq_y\/UpSNec\" data-ved=\"2ahUKEwjO9bPAsbCTAxW_0DQHHQrMO5gQye0OegYIAQgFEAE\" data-hveid=\"CAEIBRAB\"><\/button><\/div>\n<ul class=\"KsbFXc U6u95\" data-sfc-root=\"c\" data-sfc-cb=\"\" data-complete=\"true\" data-processed=\"true\">\n<li class=\"dF3vjf\" data-sfc-root=\"c\" data-sfc-cb=\"\" data-hveid=\"CAEIBhAA\" data-complete=\"true\" data-sae=\"\"><span class=\"T286Pc\" data-sfc-cp=\"\" data-sfc-root=\"c\" data-sfc-cb=\"\" data-complete=\"true\"><strong class=\"Yjhzub\" data-sfc-root=\"c\" data-sfc-cb=\"\" data-complete=\"true\">5 \u0111\u1ec1 thi th\u1eadt:<\/strong>\u00a0\u0110\u00e2y l\u00e0 c\u00e1c \u0111\u1ec1 thi \u0111\u00e3 t\u1eebng \u0111\u01b0\u1ee3c s\u1eed d\u1ee5ng trong c\u00e1c k\u1ef3 thi th\u1ef1c t\u1ebf nh\u1eefng n\u0103m tr\u01b0\u1edbc \u0111\u00f3.<\/span><\/li>\n<li class=\"dF3vjf\" data-sfc-root=\"c\" data-sfc-cb=\"\" data-hveid=\"CAEIBhAB\" data-complete=\"true\" data-sae=\"\"><span class=\"T286Pc\" data-sfc-cp=\"\" data-sfc-root=\"c\" data-sfc-cb=\"\" data-complete=\"true\"><strong class=\"Yjhzub\" data-sfc-root=\"c\" data-sfc-cb=\"\" data-complete=\"true\">File nghe chu\u1ea9n:<\/strong>\u00a0Gi\u1ecdng \u0111\u1ecdc, t\u1ed1c \u0111\u1ed9 v\u00e0 kho\u1ea3ng ngh\u1ec9 ho\u00e0n to\u00e0n tr\u00f9ng kh\u1edbp v\u1edbi b\u00e0i thi th\u1eadt.<\/span><\/li>\n<\/ul>\n<ul class=\"KsbFXc U6u95\" data-sfc-root=\"c\" data-sfc-cb=\"\" data-complete=\"true\" data-processed=\"true\">\n<li class=\"dF3vjf\" data-sfc-root=\"c\" data-sfc-cb=\"\" data-hveid=\"CAEICBAA\" data-complete=\"true\" data-sae=\"\"><span class=\"T286Pc\" data-sfc-cp=\"\" data-sfc-root=\"c\" data-sfc-cb=\"\" data-complete=\"true\"><strong class=\"Yjhzub\" data-sfc-root=\"c\" data-sfc-cb=\"\" data-complete=\"true\">\u0110\u1ed9 tin c\u1eady 100%:<\/strong>\u00a0V\u00ec l\u00e0 \u0111\u1ec1 thi th\u1eadt do Hanban (nay l\u00e0 CTI) c\u00f4ng b\u1ed1, \u0111\u00e2y l\u00e0 th\u01b0\u1edbc \u0111o ch\u00ednh x\u00e1c nh\u1ea5t v\u1ec1 tr\u00ecnh \u0111\u1ed9 c\u1ee7a b\u1ea1n tr\u01b0\u1edbc khi \u0111i thi.<\/span><\/li>\n<li class=\"dF3vjf\" data-sfc-root=\"c\" data-sfc-cb=\"\" data-hveid=\"CAEICBAB\" data-complete=\"true\" data-sae=\"\"><span class=\"T286Pc\" data-sfc-cp=\"\" data-sfc-root=\"c\" data-sfc-cb=\"\" data-complete=\"true\"><strong class=\"Yjhzub\" data-sfc-root=\"c\" data-sfc-cb=\"\" data-complete=\"true\">N\u1eafm b\u1eaft &#8220;gu&#8221; ra \u0111\u1ec1:<\/strong>\u00a0Gi\u00fap b\u1ea1n l\u00e0m quen v\u1edbi c\u1ea5u tr\u00fac, c\u00e1ch \u0111\u1eb7t c\u00e2u h\u1ecfi v\u00e0 c\u00e1c b\u1eaby th\u01b0\u1eddng g\u1eb7p c\u1ee7a gi\u00e1m kh\u1ea3o.<\/span><\/li>\n<li class=\"dF3vjf\" data-sfc-root=\"c\" data-sfc-cb=\"\" data-hveid=\"CAEICBAC\" data-complete=\"true\" data-sae=\"\"><span class=\"T286Pc\" data-sfc-cp=\"\" data-sfc-root=\"c\" data-sfc-cb=\"\" data-complete=\"true\"><strong class=\"Yjhzub\" data-sfc-root=\"c\" data-sfc-cb=\"\" data-complete=\"true\">R\u00e8n luy\u1ec7n t\u00e2m l\u00fd:<\/strong>\u00a0L\u00e0m \u0111\u1ec1 thi th\u1eadt d\u01b0\u1edbi \u00e1p l\u1ef1c th\u1eddi gian gi\u00fap b\u1ea1n ki\u1ec3m so\u00e1t t\u1ed1t t\u1ed1c \u0111\u1ed9 l\u00e0m b\u00e0i, tr\u00e1nh vi\u1ec7c b\u1ecb thi\u1ebfu gi\u1edd \u1edf ph\u1ea7n \u0110\u1ecdc ho\u1eb7c Vi\u1ebft.<\/span><\/li>\n<\/ul>\n","protected":false},"excerpt":{"rendered":"<p>M\u1ed7i cu\u1ed1n s\u00e1ch t\u01b0\u01a1ng \u1ee9ng v\u1edbi m\u1ed9t c\u1ea5p \u0111\u1ed9 (t\u1eeb HSK 1 \u0111\u1ebfn HSK 6). N\u1ed9i dung bao g\u1ed3m: 5 [&hellip;]<\/p>\n","protected":false},"featured_media":389,"comment_status":"open","ping_status":"closed","template":"","meta":{"site-sidebar-layout":"default","site-content-layout":"","ast-site-content-layout":"default","site-content-style":"default","site-sidebar-style":"default","ast-global-header-display":"","ast-banner-title-visibility":"","ast-main-header-display":"","ast-hfb-above-header-display":"","ast-hfb-below-header-display":"","ast-hfb-mobile-header-display":"","site-post-title":"","ast-breadcrumbs-content":"","ast-featured-img":"","footer-sml-layout":"","ast-disable-related-posts":"","theme-transparent-header-meta":"","adv-header-id-meta":"","stick-header-meta":"","header-above-stick-meta":"","header-main-stick-meta":"","header-below-stick-meta":"","astra-migrate-meta-layouts":"default","ast-page-background-enabled":"default","ast-page-background-meta":{"desktop":{"background-color":"var(--ast-global-color-5)","background-image":"","background-repeat":"repeat","background-position":"center center","background-size":"auto","background-attachment":"scroll","background-type":"","background-media":"","overlay-type":"","overlay-color":"","overlay-opacity":"","overlay-gradient":""},"tablet":{"background-color":"","background-image":"","background-repeat":"repeat","background-position":"center center","background-size":"auto","background-attachment":"scroll","background-type":"","background-media":"","overlay-type":"","overlay-color":"","overlay-opacity":"","overlay-gradient":""},"mobile":{"background-color":"","background-image":"","background-repeat":"repeat","background-position":"center center","background-size":"auto","background-attachment":"scroll","background-type":"","background-media":"","overlay-type":"","overlay-color":"","overlay-opacity":"","overlay-gradient":""}},"ast-content-background-meta":{"desktop":{"background-color":"var(--ast-global-color-4)","background-image":"","background-repeat":"repeat","background-position":"center center","background-size":"auto","background-attachment":"scroll","background-type":"","background-media":"","overlay-type":"","overlay-color":"","overlay-opacity":"","overlay-gradient":""},"tablet":{"background-color":"var(--ast-global-color-4)","background-image":"","background-repeat":"repeat","background-position":"center center","background-size":"auto","background-attachment":"scroll","background-type":"","background-media":"","overlay-type":"","overlay-color":"","overlay-opacity":"","overlay-gradient":""},"mobile":{"background-color":"var(--ast-global-color-4)","background-image":"","background-repeat":"repeat","background-position":"center center","background-size":"auto","background-attachment":"scroll","background-type":"","background-media":"","overlay-type":"","overlay-color":"","overlay-opacity":"","overlay-gradient":""}}},"product_brand":[],"product_cat":[25],"product_tag":[],"class_list":{"0":"post-387","1":"product","2":"type-product","3":"status-publish","4":"has-post-thumbnail","6":"product_cat-sach-tieng-trung","7":"desktop-align-left","8":"tablet-align-left","9":"mobile-align-left","11":"first","12":"instock","13":"sale","14":"taxable","15":"shipping-taxable","16":"purchasable","17":"product-type-variable"},"_links":{"self":[{"href":"https:\/\/lulabookstore.com\/index.php\/wp-json\/wp\/v2\/product\/387","targetHints":{"allow":["GET"]}}],"collection":[{"href":"https:\/\/lulabookstore.com\/index.php\/wp-json\/wp\/v2\/product"}],"about":[{"href":"https:\/\/lulabookstore.com\/index.php\/wp-json\/wp\/v2\/types\/product"}],"replies":[{"embeddable":true,"href":"https:\/\/lulabookstore.com\/index.php\/wp-json\/wp\/v2\/comments?post=387"}],"wp:featuredmedia":[{"embeddable":true,"href":"https:\/\/lulabookstore.com\/index.php\/wp-json\/wp\/v2\/media\/389"}],"wp:attachment":[{"href":"https:\/\/lulabookstore.com\/index.php\/wp-json\/wp\/v2\/media?parent=387"}],"wp:term":[{"taxonomy":"product_brand","embeddable":true,"href":"https:\/\/lulabookstore.com\/index.php\/wp-json\/wp\/v2\/product_brand?post=387"},{"taxonomy":"product_cat","embeddable":true,"href":"https:\/\/lulabookstore.com\/index.php\/wp-json\/wp\/v2\/product_cat?post=387"},{"taxonomy":"product_tag","embeddable":true,"href":"https:\/\/lulabookstore.com\/index.php\/wp-json\/wp\/v2\/product_tag?post=387"}],"curies":[{"name":"wp","href":"https:\/\/api.w.org\/{rel}","templated":true}]}}