{"id":380,"date":"2026-03-21T05:01:01","date_gmt":"2026-03-21T05:01:01","guid":{"rendered":"https:\/\/lulabookstore.com\/?post_type=product&#038;p=380"},"modified":"2026-03-22T10:46:02","modified_gmt":"2026-03-22T10:46:02","slug":"sach-huong-dan-chuyen-sau-giai-de-hsk-6","status":"publish","type":"product","link":"https:\/\/lulabookstore.com\/index.php\/san-pham\/sach-huong-dan-chuyen-sau-giai-de-hsk-6\/","title":{"rendered":"S\u00e1ch H\u01b0\u1edbng D\u1eabn Chuy\u00ean S\u00e2u Gi\u1ea3i \u0110\u1ec1 HSK 6"},"content":{"rendered":"<div class=\"Y3BBE\" data-sfc-cp=\"\" data-sfc-root=\"c\" data-sfc-cb=\"\" data-hveid=\"CAEIBBAA\" data-processed=\"true\" data-complete=\"true\">B\u1ed9 s\u00e1ch n\u00e0y g\u1ed3m hai cu\u1ed1n chuy\u00ean s\u00e2u cho c\u00e1c k\u1ef9 n\u0103ng kh\u00f3 nh\u1ea5t c\u1ee7a HSK 6:<button class=\"rBl3me\" tabindex=\"0\" data-amic=\"true\" data-icl-uuid=\"14964406-c169-4c15-a378-b2493305f01a\" aria-label=\"Xem c\u00e1c \u0111\u01b0\u1eddng li\u00ean k\u1ebft c\u00f3 li\u00ean quan\" data-wiz-attrbind=\"disabled=YGFKLe_u\/C5gNJc;aria-label=YGFKLe_u\/bOjMyf;class=YGFKLe_u\/UpSNec\" data-ved=\"2ahUKEwjc5NrHl7CTAxV-ZfUHHZbaAEoQye0OegYIAQgEEAE\" data-hveid=\"CAEIBBAB\"><\/button><\/div>\n<ul class=\"KsbFXc U6u95\" data-sfc-root=\"c\" data-sfc-cb=\"\" data-complete=\"true\" data-processed=\"true\">\n<li class=\"dF3vjf\" data-sfc-root=\"c\" data-sfc-cb=\"\" data-hveid=\"CAEIBRAA\" data-complete=\"true\" data-sae=\"\"><span class=\"T286Pc\" data-sfc-cp=\"\" data-sfc-root=\"c\" data-sfc-cb=\"\" data-complete=\"true\"><strong class=\"Yjhzub\" data-sfc-root=\"c\" data-sfc-cb=\"\" data-complete=\"true\">Cu\u1ed1n m\u00e0u \u0111\u1ecf (ph\u1ea3i):<\/strong>\u00a0Gi\u1ea3i \u0111\u1ec1 b\u1ea3o \u0111i\u1ec3n HSK 6 (t\u1ed5ng h\u1ee3p c\u00e1c k\u1ef9 n\u0103ng).<\/span><\/li>\n<li class=\"dF3vjf\" data-sfc-root=\"c\" data-sfc-cb=\"\" data-hveid=\"CAEIBRAB\" data-complete=\"true\" data-sae=\"\"><span class=\"T286Pc\" data-sfc-cp=\"\" data-sfc-root=\"c\" data-sfc-cb=\"\" data-complete=\"true\"><strong class=\"Yjhzub\" data-sfc-root=\"c\" data-sfc-cb=\"\" data-complete=\"true\">Cu\u1ed1n m\u00e0u xanh l\u00e1 (tr\u00e1i):<\/strong>\u00a0Gi\u1ea3i \u0111\u1ec1 b\u1ea3o \u0111i\u1ec3n HSK 6 chuy\u00ean v\u1ec1 k\u1ef9 n\u0103ng\u00a0<strong class=\"Yjhzub\" data-sfc-root=\"c\" data-sfc-cb=\"\" data-complete=\"true\">Vi\u1ebft<\/strong><\/span><\/li>\n<\/ul>\n<p>Cu\u1ed1n s\u00e1ch n\u00e0y \u0111\u01b0\u1ee3c thi\u1ebft k\u1ebf \u0111\u1ec3 gi\u00fap th\u00ed sinh t\u1ef1 \u0111\u00e1nh gi\u00e1 v\u00e0 n\u00e2ng cao n\u0103ng l\u1ef1c th\u00f4ng qua 4 giai \u0111o\u1ea1n:<\/p>\n<ul class=\"KsbFXc U6u95\" data-sfc-root=\"c\" data-sfc-cb=\"\" data-complete=\"true\" data-processed=\"true\">\n<li class=\"dF3vjf\" data-sfc-root=\"c\" data-sfc-cb=\"\" data-hveid=\"CAEICRAA\" data-complete=\"true\" data-sae=\"\"><span class=\"T286Pc\" data-sfc-cp=\"\" data-sfc-root=\"c\" data-sfc-cb=\"\" data-complete=\"true\"><strong class=\"Yjhzub\" data-sfc-root=\"c\" data-sfc-cb=\"\" data-complete=\"true\">Giai \u0111o\u1ea1n 1:<\/strong>\u00a0\u0110\u1ec1 thi m\u00f4 ph\u1ecfng \u0111\u1ec3 t\u1ef1 ki\u1ec3m tra tr\u00ecnh \u0111\u1ed9 hi\u1ec7n t\u1ea1i tr\u01b0\u1edbc khi b\u1eaft \u0111\u1ea7u h\u1ecdc.<\/span><\/li>\n<li class=\"dF3vjf\" data-sfc-root=\"c\" data-sfc-cb=\"\" data-hveid=\"CAEICRAB\" data-complete=\"true\" data-sae=\"\"><span class=\"T286Pc\" data-sfc-cp=\"\" data-sfc-root=\"c\" data-sfc-cb=\"\" data-complete=\"true\"><strong class=\"Yjhzub\" data-sfc-root=\"c\" data-sfc-cb=\"\" data-complete=\"true\">Giai \u0111o\u1ea1n 2 (Ph\u00e2n t\u00edch \u0111i\u1ec3m thi):<\/strong>\u00a0\u0110i s\u00e2u v\u00e0o ph\u00e2n t\u00edch c\u00e1c tr\u1ecdng \u0111i\u1ec3m th\u01b0\u1eddng xuy\u00ean xu\u1ea5t hi\u1ec7n trong \u0111\u1ec1 thi k\u00e8m v\u00ed d\u1ee5 minh h\u1ecda c\u1ee5 th\u1ec3.<\/span><\/li>\n<li class=\"dF3vjf\" data-sfc-root=\"c\" data-sfc-cb=\"\" data-hveid=\"CAEICRAC\" data-complete=\"true\" data-sae=\"\"><span class=\"T286Pc\" data-sfc-cp=\"\" data-sfc-root=\"c\" data-sfc-cb=\"\" data-complete=\"true\"><strong class=\"Yjhzub\" data-sfc-root=\"c\" data-sfc-cb=\"\" data-complete=\"true\">Giai \u0111o\u1ea1n 3 (Luy\u1ec7n t\u1eadp ph\u00e2n m\u00f4n):<\/strong>\u00a0H\u1ec7 th\u1ed1ng b\u00e0i t\u1eadp \u0111\u01b0\u1ee3c chia theo t\u1eebng k\u1ef9 n\u0103ng Nghe, \u0110\u1ecdc v\u00e0 Vi\u1ebft (t\u01b0\u01a1ng \u0111\u01b0\u01a1ng 3 b\u1ed9 \u0111\u1ec1 m\u00f4 ph\u1ecfng) \u0111\u1ec3 ng\u01b0\u1eddi h\u1ecdc l\u1ea5p \u0111\u1ea7y c\u00e1c l\u1ed7 h\u1ed5ng ki\u1ebfn th\u1ee9c.<\/span><\/li>\n<li class=\"dF3vjf\" data-sfc-root=\"c\" data-sfc-cb=\"\" data-hveid=\"CAEICRAD\" data-complete=\"true\" data-sae=\"\"><span class=\"T286Pc\" data-sfc-cp=\"\" data-sfc-root=\"c\" data-sfc-cb=\"\" data-complete=\"true\"><strong class=\"Yjhzub\" data-sfc-root=\"c\" data-sfc-cb=\"\" data-complete=\"true\">Giai \u0111o\u1ea1n 4:<\/strong>\u00a0\u0110\u1ec1 thi m\u00f4 ph\u1ecfng cu\u1ed1i c\u00f9ng \u0111\u1ec3 \u0111o l\u01b0\u1eddng s\u1ef1 ti\u1ebfn b\u1ed9 sau qu\u00e1 tr\u00ecnh h\u1ecdc.<\/span><\/li>\n<\/ul>\n","protected":false},"excerpt":{"rendered":"<p>B\u1ed9 s\u00e1ch n\u00e0y g\u1ed3m hai cu\u1ed1n chuy\u00ean s\u00e2u cho c\u00e1c k\u1ef9 n\u0103ng kh\u00f3 nh\u1ea5t c\u1ee7a HSK 6: Cu\u1ed1n m\u00e0u \u0111\u1ecf [&hellip;]<\/p>\n","protected":false},"featured_media":383,"comment_status":"open","ping_status":"closed","template":"","meta":{"site-sidebar-layout":"default","site-content-layout":"","ast-site-content-layout":"default","site-content-style":"default","site-sidebar-style":"default","ast-global-header-display":"","ast-banner-title-visibility":"","ast-main-header-display":"","ast-hfb-above-header-display":"","ast-hfb-below-header-display":"","ast-hfb-mobile-header-display":"","site-post-title":"","ast-breadcrumbs-content":"","ast-featured-img":"","footer-sml-layout":"","ast-disable-related-posts":"","theme-transparent-header-meta":"","adv-header-id-meta":"","stick-header-meta":"","header-above-stick-meta":"","header-main-stick-meta":"","header-below-stick-meta":"","astra-migrate-meta-layouts":"default","ast-page-background-enabled":"default","ast-page-background-meta":{"desktop":{"background-color":"var(--ast-global-color-5)","background-image":"","background-repeat":"repeat","background-position":"center center","background-size":"auto","background-attachment":"scroll","background-type":"","background-media":"","overlay-type":"","overlay-color":"","overlay-opacity":"","overlay-gradient":""},"tablet":{"background-color":"","background-image":"","background-repeat":"repeat","background-position":"center center","background-size":"auto","background-attachment":"scroll","background-type":"","background-media":"","overlay-type":"","overlay-color":"","overlay-opacity":"","overlay-gradient":""},"mobile":{"background-color":"","background-image":"","background-repeat":"repeat","background-position":"center center","background-size":"auto","background-attachment":"scroll","background-type":"","background-media":"","overlay-type":"","overlay-color":"","overlay-opacity":"","overlay-gradient":""}},"ast-content-background-meta":{"desktop":{"background-color":"var(--ast-global-color-4)","background-image":"","background-repeat":"repeat","background-position":"center center","background-size":"auto","background-attachment":"scroll","background-type":"","background-media":"","overlay-type":"","overlay-color":"","overlay-opacity":"","overlay-gradient":""},"tablet":{"background-color":"var(--ast-global-color-4)","background-image":"","background-repeat":"repeat","background-position":"center center","background-size":"auto","background-attachment":"scroll","background-type":"","background-media":"","overlay-type":"","overlay-color":"","overlay-opacity":"","overlay-gradient":""},"mobile":{"background-color":"var(--ast-global-color-4)","background-image":"","background-repeat":"repeat","background-position":"center center","background-size":"auto","background-attachment":"scroll","background-type":"","background-media":"","overlay-type":"","overlay-color":"","overlay-opacity":"","overlay-gradient":""}}},"product_brand":[],"product_cat":[25],"product_tag":[],"class_list":{"0":"post-380","1":"product","2":"type-product","3":"status-publish","4":"has-post-thumbnail","6":"product_cat-sach-tieng-trung","7":"desktop-align-left","8":"tablet-align-left","9":"mobile-align-left","11":"first","12":"instock","13":"sale","14":"taxable","15":"shipping-taxable","16":"purchasable","17":"product-type-variable"},"_links":{"self":[{"href":"https:\/\/lulabookstore.com\/index.php\/wp-json\/wp\/v2\/product\/380","targetHints":{"allow":["GET"]}}],"collection":[{"href":"https:\/\/lulabookstore.com\/index.php\/wp-json\/wp\/v2\/product"}],"about":[{"href":"https:\/\/lulabookstore.com\/index.php\/wp-json\/wp\/v2\/types\/product"}],"replies":[{"embeddable":true,"href":"https:\/\/lulabookstore.com\/index.php\/wp-json\/wp\/v2\/comments?post=380"}],"wp:featuredmedia":[{"embeddable":true,"href":"https:\/\/lulabookstore.com\/index.php\/wp-json\/wp\/v2\/media\/383"}],"wp:attachment":[{"href":"https:\/\/lulabookstore.com\/index.php\/wp-json\/wp\/v2\/media?parent=380"}],"wp:term":[{"taxonomy":"product_brand","embeddable":true,"href":"https:\/\/lulabookstore.com\/index.php\/wp-json\/wp\/v2\/product_brand?post=380"},{"taxonomy":"product_cat","embeddable":true,"href":"https:\/\/lulabookstore.com\/index.php\/wp-json\/wp\/v2\/product_cat?post=380"},{"taxonomy":"product_tag","embeddable":true,"href":"https:\/\/lulabookstore.com\/index.php\/wp-json\/wp\/v2\/product_tag?post=380"}],"curies":[{"name":"wp","href":"https:\/\/api.w.org\/{rel}","templated":true}]}}