{"id":373,"date":"2026-03-20T20:08:27","date_gmt":"2026-03-20T20:08:27","guid":{"rendered":"https:\/\/lulabookstore.com\/?post_type=product&#038;p=373"},"modified":"2026-03-22T10:46:15","modified_gmt":"2026-03-22T10:46:15","slug":"sach-hacker-toeic-2-rc-lc-kem-file-nghe","status":"publish","type":"product","link":"https:\/\/lulabookstore.com\/index.php\/san-pham\/sach-hacker-toeic-2-rc-lc-kem-file-nghe\/","title":{"rendered":"S\u00e1ch Hacker TOEIC 2 RC LC K\u00e8m File Nghe"},"content":{"rendered":"<p><span data-sfc-root=\"c\" data-wiz-uids=\"nvBjy_e\" data-sfc-cb=\"\"><a class=\"GI370e\" href=\"https:\/\/www.google.com\/search?q=Hacker+TOEIC+Vol+2+%28LC%2BRC%29&amp;sca_esv=9168363fdbf9efb6&amp;rlz=1C5CHFA_enVN1134VN1137&amp;ei=t3O9adbQNPHg2roPgNmU2QY&amp;biw=1288&amp;bih=1245&amp;ved=2ahUKEwiHkubIo6-TAxUGiK8BHSpYKC8QgK4QegQIARAB&amp;uact=5&amp;oq=review+hacker+toeic+2&amp;gs_lp=Egxnd3Mtd2l6LXNlcnAiFXJldmlldyBoYWNrZXIgdG9laWMgMjIKEAAYsAMY1gQYRzIKEAAYsAMY1gQYRzIKEAAYsAMY1gQYRzIKEAAYsAMY1gQYRzIKEAAYsAMY1gQYRzIKEAAYsAMY1gQYRzIKEAAYsAMY1gQYRzIKEAAYsAMY1gQYR0jsDlDEBljMC3ABeAGQAQCYAQCgAQCqAQC4AQPIAQD4AQGYAgGgAguYAwCIBgGQBgiSBwExoAcAsgcAuAcAwgcDMy0xyAcIgAgA&amp;sclient=gws-wiz-serp\" data-ved=\"2ahUKEwiHkubIo6-TAxUGiK8BHSpYKC8QgK4QegQIARAB\" data-hveid=\"CAEQAQ\">Hacker TOEIC Vol 2 (LC+RC)<\/a><\/span>\u00a0<mark class=\"HxTRcb\" data-sfc-root=\"c\" data-sfc-cb=\"\">l\u00e0 b\u1ed9 t\u00e0i li\u1ec7u luy\u1ec7n thi ch\u1ea5t l\u01b0\u1ee3ng cao, \u0111\u1ed9 kh\u00f3 t\u01b0\u01a1ng \u0111\u01b0\u01a1ng ho\u1eb7c nh\u1ec9nh h\u01a1n \u0111\u1ec1 thi th\u1eadt m\u1ed9t ch\u00fat (t\u01b0\u01a1ng \u0111\u01b0\u01a1ng 650-850+ \u0111i\u1ec3m), ph\u00f9 h\u1ee3p cho giai \u0111o\u1ea1n n\u01b0\u1edbc r\u00fat<\/mark>. B\u1ed9 s\u00e1ch n\u1ed5i b\u1eadt v\u1edbi t\u1eeb v\u1ef1ng \u0111a d\u1ea1ng, b\u00e1m s\u00e1t \u0111\u1ec1 thi th\u1ef1c t\u1ebf t\u1ea1i IIG, \u0111\u1eb7c bi\u1ec7t ch\u00fa tr\u1ecdng n\u00e2ng cao k\u1ef9 n\u0103ng t\u01b0 duy v\u00e0 x\u1eed l\u00fd b\u1eaby \u1edf c\u00e1c part kh\u00f3 (Part 3, 4, 7).<\/p>\n<ul class=\"KsbFXc U6u95\" data-sfc-root=\"c\" data-sfc-cb=\"\" data-processed=\"true\">\n<li class=\"dF3vjf\" data-sfc-root=\"c\" data-sfc-cb=\"\" data-hveid=\"CAMQAA\" data-processed=\"true\"><span class=\"T286Pc\" data-sfc-cp=\"\" data-sfc-root=\"c\" data-sfc-cb=\"\" data-processed=\"true\"><strong class=\"Yjhzub\" data-sfc-root=\"c\" data-sfc-cb=\"\" data-processed=\"true\">\u0110\u1ed9 kh\u00f3:<\/strong>\u00a0Cao h\u01a1n \u0111\u1ec1 thi th\u1eadt m\u1ed9t ch\u00fat, r\u1ea5t t\u1ed1t \u0111\u1ec3 r\u00e8n luy\u1ec7n t\u01b0 duy v\u00e0 n\u00e2ng band \u0111i\u1ec3m cho ng\u01b0\u1eddi \u0111\u00e3 c\u00f3 n\u1ec1n t\u1ea3ng.<\/span><\/li>\n<li class=\"dF3vjf\" data-sfc-root=\"c\" data-sfc-cb=\"\" data-hveid=\"CAMQAQ\" data-processed=\"true\"><span class=\"T286Pc\" data-sfc-cp=\"\" data-sfc-root=\"c\" data-sfc-cb=\"\" data-processed=\"true\"><strong class=\"Yjhzub\" data-sfc-root=\"c\" data-sfc-cb=\"\" data-processed=\"true\">Listening (LC):<\/strong>\u00a0Gi\u1ecdng \u0111\u1ecdc \u0111a d\u1ea1ng, t\u1ed1c \u0111\u1ed9 nhanh, nhi\u1ec1u t\u1eeb m\u1edbi v\u00e0 b\u1eaby t\u01b0 duy, \u0111\u00f2i h\u1ecfi k\u1ef9 n\u0103ng nghe v\u1eefng.<\/span><\/li>\n<li class=\"dF3vjf\" data-sfc-root=\"c\" data-sfc-cb=\"\" data-hveid=\"CAMQAg\" data-processed=\"true\"><span class=\"T286Pc\" data-sfc-cp=\"\" data-sfc-root=\"c\" data-sfc-cb=\"\" data-processed=\"true\"><strong class=\"Yjhzub\" data-sfc-root=\"c\" data-sfc-cb=\"\" data-processed=\"true\">Reading (RC):<\/strong>\u00a0Ch\u1ee9a nhi\u1ec1u c\u00e2u ng\u1eef ph\u00e1p \u00edt g\u1eb7p, t\u1eeb v\u1ef1ng kh\u00f3, b\u00e0i \u0111\u1ecdc d\u00e0i v\u00e0 s\u00e2u, gi\u00fap luy\u1ec7n t\u1ed1c \u0111\u1ed9 v\u00e0 \u0111\u1ed9 ch\u00ednh x\u00e1c.<\/span><\/li>\n<li class=\"dF3vjf\" data-sfc-root=\"c\" data-sfc-cb=\"\" data-hveid=\"CAMQAw\" data-processed=\"true\"><span class=\"T286Pc\" data-sfc-cp=\"\" data-sfc-root=\"c\" data-sfc-cb=\"\" data-processed=\"true\"><strong class=\"Yjhzub\" data-sfc-root=\"c\" data-sfc-cb=\"\" data-processed=\"true\">C\u1ea5u tr\u00fac:<\/strong>\u00a0G\u1ed3m 10 \u0111\u1ec1 thi, b\u00e1m s\u00e1t \u0111\u1ecbnh d\u1ea1ng m\u1edbi c\u1ee7a ETS.<\/span><\/li>\n<\/ul>\n","protected":false},"excerpt":{"rendered":"<p>Hacker TOEIC Vol 2 (LC+RC)\u00a0l\u00e0 b\u1ed9 t\u00e0i li\u1ec7u luy\u1ec7n thi ch\u1ea5t l\u01b0\u1ee3ng cao, \u0111\u1ed9 kh\u00f3 t\u01b0\u01a1ng \u0111\u01b0\u01a1ng ho\u1eb7c nh\u1ec9nh h\u01a1n [&hellip;]<\/p>\n","protected":false},"featured_media":374,"comment_status":"open","ping_status":"closed","template":"","meta":{"site-sidebar-layout":"default","site-content-layout":"","ast-site-content-layout":"default","site-content-style":"default","site-sidebar-style":"default","ast-global-header-display":"","ast-banner-title-visibility":"","ast-main-header-display":"","ast-hfb-above-header-display":"","ast-hfb-below-header-display":"","ast-hfb-mobile-header-display":"","site-post-title":"","ast-breadcrumbs-content":"","ast-featured-img":"","footer-sml-layout":"","ast-disable-related-posts":"","theme-transparent-header-meta":"","adv-header-id-meta":"","stick-header-meta":"","header-above-stick-meta":"","header-main-stick-meta":"","header-below-stick-meta":"","astra-migrate-meta-layouts":"default","ast-page-background-enabled":"default","ast-page-background-meta":{"desktop":{"background-color":"var(--ast-global-color-5)","background-image":"","background-repeat":"repeat","background-position":"center center","background-size":"auto","background-attachment":"scroll","background-type":"","background-media":"","overlay-type":"","overlay-color":"","overlay-opacity":"","overlay-gradient":""},"tablet":{"background-color":"","background-image":"","background-repeat":"repeat","background-position":"center center","background-size":"auto","background-attachment":"scroll","background-type":"","background-media":"","overlay-type":"","overlay-color":"","overlay-opacity":"","overlay-gradient":""},"mobile":{"background-color":"","background-image":"","background-repeat":"repeat","background-position":"center center","background-size":"auto","background-attachment":"scroll","background-type":"","background-media":"","overlay-type":"","overlay-color":"","overlay-opacity":"","overlay-gradient":""}},"ast-content-background-meta":{"desktop":{"background-color":"var(--ast-global-color-4)","background-image":"","background-repeat":"repeat","background-position":"center center","background-size":"auto","background-attachment":"scroll","background-type":"","background-media":"","overlay-type":"","overlay-color":"","overlay-opacity":"","overlay-gradient":""},"tablet":{"background-color":"var(--ast-global-color-4)","background-image":"","background-repeat":"repeat","background-position":"center center","background-size":"auto","background-attachment":"scroll","background-type":"","background-media":"","overlay-type":"","overlay-color":"","overlay-opacity":"","overlay-gradient":""},"mobile":{"background-color":"var(--ast-global-color-4)","background-image":"","background-repeat":"repeat","background-position":"center center","background-size":"auto","background-attachment":"scroll","background-type":"","background-media":"","overlay-type":"","overlay-color":"","overlay-opacity":"","overlay-gradient":""}}},"product_brand":[],"product_cat":[23],"product_tag":[],"class_list":{"0":"post-373","1":"product","2":"type-product","3":"status-publish","4":"has-post-thumbnail","6":"product_cat-sach-toeic","7":"desktop-align-left","8":"tablet-align-left","9":"mobile-align-left","11":"first","12":"instock","13":"sale","14":"taxable","15":"shipping-taxable","16":"purchasable","17":"product-type-variable"},"_links":{"self":[{"href":"https:\/\/lulabookstore.com\/index.php\/wp-json\/wp\/v2\/product\/373","targetHints":{"allow":["GET"]}}],"collection":[{"href":"https:\/\/lulabookstore.com\/index.php\/wp-json\/wp\/v2\/product"}],"about":[{"href":"https:\/\/lulabookstore.com\/index.php\/wp-json\/wp\/v2\/types\/product"}],"replies":[{"embeddable":true,"href":"https:\/\/lulabookstore.com\/index.php\/wp-json\/wp\/v2\/comments?post=373"}],"wp:featuredmedia":[{"embeddable":true,"href":"https:\/\/lulabookstore.com\/index.php\/wp-json\/wp\/v2\/media\/374"}],"wp:attachment":[{"href":"https:\/\/lulabookstore.com\/index.php\/wp-json\/wp\/v2\/media?parent=373"}],"wp:term":[{"taxonomy":"product_brand","embeddable":true,"href":"https:\/\/lulabookstore.com\/index.php\/wp-json\/wp\/v2\/product_brand?post=373"},{"taxonomy":"product_cat","embeddable":true,"href":"https:\/\/lulabookstore.com\/index.php\/wp-json\/wp\/v2\/product_cat?post=373"},{"taxonomy":"product_tag","embeddable":true,"href":"https:\/\/lulabookstore.com\/index.php\/wp-json\/wp\/v2\/product_tag?post=373"}],"curies":[{"name":"wp","href":"https:\/\/api.w.org\/{rel}","templated":true}]}}