{"id":352,"date":"2026-03-20T18:09:37","date_gmt":"2026-03-20T18:09:37","guid":{"rendered":"https:\/\/lulabookstore.com\/?post_type=product&#038;p=352"},"modified":"2026-03-22T10:46:54","modified_gmt":"2026-03-22T10:46:54","slug":"sach-tinh-gian-tinh-luyen-ngu-phap-hsk-5-hsk-6","status":"publish","type":"product","link":"https:\/\/lulabookstore.com\/index.php\/san-pham\/sach-tinh-gian-tinh-luyen-ngu-phap-hsk-5-hsk-6\/","title":{"rendered":"S\u00e1ch Tinh Gi\u1ea3n Tinh Luy\u1ec7n Ng\u1eef Ph\u00e1p HSK 5 HSK 6"},"content":{"rendered":"<div class=\"Y3BBE\" data-sfc-cp=\"\" data-sfc-root=\"c\" data-sfc-cb=\"\" data-hveid=\"CAEIBBAA\" data-complete=\"true\" data-processed=\"true\">\u0110\u00e2y l\u00e0 b\u1ed9 s\u00e1ch chuy\u00ean s\u00e2u v\u1ec1 ng\u1eef ph\u00e1p d\u00e0nh cho c\u00e1c s\u0129 t\u1eed \u0111ang chu\u1ea9n b\u1ecb b\u01b0\u1edbc v\u00e0o k\u1ef3 thi HSK cao c\u1ea5p. D\u01b0\u1edbi \u0111\u00e2y l\u00e0 review chi ti\u1ebft cho hai c\u1ea5p \u0111\u1ed9 n\u00e0y:<button class=\"rBl3me\" tabindex=\"0\" data-amic=\"true\" data-icl-uuid=\"3f1cdbac-fc2c-4fa4-ae0a-338c9e580f69\" aria-label=\"Xem c\u00e1c \u0111\u01b0\u1eddng li\u00ean k\u1ebft c\u00f3 li\u00ean quan\" data-wiz-attrbind=\"disabled=q5vwsf_t\/C5gNJc;aria-label=q5vwsf_t\/bOjMyf;class=q5vwsf_t\/UpSNec\" data-ved=\"2ahUKEwij8JjUiK-TAxUYZvUHHT3dJRQQye0OegYIAQgEEAE\" data-hveid=\"CAEIBBAB\"><\/button><\/div>\n<div class=\"Fsg96\" data-sfc-cp=\"\" data-sfc-root=\"c\" data-sfc-cb=\"\" data-complete=\"true\" data-processed=\"true\"><\/div>\n<div class=\"AdPoic\" role=\"heading\" aria-level=\"3\" data-animation-nesting=\"\" data-sfc-cp=\"\" data-sfc-root=\"c\" data-sfc-cb=\"\" data-complete=\"true\" data-processed=\"true\" data-sae=\"\">1. Cu\u1ed1n m\u00e0u t\u00edm: C\u1ea5p \u0111\u1ed9 6 (\u65b0HSK\u8bed\u6cd5\u7cbe\u8bb2\u7cbe\u7ec3 6\u7ea7)<button class=\"rBl3me\" tabindex=\"0\" data-amic=\"true\" data-icl-uuid=\"9475915b-87c6-4f8c-8936-2419cecd965f\" aria-label=\"Xem c\u00e1c \u0111\u01b0\u1eddng li\u00ean k\u1ebft c\u00f3 li\u00ean quan\" data-wiz-attrbind=\"disabled=q5vwsf_y\/C5gNJc;aria-label=q5vwsf_y\/bOjMyf;class=q5vwsf_y\/UpSNec\" data-ved=\"2ahUKEwij8JjUiK-TAxUYZvUHHT3dJRQQye0OegYIAQgFEAA\" data-hveid=\"CAEIBRAA\"><\/button><\/div>\n<div class=\"Y3BBE\" data-sfc-cp=\"\" data-sfc-root=\"c\" data-sfc-cb=\"\" data-hveid=\"CAEIBhAA\" data-complete=\"true\" data-processed=\"true\">Cu\u1ed1n s\u00e1ch n\u00e0y l\u00e0 &#8220;v\u0169 kh\u00ed&#8221; \u0111\u1eafc l\u1ef1c \u0111\u1ec3 x\u1eed l\u00fd ph\u1ea7n kh\u00f3 nh\u1ea5t trong \u0111\u1ec1 thi HSK 6 \u2013 ph\u1ea7n\u00a0<strong class=\"Yjhzub\" data-sfc-root=\"c\" data-sfc-cb=\"\" data-complete=\"true\" data-processed=\"true\">t\u00ecm l\u1ed7i sai trong c\u00e2u (\u75c5\u53e5)<\/strong>.<\/div>\n<div data-sfc-cp=\"\" data-sfc-root=\"c\" data-sfc-cb=\"\" data-hveid=\"CAEIBhAA\" data-complete=\"true\" data-processed=\"true\">\n<ul class=\"KsbFXc U6u95\" data-sfc-root=\"c\" data-sfc-cb=\"\" data-complete=\"true\" data-processed=\"true\">\n<li class=\"dF3vjf\" data-sfc-root=\"c\" data-sfc-cb=\"\" data-hveid=\"CAEIBxAA\" data-complete=\"true\" data-sae=\"\"><span class=\"T286Pc\" data-sfc-cp=\"\" data-sfc-root=\"c\" data-sfc-cb=\"\" data-complete=\"true\"><strong class=\"Yjhzub\" data-sfc-root=\"c\" data-sfc-cb=\"\" data-complete=\"true\">N\u1ed9i dung:<\/strong>\u00a0G\u1ed3m 4 ch\u01b0\u01a1ng ch\u00ednh ph\u00e2n t\u00edch k\u1ef9 l\u01b0\u1ee1ng c\u00e1ch d\u00f9ng c\u00e1c t\u1eeb lo\u1ea1i (\u0111\u1ed9ng t\u1eeb, ph\u00f3 t\u1eeb, s\u1ed1 t\u1eeb&#8230;) v\u00e0 c\u00e1c c\u1ea5u tr\u00fac c\u00e2u ph\u1ee9c t\u1ea1p th\u01b0\u1eddng xu\u1ea5t hi\u1ec7n \u1edf tr\u00ecnh \u0111\u1ed9 cao c\u1ea5p.<\/span><\/li>\n<li class=\"dF3vjf\" data-sfc-root=\"c\" data-sfc-cb=\"\" data-hveid=\"CAEIBxAB\" data-complete=\"true\" data-sae=\"\"><span class=\"T286Pc\" data-sfc-cp=\"\" data-sfc-root=\"c\" data-sfc-cb=\"\" data-complete=\"true\"><strong class=\"Yjhzub\" data-sfc-root=\"c\" data-sfc-cb=\"\" data-complete=\"true\">\u0110i\u1ec3m m\u1ea1nh:<\/strong>\u00a0Gi\u1ea3i th\u00edch r\u1ea5t chi ti\u1ebft, c\u00f3 ph\u1ea7n ph\u00e2n t\u00edch c\u00e1c c\u1eb7p t\u1eeb d\u1ec5 nh\u1ea7m l\u1eabn v\u00e0 ch\u1ec9 ra c\u00e1c l\u1ed7i sai kinh \u0111i\u1ec3n m\u00e0 th\u00ed sinh hay m\u1eafc ph\u1ea3i.<\/span><\/li>\n<li class=\"dF3vjf\" data-sfc-root=\"c\" data-sfc-cb=\"\" data-hveid=\"CAEIBxAC\" data-complete=\"true\" data-sae=\"\"><span class=\"T286Pc\" data-sfc-cp=\"\" data-sfc-root=\"c\" data-sfc-cb=\"\" data-complete=\"true\"><strong class=\"Yjhzub\" data-sfc-root=\"c\" data-sfc-cb=\"\" data-complete=\"true\">\u0110\u00e1nh gi\u00e1:<\/strong> Ph\u00f9 h\u1ee3p cho nh\u1eefng ai mu\u1ed1n b\u1ee9t ph\u00e1 \u0111i\u1ec3m s\u1ed1 \u0111\u1ecdc hi\u1ec3u v\u00e0 vi\u1ebft b\u00e0i lu\u1eadn HSK 6.<\/span><\/li>\n<\/ul>\n<div class=\"AdPoic\" role=\"heading\" aria-level=\"3\" data-animation-nesting=\"\" data-sfc-cp=\"\" data-sfc-root=\"c\" data-sfc-cb=\"\" data-complete=\"true\" data-processed=\"true\" data-sae=\"\">2. Cu\u1ed1n m\u00e0u cam: C\u1ea5p \u0111\u1ed9 5 (\u65b0HSK\u8bed\u6cd5\u7cbe\u8bb2\u7cbe\u7ec3 5\u7ea7)<button class=\"rBl3me\" tabindex=\"0\" data-amic=\"true\" data-icl-uuid=\"bb3315da-b414-47c1-b96c-0486c3982f01\" aria-label=\"Xem c\u00e1c \u0111\u01b0\u1eddng li\u00ean k\u1ebft c\u00f3 li\u00ean quan\" data-wiz-attrbind=\"disabled=q5vwsf_1q\/C5gNJc;aria-label=q5vwsf_1q\/bOjMyf;class=q5vwsf_1q\/UpSNec\" data-ved=\"2ahUKEwij8JjUiK-TAxUYZvUHHT3dJRQQye0OegYIAQgIEAA\" data-hveid=\"CAEICBAA\"><\/button><\/div>\n<div class=\"Y3BBE\" data-sfc-cp=\"\" data-sfc-root=\"c\" data-sfc-cb=\"\" data-hveid=\"CAEICRAA\" data-complete=\"true\" data-processed=\"true\">Cu\u1ed1n s\u00e1ch n\u00e0y d\u00e0nh cho nh\u1eefng b\u1ea1n \u0111ang \u1edf tr\u00ecnh \u0111\u1ed9 trung-cao c\u1ea5p, m\u1ee5c ti\u00eau n\u1eafm v\u1eefng 2500 t\u1eeb v\u1ef1ng v\u00e0 c\u00e1c c\u1ea5u tr\u00fac c\u00e2u linh ho\u1ea1t.<\/div>\n<div data-sfc-cp=\"\" data-sfc-root=\"c\" data-sfc-cb=\"\" data-hveid=\"CAEICRAA\" data-complete=\"true\" data-processed=\"true\">\n<ul class=\"KsbFXc U6u95\" data-sfc-root=\"c\" data-sfc-cb=\"\" data-complete=\"true\" data-processed=\"true\">\n<li class=\"dF3vjf\" data-sfc-root=\"c\" data-sfc-cb=\"\" data-hveid=\"CAEIChAA\" data-complete=\"true\" data-sae=\"\"><span class=\"T286Pc\" data-sfc-cp=\"\" data-sfc-root=\"c\" data-sfc-cb=\"\" data-complete=\"true\"><strong class=\"Yjhzub\" data-sfc-root=\"c\" data-sfc-cb=\"\" data-complete=\"true\">\u0110\u1eb7c \u0111i\u1ec3m:<\/strong>\u00a0H\u1ec7 th\u1ed1ng l\u1ea1i to\u00e0n b\u1ed9 c\u00e1c \u0111i\u1ec3m ng\u1eef ph\u00e1p tr\u1ecdng t\u00e2m c\u1ee7a HSK 5 m\u1ed9t c\u00e1ch khoa h\u1ecdc.<\/span><\/li>\n<li class=\"dF3vjf\" data-sfc-root=\"c\" data-sfc-cb=\"\" data-hveid=\"CAEIChAB\" data-complete=\"true\" data-sae=\"\"><span class=\"T286Pc\" data-sfc-cp=\"\" data-sfc-root=\"c\" data-sfc-cb=\"\" data-complete=\"true\"><strong class=\"Yjhzub\" data-sfc-root=\"c\" data-sfc-cb=\"\" data-complete=\"true\">Luy\u1ec7n t\u1eadp:<\/strong>\u00a0\u0110i k\u00e8m l\u01b0\u1ee3ng b\u00e0i t\u1eadp th\u1ef1c h\u00e0nh phong ph\u00fa, gi\u00fap b\u1ea1n c\u1ee7ng c\u1ed1 ki\u1ebfn th\u1ee9c ngay sau m\u1ed7i ch\u1ee7 \u0111i\u1ec3m l\u00fd thuy\u1ebft.<\/span><\/li>\n<li class=\"dF3vjf\" data-sfc-root=\"c\" data-sfc-cb=\"\" data-hveid=\"CAEIChAC\" data-complete=\"true\" data-sae=\"\"><span class=\"T286Pc\" data-sfc-cp=\"\" data-sfc-root=\"c\" data-sfc-cb=\"\" data-complete=\"true\"><strong class=\"Yjhzub\" data-sfc-root=\"c\" data-sfc-cb=\"\" data-complete=\"true\">\u0110\u00e1nh gi\u00e1:<\/strong> \u0110\u01b0\u1ee3c ng\u01b0\u1eddi h\u1ecdc nh\u1eadn x\u00e9t l\u00e0 &#8220;kh\u00e1 kh\u00f3 nh\u01b0ng r\u1ea5t \u0111\u00e1ng luy\u1ec7n&#8221; \u0111\u1ec3 \u0111\u1ea1t \u0111\u01b0\u1ee3c m\u1ee9c \u0111i\u1ec3m an to\u00e0n ho\u1eb7c \u0111i\u1ec3m cao trong k\u1ef3 thi th\u1eadt.<\/span><\/li>\n<\/ul>\n<\/div>\n<\/div>\n","protected":false},"excerpt":{"rendered":"<p>\u0110\u00e2y l\u00e0 b\u1ed9 s\u00e1ch chuy\u00ean s\u00e2u v\u1ec1 ng\u1eef ph\u00e1p d\u00e0nh cho c\u00e1c s\u0129 t\u1eed \u0111ang chu\u1ea9n b\u1ecb b\u01b0\u1edbc v\u00e0o k\u1ef3 [&hellip;]<\/p>\n","protected":false},"featured_media":353,"comment_status":"open","ping_status":"closed","template":"","meta":{"site-sidebar-layout":"default","site-content-layout":"","ast-site-content-layout":"default","site-content-style":"default","site-sidebar-style":"default","ast-global-header-display":"","ast-banner-title-visibility":"","ast-main-header-display":"","ast-hfb-above-header-display":"","ast-hfb-below-header-display":"","ast-hfb-mobile-header-display":"","site-post-title":"","ast-breadcrumbs-content":"","ast-featured-img":"","footer-sml-layout":"","ast-disable-related-posts":"","theme-transparent-header-meta":"","adv-header-id-meta":"","stick-header-meta":"","header-above-stick-meta":"","header-main-stick-meta":"","header-below-stick-meta":"","astra-migrate-meta-layouts":"default","ast-page-background-enabled":"default","ast-page-background-meta":{"desktop":{"background-color":"var(--ast-global-color-5)","background-image":"","background-repeat":"repeat","background-position":"center center","background-size":"auto","background-attachment":"scroll","background-type":"","background-media":"","overlay-type":"","overlay-color":"","overlay-opacity":"","overlay-gradient":""},"tablet":{"background-color":"","background-image":"","background-repeat":"repeat","background-position":"center center","background-size":"auto","background-attachment":"scroll","background-type":"","background-media":"","overlay-type":"","overlay-color":"","overlay-opacity":"","overlay-gradient":""},"mobile":{"background-color":"","background-image":"","background-repeat":"repeat","background-position":"center center","background-size":"auto","background-attachment":"scroll","background-type":"","background-media":"","overlay-type":"","overlay-color":"","overlay-opacity":"","overlay-gradient":""}},"ast-content-background-meta":{"desktop":{"background-color":"var(--ast-global-color-4)","background-image":"","background-repeat":"repeat","background-position":"center center","background-size":"auto","background-attachment":"scroll","background-type":"","background-media":"","overlay-type":"","overlay-color":"","overlay-opacity":"","overlay-gradient":""},"tablet":{"background-color":"var(--ast-global-color-4)","background-image":"","background-repeat":"repeat","background-position":"center center","background-size":"auto","background-attachment":"scroll","background-type":"","background-media":"","overlay-type":"","overlay-color":"","overlay-opacity":"","overlay-gradient":""},"mobile":{"background-color":"var(--ast-global-color-4)","background-image":"","background-repeat":"repeat","background-position":"center center","background-size":"auto","background-attachment":"scroll","background-type":"","background-media":"","overlay-type":"","overlay-color":"","overlay-opacity":"","overlay-gradient":""}}},"product_brand":[],"product_cat":[25],"product_tag":[],"class_list":{"0":"post-352","1":"product","2":"type-product","3":"status-publish","4":"has-post-thumbnail","6":"product_cat-sach-tieng-trung","7":"desktop-align-left","8":"tablet-align-left","9":"mobile-align-left","11":"first","12":"instock","13":"sale","14":"taxable","15":"shipping-taxable","16":"purchasable","17":"product-type-variable"},"_links":{"self":[{"href":"https:\/\/lulabookstore.com\/index.php\/wp-json\/wp\/v2\/product\/352","targetHints":{"allow":["GET"]}}],"collection":[{"href":"https:\/\/lulabookstore.com\/index.php\/wp-json\/wp\/v2\/product"}],"about":[{"href":"https:\/\/lulabookstore.com\/index.php\/wp-json\/wp\/v2\/types\/product"}],"replies":[{"embeddable":true,"href":"https:\/\/lulabookstore.com\/index.php\/wp-json\/wp\/v2\/comments?post=352"}],"wp:featuredmedia":[{"embeddable":true,"href":"https:\/\/lulabookstore.com\/index.php\/wp-json\/wp\/v2\/media\/353"}],"wp:attachment":[{"href":"https:\/\/lulabookstore.com\/index.php\/wp-json\/wp\/v2\/media?parent=352"}],"wp:term":[{"taxonomy":"product_brand","embeddable":true,"href":"https:\/\/lulabookstore.com\/index.php\/wp-json\/wp\/v2\/product_brand?post=352"},{"taxonomy":"product_cat","embeddable":true,"href":"https:\/\/lulabookstore.com\/index.php\/wp-json\/wp\/v2\/product_cat?post=352"},{"taxonomy":"product_tag","embeddable":true,"href":"https:\/\/lulabookstore.com\/index.php\/wp-json\/wp\/v2\/product_tag?post=352"}],"curies":[{"name":"wp","href":"https:\/\/api.w.org\/{rel}","templated":true}]}}