{"id":342,"date":"2026-03-20T17:58:05","date_gmt":"2026-03-20T17:58:05","guid":{"rendered":"https:\/\/lulabookstore.com\/?post_type=product&#038;p=342"},"modified":"2026-03-22T10:47:06","modified_gmt":"2026-03-22T10:47:06","slug":"sach-bo-tinh-gian-tinh-luyen-de-thi-hsk-3-hsk-4-hsk-5-hsk-6","status":"publish","type":"product","link":"https:\/\/lulabookstore.com\/index.php\/san-pham\/sach-bo-tinh-gian-tinh-luyen-de-thi-hsk-3-hsk-4-hsk-5-hsk-6\/","title":{"rendered":"S\u00e1ch B\u1ed9 Tinh Gi\u1ea3n Tinh Luy\u1ec7n \u0110\u1ec1 Thi HSK 3 &#8211; HSK 4 &#8211; HSK 5 &#8211; HSK 6"},"content":{"rendered":"<div class=\"Y3BBE\" data-sfc-cp=\"\" data-sfc-root=\"c\" data-sfc-cb=\"\" data-hveid=\"CAEIBRAA\" data-complete=\"true\" data-processed=\"true\">B\u1ed9 s\u00e1ch \u0111\u01b0\u1ee3c chia theo t\u1eebng c\u1ea5p \u0111\u1ed9 t\u1eeb\u00a0<strong class=\"Yjhzub\" data-sfc-root=\"c\" data-sfc-cb=\"\" data-complete=\"true\" data-processed=\"true\">HSK 3 \u0111\u1ebfn HSK 6<\/strong>. M\u1ed7i cu\u1ed1n t\u1eadp trung v\u00e0o 3 k\u1ef9 n\u0103ng ch\u00ednh trong b\u00e0i thi:\u00a0<strong class=\"Yjhzub\" data-sfc-root=\"c\" data-sfc-cb=\"\" data-complete=\"true\" data-processed=\"true\">Nghe, \u0110\u1ecdc v\u00e0 Vi\u1ebft<\/strong>.<button class=\"rBl3me\" tabindex=\"0\" data-amic=\"true\" data-icl-uuid=\"4b6ae5b1-a986-495d-b4e5-932be15e7dd6\" aria-label=\"Xem c\u00e1c \u0111\u01b0\u1eddng li\u00ean k\u1ebft c\u00f3 li\u00ean quan\" data-wiz-attrbind=\"disabled=o89Qwe_10\/C5gNJc;aria-label=o89Qwe_10\/bOjMyf;class=o89Qwe_10\/UpSNec\" data-ved=\"2ahUKEwiY3Mrcha-TAxWwcfUHHTM6Jv0Qye0OegYIAQgFEAE\" data-hveid=\"CAEIBRAB\"><\/button><\/div>\n<ul class=\"KsbFXc U6u95\" data-sfc-root=\"c\" data-sfc-cb=\"\" data-complete=\"true\" data-processed=\"true\">\n<li class=\"dF3vjf\" data-sfc-root=\"c\" data-sfc-cb=\"\" data-hveid=\"CAEIBhAA\" data-complete=\"true\" data-sae=\"\"><span class=\"T286Pc\" data-sfc-cp=\"\" data-sfc-root=\"c\" data-sfc-cb=\"\" data-complete=\"true\"><strong class=\"Yjhzub\" data-sfc-root=\"c\" data-sfc-cb=\"\" data-complete=\"true\">Ph\u1ea7n 1: Ph\u00e2n t\u00edch \u0111\u1ec1.<\/strong>\u00a0Gi\u1edbi thi\u1ec7u c\u1ea5u tr\u00fac b\u00e0i thi, c\u00e1c d\u1ea1ng c\u00e2u h\u1ecfi v\u00e0 ti\u00eau ch\u00ed ch\u1ea5m \u0111i\u1ec3m.<\/span><\/li>\n<li class=\"dF3vjf\" data-sfc-root=\"c\" data-sfc-cb=\"\" data-hveid=\"CAEIBhAB\" data-complete=\"true\" data-sae=\"\"><span class=\"T286Pc\" data-sfc-cp=\"\" data-sfc-root=\"c\" data-sfc-cb=\"\" data-complete=\"true\"><strong class=\"Yjhzub\" data-sfc-root=\"c\" data-sfc-cb=\"\" data-complete=\"true\">Ph\u1ea7n 2: Tinh gi\u1ea3ng (L\u00fd thuy\u1ebft).<\/strong>\u00a0T\u1ed5ng h\u1ee3p c\u00e1c \u0111i\u1ec3m ng\u1eef ph\u00e1p tr\u1ecdng t\u00e2m, t\u1eeb v\u1ef1ng hay xu\u1ea5t hi\u1ec7n v\u00e0 c\u00e1c &#8220;b\u1eaby&#8221; th\u01b0\u1eddng g\u1eb7p.<\/span><\/li>\n<li class=\"dF3vjf\" data-sfc-root=\"c\" data-sfc-cb=\"\" data-hveid=\"CAEIBhAC\" data-complete=\"true\" data-sae=\"\"><span class=\"T286Pc\" data-sfc-cp=\"\" data-sfc-root=\"c\" data-sfc-cb=\"\" data-complete=\"true\"><strong class=\"Yjhzub\" data-sfc-root=\"c\" data-sfc-cb=\"\" data-complete=\"true\">Ph\u1ea7n 3: Tinh luy\u1ec7n (Th\u1ef1c h\u00e0nh).<\/strong>\u00a0H\u1ec7 th\u1ed1ng b\u00e0i t\u1eadp theo t\u1eebng ph\u1ea7n (Nghe, \u0110\u1ecdc, Vi\u1ebft) gi\u00fap ng\u01b0\u1eddi h\u1ecdc l\u00e0m quen v\u1edbi \u00e1p l\u1ef1c th\u1eddi gian v\u00e0 \u0111\u1ed9 kh\u00f3 c\u1ee7a \u0111\u1ec1 thi th\u1eadt.<\/span><\/li>\n<li class=\"dF3vjf\" data-sfc-root=\"c\" data-sfc-cb=\"\" data-hveid=\"CAEIBhAD\" data-complete=\"true\" data-sae=\"\"><span class=\"T286Pc\" data-sfc-cp=\"\" data-sfc-root=\"c\" data-sfc-cb=\"\" data-complete=\"true\"><strong class=\"Yjhzub\" data-sfc-root=\"c\" data-sfc-cb=\"\" data-complete=\"true\">Ph\u1ea7n 4: \u0110\u1ec1 thi m\u00f4 ph\u1ecfng.<\/strong> Cung c\u1ea5p t\u1eeb 8-10 b\u1ed9 \u0111\u1ec1 thi th\u1eed s\u00e1t v\u1edbi th\u1ef1c t\u1ebf.<\/span><\/li>\n<\/ul>\n","protected":false},"excerpt":{"rendered":"<p>B\u1ed9 s\u00e1ch \u0111\u01b0\u1ee3c chia theo t\u1eebng c\u1ea5p \u0111\u1ed9 t\u1eeb\u00a0HSK 3 \u0111\u1ebfn HSK 6. M\u1ed7i cu\u1ed1n t\u1eadp trung v\u00e0o 3 k\u1ef9 [&hellip;]<\/p>\n","protected":false},"featured_media":343,"comment_status":"open","ping_status":"closed","template":"","meta":{"site-sidebar-layout":"default","site-content-layout":"","ast-site-content-layout":"default","site-content-style":"default","site-sidebar-style":"default","ast-global-header-display":"","ast-banner-title-visibility":"","ast-main-header-display":"","ast-hfb-above-header-display":"","ast-hfb-below-header-display":"","ast-hfb-mobile-header-display":"","site-post-title":"","ast-breadcrumbs-content":"","ast-featured-img":"","footer-sml-layout":"","ast-disable-related-posts":"","theme-transparent-header-meta":"","adv-header-id-meta":"","stick-header-meta":"","header-above-stick-meta":"","header-main-stick-meta":"","header-below-stick-meta":"","astra-migrate-meta-layouts":"default","ast-page-background-enabled":"default","ast-page-background-meta":{"desktop":{"background-color":"var(--ast-global-color-5)","background-image":"","background-repeat":"repeat","background-position":"center center","background-size":"auto","background-attachment":"scroll","background-type":"","background-media":"","overlay-type":"","overlay-color":"","overlay-opacity":"","overlay-gradient":""},"tablet":{"background-color":"","background-image":"","background-repeat":"repeat","background-position":"center center","background-size":"auto","background-attachment":"scroll","background-type":"","background-media":"","overlay-type":"","overlay-color":"","overlay-opacity":"","overlay-gradient":""},"mobile":{"background-color":"","background-image":"","background-repeat":"repeat","background-position":"center center","background-size":"auto","background-attachment":"scroll","background-type":"","background-media":"","overlay-type":"","overlay-color":"","overlay-opacity":"","overlay-gradient":""}},"ast-content-background-meta":{"desktop":{"background-color":"var(--ast-global-color-4)","background-image":"","background-repeat":"repeat","background-position":"center center","background-size":"auto","background-attachment":"scroll","background-type":"","background-media":"","overlay-type":"","overlay-color":"","overlay-opacity":"","overlay-gradient":""},"tablet":{"background-color":"var(--ast-global-color-4)","background-image":"","background-repeat":"repeat","background-position":"center center","background-size":"auto","background-attachment":"scroll","background-type":"","background-media":"","overlay-type":"","overlay-color":"","overlay-opacity":"","overlay-gradient":""},"mobile":{"background-color":"var(--ast-global-color-4)","background-image":"","background-repeat":"repeat","background-position":"center center","background-size":"auto","background-attachment":"scroll","background-type":"","background-media":"","overlay-type":"","overlay-color":"","overlay-opacity":"","overlay-gradient":""}}},"product_brand":[],"product_cat":[25],"product_tag":[],"class_list":{"0":"post-342","1":"product","2":"type-product","3":"status-publish","4":"has-post-thumbnail","6":"product_cat-sach-tieng-trung","7":"desktop-align-left","8":"tablet-align-left","9":"mobile-align-left","11":"first","12":"instock","13":"sale","14":"taxable","15":"shipping-taxable","16":"purchasable","17":"product-type-variable"},"_links":{"self":[{"href":"https:\/\/lulabookstore.com\/index.php\/wp-json\/wp\/v2\/product\/342","targetHints":{"allow":["GET"]}}],"collection":[{"href":"https:\/\/lulabookstore.com\/index.php\/wp-json\/wp\/v2\/product"}],"about":[{"href":"https:\/\/lulabookstore.com\/index.php\/wp-json\/wp\/v2\/types\/product"}],"replies":[{"embeddable":true,"href":"https:\/\/lulabookstore.com\/index.php\/wp-json\/wp\/v2\/comments?post=342"}],"wp:featuredmedia":[{"embeddable":true,"href":"https:\/\/lulabookstore.com\/index.php\/wp-json\/wp\/v2\/media\/343"}],"wp:attachment":[{"href":"https:\/\/lulabookstore.com\/index.php\/wp-json\/wp\/v2\/media?parent=342"}],"wp:term":[{"taxonomy":"product_brand","embeddable":true,"href":"https:\/\/lulabookstore.com\/index.php\/wp-json\/wp\/v2\/product_brand?post=342"},{"taxonomy":"product_cat","embeddable":true,"href":"https:\/\/lulabookstore.com\/index.php\/wp-json\/wp\/v2\/product_cat?post=342"},{"taxonomy":"product_tag","embeddable":true,"href":"https:\/\/lulabookstore.com\/index.php\/wp-json\/wp\/v2\/product_tag?post=342"}],"curies":[{"name":"wp","href":"https:\/\/api.w.org\/{rel}","templated":true}]}}