{"id":324,"date":"2026-03-20T17:34:02","date_gmt":"2026-03-20T17:34:02","guid":{"rendered":"https:\/\/lulabookstore.com\/?post_type=product&#038;p=324"},"modified":"2026-03-22T10:48:12","modified_gmt":"2026-03-22T10:48:12","slug":"sach-doc-hieu-dot-pha-dac-biet-hsk-4-hsk-5-hsk-6","status":"publish","type":"product","link":"https:\/\/lulabookstore.com\/index.php\/san-pham\/sach-doc-hieu-dot-pha-dac-biet-hsk-4-hsk-5-hsk-6\/","title":{"rendered":"S\u00e1ch \u0110\u1ecdc Hi\u1ec3u \u0110\u1ed9t Ph\u00e1 \u0110\u1eb7c Bi\u1ec7t HSK 4 HSK 5 HSK 6"},"content":{"rendered":"<div class=\"Y3BBE\" data-sfc-cp=\"\" data-sfc-root=\"c\" data-sfc-cb=\"\" data-hveid=\"CAEIBhAA\" data-complete=\"true\" data-processed=\"true\">Cu\u1ed1n s\u00e1ch n\u00e0y \u0111\u01b0\u1ee3c thi\u1ebft k\u1ebf d\u00e0nh ri\u00eang cho nh\u1eefng ai mu\u1ed1n n\u00e2ng cao \u0111i\u1ec3m s\u1ed1 ph\u1ea7n \u0110\u1ecdc c\u1ee7a HSK 4, n\u01a1i b\u1eaft \u0111\u1ea7u xu\u1ea5t hi\u1ec7n c\u00e1c \u0111o\u1ea1n v\u0103n d\u00e0i v\u00e0 t\u1eeb v\u1ef1ng phong ph\u00fa h\u01a1n.<button class=\"rBl3me\" tabindex=\"0\" data-amic=\"true\" data-icl-uuid=\"c38db6c7-b4e1-4521-8e56-39f1165b4a54\" aria-label=\"Xem c\u00e1c \u0111\u01b0\u1eddng li\u00ean k\u1ebft c\u00f3 li\u00ean quan\" data-wiz-attrbind=\"disabled=XTADOb_11\/C5gNJc;aria-label=XTADOb_11\/bOjMyf;class=XTADOb_11\/UpSNec\" data-ved=\"2ahUKEwiFk9aIgK-TAxWwcfUHHTM6Jv0Qye0OegYIAQgGEAE\" data-hveid=\"CAEIBhAB\"><\/button><\/div>\n<ul class=\"KsbFXc U6u95\" data-sfc-root=\"c\" data-sfc-cb=\"\" data-complete=\"true\" data-processed=\"true\">\n<li class=\"dF3vjf\" data-sfc-root=\"c\" data-sfc-cb=\"\" data-hveid=\"CAEIBxAA\" data-complete=\"true\" data-sae=\"\"><span class=\"T286Pc\" data-sfc-cp=\"\" data-sfc-root=\"c\" data-sfc-cb=\"\" data-complete=\"true\"><strong class=\"Yjhzub\" data-sfc-root=\"c\" data-sfc-cb=\"\" data-complete=\"true\">\u0110i\u1ec3m m\u1ea1nh:<\/strong>\u00a0Ph\u00e2n t\u00edch chi ti\u1ebft c\u00e1c d\u1ea1ng b\u00e0i t\u1eadp th\u1ef1c t\u1ebf, gi\u00fap ng\u01b0\u1eddi h\u1ecdc nh\u1eadn di\u1ec7n &#8220;b\u1eaby&#8221; v\u00e0 r\u00e8n luy\u1ec7n k\u1ef9 n\u0103ng \u0111\u1ecdc nhanh l\u1ea5y \u00fd ch\u00ednh.<\/span><\/li>\n<li class=\"dF3vjf\" data-sfc-root=\"c\" data-sfc-cb=\"\" data-hveid=\"CAEIBxAB\" data-complete=\"true\" data-sae=\"\"><span class=\"T286Pc\" data-sfc-cp=\"\" data-sfc-root=\"c\" data-sfc-cb=\"\" data-complete=\"true\"><strong class=\"Yjhzub\" data-sfc-root=\"c\" data-sfc-cb=\"\" data-complete=\"true\">N\u1ed9i dung:<\/strong>\u00a0Th\u01b0\u1eddng bao g\u1ed3m ph\u1ea7n b\u00e0i t\u1eadp m\u00f4 ph\u1ecfng, \u0111\u00e1p \u00e1n v\u00e0 gi\u1ea3i th\u00edch c\u1ea5u tr\u00fac ng\u1eef ph\u00e1p quan tr\u1ecdng \u0111\u1ec3 b\u1ea1n t\u1ef1 \u00f4n luy\u1ec7n t\u1ea1i nh\u00e0<\/span><\/li>\n<\/ul>\n<div class=\"Y3BBE\" data-sfc-cp=\"\" data-sfc-root=\"c\" data-sfc-cb=\"\" data-hveid=\"CAEIBhAA\" data-complete=\"true\" data-processed=\"true\">\n<div class=\"Y3BBE\" data-sfc-cp=\"\" data-sfc-root=\"c\" data-sfc-cb=\"\" data-hveid=\"CAEIChAA\" data-complete=\"true\" data-processed=\"true\">\u0110\u00e2y l\u00e0 cu\u1ed1n s\u00e1ch gi\u00e1o khoa ki\u1ec3m tra chuy\u00ean s\u00e2u ng\u1eafn h\u1ea1n d\u00e0nh cho th\u00ed sinh thi HSK c\u1ea5p 5, c\u1ea5p \u0111\u1ed9 y\u00eau c\u1ea7u kh\u1ea3 n\u0103ng \u0111\u1ecdc hi\u1ec3u c\u00e1c b\u00e0i b\u00e1o, t\u1ea1p ch\u00ed Trung Qu\u1ed1c.<span class=\"uJ19be notranslate\" data-sfc-root=\"c\" data-wiz-uids=\"XTADOb_1q,XTADOb_1r\" data-sfc-cb=\"\" data-complete=\"true\" data-processed=\"true\"><span class=\"vKEkVd\" data-animation-atomic=\"\" data-wiz-attrbind=\"class=XTADOb_1p\/TKHnVd\" data-sae=\"\"><span aria-hidden=\"true\">\u00a0<\/span><button class=\"rBl3me\" tabindex=\"0\" data-amic=\"true\" data-icl-uuid=\"cb676c95-e8fb-4119-b239-3ed9cb799d1d\" aria-label=\"Xem c\u00e1c \u0111\u01b0\u1eddng li\u00ean k\u1ebft c\u00f3 li\u00ean quan\" data-wiz-attrbind=\"disabled=XTADOb_1p\/C5gNJc;aria-label=XTADOb_1p\/bOjMyf;class=XTADOb_1p\/UpSNec\" data-ved=\"2ahUKEwiFk9aIgK-TAxWwcfUHHTM6Jv0Qye0OegYIAQgKEAE\" data-hveid=\"CAEIChAB\"><\/button><\/span><\/span><\/div>\n<ul class=\"KsbFXc U6u95\" data-sfc-root=\"c\" data-sfc-cb=\"\" data-complete=\"true\" data-processed=\"true\">\n<li class=\"dF3vjf\" data-sfc-root=\"c\" data-sfc-cb=\"\" data-hveid=\"CAEICxAA\" data-complete=\"true\" data-sae=\"\"><span class=\"T286Pc\" data-sfc-cp=\"\" data-sfc-root=\"c\" data-sfc-cb=\"\" data-complete=\"true\"><strong class=\"Yjhzub\" data-sfc-root=\"c\" data-sfc-cb=\"\" data-complete=\"true\">\u0110\u1eb7c \u0111i\u1ec3m:<\/strong>\u00a0Cu\u1ed1n s\u00e1ch d\u00e0y kho\u1ea3ng 208 trang, t\u1eadp trung v\u00e0o chi\u1ebfn l\u01b0\u1ee3c l\u00e0m b\u00e0i (c\u00f4ng l\u01b0\u1ee3c) thay v\u00ec ch\u1ec9 l\u00e0m \u0111\u1ec1 thu\u1ea7n t\u00fay.<\/span><\/li>\n<li class=\"dF3vjf\" data-sfc-root=\"c\" data-sfc-cb=\"\" data-hveid=\"CAEICxAB\" data-complete=\"true\" data-sae=\"\"><span class=\"T286Pc\" data-sfc-cp=\"\" data-sfc-root=\"c\" data-sfc-cb=\"\" data-complete=\"true\"><strong class=\"Yjhzub\" data-sfc-root=\"c\" data-sfc-cb=\"\" data-complete=\"true\">T\u00ednh hi\u1ec7u qu\u1ea3:<\/strong>\u00a0S\u00e1ch gi\u00fap h\u1ec7 th\u1ed1ng l\u1ea1i t\u1eeb v\u1ef1ng v\u00e0 ng\u1eef ph\u00e1p tr\u00ecnh \u0111\u1ed9 trung-cao c\u1ea5p, r\u1ea5t ph\u00f9 h\u1ee3p cho giai \u0111o\u1ea1n \u00f4n luy\u1ec7n c\u1ea5p t\u1ed1c tr\u01b0\u1edbc khi thi.<\/span><span class=\"uJ19be notranslate\" data-sfc-root=\"c\" data-wiz-uids=\"XTADOb_21,XTADOb_22\" data-sfc-cb=\"\" data-complete=\"true\"><span class=\"vKEkVd\" data-animation-atomic=\"\" data-wiz-attrbind=\"class=XTADOb_20\/TKHnVd\" data-sae=\"\"><span aria-hidden=\"true\">\u00a0<\/span><\/span><\/span><\/li>\n<\/ul>\n<div class=\"Y3BBE\" data-sfc-cp=\"\" data-sfc-root=\"c\" data-sfc-cb=\"\" data-hveid=\"CAEIDRAA\" data-complete=\"true\" data-processed=\"true\">\u1ede c\u1ea5p \u0111\u1ed9 cao nh\u1ea5t, cu\u1ed1n s\u00e1ch n\u00e0y t\u1eadp trung v\u00e0o vi\u1ec7c x\u1eed l\u00fd c\u00e1c v\u0103n b\u1ea3n c\u00f3 \u0111\u1ed9 kh\u00f3 c\u1ef1c cao, \u0111\u00f2i h\u1ecfi v\u1ed1n t\u1eeb v\u1ef1ng tr\u00ean 5.000 t\u1eeb.<button class=\"rBl3me\" tabindex=\"0\" data-amic=\"true\" data-icl-uuid=\"d68af2f6-22fc-4f63-bae5-79c8041ed3d1\" aria-label=\"Xem c\u00e1c \u0111\u01b0\u1eddng li\u00ean k\u1ebft c\u00f3 li\u00ean quan\" data-wiz-attrbind=\"disabled=XTADOb_2b\/C5gNJc;aria-label=XTADOb_2b\/bOjMyf;class=XTADOb_2b\/UpSNec\" data-ved=\"2ahUKEwiFk9aIgK-TAxWwcfUHHTM6Jv0Qye0OegYIAQgNEAE\" data-hveid=\"CAEIDRAB\"><\/button><\/div>\n<ul class=\"KsbFXc U6u95\" data-sfc-root=\"c\" data-sfc-cb=\"\" data-complete=\"true\" data-processed=\"true\">\n<li class=\"dF3vjf\" data-sfc-root=\"c\" data-sfc-cb=\"\" data-hveid=\"CAEIDhAA\" data-complete=\"true\" data-sae=\"\"><span class=\"T286Pc\" data-sfc-cp=\"\" data-sfc-root=\"c\" data-sfc-cb=\"\" data-complete=\"true\"><strong class=\"Yjhzub\" data-sfc-root=\"c\" data-sfc-cb=\"\" data-complete=\"true\">N\u1ed9i dung chuy\u00ean s\u00e2u:<\/strong>\u00a0S\u00e1ch cung c\u1ea5p c\u00e1c k\u1ef9 thu\u1eadt ph\u00e2n t\u00edch c\u00e2u ph\u1ee9c, t\u00ecm l\u1ed7i sai ng\u1eef ph\u00e1p (m\u1ed9t ph\u1ea7n c\u1ef1c kh\u00f3 trong HSK 6) v\u00e0 c\u00e1ch \u0111\u1ecdc l\u01b0\u1edbt \u0111\u1ec3 t\u00ecm th\u00f4ng tin ch\u00ednh x\u00e1c d\u01b0\u1edbi \u00e1p l\u1ef1c th\u1eddi gian.<\/span><\/li>\n<li class=\"dF3vjf\" data-sfc-root=\"c\" data-sfc-cb=\"\" data-hveid=\"CAEIDhAB\" data-complete=\"true\" data-sae=\"\"><span class=\"T286Pc\" data-sfc-cp=\"\" data-sfc-root=\"c\" data-sfc-cb=\"\" data-complete=\"true\"><strong class=\"Yjhzub\" data-sfc-root=\"c\" data-sfc-cb=\"\" data-complete=\"true\">\u0110\u00e1nh gi\u00e1:<\/strong>\u00a0\u0110\u01b0\u1ee3c c\u00e1c th\u00ed sinh luy\u1ec7n thi HSK 6 \u0111\u00e1nh gi\u00e1 l\u00e0 c\u00f3 ph\u1ea7n gi\u1ea3i th\u00edch \u1ed5n v\u00e0 s\u00e1t v\u1edbi th\u1ef1c t\u1ebf \u0111\u1ec1 thi th\u1eadt.<\/span><\/li>\n<\/ul>\n<\/div>\n<p>&nbsp;<\/p>\n","protected":false},"excerpt":{"rendered":"<p>Cu\u1ed1n s\u00e1ch n\u00e0y \u0111\u01b0\u1ee3c thi\u1ebft k\u1ebf d\u00e0nh ri\u00eang cho nh\u1eefng ai mu\u1ed1n n\u00e2ng cao \u0111i\u1ec3m s\u1ed1 ph\u1ea7n \u0110\u1ecdc c\u1ee7a HSK [&hellip;]<\/p>\n","protected":false},"featured_media":325,"comment_status":"open","ping_status":"closed","template":"","meta":{"site-sidebar-layout":"default","site-content-layout":"","ast-site-content-layout":"default","site-content-style":"default","site-sidebar-style":"default","ast-global-header-display":"","ast-banner-title-visibility":"","ast-main-header-display":"","ast-hfb-above-header-display":"","ast-hfb-below-header-display":"","ast-hfb-mobile-header-display":"","site-post-title":"","ast-breadcrumbs-content":"","ast-featured-img":"","footer-sml-layout":"","ast-disable-related-posts":"","theme-transparent-header-meta":"","adv-header-id-meta":"","stick-header-meta":"","header-above-stick-meta":"","header-main-stick-meta":"","header-below-stick-meta":"","astra-migrate-meta-layouts":"default","ast-page-background-enabled":"default","ast-page-background-meta":{"desktop":{"background-color":"var(--ast-global-color-5)","background-image":"","background-repeat":"repeat","background-position":"center center","background-size":"auto","background-attachment":"scroll","background-type":"","background-media":"","overlay-type":"","overlay-color":"","overlay-opacity":"","overlay-gradient":""},"tablet":{"background-color":"","background-image":"","background-repeat":"repeat","background-position":"center center","background-size":"auto","background-attachment":"scroll","background-type":"","background-media":"","overlay-type":"","overlay-color":"","overlay-opacity":"","overlay-gradient":""},"mobile":{"background-color":"","background-image":"","background-repeat":"repeat","background-position":"center center","background-size":"auto","background-attachment":"scroll","background-type":"","background-media":"","overlay-type":"","overlay-color":"","overlay-opacity":"","overlay-gradient":""}},"ast-content-background-meta":{"desktop":{"background-color":"var(--ast-global-color-4)","background-image":"","background-repeat":"repeat","background-position":"center center","background-size":"auto","background-attachment":"scroll","background-type":"","background-media":"","overlay-type":"","overlay-color":"","overlay-opacity":"","overlay-gradient":""},"tablet":{"background-color":"var(--ast-global-color-4)","background-image":"","background-repeat":"repeat","background-position":"center center","background-size":"auto","background-attachment":"scroll","background-type":"","background-media":"","overlay-type":"","overlay-color":"","overlay-opacity":"","overlay-gradient":""},"mobile":{"background-color":"var(--ast-global-color-4)","background-image":"","background-repeat":"repeat","background-position":"center center","background-size":"auto","background-attachment":"scroll","background-type":"","background-media":"","overlay-type":"","overlay-color":"","overlay-opacity":"","overlay-gradient":""}}},"product_brand":[],"product_cat":[25],"product_tag":[],"class_list":{"0":"post-324","1":"product","2":"type-product","3":"status-publish","4":"has-post-thumbnail","6":"product_cat-sach-tieng-trung","7":"desktop-align-left","8":"tablet-align-left","9":"mobile-align-left","11":"first","12":"instock","13":"sale","14":"taxable","15":"shipping-taxable","16":"purchasable","17":"product-type-variable"},"_links":{"self":[{"href":"https:\/\/lulabookstore.com\/index.php\/wp-json\/wp\/v2\/product\/324","targetHints":{"allow":["GET"]}}],"collection":[{"href":"https:\/\/lulabookstore.com\/index.php\/wp-json\/wp\/v2\/product"}],"about":[{"href":"https:\/\/lulabookstore.com\/index.php\/wp-json\/wp\/v2\/types\/product"}],"replies":[{"embeddable":true,"href":"https:\/\/lulabookstore.com\/index.php\/wp-json\/wp\/v2\/comments?post=324"}],"wp:featuredmedia":[{"embeddable":true,"href":"https:\/\/lulabookstore.com\/index.php\/wp-json\/wp\/v2\/media\/325"}],"wp:attachment":[{"href":"https:\/\/lulabookstore.com\/index.php\/wp-json\/wp\/v2\/media?parent=324"}],"wp:term":[{"taxonomy":"product_brand","embeddable":true,"href":"https:\/\/lulabookstore.com\/index.php\/wp-json\/wp\/v2\/product_brand?post=324"},{"taxonomy":"product_cat","embeddable":true,"href":"https:\/\/lulabookstore.com\/index.php\/wp-json\/wp\/v2\/product_cat?post=324"},{"taxonomy":"product_tag","embeddable":true,"href":"https:\/\/lulabookstore.com\/index.php\/wp-json\/wp\/v2\/product_tag?post=324"}],"curies":[{"name":"wp","href":"https:\/\/api.w.org\/{rel}","templated":true}]}}