{"id":322,"date":"2026-03-20T17:15:01","date_gmt":"2026-03-20T17:15:01","guid":{"rendered":"https:\/\/lulabookstore.com\/?post_type=product&#038;p=322"},"modified":"2026-03-22T10:48:24","modified_gmt":"2026-03-22T10:48:24","slug":"sach-tinh-gian-tinh-luyen-ngu-phap-hsk","status":"publish","type":"product","link":"https:\/\/lulabookstore.com\/index.php\/san-pham\/sach-tinh-gian-tinh-luyen-ngu-phap-hsk\/","title":{"rendered":"S\u00e1ch Tinh Gi\u1ea3n Tinh Luy\u1ec7n Ng\u1eef Ph\u00e1p HSK"},"content":{"rendered":"<div class=\"Y3BBE\" data-sfc-cp=\"\" data-sfc-root=\"c\" data-sfc-cb=\"\" data-hveid=\"CAEIBRAA\" data-complete=\"true\" data-processed=\"true\">S\u00e1ch kh\u00f4ng d\u1ea1y ti\u1ebfng Trung t\u1eeb \u0111\u1ea7u m\u00e0 t\u1eadp trung ho\u00e0n to\u00e0n v\u00e0o vi\u1ec7c\u00a0<strong class=\"Yjhzub\" data-sfc-root=\"c\" data-sfc-cb=\"\" data-complete=\"true\" data-processed=\"true\">gi\u1ea3i th\u00edch v\u00e0 luy\u1ec7n t\u1eadp c\u00e1c \u0111i\u1ec3m ng\u1eef ph\u00e1p<\/strong>\u00a0xu\u1ea5t hi\u1ec7n trong b\u00e0i thi HSK (t\u1eeb tr\u00ecnh \u0111\u1ed9 S\u01a1 c\u1ea5p \u0111\u1ebfn Trung c\u1ea5p, t\u01b0\u01a1ng \u0111\u01b0\u01a1ng HSK 3 \u0111\u1ebfn HSK 5 c\u0169\/m\u1edbi).<button class=\"rBl3me\" tabindex=\"0\" data-amic=\"true\" data-icl-uuid=\"42fe09a1-e92a-48fd-8625-2aa2ff98f9c5\" aria-label=\"Xem c\u00e1c \u0111\u01b0\u1eddng li\u00ean k\u1ebft c\u00f3 li\u00ean quan\" data-wiz-attrbind=\"disabled=kYTyvf_z\/C5gNJc;aria-label=kYTyvf_z\/bOjMyf;class=kYTyvf_z\/UpSNec\" data-ved=\"2ahUKEwjh85bT9a6TAxUnklYBHQk-HQsQye0OegYIAQgFEAE\" data-hveid=\"CAEIBRAB\"><\/button><\/div>\n<ul class=\"KsbFXc U6u95\" data-sfc-root=\"c\" data-sfc-cb=\"\" data-complete=\"true\" data-processed=\"true\">\n<li class=\"dF3vjf\" data-sfc-root=\"c\" data-sfc-cb=\"\" data-hveid=\"CAEIBhAA\" data-complete=\"true\" data-sae=\"\"><span class=\"T286Pc\" data-sfc-cp=\"\" data-sfc-root=\"c\" data-sfc-cb=\"\" data-complete=\"true\"><strong class=\"Yjhzub\" data-sfc-root=\"c\" data-sfc-cb=\"\" data-complete=\"true\">C\u1ea5u tr\u00fac:<\/strong>\u00a0M\u1ed7i ch\u01b0\u01a1ng s\u1ebd \u0111i theo l\u1ed9 tr\u00ecnh:\u00a0<em class=\"eujQNb\" data-sfc-root=\"c\" data-sfc-cb=\"\" data-complete=\"true\">Gi\u1edbi thi\u1ec7u ng\u1eef ph\u00e1p\u00a0<\/em><\/span>\n<div data-xpm-copy-root=\"\"><img decoding=\"async\" role=\"presentation\" draggable=\"false\" src=\"data:image\/gif;base64,R0lGODlhAQABAIAAAP\/\/\/wAAACH5BAEAAAAALAAAAAABAAEAAAICRAEAOw==\" aria-hidden=\"true\" data-xpm-latex=\"\\rightarrow \" data-imglogged=\"true\" data-aatf=\"4\" \/><\/p>\n<div>\u2192<\/div>\n<p>\u2192<\/p><\/div>\n<p><span class=\"T286Pc\" data-sfc-cp=\"\" data-sfc-root=\"c\" data-sfc-cb=\"\" data-complete=\"true\"><em class=\"eujQNb\" data-sfc-root=\"c\" data-sfc-cb=\"\" data-complete=\"true\">\u00a0V\u00ed d\u1ee5 minh h\u1ecda\u00a0<\/em><\/span><\/p>\n<div data-xpm-copy-root=\"\"><img decoding=\"async\" role=\"presentation\" draggable=\"false\" src=\"data:image\/gif;base64,R0lGODlhAQABAIAAAP\/\/\/wAAACH5BAEAAAAALAAAAAABAAEAAAICRAEAOw==\" aria-hidden=\"true\" data-xpm-latex=\"\\rightarrow \" data-imglogged=\"true\" data-aatf=\"4\" \/><\/p>\n<div>\u2192<\/div>\n<p>\u2192<\/p><\/div>\n<p><span class=\"T286Pc\" data-sfc-cp=\"\" data-sfc-root=\"c\" data-sfc-cb=\"\" data-complete=\"true\"><em class=\"eujQNb\" data-sfc-root=\"c\" data-sfc-cb=\"\" data-complete=\"true\">\u00a0Ph\u00e2n t\u00edch l\u1ed7i sai th\u01b0\u1eddng g\u1eb7p (Bi\u1ec7n t\u00edch)\u00a0<\/em><\/span><\/p>\n<div data-xpm-copy-root=\"\"><img decoding=\"async\" role=\"presentation\" draggable=\"false\" src=\"data:image\/gif;base64,R0lGODlhAQABAIAAAP\/\/\/wAAACH5BAEAAAAALAAAAAABAAEAAAICRAEAOw==\" aria-hidden=\"true\" data-xpm-latex=\"\\rightarrow \" data-imglogged=\"true\" data-aatf=\"4\" \/><\/p>\n<div>\u2192<\/div>\n<p>\u2192<\/p><\/div>\n<p><span class=\"T286Pc\" data-sfc-cp=\"\" data-sfc-root=\"c\" data-sfc-cb=\"\" data-complete=\"true\"><em class=\"eujQNb\" data-sfc-root=\"c\" data-sfc-cb=\"\" data-complete=\"true\">\u00a0B\u00e0i t\u1eadp th\u1ef1c h\u00e0nh.<\/em><\/span><\/li>\n<li class=\"dF3vjf\" data-sfc-root=\"c\" data-sfc-cb=\"\" data-hveid=\"CAEIBhAE\" data-complete=\"true\" data-sae=\"\"><span class=\"T286Pc\" data-sfc-cp=\"\" data-sfc-root=\"c\" data-sfc-cb=\"\" data-complete=\"true\"><strong class=\"Yjhzub\" data-sfc-root=\"c\" data-sfc-cb=\"\" data-complete=\"true\">Ph\u00e2n lo\u1ea1i:<\/strong>\u00a0S\u00e1ch chia theo c\u00e1c t\u1eeb lo\u1ea1i (Danh t\u1eeb, \u0110\u1ed9ng t\u1eeb, Gi\u1edbi t\u1eeb&#8230;) v\u00e0 c\u00e1c c\u1ea5u tr\u00fac c\u00e2u \u0111\u1eb7c bi\u1ec7t (C\u00e2u ch\u1eef \u628a, C\u00e2u ch\u1eef \u88ab, C\u00e2u so s\u00e1nh&#8230;).<\/span><button class=\"rBl3me\" tabindex=\"0\" data-amic=\"true\" data-icl-uuid=\"c168c90b-8e24-4237-9f1e-44a14872af85\" aria-label=\"Xem c\u00e1c \u0111\u01b0\u1eddng li\u00ean k\u1ebft c\u00f3 li\u00ean quan\" data-wiz-attrbind=\"disabled=kYTyvf_1d\/C5gNJc;aria-label=kYTyvf_1d\/bOjMyf;class=kYTyvf_1d\/UpSNec\" data-ved=\"2ahUKEwjh85bT9a6TAxUnklYBHQk-HQsQye0OegYIAQgGEAU\" data-hveid=\"CAEIBhAF\"><\/button><\/li>\n<li class=\"dF3vjf\" data-sfc-root=\"c\" data-sfc-cb=\"\" data-hveid=\"CAEICBAA\" data-complete=\"true\" data-sae=\"\"><span class=\"T286Pc\" data-sfc-cp=\"\" data-sfc-root=\"c\" data-sfc-cb=\"\" data-complete=\"true\"><strong class=\"Yjhzub\" data-sfc-root=\"c\" data-sfc-cb=\"\" data-complete=\"true\">Ph\u00e2n t\u00edch l\u1ed7i sai c\u1ef1c hay:<\/strong>\u00a0\u0110\u00e2y l\u00e0 \u0111i\u1ec3m m\u1ea1nh nh\u1ea5t c\u1ee7a s\u00e1ch. T\u00e1c gi\u1ea3 ch\u1ec9 ra nh\u1eefng l\u1ed7i m\u00e0 ng\u01b0\u1eddi n\u01b0\u1edbc ngo\u00e0i r\u1ea5t hay m\u1eafc ph\u1ea3i khi d\u00f9ng ng\u1eef ph\u00e1p \u0111\u00f3, gi\u00fap b\u1ea1n tr\u00e1nh \u0111\u01b0\u1ee3c c\u00e1c &#8220;b\u1eaby&#8221; trong b\u00e0i thi vi\u1ebft v\u00e0 s\u1eafp x\u1ebfp c\u00e2u.<\/span><\/li>\n<li class=\"dF3vjf\" data-sfc-root=\"c\" data-sfc-cb=\"\" data-hveid=\"CAEICBAB\" data-complete=\"true\" data-sae=\"\"><span class=\"T286Pc\" data-sfc-cp=\"\" data-sfc-root=\"c\" data-sfc-cb=\"\" data-complete=\"true\"><strong class=\"Yjhzub\" data-sfc-root=\"c\" data-sfc-cb=\"\" data-complete=\"true\">Ng\u00f4n ng\u1eef song ng\u1eef:<\/strong>\u00a0S\u00e1ch c\u00f3 ph\u1ea7n gi\u1ea3i th\u00edch b\u1eb1ng ti\u1ebfng Anh \u0111i k\u00e8m ti\u1ebfng Trung, gi\u00fap ng\u01b0\u1eddi h\u1ecdc d\u1ec5 d\u00e0ng n\u1eafm b\u1eaft c\u00e1c thu\u1eadt ng\u1eef chuy\u00ean m\u00f4n m\u00e0 kh\u00f4ng c\u1ea7n qu\u00e1 ph\u1ee5 thu\u1ed9c v\u00e0o t\u1eeb \u0111i\u1ec3n.<\/span><\/li>\n<li class=\"dF3vjf\" data-sfc-root=\"c\" data-sfc-cb=\"\" data-hveid=\"CAEICBAC\" data-complete=\"true\" data-sae=\"\"><span class=\"T286Pc\" data-sfc-cp=\"\" data-sfc-root=\"c\" data-sfc-cb=\"\" data-complete=\"true\"><strong class=\"Yjhzub\" data-sfc-root=\"c\" data-sfc-cb=\"\" data-complete=\"true\">H\u1ec7 th\u1ed1ng b\u00e0i t\u1eadp phong ph\u00fa:<\/strong>\u00a0L\u01b0\u1ee3ng b\u00e0i t\u1eadp l\u1edbn v\u00e0 b\u00e1m s\u00e1t d\u1ea1ng \u0111\u1ec1 thi gi\u00fap b\u1ea1n &#8220;thu\u1ed9c l\u00e0u&#8221; c\u1ea5u tr\u00fac ngay sau khi h\u1ecdc xong l\u00fd thuy\u1ebft.<\/span><button class=\"rBl3me\" tabindex=\"0\" data-amic=\"true\" data-icl-uuid=\"4135d1c8-5f09-41b9-b81e-c52836963669\" aria-label=\"Xem c\u00e1c \u0111\u01b0\u1eddng li\u00ean k\u1ebft c\u00f3 li\u00ean quan\" data-wiz-attrbind=\"disabled=kYTyvf_1v\/C5gNJc;aria-label=kYTyvf_1v\/bOjMyf;class=kYTyvf_1v\/UpSNec\" data-ved=\"2ahUKEwjh85bT9a6TAxUnklYBHQk-HQsQye0OegYIAQgIEAM\" data-hveid=\"CAEICBAD\"><\/button><\/li>\n<\/ul>\n<div class=\"Fsg96\" data-sfc-cp=\"\" data-sfc-root=\"c\" data-sfc-cb=\"\" data-complete=\"true\" data-processed=\"true\"><\/div>\n","protected":false},"excerpt":{"rendered":"<p>S\u00e1ch kh\u00f4ng d\u1ea1y ti\u1ebfng Trung t\u1eeb \u0111\u1ea7u m\u00e0 t\u1eadp trung ho\u00e0n to\u00e0n v\u00e0o vi\u1ec7c\u00a0gi\u1ea3i th\u00edch v\u00e0 luy\u1ec7n t\u1eadp c\u00e1c \u0111i\u1ec3m [&hellip;]<\/p>\n","protected":false},"featured_media":323,"comment_status":"open","ping_status":"closed","template":"","meta":{"site-sidebar-layout":"default","site-content-layout":"","ast-site-content-layout":"default","site-content-style":"default","site-sidebar-style":"default","ast-global-header-display":"","ast-banner-title-visibility":"","ast-main-header-display":"","ast-hfb-above-header-display":"","ast-hfb-below-header-display":"","ast-hfb-mobile-header-display":"","site-post-title":"","ast-breadcrumbs-content":"","ast-featured-img":"","footer-sml-layout":"","ast-disable-related-posts":"","theme-transparent-header-meta":"","adv-header-id-meta":"","stick-header-meta":"","header-above-stick-meta":"","header-main-stick-meta":"","header-below-stick-meta":"","astra-migrate-meta-layouts":"default","ast-page-background-enabled":"default","ast-page-background-meta":{"desktop":{"background-color":"var(--ast-global-color-5)","background-image":"","background-repeat":"repeat","background-position":"center center","background-size":"auto","background-attachment":"scroll","background-type":"","background-media":"","overlay-type":"","overlay-color":"","overlay-opacity":"","overlay-gradient":""},"tablet":{"background-color":"","background-image":"","background-repeat":"repeat","background-position":"center center","background-size":"auto","background-attachment":"scroll","background-type":"","background-media":"","overlay-type":"","overlay-color":"","overlay-opacity":"","overlay-gradient":""},"mobile":{"background-color":"","background-image":"","background-repeat":"repeat","background-position":"center center","background-size":"auto","background-attachment":"scroll","background-type":"","background-media":"","overlay-type":"","overlay-color":"","overlay-opacity":"","overlay-gradient":""}},"ast-content-background-meta":{"desktop":{"background-color":"var(--ast-global-color-4)","background-image":"","background-repeat":"repeat","background-position":"center center","background-size":"auto","background-attachment":"scroll","background-type":"","background-media":"","overlay-type":"","overlay-color":"","overlay-opacity":"","overlay-gradient":""},"tablet":{"background-color":"var(--ast-global-color-4)","background-image":"","background-repeat":"repeat","background-position":"center center","background-size":"auto","background-attachment":"scroll","background-type":"","background-media":"","overlay-type":"","overlay-color":"","overlay-opacity":"","overlay-gradient":""},"mobile":{"background-color":"var(--ast-global-color-4)","background-image":"","background-repeat":"repeat","background-position":"center center","background-size":"auto","background-attachment":"scroll","background-type":"","background-media":"","overlay-type":"","overlay-color":"","overlay-opacity":"","overlay-gradient":""}}},"product_brand":[],"product_cat":[25],"product_tag":[],"class_list":{"0":"post-322","1":"product","2":"type-product","3":"status-publish","4":"has-post-thumbnail","6":"product_cat-sach-tieng-trung","7":"desktop-align-left","8":"tablet-align-left","9":"mobile-align-left","11":"first","12":"instock","13":"sale","14":"taxable","15":"shipping-taxable","16":"purchasable","17":"product-type-simple"},"_links":{"self":[{"href":"https:\/\/lulabookstore.com\/index.php\/wp-json\/wp\/v2\/product\/322","targetHints":{"allow":["GET"]}}],"collection":[{"href":"https:\/\/lulabookstore.com\/index.php\/wp-json\/wp\/v2\/product"}],"about":[{"href":"https:\/\/lulabookstore.com\/index.php\/wp-json\/wp\/v2\/types\/product"}],"replies":[{"embeddable":true,"href":"https:\/\/lulabookstore.com\/index.php\/wp-json\/wp\/v2\/comments?post=322"}],"wp:featuredmedia":[{"embeddable":true,"href":"https:\/\/lulabookstore.com\/index.php\/wp-json\/wp\/v2\/media\/323"}],"wp:attachment":[{"href":"https:\/\/lulabookstore.com\/index.php\/wp-json\/wp\/v2\/media?parent=322"}],"wp:term":[{"taxonomy":"product_brand","embeddable":true,"href":"https:\/\/lulabookstore.com\/index.php\/wp-json\/wp\/v2\/product_brand?post=322"},{"taxonomy":"product_cat","embeddable":true,"href":"https:\/\/lulabookstore.com\/index.php\/wp-json\/wp\/v2\/product_cat?post=322"},{"taxonomy":"product_tag","embeddable":true,"href":"https:\/\/lulabookstore.com\/index.php\/wp-json\/wp\/v2\/product_tag?post=322"}],"curies":[{"name":"wp","href":"https:\/\/api.w.org\/{rel}","templated":true}]}}