{"id":315,"date":"2026-03-20T16:32:33","date_gmt":"2026-03-20T16:32:33","guid":{"rendered":"https:\/\/lulabookstore.com\/?post_type=product&#038;p=315"},"modified":"2026-03-22T10:48:40","modified_gmt":"2026-03-22T10:48:40","slug":"sach-hacker-toeic-3-rc-lc-kem-file-nghe","status":"publish","type":"product","link":"https:\/\/lulabookstore.com\/index.php\/san-pham\/sach-hacker-toeic-3-rc-lc-kem-file-nghe\/","title":{"rendered":"S\u00e1ch Hacker TOEIC 3 RC LC K\u00e8m File Nghe"},"content":{"rendered":"<p>Hacker TOEIC 3 (Vol 3)\u00a0<mark class=\"HxTRcb\" data-sfc-root=\"c\" data-sfc-cb=\"\">l\u00e0 b\u1ed9 \u0111\u1ec1 luy\u1ec7n thi cao c\u1ea5p, n\u1ed5i ti\u1ebfng v\u1edbi \u0111\u1ed9 kh\u00f3 cao h\u01a1n \u0111\u1ec1 thi th\u1eadt (ETS) t\u1eeb 10-20%, ph\u00f9 h\u1ee3p cho ng\u01b0\u1eddi m\u1ee5c ti\u00eau 750-850+<\/mark>. S\u00e1ch g\u1ed3m 10 \u0111\u1ec1 thi, n\u1ed5i b\u1eadt v\u1edbi Part 7 d\u00e0i, t\u1eeb v\u1ef1ng kh\u00f3 v\u00e0 t\u1ed1c \u0111\u1ed9 nghe nhanh, gi\u00fap r\u00e8n luy\u1ec7n t\u01b0 duy, s\u1ee9c b\u1ec1n v\u00e0 k\u1ef9 n\u0103ng x\u1eed l\u00fd b\u1eaby t\u1ed1t, gi\u00fap thi th\u1eadt nh\u1eb9 nh\u00e0ng h\u01a1n.<\/p>\n<ul class=\"KsbFXc U6u95\" data-sfc-root=\"c\" data-sfc-cb=\"\">\n<li class=\"dF3vjf\" data-sfc-root=\"c\" data-sfc-cb=\"\" data-hveid=\"CAMQAA\"><span class=\"T286Pc\" data-sfc-cp=\"\" data-sfc-root=\"c\" data-sfc-cb=\"\"><strong class=\"Yjhzub\" data-sfc-root=\"c\" data-sfc-cb=\"\">\u0110\u1ed9 kh\u00f3:<\/strong>\u00a0\u0110\u01b0\u1ee3c \u0111\u00e1nh gi\u00e1 l\u00e0 kh\u00f3 h\u01a1n c\u00e1c b\u1ed9 ETS g\u1ea7n \u0111\u00e2y (nh\u01b0 ETS 2023, 2024). \u0110\u00e2y l\u00e0 t\u00e0i li\u1ec7u &#8220;n\u1eb7ng \u0111\u00f4&#8221; gi\u00fap r\u00e8n luy\u1ec7n k\u1ef9 n\u0103ng \u0111\u1ecdc hi\u1ec3u s\u00e2u v\u00e0 nghe hi\u1ec3u chi ti\u1ebft trong \u0111i\u1ec1u ki\u1ec7n \u00e1p l\u1ef1c th\u1eddi gian cao.<\/span><\/li>\n<li class=\"dF3vjf\" data-sfc-root=\"c\" data-sfc-cb=\"\" data-hveid=\"CAMQAQ\"><span class=\"T286Pc\" data-sfc-cp=\"\" data-sfc-root=\"c\" data-sfc-cb=\"\"><strong class=\"Yjhzub\" data-sfc-root=\"c\" data-sfc-cb=\"\">Listening:<\/strong>\u00a0T\u1ed1c \u0111\u1ed9 \u0111\u1ecdc nhanh h\u01a1n chu\u1ea9n, nhi\u1ec1u gi\u1ecdng (accent) kh\u00e1c nhau, m\u1eadt \u0111\u1ed9 t\u1eeb v\u1ef1ng m\u1edbi cao v\u00e0 y\u00eau c\u1ea7u kh\u1ea3 n\u0103ng suy lu\u1eadn t\u1ed1t.<\/span><\/li>\n<li class=\"dF3vjf\" data-sfc-root=\"c\" data-sfc-cb=\"\" data-hveid=\"CAMQAg\"><span class=\"T286Pc\" data-sfc-cp=\"\" data-sfc-root=\"c\" data-sfc-cb=\"\"><strong class=\"Yjhzub\" data-sfc-root=\"c\" data-sfc-cb=\"\">Reading:<\/strong>\u00a0Part 5 &amp; 6 c\u00f3 ng\u1eef ph\u00e1p l\u1eaft l\u00e9o, t\u1eeb v\u1ef1ng kh\u00f3. Part 7 d\u00e0i, c\u00e2u h\u1ecfi \u0111\u00e1nh \u0111\u1ed1, \u0111\u00f2i h\u1ecfi kh\u1ea3 n\u0103ng \u0111\u1ecdc hi\u1ec3u t\u1ed1t h\u01a1n l\u00e0 ch\u1ec9 t\u00ecm t\u1eeb kh\u00f3a.<\/span><\/li>\n<li class=\"dF3vjf\" data-sfc-root=\"c\" data-sfc-cb=\"\" data-hveid=\"CAMQBA\"><span class=\"T286Pc\" data-sfc-cp=\"\" data-sfc-root=\"c\" data-sfc-cb=\"\"><strong class=\"Yjhzub\" data-sfc-root=\"c\" data-sfc-cb=\"\">Ph\u00f9 h\u1ee3p v\u1edbi ai:<\/strong>\u00a0Nh\u1eefng ng\u01b0\u1eddi \u0111\u00e3 c\u00f3 n\u1ec1n t\u1ea3ng c\u01a1 b\u1ea3n (kho\u1ea3ng 600-700), mu\u1ed1n n\u00e2ng band l\u00ean 800-900+ ho\u1eb7c mu\u1ed1n l\u00e0m quen v\u1edbi \u00e1p l\u1ef1c \u0111\u1ec1 kh\u00f3 \u0111\u1ec3 kh\u00f4ng b\u1ecb ho\u1ea3ng khi \u0111i thi th\u1eadt.<\/span><\/li>\n<\/ul>\n","protected":false},"excerpt":{"rendered":"<p>Hacker TOEIC 3 (Vol 3)\u00a0l\u00e0 b\u1ed9 \u0111\u1ec1 luy\u1ec7n thi cao c\u1ea5p, n\u1ed5i ti\u1ebfng v\u1edbi \u0111\u1ed9 kh\u00f3 cao h\u01a1n \u0111\u1ec1 thi [&hellip;]<\/p>\n","protected":false},"featured_media":316,"comment_status":"open","ping_status":"closed","template":"","meta":{"site-sidebar-layout":"default","site-content-layout":"","ast-site-content-layout":"default","site-content-style":"default","site-sidebar-style":"default","ast-global-header-display":"","ast-banner-title-visibility":"","ast-main-header-display":"","ast-hfb-above-header-display":"","ast-hfb-below-header-display":"","ast-hfb-mobile-header-display":"","site-post-title":"","ast-breadcrumbs-content":"","ast-featured-img":"","footer-sml-layout":"","ast-disable-related-posts":"","theme-transparent-header-meta":"","adv-header-id-meta":"","stick-header-meta":"","header-above-stick-meta":"","header-main-stick-meta":"","header-below-stick-meta":"","astra-migrate-meta-layouts":"default","ast-page-background-enabled":"default","ast-page-background-meta":{"desktop":{"background-color":"var(--ast-global-color-5)","background-image":"","background-repeat":"repeat","background-position":"center center","background-size":"auto","background-attachment":"scroll","background-type":"","background-media":"","overlay-type":"","overlay-color":"","overlay-opacity":"","overlay-gradient":""},"tablet":{"background-color":"","background-image":"","background-repeat":"repeat","background-position":"center center","background-size":"auto","background-attachment":"scroll","background-type":"","background-media":"","overlay-type":"","overlay-color":"","overlay-opacity":"","overlay-gradient":""},"mobile":{"background-color":"","background-image":"","background-repeat":"repeat","background-position":"center center","background-size":"auto","background-attachment":"scroll","background-type":"","background-media":"","overlay-type":"","overlay-color":"","overlay-opacity":"","overlay-gradient":""}},"ast-content-background-meta":{"desktop":{"background-color":"var(--ast-global-color-4)","background-image":"","background-repeat":"repeat","background-position":"center center","background-size":"auto","background-attachment":"scroll","background-type":"","background-media":"","overlay-type":"","overlay-color":"","overlay-opacity":"","overlay-gradient":""},"tablet":{"background-color":"var(--ast-global-color-4)","background-image":"","background-repeat":"repeat","background-position":"center center","background-size":"auto","background-attachment":"scroll","background-type":"","background-media":"","overlay-type":"","overlay-color":"","overlay-opacity":"","overlay-gradient":""},"mobile":{"background-color":"var(--ast-global-color-4)","background-image":"","background-repeat":"repeat","background-position":"center center","background-size":"auto","background-attachment":"scroll","background-type":"","background-media":"","overlay-type":"","overlay-color":"","overlay-opacity":"","overlay-gradient":""}}},"product_brand":[],"product_cat":[23],"product_tag":[],"class_list":{"0":"post-315","1":"product","2":"type-product","3":"status-publish","4":"has-post-thumbnail","6":"product_cat-sach-toeic","7":"desktop-align-left","8":"tablet-align-left","9":"mobile-align-left","11":"first","12":"instock","13":"sale","14":"taxable","15":"shipping-taxable","16":"purchasable","17":"product-type-variable"},"_links":{"self":[{"href":"https:\/\/lulabookstore.com\/index.php\/wp-json\/wp\/v2\/product\/315","targetHints":{"allow":["GET"]}}],"collection":[{"href":"https:\/\/lulabookstore.com\/index.php\/wp-json\/wp\/v2\/product"}],"about":[{"href":"https:\/\/lulabookstore.com\/index.php\/wp-json\/wp\/v2\/types\/product"}],"replies":[{"embeddable":true,"href":"https:\/\/lulabookstore.com\/index.php\/wp-json\/wp\/v2\/comments?post=315"}],"wp:featuredmedia":[{"embeddable":true,"href":"https:\/\/lulabookstore.com\/index.php\/wp-json\/wp\/v2\/media\/316"}],"wp:attachment":[{"href":"https:\/\/lulabookstore.com\/index.php\/wp-json\/wp\/v2\/media?parent=315"}],"wp:term":[{"taxonomy":"product_brand","embeddable":true,"href":"https:\/\/lulabookstore.com\/index.php\/wp-json\/wp\/v2\/product_brand?post=315"},{"taxonomy":"product_cat","embeddable":true,"href":"https:\/\/lulabookstore.com\/index.php\/wp-json\/wp\/v2\/product_cat?post=315"},{"taxonomy":"product_tag","embeddable":true,"href":"https:\/\/lulabookstore.com\/index.php\/wp-json\/wp\/v2\/product_tag?post=315"}],"curies":[{"name":"wp","href":"https:\/\/api.w.org\/{rel}","templated":true}]}}