{"id":307,"date":"2026-03-20T16:13:51","date_gmt":"2026-03-20T16:13:51","guid":{"rendered":"https:\/\/lulabookstore.com\/?post_type=product&#038;p=307"},"modified":"2026-03-22T10:48:49","modified_gmt":"2026-03-22T10:48:49","slug":"sach-bo-de-thi-hanban-2020-hsk-1-hsk-2-hsk-3-hsk-4-hsk-5-hsk-6","status":"publish","type":"product","link":"https:\/\/lulabookstore.com\/index.php\/san-pham\/sach-bo-de-thi-hanban-2020-hsk-1-hsk-2-hsk-3-hsk-4-hsk-5-hsk-6\/","title":{"rendered":"S\u00e1ch B\u1ed9 \u0110\u1ec1 Thi Hanban 2020 HSK 1 &#8211; HSK 2 &#8211; HSK 3 &#8211; HSK 4 &#8211; HSK 5 &#8211; HSK 6"},"content":{"rendered":"<div class=\"Y3BBE\" data-sfc-cp=\"\" data-sfc-root=\"c\" data-sfc-cb=\"\" data-hveid=\"CAEIBRAA\" data-complete=\"true\" data-processed=\"true\">M\u1ed7i cu\u1ed1n (t\u01b0\u01a1ng \u1ee9ng t\u1eebng c\u1ea5p \u0111\u1ed9) th\u01b0\u1eddng bao g\u1ed3m:<button class=\"rBl3me\" tabindex=\"0\" data-amic=\"true\" data-icl-uuid=\"c4005740-1268-4a25-bb57-bf930c8119b3\" aria-label=\"Xem c\u00e1c \u0111\u01b0\u1eddng li\u00ean k\u1ebft c\u00f3 li\u00ean quan\" data-wiz-attrbind=\"disabled=wy7jVc_10\/C5gNJc;aria-label=wy7jVc_10\/bOjMyf;class=wy7jVc_10\/UpSNec\" data-ved=\"2ahUKEwjby6iB7q6TAxWJr1YBHXgwOTsQye0OegYIAQgFEAE\" data-hveid=\"CAEIBRAB\"><\/button><\/div>\n<ul class=\"KsbFXc U6u95\" data-sfc-root=\"c\" data-sfc-cb=\"\" data-complete=\"true\" data-processed=\"true\">\n<li class=\"dF3vjf\" data-sfc-root=\"c\" data-sfc-cb=\"\" data-hveid=\"CAEIBhAA\" data-complete=\"true\" data-sae=\"\"><span class=\"T286Pc\" data-sfc-cp=\"\" data-sfc-root=\"c\" data-sfc-cb=\"\" data-complete=\"true\"><strong class=\"Yjhzub\" data-sfc-root=\"c\" data-sfc-cb=\"\" data-complete=\"true\">12 \u0111\u1ec1 thi:<\/strong>\u00a0C\u1ea5u tr\u00fac, \u0111\u1ed9 kh\u00f3, t\u1eeb v\u1ef1ng v\u00e0 ng\u1eef ph\u00e1p ho\u00e0n to\u00e0n gi\u1ed1ng v\u1edbi \u0111\u1ec1 thi th\u1eadt m\u00e0 b\u1ea1n s\u1ebd g\u1eb7p trong ph\u00f2ng thi.<\/span><\/li>\n<li class=\"dF3vjf\" data-sfc-root=\"c\" data-sfc-cb=\"\" data-hveid=\"CAEIBhAB\" data-complete=\"true\" data-sae=\"\"><span class=\"T286Pc\" data-sfc-cp=\"\" data-sfc-root=\"c\" data-sfc-cb=\"\" data-complete=\"true\"><strong class=\"Yjhzub\" data-sfc-root=\"c\" data-sfc-cb=\"\" data-complete=\"true\">File nghe chu\u1ea9n:<\/strong>\u00a0Gi\u1ecdng \u0111\u1ecdc, t\u1ed1c \u0111\u1ed9 v\u00e0 kho\u1ea3ng ngh\u1ec9 gi\u1eefa c\u00e1c c\u00e2u kh\u1edbp 100% v\u1edbi k\u1ef3 thi th\u1eadt.<\/span><\/li>\n<li class=\"dF3vjf\" data-sfc-root=\"c\" data-sfc-cb=\"\" data-hveid=\"CAEIBhAC\" data-complete=\"true\" data-sae=\"\"><span class=\"T286Pc\" data-sfc-cp=\"\" data-sfc-root=\"c\" data-sfc-cb=\"\" data-complete=\"true\"><strong class=\"Yjhzub\" data-sfc-root=\"c\" data-sfc-cb=\"\" data-complete=\"true\">\u0110\u00e1p \u00e1n :<\/strong>\u00a0Ph\u1ea7n l\u1eddi tho\u1ea1i c\u1ee7a b\u00e0i nghe v\u00e0 \u0111\u00e1p \u00e1n chi ti\u1ebft \u0111\u1ec3 b\u1ea1n t\u1ef1 ch\u1ea5m \u0111i\u1ec3m.<\/span><\/li>\n<li class=\"dF3vjf\" data-sfc-root=\"c\" data-sfc-cb=\"\" data-hveid=\"CAEICBAA\" data-complete=\"true\" data-sae=\"\"><span class=\"T286Pc\" data-sfc-cp=\"\" data-sfc-root=\"c\" data-sfc-cb=\"\" data-complete=\"true\"><strong class=\"Yjhzub\" data-sfc-root=\"c\" data-sfc-cb=\"\" data-complete=\"true\">\u0110\u1ed9 tin c\u1eady tuy\u1ec7t \u0111\u1ed1i:<\/strong>\u00a0V\u00ec \u0111\u00e2y l\u00e0 \u0111\u1ec1 t\u1eeb \u0111\u01a1n v\u1ecb t\u1ed5 ch\u1ee9c thi, n\u00f3 l\u00e0 th\u01b0\u1edbc \u0111o ch\u00ednh x\u00e1c nh\u1ea5t tr\u00ecnh \u0111\u1ed9 hi\u1ec7n t\u1ea1i c\u1ee7a b\u1ea1n.<\/span><\/li>\n<li class=\"dF3vjf\" data-sfc-root=\"c\" data-sfc-cb=\"\" data-hveid=\"CAEICBAB\" data-complete=\"true\" data-sae=\"\"><span class=\"T286Pc\" data-sfc-cp=\"\" data-sfc-root=\"c\" data-sfc-cb=\"\" data-complete=\"true\"><strong class=\"Yjhzub\" data-sfc-root=\"c\" data-sfc-cb=\"\" data-complete=\"true\">Luy\u1ec7n \u00e1p l\u1ef1c th\u1eddi gian:<\/strong>\u00a0Gi\u00fap b\u1ea1n c\u0103n ch\u1ec9nh th\u1eddi gian l\u00e0m b\u00e0i cho t\u1eebng ph\u1ea7n (Nghe, \u0110\u1ecdc, Vi\u1ebft) \u0111\u1ec3 kh\u00f4ng b\u1ecb &#8220;ch\u00e1y&#8221; gi\u1edd khi thi th\u1eadt.<\/span><\/li>\n<li class=\"dF3vjf\" data-sfc-root=\"c\" data-sfc-cb=\"\" data-hveid=\"CAEICBAC\" data-complete=\"true\" data-sae=\"\"><span class=\"T286Pc\" data-sfc-cp=\"\" data-sfc-root=\"c\" data-sfc-cb=\"\" data-complete=\"true\"><strong class=\"Yjhzub\" data-sfc-root=\"c\" data-sfc-cb=\"\" data-complete=\"true\">B\u1eaft b\u00e0i &#8220;b\u1eaby&#8221;:<\/strong>\u00a0Gi\u00fap b\u1ea1n l\u00e0m quen v\u1edbi c\u00e1c lo\u1ea1i b\u1eaby th\u01b0\u1eddng g\u1eb7p trong \u0111\u1ec1 thi HSK m\u1edbi.<\/span><button class=\"rBl3me\" tabindex=\"0\" data-amic=\"true\" data-icl-uuid=\"fd04c4b2-b9f8-40b4-830f-09afe2538e11\" aria-label=\"Xem c\u00e1c \u0111\u01b0\u1eddng li\u00ean k\u1ebft c\u00f3 li\u00ean quan\" data-wiz-attrbind=\"disabled=wy7jVc_1y\/C5gNJc;aria-label=wy7jVc_1y\/bOjMyf;class=wy7jVc_1y\/UpSNec\" data-ved=\"2ahUKEwjby6iB7q6TAxWJr1YBHXgwOTsQye0OegYIAQgIEAM\" data-hveid=\"CAEICBAD\"><\/button><\/li>\n<\/ul>\n<div class=\"Fsg96\" data-sfc-cp=\"\" data-sfc-root=\"c\" data-sfc-cb=\"\" data-complete=\"true\" data-processed=\"true\"><\/div>\n","protected":false},"excerpt":{"rendered":"<p>M\u1ed7i cu\u1ed1n (t\u01b0\u01a1ng \u1ee9ng t\u1eebng c\u1ea5p \u0111\u1ed9) th\u01b0\u1eddng bao g\u1ed3m: 12 \u0111\u1ec1 thi:\u00a0C\u1ea5u tr\u00fac, \u0111\u1ed9 kh\u00f3, t\u1eeb v\u1ef1ng v\u00e0 ng\u1eef [&hellip;]<\/p>\n","protected":false},"featured_media":308,"comment_status":"open","ping_status":"closed","template":"","meta":{"site-sidebar-layout":"default","site-content-layout":"","ast-site-content-layout":"default","site-content-style":"default","site-sidebar-style":"default","ast-global-header-display":"","ast-banner-title-visibility":"","ast-main-header-display":"","ast-hfb-above-header-display":"","ast-hfb-below-header-display":"","ast-hfb-mobile-header-display":"","site-post-title":"","ast-breadcrumbs-content":"","ast-featured-img":"","footer-sml-layout":"","ast-disable-related-posts":"","theme-transparent-header-meta":"","adv-header-id-meta":"","stick-header-meta":"","header-above-stick-meta":"","header-main-stick-meta":"","header-below-stick-meta":"","astra-migrate-meta-layouts":"default","ast-page-background-enabled":"default","ast-page-background-meta":{"desktop":{"background-color":"var(--ast-global-color-5)","background-image":"","background-repeat":"repeat","background-position":"center center","background-size":"auto","background-attachment":"scroll","background-type":"","background-media":"","overlay-type":"","overlay-color":"","overlay-opacity":"","overlay-gradient":""},"tablet":{"background-color":"","background-image":"","background-repeat":"repeat","background-position":"center center","background-size":"auto","background-attachment":"scroll","background-type":"","background-media":"","overlay-type":"","overlay-color":"","overlay-opacity":"","overlay-gradient":""},"mobile":{"background-color":"","background-image":"","background-repeat":"repeat","background-position":"center center","background-size":"auto","background-attachment":"scroll","background-type":"","background-media":"","overlay-type":"","overlay-color":"","overlay-opacity":"","overlay-gradient":""}},"ast-content-background-meta":{"desktop":{"background-color":"var(--ast-global-color-4)","background-image":"","background-repeat":"repeat","background-position":"center center","background-size":"auto","background-attachment":"scroll","background-type":"","background-media":"","overlay-type":"","overlay-color":"","overlay-opacity":"","overlay-gradient":""},"tablet":{"background-color":"var(--ast-global-color-4)","background-image":"","background-repeat":"repeat","background-position":"center center","background-size":"auto","background-attachment":"scroll","background-type":"","background-media":"","overlay-type":"","overlay-color":"","overlay-opacity":"","overlay-gradient":""},"mobile":{"background-color":"var(--ast-global-color-4)","background-image":"","background-repeat":"repeat","background-position":"center center","background-size":"auto","background-attachment":"scroll","background-type":"","background-media":"","overlay-type":"","overlay-color":"","overlay-opacity":"","overlay-gradient":""}}},"product_brand":[],"product_cat":[25],"product_tag":[],"class_list":{"0":"post-307","1":"product","2":"type-product","3":"status-publish","4":"has-post-thumbnail","6":"product_cat-sach-tieng-trung","7":"desktop-align-left","8":"tablet-align-left","9":"mobile-align-left","11":"first","12":"instock","13":"sale","14":"taxable","15":"shipping-taxable","16":"purchasable","17":"product-type-variable"},"_links":{"self":[{"href":"https:\/\/lulabookstore.com\/index.php\/wp-json\/wp\/v2\/product\/307","targetHints":{"allow":["GET"]}}],"collection":[{"href":"https:\/\/lulabookstore.com\/index.php\/wp-json\/wp\/v2\/product"}],"about":[{"href":"https:\/\/lulabookstore.com\/index.php\/wp-json\/wp\/v2\/types\/product"}],"replies":[{"embeddable":true,"href":"https:\/\/lulabookstore.com\/index.php\/wp-json\/wp\/v2\/comments?post=307"}],"wp:featuredmedia":[{"embeddable":true,"href":"https:\/\/lulabookstore.com\/index.php\/wp-json\/wp\/v2\/media\/308"}],"wp:attachment":[{"href":"https:\/\/lulabookstore.com\/index.php\/wp-json\/wp\/v2\/media?parent=307"}],"wp:term":[{"taxonomy":"product_brand","embeddable":true,"href":"https:\/\/lulabookstore.com\/index.php\/wp-json\/wp\/v2\/product_brand?post=307"},{"taxonomy":"product_cat","embeddable":true,"href":"https:\/\/lulabookstore.com\/index.php\/wp-json\/wp\/v2\/product_cat?post=307"},{"taxonomy":"product_tag","embeddable":true,"href":"https:\/\/lulabookstore.com\/index.php\/wp-json\/wp\/v2\/product_tag?post=307"}],"curies":[{"name":"wp","href":"https:\/\/api.w.org\/{rel}","templated":true}]}}