{"id":304,"date":"2026-03-20T16:01:10","date_gmt":"2026-03-20T16:01:10","guid":{"rendered":"https:\/\/lulabookstore.com\/?post_type=product&#038;p=304"},"modified":"2026-03-22T10:52:52","modified_gmt":"2026-03-22T10:52:52","slug":"sach-huong-dan-on-luyen-thi-hskk","status":"publish","type":"product","link":"https:\/\/lulabookstore.com\/index.php\/san-pham\/sach-huong-dan-on-luyen-thi-hskk\/","title":{"rendered":"S\u00e1ch H\u01b0\u1edbng D\u1eabn \u00d4n Luy\u1ec7n Thi HSKK"},"content":{"rendered":"<div class=\"Y3BBE\" data-sfc-cp=\"\" data-sfc-root=\"c\" data-sfc-cb=\"\" data-hveid=\"CAEIBRAA\" data-complete=\"true\" data-processed=\"true\">Cu\u1ed1n s\u00e1ch \u0111\u01b0\u1ee3c chia l\u00e0m 4 ph\u1ea7n ch\u00ednh, b\u00e1m s\u00e1t c\u1ea5u tr\u00fac b\u00e0i thi HSKK Cao c\u1ea5p th\u1ef1c t\u1ebf:<button class=\"rBl3me\" tabindex=\"0\" data-amic=\"true\" data-icl-uuid=\"f5fa39f9-0ba4-4d4a-85c2-fdfb152f26d5\" aria-label=\"Xem c\u00e1c \u0111\u01b0\u1eddng li\u00ean k\u1ebft c\u00f3 li\u00ean quan\" data-wiz-attrbind=\"disabled=gTVINc_z\/C5gNJc;aria-label=gTVINc_z\/bOjMyf;class=gTVINc_z\/UpSNec\" data-ved=\"2ahUKEwjkhc2Q5a6TAxX-dfUHHZHMADEQye0OegYIAQgFEAE\" data-hveid=\"CAEIBRAB\"><\/button><\/div>\n<ul class=\"KsbFXc U6u95\" data-sfc-root=\"c\" data-sfc-cb=\"\" data-complete=\"true\" data-processed=\"true\">\n<li class=\"dF3vjf\" data-sfc-root=\"c\" data-sfc-cb=\"\" data-hveid=\"CAEIBhAA\" data-complete=\"true\" data-sae=\"\"><span class=\"T286Pc\" data-sfc-cp=\"\" data-sfc-root=\"c\" data-sfc-cb=\"\" data-complete=\"true\"><strong class=\"Yjhzub\" data-sfc-root=\"c\" data-sfc-cb=\"\" data-complete=\"true\">Ph\u1ea7n 1: T\u1ed5ng quan b\u00e0i thi.<\/strong>\u00a0Gi\u1edbi thi\u1ec7u quy tr\u00ecnh thi, ti\u00eau ch\u00ed ch\u1ea5m \u0111i\u1ec3m v\u00e0 c\u00e1c l\u1ed7i th\u01b0\u1eddng g\u1eb7p khi\u1ebfn th\u00ed sinh m\u1ea5t \u0111i\u1ec3m &#8220;oan&#8221;.<\/span><\/li>\n<li class=\"dF3vjf\" data-sfc-root=\"c\" data-sfc-cb=\"\" data-hveid=\"CAEIBhAB\" data-complete=\"true\" data-sae=\"\"><span class=\"T286Pc\" data-sfc-cp=\"\" data-sfc-root=\"c\" data-sfc-cb=\"\" data-complete=\"true\"><strong class=\"Yjhzub\" data-sfc-root=\"c\" data-sfc-cb=\"\" data-complete=\"true\">Ph\u1ea7n 2: K\u1ef9 n\u0103ng l\u00e0m b\u00e0i (Ph\u00e2n t\u00edch t\u1eebng ph\u1ea7n).<\/strong>\u00a0\u0110\u00e2y l\u00e0 ph\u1ea7n gi\u00e1 tr\u1ecb nh\u1ea5t, h\u01b0\u1edbng d\u1eabn c\u00e1ch x\u1eed l\u00fd 3 ph\u1ea7n thi: Nghe v\u00e0 nh\u1eafc l\u1ea1i, \u0110\u1ecdc th\u00e0nh ti\u1ebfng, v\u00e0 Tr\u1ea3 l\u1eddi c\u00e2u h\u1ecfi (ph\u00e1t bi\u1ec3u \u00fd ki\u1ebfn).<\/span><\/li>\n<li class=\"dF3vjf\" data-sfc-root=\"c\" data-sfc-cb=\"\" data-hveid=\"CAEIBhAC\" data-complete=\"true\" data-sae=\"\"><span class=\"T286Pc\" data-sfc-cp=\"\" data-sfc-root=\"c\" data-sfc-cb=\"\" data-complete=\"true\"><strong class=\"Yjhzub\" data-sfc-root=\"c\" data-sfc-cb=\"\" data-complete=\"true\">Ph\u1ea7n 3: B\u00e0i t\u1eadp r\u00e8n luy\u1ec7n.<\/strong>\u00a0H\u1ec7 th\u1ed1ng b\u00e0i t\u1eadp theo t\u1eebng d\u1ea1ng, gi\u00fap b\u1ea1n r\u00e8n ph\u1ea3n x\u1ea1 n\u00f3i v\u00e0 t\u01b0 duy s\u1eafp x\u1ebfp \u00fd t\u01b0\u1edfng nhanh.<\/span><\/li>\n<li class=\"dF3vjf\" data-sfc-root=\"c\" data-sfc-cb=\"\" data-hveid=\"CAEIBhAD\" data-complete=\"true\" data-sae=\"\"><span class=\"T286Pc\" data-sfc-cp=\"\" data-sfc-root=\"c\" data-sfc-cb=\"\" data-complete=\"true\"><strong class=\"Yjhzub\" data-sfc-root=\"c\" data-sfc-cb=\"\" data-complete=\"true\">Ph\u1ea7n 4: \u0110\u1ec1 thi m\u00f4 ph\u1ecfng.<\/strong>\u00a0Cung c\u1ea5p 10 b\u1ed9 \u0111\u1ec1 thi th\u1eed s\u00e1t v\u1edbi \u0111\u1ed9 kh\u00f3 c\u1ee7a \u0111\u1ec1 thi th\u1eadt \u0111\u1ec3 b\u1ea1n luy\u1ec7n t\u1eadp \u00e1p l\u1ef1c th\u1eddi gian.<\/span><\/li>\n<\/ul>\n","protected":false},"excerpt":{"rendered":"<p>Cu\u1ed1n s\u00e1ch \u0111\u01b0\u1ee3c chia l\u00e0m 4 ph\u1ea7n ch\u00ednh, b\u00e1m s\u00e1t c\u1ea5u tr\u00fac b\u00e0i thi HSKK Cao c\u1ea5p th\u1ef1c t\u1ebf: Ph\u1ea7n [&hellip;]<\/p>\n","protected":false},"featured_media":306,"comment_status":"open","ping_status":"closed","template":"","meta":{"site-sidebar-layout":"default","site-content-layout":"","ast-site-content-layout":"default","site-content-style":"default","site-sidebar-style":"default","ast-global-header-display":"","ast-banner-title-visibility":"","ast-main-header-display":"","ast-hfb-above-header-display":"","ast-hfb-below-header-display":"","ast-hfb-mobile-header-display":"","site-post-title":"","ast-breadcrumbs-content":"","ast-featured-img":"","footer-sml-layout":"","ast-disable-related-posts":"","theme-transparent-header-meta":"","adv-header-id-meta":"","stick-header-meta":"","header-above-stick-meta":"","header-main-stick-meta":"","header-below-stick-meta":"","astra-migrate-meta-layouts":"default","ast-page-background-enabled":"default","ast-page-background-meta":{"desktop":{"background-color":"var(--ast-global-color-5)","background-image":"","background-repeat":"repeat","background-position":"center center","background-size":"auto","background-attachment":"scroll","background-type":"","background-media":"","overlay-type":"","overlay-color":"","overlay-opacity":"","overlay-gradient":""},"tablet":{"background-color":"","background-image":"","background-repeat":"repeat","background-position":"center center","background-size":"auto","background-attachment":"scroll","background-type":"","background-media":"","overlay-type":"","overlay-color":"","overlay-opacity":"","overlay-gradient":""},"mobile":{"background-color":"","background-image":"","background-repeat":"repeat","background-position":"center center","background-size":"auto","background-attachment":"scroll","background-type":"","background-media":"","overlay-type":"","overlay-color":"","overlay-opacity":"","overlay-gradient":""}},"ast-content-background-meta":{"desktop":{"background-color":"var(--ast-global-color-4)","background-image":"","background-repeat":"repeat","background-position":"center center","background-size":"auto","background-attachment":"scroll","background-type":"","background-media":"","overlay-type":"","overlay-color":"","overlay-opacity":"","overlay-gradient":""},"tablet":{"background-color":"var(--ast-global-color-4)","background-image":"","background-repeat":"repeat","background-position":"center center","background-size":"auto","background-attachment":"scroll","background-type":"","background-media":"","overlay-type":"","overlay-color":"","overlay-opacity":"","overlay-gradient":""},"mobile":{"background-color":"var(--ast-global-color-4)","background-image":"","background-repeat":"repeat","background-position":"center center","background-size":"auto","background-attachment":"scroll","background-type":"","background-media":"","overlay-type":"","overlay-color":"","overlay-opacity":"","overlay-gradient":""}}},"product_brand":[],"product_cat":[25],"product_tag":[],"class_list":{"0":"post-304","1":"product","2":"type-product","3":"status-publish","4":"has-post-thumbnail","6":"product_cat-sach-tieng-trung","7":"desktop-align-left","8":"tablet-align-left","9":"mobile-align-left","11":"first","12":"instock","13":"sale","14":"taxable","15":"shipping-taxable","16":"purchasable","17":"product-type-simple"},"_links":{"self":[{"href":"https:\/\/lulabookstore.com\/index.php\/wp-json\/wp\/v2\/product\/304","targetHints":{"allow":["GET"]}}],"collection":[{"href":"https:\/\/lulabookstore.com\/index.php\/wp-json\/wp\/v2\/product"}],"about":[{"href":"https:\/\/lulabookstore.com\/index.php\/wp-json\/wp\/v2\/types\/product"}],"replies":[{"embeddable":true,"href":"https:\/\/lulabookstore.com\/index.php\/wp-json\/wp\/v2\/comments?post=304"}],"wp:featuredmedia":[{"embeddable":true,"href":"https:\/\/lulabookstore.com\/index.php\/wp-json\/wp\/v2\/media\/306"}],"wp:attachment":[{"href":"https:\/\/lulabookstore.com\/index.php\/wp-json\/wp\/v2\/media?parent=304"}],"wp:term":[{"taxonomy":"product_brand","embeddable":true,"href":"https:\/\/lulabookstore.com\/index.php\/wp-json\/wp\/v2\/product_brand?post=304"},{"taxonomy":"product_cat","embeddable":true,"href":"https:\/\/lulabookstore.com\/index.php\/wp-json\/wp\/v2\/product_cat?post=304"},{"taxonomy":"product_tag","embeddable":true,"href":"https:\/\/lulabookstore.com\/index.php\/wp-json\/wp\/v2\/product_tag?post=304"}],"curies":[{"name":"wp","href":"https:\/\/api.w.org\/{rel}","templated":true}]}}