{"id":29,"date":"2026-03-19T16:29:21","date_gmt":"2026-03-19T16:29:21","guid":{"rendered":"https:\/\/lulabookstore.com\/?post_type=product&#038;p=29"},"modified":"2026-03-22T11:01:00","modified_gmt":"2026-03-22T11:01:00","slug":"sach-180-days-of-reading-1-2-3-4-5-6","status":"publish","type":"product","link":"https:\/\/lulabookstore.com\/index.php\/san-pham\/sach-180-days-of-reading-1-2-3-4-5-6\/","title":{"rendered":"S\u00e1ch 180 Days of Reading 1-2-3-4-5-6"},"content":{"rendered":"<p>&#8220;180 Days of Reading&#8221;\u00a0l\u00e0 m\u1ed9t b\u1ed9 t\u00e0i li\u1ec7u h\u1ecdc t\u1eadp \u0111\u01b0\u1ee3c thi\u1ebft k\u1ebf \u0111\u1ec3 h\u1ecdc sinh luy\u1ec7n t\u1eadp v\u00e0 c\u1ee7ng c\u1ed1 k\u1ef9 n\u0103ng \u0111\u1ecdc h\u00e0ng ng\u00e0y trong 180 ng\u00e0y, th\u01b0\u1eddng bao g\u1ed3m c\u00e1c b\u00e0i \u0111\u1ecdc ng\u1eafn v\u00e0 c\u00e2u h\u1ecfi tr\u1eafc nghi\u1ec7m, b\u00e0i t\u1eadp t\u1eeb v\u1ef1ng, v\u00e0 b\u00e0i t\u1eadp vi\u1ebft. T\u00e0i li\u1ec7u n\u00e0y ph\u00f9 h\u1ee3p cho c\u1ea3 vi\u1ec7c h\u1ecdc t\u1ea1i nh\u00e0 v\u00e0 trong l\u1edbp, gi\u00fap h\u1ecdc sinh c\u1ea3i thi\u1ec7n kh\u1ea3 n\u0103ng \u0111\u1ecdc hi\u1ec3u, t\u1eeb v\u1ef1ng v\u00e0 s\u1ef1 l\u01b0u lo\u00e1t theo t\u1eebng ng\u00e0y, theo ch\u1ee7 \u0111\u1ec1 tu\u1ea7n. B\u1ed9 s\u00e1ch \u0111\u01b0\u1ee3c thi\u1ebft k\u1ebf theo d\u1ea1ng xo\u1eafn \u1ed1c, li\u00ean t\u1ee5c \u00f4n l\u1ea1i nhi\u1ec1u k\u1ef9 n\u0103ng kh\u00e1c nhau.<\/p>\n","protected":false},"excerpt":{"rendered":"<p>&#8220;180 Days of Reading&#8221;\u00a0l\u00e0 m\u1ed9t b\u1ed9 t\u00e0i li\u1ec7u h\u1ecdc t\u1eadp \u0111\u01b0\u1ee3c thi\u1ebft k\u1ebf \u0111\u1ec3 h\u1ecdc sinh luy\u1ec7n t\u1eadp v\u00e0 c\u1ee7ng [&hellip;]<\/p>\n","protected":false},"featured_media":30,"comment_status":"open","ping_status":"closed","template":"","meta":{"site-sidebar-layout":"default","site-content-layout":"","ast-site-content-layout":"default","site-content-style":"default","site-sidebar-style":"default","ast-global-header-display":"","ast-banner-title-visibility":"","ast-main-header-display":"","ast-hfb-above-header-display":"","ast-hfb-below-header-display":"","ast-hfb-mobile-header-display":"","site-post-title":"","ast-breadcrumbs-content":"","ast-featured-img":"","footer-sml-layout":"","ast-disable-related-posts":"","theme-transparent-header-meta":"","adv-header-id-meta":"","stick-header-meta":"","header-above-stick-meta":"","header-main-stick-meta":"","header-below-stick-meta":"","astra-migrate-meta-layouts":"default","ast-page-background-enabled":"default","ast-page-background-meta":{"desktop":{"background-color":"var(--ast-global-color-5)","background-image":"","background-repeat":"repeat","background-position":"center center","background-size":"auto","background-attachment":"scroll","background-type":"","background-media":"","overlay-type":"","overlay-color":"","overlay-opacity":"","overlay-gradient":""},"tablet":{"background-color":"","background-image":"","background-repeat":"repeat","background-position":"center center","background-size":"auto","background-attachment":"scroll","background-type":"","background-media":"","overlay-type":"","overlay-color":"","overlay-opacity":"","overlay-gradient":""},"mobile":{"background-color":"","background-image":"","background-repeat":"repeat","background-position":"center center","background-size":"auto","background-attachment":"scroll","background-type":"","background-media":"","overlay-type":"","overlay-color":"","overlay-opacity":"","overlay-gradient":""}},"ast-content-background-meta":{"desktop":{"background-color":"var(--ast-global-color-4)","background-image":"","background-repeat":"repeat","background-position":"center center","background-size":"auto","background-attachment":"scroll","background-type":"","background-media":"","overlay-type":"","overlay-color":"","overlay-opacity":"","overlay-gradient":""},"tablet":{"background-color":"var(--ast-global-color-4)","background-image":"","background-repeat":"repeat","background-position":"center center","background-size":"auto","background-attachment":"scroll","background-type":"","background-media":"","overlay-type":"","overlay-color":"","overlay-opacity":"","overlay-gradient":""},"mobile":{"background-color":"var(--ast-global-color-4)","background-image":"","background-repeat":"repeat","background-position":"center center","background-size":"auto","background-attachment":"scroll","background-type":"","background-media":"","overlay-type":"","overlay-color":"","overlay-opacity":"","overlay-gradient":""}}},"product_brand":[],"product_cat":[22,28],"product_tag":[],"class_list":{"0":"post-29","1":"product","2":"type-product","3":"status-publish","4":"has-post-thumbnail","6":"product_cat-sach-tieng-anh","7":"product_cat-sach-tong-hop","8":"desktop-align-left","9":"tablet-align-left","10":"mobile-align-left","12":"first","13":"instock","14":"sale","15":"taxable","16":"shipping-taxable","17":"purchasable","18":"product-type-variable"},"_links":{"self":[{"href":"https:\/\/lulabookstore.com\/index.php\/wp-json\/wp\/v2\/product\/29","targetHints":{"allow":["GET"]}}],"collection":[{"href":"https:\/\/lulabookstore.com\/index.php\/wp-json\/wp\/v2\/product"}],"about":[{"href":"https:\/\/lulabookstore.com\/index.php\/wp-json\/wp\/v2\/types\/product"}],"replies":[{"embeddable":true,"href":"https:\/\/lulabookstore.com\/index.php\/wp-json\/wp\/v2\/comments?post=29"}],"wp:featuredmedia":[{"embeddable":true,"href":"https:\/\/lulabookstore.com\/index.php\/wp-json\/wp\/v2\/media\/30"}],"wp:attachment":[{"href":"https:\/\/lulabookstore.com\/index.php\/wp-json\/wp\/v2\/media?parent=29"}],"wp:term":[{"taxonomy":"product_brand","embeddable":true,"href":"https:\/\/lulabookstore.com\/index.php\/wp-json\/wp\/v2\/product_brand?post=29"},{"taxonomy":"product_cat","embeddable":true,"href":"https:\/\/lulabookstore.com\/index.php\/wp-json\/wp\/v2\/product_cat?post=29"},{"taxonomy":"product_tag","embeddable":true,"href":"https:\/\/lulabookstore.com\/index.php\/wp-json\/wp\/v2\/product_tag?post=29"}],"curies":[{"name":"wp","href":"https:\/\/api.w.org\/{rel}","templated":true}]}}