{"id":281,"date":"2026-03-20T14:17:44","date_gmt":"2026-03-20T14:17:44","guid":{"rendered":"https:\/\/lulabookstore.com\/?post_type=product&#038;p=281"},"modified":"2026-03-22T10:53:18","modified_gmt":"2026-03-22T10:53:18","slug":"sach-chien-luoc-lam-de-thi-hsk-5-doc-hieu-viet-nghe","status":"publish","type":"product","link":"https:\/\/lulabookstore.com\/index.php\/san-pham\/sach-chien-luoc-lam-de-thi-hsk-5-doc-hieu-viet-nghe\/","title":{"rendered":"S\u00e1ch Chi\u1ebfn L\u01b0\u1ee3c L\u00e0m \u0110\u1ec1 Thi HSK 5 \u0110\u1ecdc Hi\u1ec3u, Vi\u1ebft, Nghe"},"content":{"rendered":"<ul class=\"KsbFXc U6u95\" data-sfc-root=\"c\" data-sfc-cb=\"\" data-complete=\"true\" data-processed=\"true\">\n<li class=\"dF3vjf\" data-sfc-root=\"c\" data-sfc-cb=\"\" data-hveid=\"CAEIBxAA\" data-complete=\"true\" data-sae=\"\"><span class=\"T286Pc\" data-sfc-cp=\"\" data-sfc-root=\"c\" data-sfc-cb=\"\" data-complete=\"true\"><strong class=\"Yjhzub\" data-sfc-root=\"c\" data-sfc-cb=\"\" data-complete=\"true\">M\u00e0u t\u00edm:<\/strong>\u00a0Ph\u00e2n lo\u1ea1i luy\u1ec7n t\u1eadp k\u1ef9 n\u0103ng Vi\u1ebft (\u5199\u4f5c\u5206\u7c7b\u8bad\u7ec3).<\/span><\/li>\n<li class=\"dF3vjf\" data-sfc-root=\"c\" data-sfc-cb=\"\" data-hveid=\"CAEIBxAB\" data-complete=\"true\" data-sae=\"\"><span class=\"T286Pc\" data-sfc-cp=\"\" data-sfc-root=\"c\" data-sfc-cb=\"\" data-complete=\"true\"><strong class=\"Yjhzub\" data-sfc-root=\"c\" data-sfc-cb=\"\" data-complete=\"true\">M\u00e0u xanh d\u01b0\u01a1ng:<\/strong>\u00a0Ph\u00e2n lo\u1ea1i luy\u1ec7n t\u1eadp k\u1ef9 n\u0103ng \u0110\u1ecdc (\u9605\u8bfb\u5206\u7c7b\u8bad\u7ec3).<\/span><\/li>\n<li class=\"dF3vjf\" data-sfc-root=\"c\" data-sfc-cb=\"\" data-hveid=\"CAEIBxAC\" data-complete=\"true\" data-sae=\"\"><span class=\"T286Pc\" data-sfc-cp=\"\" data-sfc-root=\"c\" data-sfc-cb=\"\" data-complete=\"true\"><strong class=\"Yjhzub\" data-sfc-root=\"c\" data-sfc-cb=\"\" data-complete=\"true\">M\u00e0u xanh l\u00e1:<\/strong>\u00a0Ph\u00e2n lo\u1ea1i luy\u1ec7n t\u1eadp k\u1ef9 n\u0103ng Nghe (\u542c\u529b\u5206\u7c7b\u8bad\u7ec3)<\/span><\/li>\n<\/ul>\n<div class=\"Y3BBE\" data-sfc-cp=\"\" data-sfc-root=\"c\" data-sfc-cb=\"\" data-hveid=\"CAEICRAA\" data-complete=\"true\" data-processed=\"true\">M\u1ed7i cu\u1ed1n s\u00e1ch \u0111\u01b0\u1ee3c thi\u1ebft k\u1ebf \u0111\u1ec3 &#8220;\u0111\u1ed9t ph\u00e1&#8221; c\u00e1c kh\u00f3 kh\u0103n \u0111\u1eb7c th\u00f9 c\u1ee7a t\u1eebng ph\u1ea7n thi:<button class=\"rBl3me\" tabindex=\"0\" data-amic=\"true\" data-icl-uuid=\"ef33c5c2-7673-4b1e-9e83-2f85ea4ab241\" aria-label=\"Xem c\u00e1c \u0111\u01b0\u1eddng li\u00ean k\u1ebft c\u00f3 li\u00ean quan\" data-wiz-attrbind=\"disabled=gletF_1u\/C5gNJc;aria-label=gletF_1u\/bOjMyf;class=gletF_1u\/UpSNec\" data-ved=\"2ahUKEwjF3fWz066TAxWNsFYBHdAOA5AQye0OegYIAQgJEAE\" data-hveid=\"CAEICRAB\"><\/button><\/div>\n<ul class=\"KsbFXc U6u95\" data-sfc-root=\"c\" data-sfc-cb=\"\" data-complete=\"true\" data-processed=\"true\">\n<li class=\"dF3vjf\" data-sfc-root=\"c\" data-sfc-cb=\"\" data-hveid=\"CAEIChAA\" data-complete=\"true\" data-sae=\"\"><span class=\"T286Pc\" data-sfc-cp=\"\" data-sfc-root=\"c\" data-sfc-cb=\"\" data-complete=\"true\"><strong class=\"Yjhzub\" data-sfc-root=\"c\" data-sfc-cb=\"\" data-complete=\"true\">K\u1ef9 n\u0103ng Vi\u1ebft:<\/strong>\u00a0T\u1eadp trung v\u00e0o vi\u1ec7c ph\u00e2n t\u00edch quy t\u1eafc ra \u0111\u1ec1, cung c\u1ea5p h\u01a1n 500 c\u00e2u h\u1ecfi luy\u1ec7n t\u1eadp v\u00e0 8 b\u1ed9 \u0111\u1ec1 m\u00f4 ph\u1ecfng. S\u00e1ch h\u01b0\u1edbng d\u1eabn c\u00e1ch di\u1ec5n \u0111\u1ea1t \u0111o\u1ea1n v\u0103n v\u00e0 c\u00e1c \u0111i\u1ec3m ng\u1eef ph\u00e1p tr\u1ecdng t\u00e2m \u0111\u1ec3 ghi \u0111i\u1ec3m trong ph\u1ea7n vi\u1ebft.<\/span><\/li>\n<li class=\"dF3vjf\" data-sfc-root=\"c\" data-sfc-cb=\"\" data-hveid=\"CAEIChAB\" data-complete=\"true\" data-sae=\"\"><span class=\"T286Pc\" data-sfc-cp=\"\" data-sfc-root=\"c\" data-sfc-cb=\"\" data-complete=\"true\"><strong class=\"Yjhzub\" data-sfc-root=\"c\" data-sfc-cb=\"\" data-complete=\"true\">K\u1ef9 n\u0103ng \u0110\u1ecdc:<\/strong>\u00a0Ph\u00e2n t\u00edch 5 ch\u1ee7 \u0111\u1ec1 l\u1edbn v\u00e0 35 lo\u1ea1i b\u00e0i \u0111\u1ecdc kh\u00e1c nhau, gi\u00fap ng\u01b0\u1eddi h\u1ecdc l\u00e0m quen v\u1edbi s\u1ef1 \u0111a d\u1ea1ng c\u1ee7a v\u0103n b\u1ea3n trong \u0111\u1ec1 thi HSK 5.<\/span><\/li>\n<li class=\"dF3vjf\" data-sfc-root=\"c\" data-sfc-cb=\"\" data-hveid=\"CAEIChAC\" data-complete=\"true\" data-sae=\"\"><span class=\"T286Pc\" data-sfc-cp=\"\" data-sfc-root=\"c\" data-sfc-cb=\"\" data-complete=\"true\"><strong class=\"Yjhzub\" data-sfc-root=\"c\" data-sfc-cb=\"\" data-complete=\"true\">K\u1ef9 n\u0103ng Nghe:<\/strong>\u00a0T\u1ed5ng h\u1ee3p v\u00e0 ph\u00e2n t\u00edch t\u1eeb h\u01a1n 20 b\u1ed9 \u0111\u1ec1 thi th\u1eadt, chia th\u00e0nh 9 lo\u1ea1i c\u00e2u h\u1ecfi ch\u00ednh v\u00e0 4 phong c\u00e1ch v\u0103n b\u1ea3n th\u01b0\u1eddng g\u1eb7p, gi\u00fap t\u1ed1i \u01b0u h\u00f3a kh\u1ea3 n\u0103ng ph\u1ea3n x\u1ea1 nghe.<\/span><\/li>\n<\/ul>\n","protected":false},"excerpt":{"rendered":"<p>M\u00e0u t\u00edm:\u00a0Ph\u00e2n lo\u1ea1i luy\u1ec7n t\u1eadp k\u1ef9 n\u0103ng Vi\u1ebft (\u5199\u4f5c\u5206\u7c7b\u8bad\u7ec3). M\u00e0u xanh d\u01b0\u01a1ng:\u00a0Ph\u00e2n lo\u1ea1i luy\u1ec7n t\u1eadp k\u1ef9 n\u0103ng \u0110\u1ecdc (\u9605\u8bfb\u5206\u7c7b\u8bad\u7ec3). M\u00e0u [&hellip;]<\/p>\n","protected":false},"featured_media":282,"comment_status":"open","ping_status":"closed","template":"","meta":{"site-sidebar-layout":"default","site-content-layout":"","ast-site-content-layout":"default","site-content-style":"default","site-sidebar-style":"default","ast-global-header-display":"","ast-banner-title-visibility":"","ast-main-header-display":"","ast-hfb-above-header-display":"","ast-hfb-below-header-display":"","ast-hfb-mobile-header-display":"","site-post-title":"","ast-breadcrumbs-content":"","ast-featured-img":"","footer-sml-layout":"","ast-disable-related-posts":"","theme-transparent-header-meta":"","adv-header-id-meta":"","stick-header-meta":"","header-above-stick-meta":"","header-main-stick-meta":"","header-below-stick-meta":"","astra-migrate-meta-layouts":"default","ast-page-background-enabled":"default","ast-page-background-meta":{"desktop":{"background-color":"var(--ast-global-color-5)","background-image":"","background-repeat":"repeat","background-position":"center center","background-size":"auto","background-attachment":"scroll","background-type":"","background-media":"","overlay-type":"","overlay-color":"","overlay-opacity":"","overlay-gradient":""},"tablet":{"background-color":"","background-image":"","background-repeat":"repeat","background-position":"center center","background-size":"auto","background-attachment":"scroll","background-type":"","background-media":"","overlay-type":"","overlay-color":"","overlay-opacity":"","overlay-gradient":""},"mobile":{"background-color":"","background-image":"","background-repeat":"repeat","background-position":"center center","background-size":"auto","background-attachment":"scroll","background-type":"","background-media":"","overlay-type":"","overlay-color":"","overlay-opacity":"","overlay-gradient":""}},"ast-content-background-meta":{"desktop":{"background-color":"var(--ast-global-color-4)","background-image":"","background-repeat":"repeat","background-position":"center center","background-size":"auto","background-attachment":"scroll","background-type":"","background-media":"","overlay-type":"","overlay-color":"","overlay-opacity":"","overlay-gradient":""},"tablet":{"background-color":"var(--ast-global-color-4)","background-image":"","background-repeat":"repeat","background-position":"center center","background-size":"auto","background-attachment":"scroll","background-type":"","background-media":"","overlay-type":"","overlay-color":"","overlay-opacity":"","overlay-gradient":""},"mobile":{"background-color":"var(--ast-global-color-4)","background-image":"","background-repeat":"repeat","background-position":"center center","background-size":"auto","background-attachment":"scroll","background-type":"","background-media":"","overlay-type":"","overlay-color":"","overlay-opacity":"","overlay-gradient":""}}},"product_brand":[],"product_cat":[25],"product_tag":[],"class_list":{"0":"post-281","1":"product","2":"type-product","3":"status-publish","4":"has-post-thumbnail","6":"product_cat-sach-tieng-trung","7":"desktop-align-left","8":"tablet-align-left","9":"mobile-align-left","11":"first","12":"instock","13":"sale","14":"taxable","15":"shipping-taxable","16":"purchasable","17":"product-type-variable"},"_links":{"self":[{"href":"https:\/\/lulabookstore.com\/index.php\/wp-json\/wp\/v2\/product\/281","targetHints":{"allow":["GET"]}}],"collection":[{"href":"https:\/\/lulabookstore.com\/index.php\/wp-json\/wp\/v2\/product"}],"about":[{"href":"https:\/\/lulabookstore.com\/index.php\/wp-json\/wp\/v2\/types\/product"}],"replies":[{"embeddable":true,"href":"https:\/\/lulabookstore.com\/index.php\/wp-json\/wp\/v2\/comments?post=281"}],"wp:featuredmedia":[{"embeddable":true,"href":"https:\/\/lulabookstore.com\/index.php\/wp-json\/wp\/v2\/media\/282"}],"wp:attachment":[{"href":"https:\/\/lulabookstore.com\/index.php\/wp-json\/wp\/v2\/media?parent=281"}],"wp:term":[{"taxonomy":"product_brand","embeddable":true,"href":"https:\/\/lulabookstore.com\/index.php\/wp-json\/wp\/v2\/product_brand?post=281"},{"taxonomy":"product_cat","embeddable":true,"href":"https:\/\/lulabookstore.com\/index.php\/wp-json\/wp\/v2\/product_cat?post=281"},{"taxonomy":"product_tag","embeddable":true,"href":"https:\/\/lulabookstore.com\/index.php\/wp-json\/wp\/v2\/product_tag?post=281"}],"curies":[{"name":"wp","href":"https:\/\/api.w.org\/{rel}","templated":true}]}}