{"id":279,"date":"2026-03-20T13:55:33","date_gmt":"2026-03-20T13:55:33","guid":{"rendered":"https:\/\/lulabookstore.com\/?post_type=product&#038;p=279"},"modified":"2026-03-22T10:53:27","modified_gmt":"2026-03-22T10:53:27","slug":"sach-21-ngay-chinh-phuc-hskk-nang-cao","status":"publish","type":"product","link":"https:\/\/lulabookstore.com\/index.php\/san-pham\/sach-21-ngay-chinh-phuc-hskk-nang-cao\/","title":{"rendered":"S\u00e1ch 21 Ng\u00e0y Chinh Ph\u1ee5c HSKK N\u00e2ng Cao"},"content":{"rendered":"<ul class=\"KsbFXc U6u95\" data-sfc-root=\"c\" data-sfc-cb=\"\" data-complete=\"true\" data-processed=\"true\">\n<li class=\"dF3vjf\" data-sfc-root=\"c\" data-sfc-cb=\"\" data-hveid=\"CAEIBRAA\" data-complete=\"true\" data-sae=\"\"><span class=\"T286Pc\" data-sfc-cp=\"\" data-sfc-root=\"c\" data-sfc-cb=\"\" data-complete=\"true\"><strong class=\"Yjhzub\" data-sfc-root=\"c\" data-sfc-cb=\"\" data-complete=\"true\">M\u1ee5c ti\u00eau:<\/strong>\u00a0Gi\u00fap th\u00ed sinh \u00f4n luy\u1ec7n c\u1ea5p t\u1ed1c k\u1ef9 n\u0103ng n\u00f3i (kh\u1ea9u ng\u1eef) cho k\u1ef3 thi HSKK Cao c\u1ea5p trong v\u00f2ng 3 tu\u1ea7n.<\/span><\/li>\n<li class=\"dF3vjf\" data-sfc-root=\"c\" data-sfc-cb=\"\" data-hveid=\"CAEIBRAB\" data-complete=\"true\" data-sae=\"\"><span class=\"T286Pc\" data-sfc-cp=\"\" data-sfc-root=\"c\" data-sfc-cb=\"\" data-complete=\"true\"><strong class=\"Yjhzub\" data-sfc-root=\"c\" data-sfc-cb=\"\" data-complete=\"true\">\u0110\u1ed1i t\u01b0\u1ee3ng:<\/strong>\u00a0Nh\u1eefng ng\u01b0\u1eddi \u0111ang \u1edf tr\u00ecnh \u0111\u1ed9 HSK 5 ho\u1eb7c HSK 6 mu\u1ed1n l\u1ea5y ch\u1ee9ng ch\u1ec9 HSKK Cao c\u1ea5p.<\/span><\/li>\n<li class=\"dF3vjf\" data-sfc-root=\"c\" data-sfc-cb=\"\" data-hveid=\"CAEIBRAC\" data-complete=\"true\" data-sae=\"\"><span class=\"T286Pc\" data-sfc-cp=\"\" data-sfc-root=\"c\" data-sfc-cb=\"\" data-complete=\"true\"><strong class=\"Yjhzub\" data-sfc-root=\"c\" data-sfc-cb=\"\" data-complete=\"true\">C\u1ea5u tr\u00fac:<\/strong>\u00a0S\u00e1ch chia l\u1ed9 tr\u00ecnh h\u1ecdc th\u00e0nh 21 ng\u00e0y, m\u1ed7i ng\u00e0y t\u1eadp trung v\u00e0o m\u1ed9t k\u1ef9 n\u0103ng ho\u1eb7c d\u1ea1ng b\u00e0i c\u1ee5 th\u1ec3.<\/span><\/li>\n<li class=\"dF3vjf\" data-sfc-root=\"c\" data-sfc-cb=\"\" data-hveid=\"CAEIBxAA\" data-complete=\"true\" data-sae=\"\"><span class=\"T286Pc\" data-sfc-cp=\"\" data-sfc-root=\"c\" data-sfc-cb=\"\" data-complete=\"true\"><strong class=\"Yjhzub\" data-sfc-root=\"c\" data-sfc-cb=\"\" data-complete=\"true\">Ph\u00e2n t\u00edch \u0111\u1ec1 thi:<\/strong>\u00a0S\u00e1ch b\u00e1m s\u00e1t c\u1ea5u tr\u00fac \u0111\u1ec1 thi HSKK Cao c\u1ea5p g\u1ed3m 3 ph\u1ea7n: Nghe sau \u0111\u00f3 nh\u1eafc l\u1ea1i (3 c\u00e2u), \u0110\u1ecdc th\u00e0nh ti\u1ebfng (1 c\u00e2u) v\u00e0 Tr\u1ea3 l\u1eddi c\u00e2u h\u1ecfi (2 c\u00e2u).<\/span><\/li>\n<li class=\"dF3vjf\" data-sfc-root=\"c\" data-sfc-cb=\"\" data-hveid=\"CAEIBxAB\" data-complete=\"true\" data-sae=\"\"><span class=\"T286Pc\" data-sfc-cp=\"\" data-sfc-root=\"c\" data-sfc-cb=\"\" data-complete=\"true\"><strong class=\"Yjhzub\" data-sfc-root=\"c\" data-sfc-cb=\"\" data-complete=\"true\">H\u1ec7 th\u1ed1ng c\u00e2u h\u1ecfi m\u1eabu:<\/strong>\u00a0Cung c\u1ea5p c\u00e1c ch\u1ee7 \u0111\u1ec1 th\u01b0\u1eddng g\u1eb7p trong k\u1ef3 thi k\u00e8m theo g\u1ee3i \u00fd tr\u1ea3 l\u1eddi v\u00e0 t\u1eeb v\u1ef1ng chuy\u00ean s\u00e2u.<\/span><\/li>\n<li class=\"dF3vjf\" data-sfc-root=\"c\" data-sfc-cb=\"\" data-hveid=\"CAEIBxAC\" data-complete=\"true\" data-sae=\"\"><span class=\"T286Pc\" data-sfc-cp=\"\" data-sfc-root=\"c\" data-sfc-cb=\"\" data-complete=\"true\"><strong class=\"Yjhzub\" data-sfc-root=\"c\" data-sfc-cb=\"\" data-complete=\"true\">Chi\u1ebfn thu\u1eadt l\u00e0m b\u00e0i:<\/strong>\u00a0H\u01b0\u1edbng d\u1eabn c\u00e1ch s\u1eafp x\u1ebfp \u00fd t\u01b0\u1edfng trong th\u1eddi gian chu\u1ea9n b\u1ecb ng\u1eafn ng\u1ee7i, c\u00e1ch s\u1eed d\u1ee5ng c\u00e1c li\u00ean t\u1eeb v\u00e0 c\u1ea5u tr\u00fac ng\u1eef ph\u00e1p cao c\u1ea5p \u0111\u1ec3 n\u00e2ng \u0111i\u1ec3m.<\/span><\/li>\n<li class=\"dF3vjf\" data-sfc-root=\"c\" data-sfc-cb=\"\" data-hveid=\"CAEIBxAD\" data-complete=\"true\" data-sae=\"\"><span class=\"T286Pc\" data-sfc-cp=\"\" data-sfc-root=\"c\" data-sfc-cb=\"\" data-complete=\"true\"><strong class=\"Yjhzub\" data-sfc-root=\"c\" data-sfc-cb=\"\" data-complete=\"true\">Luy\u1ec7n ph\u00e1t \u00e2m:<\/strong>\u00a0C\u00f3 c\u00e1c b\u00e0i t\u1eadp b\u1ed5 tr\u1ee3 v\u1ec1 ng\u1eef \u0111i\u1ec7u v\u00e0 c\u00e1ch ng\u1eaft ngh\u1ec9 sao cho t\u1ef1 nhi\u00ean nh\u1ea5t.<\/span><\/li>\n<\/ul>\n","protected":false},"excerpt":{"rendered":"<p>M\u1ee5c ti\u00eau:\u00a0Gi\u00fap th\u00ed sinh \u00f4n luy\u1ec7n c\u1ea5p t\u1ed1c k\u1ef9 n\u0103ng n\u00f3i (kh\u1ea9u ng\u1eef) cho k\u1ef3 thi HSKK Cao c\u1ea5p trong [&hellip;]<\/p>\n","protected":false},"featured_media":280,"comment_status":"open","ping_status":"closed","template":"","meta":{"site-sidebar-layout":"default","site-content-layout":"","ast-site-content-layout":"default","site-content-style":"default","site-sidebar-style":"default","ast-global-header-display":"","ast-banner-title-visibility":"","ast-main-header-display":"","ast-hfb-above-header-display":"","ast-hfb-below-header-display":"","ast-hfb-mobile-header-display":"","site-post-title":"","ast-breadcrumbs-content":"","ast-featured-img":"","footer-sml-layout":"","ast-disable-related-posts":"","theme-transparent-header-meta":"","adv-header-id-meta":"","stick-header-meta":"","header-above-stick-meta":"","header-main-stick-meta":"","header-below-stick-meta":"","astra-migrate-meta-layouts":"default","ast-page-background-enabled":"default","ast-page-background-meta":{"desktop":{"background-color":"var(--ast-global-color-5)","background-image":"","background-repeat":"repeat","background-position":"center center","background-size":"auto","background-attachment":"scroll","background-type":"","background-media":"","overlay-type":"","overlay-color":"","overlay-opacity":"","overlay-gradient":""},"tablet":{"background-color":"","background-image":"","background-repeat":"repeat","background-position":"center center","background-size":"auto","background-attachment":"scroll","background-type":"","background-media":"","overlay-type":"","overlay-color":"","overlay-opacity":"","overlay-gradient":""},"mobile":{"background-color":"","background-image":"","background-repeat":"repeat","background-position":"center center","background-size":"auto","background-attachment":"scroll","background-type":"","background-media":"","overlay-type":"","overlay-color":"","overlay-opacity":"","overlay-gradient":""}},"ast-content-background-meta":{"desktop":{"background-color":"var(--ast-global-color-4)","background-image":"","background-repeat":"repeat","background-position":"center center","background-size":"auto","background-attachment":"scroll","background-type":"","background-media":"","overlay-type":"","overlay-color":"","overlay-opacity":"","overlay-gradient":""},"tablet":{"background-color":"var(--ast-global-color-4)","background-image":"","background-repeat":"repeat","background-position":"center center","background-size":"auto","background-attachment":"scroll","background-type":"","background-media":"","overlay-type":"","overlay-color":"","overlay-opacity":"","overlay-gradient":""},"mobile":{"background-color":"var(--ast-global-color-4)","background-image":"","background-repeat":"repeat","background-position":"center center","background-size":"auto","background-attachment":"scroll","background-type":"","background-media":"","overlay-type":"","overlay-color":"","overlay-opacity":"","overlay-gradient":""}}},"product_brand":[],"product_cat":[25],"product_tag":[],"class_list":{"0":"post-279","1":"product","2":"type-product","3":"status-publish","4":"has-post-thumbnail","6":"product_cat-sach-tieng-trung","7":"desktop-align-left","8":"tablet-align-left","9":"mobile-align-left","11":"first","12":"instock","13":"sale","14":"taxable","15":"shipping-taxable","16":"purchasable","17":"product-type-simple"},"_links":{"self":[{"href":"https:\/\/lulabookstore.com\/index.php\/wp-json\/wp\/v2\/product\/279","targetHints":{"allow":["GET"]}}],"collection":[{"href":"https:\/\/lulabookstore.com\/index.php\/wp-json\/wp\/v2\/product"}],"about":[{"href":"https:\/\/lulabookstore.com\/index.php\/wp-json\/wp\/v2\/types\/product"}],"replies":[{"embeddable":true,"href":"https:\/\/lulabookstore.com\/index.php\/wp-json\/wp\/v2\/comments?post=279"}],"wp:featuredmedia":[{"embeddable":true,"href":"https:\/\/lulabookstore.com\/index.php\/wp-json\/wp\/v2\/media\/280"}],"wp:attachment":[{"href":"https:\/\/lulabookstore.com\/index.php\/wp-json\/wp\/v2\/media?parent=279"}],"wp:term":[{"taxonomy":"product_brand","embeddable":true,"href":"https:\/\/lulabookstore.com\/index.php\/wp-json\/wp\/v2\/product_brand?post=279"},{"taxonomy":"product_cat","embeddable":true,"href":"https:\/\/lulabookstore.com\/index.php\/wp-json\/wp\/v2\/product_cat?post=279"},{"taxonomy":"product_tag","embeddable":true,"href":"https:\/\/lulabookstore.com\/index.php\/wp-json\/wp\/v2\/product_tag?post=279"}],"curies":[{"name":"wp","href":"https:\/\/api.w.org\/{rel}","templated":true}]}}