{"id":268,"date":"2026-03-20T12:08:02","date_gmt":"2026-03-20T12:08:02","guid":{"rendered":"https:\/\/lulabookstore.com\/?post_type=product&#038;p=268"},"modified":"2026-03-22T10:54:26","modified_gmt":"2026-03-22T10:54:26","slug":"sach-180-days-of-math-1-2-3-4-5-6-hoc-toan-luyen-toan","status":"publish","type":"product","link":"https:\/\/lulabookstore.com\/index.php\/san-pham\/sach-180-days-of-math-1-2-3-4-5-6-hoc-toan-luyen-toan\/","title":{"rendered":"S\u00e1ch 180 Days of Math 1-2-3-4-5-6, H\u1ecdc To\u00e1n, Luy\u1ec7n To\u00e1n"},"content":{"rendered":"<p>B\u1ed9 s\u00e1ch\u00a0&#8220;180 Days of Math&#8221;\u00a0l\u00e0 t\u00e0i li\u1ec7u h\u1ecdc to\u00e1n ti\u1ebfng Anh \u0111\u01b0\u1ee3c thi\u1ebft k\u1ebf cho h\u1ecdc sinh M\u1ef9 t\u1eeb b\u1eadc m\u1ea7m non \u0111\u1ebfn l\u1edbp 6, t\u1eadp trung v\u00e0o vi\u1ec7c c\u1ee7ng c\u1ed1 v\u00e0 ph\u00e1t tri\u1ec3n k\u1ef9 n\u0103ng to\u00e1n h\u1ecdc h\u00e0ng ng\u00e0y.\u00a0S\u00e1ch c\u00f3 \u01b0u \u0111i\u1ec3m l\u00e0 n\u1ed9i dung th\u1ef1c t\u1ebf, sinh \u0111\u1ed9ng, gi\u00fap h\u1ecdc sinh l\u00e0m quen v\u1edbi c\u00e1c kh\u00e1i ni\u1ec7m to\u00e1n h\u1ecdc, r\u00e8n luy\u1ec7n t\u01b0 duy logic, ph\u00e2n t\u00edch d\u1eef li\u1ec7u v\u00e0 gi\u1ea3i quy\u1ebft v\u1ea5n \u0111\u1ec1 th\u00f4ng qua c\u00e1c b\u00e0i t\u1eadp h\u00e0ng ng\u00e0y k\u00e9o d\u00e0i 180 ng\u00e0y. \u0110\u00e2y l\u00e0 b\u1ed9 s\u00e1ch h\u1eefu \u00edch cho c\u1ea3 vi\u1ec7c h\u1ecdc t\u1ea1i nh\u00e0 v\u00e0 l\u00e0m t\u00e0i li\u1ec7u tham kh\u1ea3o cho gi\u00e1o vi\u00ean.<\/p>\n","protected":false},"excerpt":{"rendered":"<p>B\u1ed9 s\u00e1ch\u00a0&#8220;180 Days of Math&#8221;\u00a0l\u00e0 t\u00e0i li\u1ec7u h\u1ecdc to\u00e1n ti\u1ebfng Anh \u0111\u01b0\u1ee3c thi\u1ebft k\u1ebf cho h\u1ecdc sinh M\u1ef9 t\u1eeb b\u1eadc [&hellip;]<\/p>\n","protected":false},"featured_media":269,"comment_status":"open","ping_status":"closed","template":"","meta":{"site-sidebar-layout":"default","site-content-layout":"","ast-site-content-layout":"default","site-content-style":"default","site-sidebar-style":"default","ast-global-header-display":"","ast-banner-title-visibility":"","ast-main-header-display":"","ast-hfb-above-header-display":"","ast-hfb-below-header-display":"","ast-hfb-mobile-header-display":"","site-post-title":"","ast-breadcrumbs-content":"","ast-featured-img":"","footer-sml-layout":"","ast-disable-related-posts":"","theme-transparent-header-meta":"","adv-header-id-meta":"","stick-header-meta":"","header-above-stick-meta":"","header-main-stick-meta":"","header-below-stick-meta":"","astra-migrate-meta-layouts":"default","ast-page-background-enabled":"default","ast-page-background-meta":{"desktop":{"background-color":"var(--ast-global-color-5)","background-image":"","background-repeat":"repeat","background-position":"center center","background-size":"auto","background-attachment":"scroll","background-type":"","background-media":"","overlay-type":"","overlay-color":"","overlay-opacity":"","overlay-gradient":""},"tablet":{"background-color":"","background-image":"","background-repeat":"repeat","background-position":"center center","background-size":"auto","background-attachment":"scroll","background-type":"","background-media":"","overlay-type":"","overlay-color":"","overlay-opacity":"","overlay-gradient":""},"mobile":{"background-color":"","background-image":"","background-repeat":"repeat","background-position":"center center","background-size":"auto","background-attachment":"scroll","background-type":"","background-media":"","overlay-type":"","overlay-color":"","overlay-opacity":"","overlay-gradient":""}},"ast-content-background-meta":{"desktop":{"background-color":"var(--ast-global-color-4)","background-image":"","background-repeat":"repeat","background-position":"center center","background-size":"auto","background-attachment":"scroll","background-type":"","background-media":"","overlay-type":"","overlay-color":"","overlay-opacity":"","overlay-gradient":""},"tablet":{"background-color":"var(--ast-global-color-4)","background-image":"","background-repeat":"repeat","background-position":"center center","background-size":"auto","background-attachment":"scroll","background-type":"","background-media":"","overlay-type":"","overlay-color":"","overlay-opacity":"","overlay-gradient":""},"mobile":{"background-color":"var(--ast-global-color-4)","background-image":"","background-repeat":"repeat","background-position":"center center","background-size":"auto","background-attachment":"scroll","background-type":"","background-media":"","overlay-type":"","overlay-color":"","overlay-opacity":"","overlay-gradient":""}}},"product_brand":[],"product_cat":[22,28],"product_tag":[],"class_list":{"0":"post-268","1":"product","2":"type-product","3":"status-publish","4":"has-post-thumbnail","6":"product_cat-sach-tieng-anh","7":"product_cat-sach-tong-hop","8":"desktop-align-left","9":"tablet-align-left","10":"mobile-align-left","12":"first","13":"instock","14":"sale","15":"taxable","16":"shipping-taxable","17":"purchasable","18":"product-type-variable"},"_links":{"self":[{"href":"https:\/\/lulabookstore.com\/index.php\/wp-json\/wp\/v2\/product\/268","targetHints":{"allow":["GET"]}}],"collection":[{"href":"https:\/\/lulabookstore.com\/index.php\/wp-json\/wp\/v2\/product"}],"about":[{"href":"https:\/\/lulabookstore.com\/index.php\/wp-json\/wp\/v2\/types\/product"}],"replies":[{"embeddable":true,"href":"https:\/\/lulabookstore.com\/index.php\/wp-json\/wp\/v2\/comments?post=268"}],"wp:featuredmedia":[{"embeddable":true,"href":"https:\/\/lulabookstore.com\/index.php\/wp-json\/wp\/v2\/media\/269"}],"wp:attachment":[{"href":"https:\/\/lulabookstore.com\/index.php\/wp-json\/wp\/v2\/media?parent=268"}],"wp:term":[{"taxonomy":"product_brand","embeddable":true,"href":"https:\/\/lulabookstore.com\/index.php\/wp-json\/wp\/v2\/product_brand?post=268"},{"taxonomy":"product_cat","embeddable":true,"href":"https:\/\/lulabookstore.com\/index.php\/wp-json\/wp\/v2\/product_cat?post=268"},{"taxonomy":"product_tag","embeddable":true,"href":"https:\/\/lulabookstore.com\/index.php\/wp-json\/wp\/v2\/product_tag?post=268"}],"curies":[{"name":"wp","href":"https:\/\/api.w.org\/{rel}","templated":true}]}}