{"id":249,"date":"2026-03-20T11:50:35","date_gmt":"2026-03-20T11:50:35","guid":{"rendered":"https:\/\/lulabookstore.com\/?post_type=product&#038;p=249"},"modified":"2026-03-22T10:55:14","modified_gmt":"2026-03-22T10:55:14","slug":"sach-180-days-of-science-1-2-3-4-5-6","status":"publish","type":"product","link":"https:\/\/lulabookstore.com\/index.php\/san-pham\/sach-180-days-of-science-1-2-3-4-5-6\/","title":{"rendered":"S\u00e1ch 180 Days of Science 1-2-3-4-5-6"},"content":{"rendered":"<p>B\u1ed9 s\u00e1ch &#8220;180 Days of Science&#8221; l\u00e0 t\u00e0i li\u1ec7u b\u1ed5 tr\u1ee3 h\u1ecdc t\u1eadp h\u00e0ng ng\u00e0y theo ch\u01b0\u01a1ng tr\u00ecnh c\u1ee7a M\u1ef9, \u0111\u01b0\u1ee3c thi\u1ebft k\u1ebf cho h\u1ecdc sinh t\u1eeb m\u1eabu gi\u00e1o \u0111\u1ebfn l\u1edbp 6, gi\u00fap tr\u1ebb kh\u00e1m ph\u00e1 khoa h\u1ecdc qua 180 ng\u00e0y h\u1ecdc v\u1edbi c\u00e1c ho\u1ea1t \u0111\u1ed9ng th\u1ef1c t\u1ebf v\u00e0 \u0111a d\u1ea1ng. S\u00e1ch \u0111\u01b0\u1ee3c \u0111\u00e1nh gi\u00e1 cao v\u00ec\u00a0n\u1ed9i dung khoa h\u1ecdc d\u1ec5 hi\u1ec3u, ph\u00f9 h\u1ee3p l\u1ee9a tu\u1ed5i v\u00e0 t\u1eadp trung ph\u00e1t tri\u1ec3n k\u1ef9 n\u0103ng quan s\u00e1t, t\u01b0 duy logic, l\u00e0m vi\u1ec7c nh\u00f3m cho tr\u1ebb.<\/p>\n","protected":false},"excerpt":{"rendered":"<p>B\u1ed9 s\u00e1ch &#8220;180 Days of Science&#8221; l\u00e0 t\u00e0i li\u1ec7u b\u1ed5 tr\u1ee3 h\u1ecdc t\u1eadp h\u00e0ng ng\u00e0y theo ch\u01b0\u01a1ng tr\u00ecnh c\u1ee7a M\u1ef9, [&hellip;]<\/p>\n","protected":false},"featured_media":250,"comment_status":"open","ping_status":"closed","template":"","meta":{"site-sidebar-layout":"default","site-content-layout":"","ast-site-content-layout":"default","site-content-style":"default","site-sidebar-style":"default","ast-global-header-display":"","ast-banner-title-visibility":"","ast-main-header-display":"","ast-hfb-above-header-display":"","ast-hfb-below-header-display":"","ast-hfb-mobile-header-display":"","site-post-title":"","ast-breadcrumbs-content":"","ast-featured-img":"","footer-sml-layout":"","ast-disable-related-posts":"","theme-transparent-header-meta":"","adv-header-id-meta":"","stick-header-meta":"","header-above-stick-meta":"","header-main-stick-meta":"","header-below-stick-meta":"","astra-migrate-meta-layouts":"default","ast-page-background-enabled":"default","ast-page-background-meta":{"desktop":{"background-color":"var(--ast-global-color-5)","background-image":"","background-repeat":"repeat","background-position":"center center","background-size":"auto","background-attachment":"scroll","background-type":"","background-media":"","overlay-type":"","overlay-color":"","overlay-opacity":"","overlay-gradient":""},"tablet":{"background-color":"","background-image":"","background-repeat":"repeat","background-position":"center center","background-size":"auto","background-attachment":"scroll","background-type":"","background-media":"","overlay-type":"","overlay-color":"","overlay-opacity":"","overlay-gradient":""},"mobile":{"background-color":"","background-image":"","background-repeat":"repeat","background-position":"center center","background-size":"auto","background-attachment":"scroll","background-type":"","background-media":"","overlay-type":"","overlay-color":"","overlay-opacity":"","overlay-gradient":""}},"ast-content-background-meta":{"desktop":{"background-color":"var(--ast-global-color-4)","background-image":"","background-repeat":"repeat","background-position":"center center","background-size":"auto","background-attachment":"scroll","background-type":"","background-media":"","overlay-type":"","overlay-color":"","overlay-opacity":"","overlay-gradient":""},"tablet":{"background-color":"var(--ast-global-color-4)","background-image":"","background-repeat":"repeat","background-position":"center center","background-size":"auto","background-attachment":"scroll","background-type":"","background-media":"","overlay-type":"","overlay-color":"","overlay-opacity":"","overlay-gradient":""},"mobile":{"background-color":"var(--ast-global-color-4)","background-image":"","background-repeat":"repeat","background-position":"center center","background-size":"auto","background-attachment":"scroll","background-type":"","background-media":"","overlay-type":"","overlay-color":"","overlay-opacity":"","overlay-gradient":""}}},"product_brand":[],"product_cat":[22,28],"product_tag":[],"class_list":{"0":"post-249","1":"product","2":"type-product","3":"status-publish","4":"has-post-thumbnail","6":"product_cat-sach-tieng-anh","7":"product_cat-sach-tong-hop","8":"desktop-align-left","9":"tablet-align-left","10":"mobile-align-left","12":"first","13":"instock","14":"sale","15":"taxable","16":"shipping-taxable","17":"purchasable","18":"product-type-variable"},"_links":{"self":[{"href":"https:\/\/lulabookstore.com\/index.php\/wp-json\/wp\/v2\/product\/249","targetHints":{"allow":["GET"]}}],"collection":[{"href":"https:\/\/lulabookstore.com\/index.php\/wp-json\/wp\/v2\/product"}],"about":[{"href":"https:\/\/lulabookstore.com\/index.php\/wp-json\/wp\/v2\/types\/product"}],"replies":[{"embeddable":true,"href":"https:\/\/lulabookstore.com\/index.php\/wp-json\/wp\/v2\/comments?post=249"}],"wp:featuredmedia":[{"embeddable":true,"href":"https:\/\/lulabookstore.com\/index.php\/wp-json\/wp\/v2\/media\/250"}],"wp:attachment":[{"href":"https:\/\/lulabookstore.com\/index.php\/wp-json\/wp\/v2\/media?parent=249"}],"wp:term":[{"taxonomy":"product_brand","embeddable":true,"href":"https:\/\/lulabookstore.com\/index.php\/wp-json\/wp\/v2\/product_brand?post=249"},{"taxonomy":"product_cat","embeddable":true,"href":"https:\/\/lulabookstore.com\/index.php\/wp-json\/wp\/v2\/product_cat?post=249"},{"taxonomy":"product_tag","embeddable":true,"href":"https:\/\/lulabookstore.com\/index.php\/wp-json\/wp\/v2\/product_tag?post=249"}],"curies":[{"name":"wp","href":"https:\/\/api.w.org\/{rel}","templated":true}]}}