{"id":240,"date":"2026-03-20T11:39:36","date_gmt":"2026-03-20T11:39:36","guid":{"rendered":"https:\/\/lulabookstore.com\/?post_type=product&#038;p=240"},"modified":"2026-03-22T10:55:29","modified_gmt":"2026-03-22T10:55:29","slug":"sach-ielts-practice-tests-plus-tron-bo-3-cuon-kem-audio-tai-ban","status":"publish","type":"product","link":"https:\/\/lulabookstore.com\/index.php\/san-pham\/sach-ielts-practice-tests-plus-tron-bo-3-cuon-kem-audio-tai-ban\/","title":{"rendered":"S\u00e1ch IELTS Practice Tests Plus Tr\u1ecdn B\u1ed9 3 Cu\u1ed1n K\u00e8m Audio &#8211; T\u00e1i b\u1ea3n"},"content":{"rendered":"<p>C\u00e1c b\u1ea1n h\u1ecdc thi c\u00f3 th\u1ec3 l\u00e0m h\u1ebft b\u1ed9 Cambridge, sau \u0111\u00f3 ti\u1ebfp t\u1ee5c v\u1edbi b\u1ed9 Practice Tests Plus \u0111\u1ec3 n\u00e2ng \u0111\u1ed9 kh\u00f3 c\u1ee7a c\u00e1c b\u00e0i d\u1ea7n d\u1ea7n \u0111\u1ec3 n\u00e2ng band \u0111i\u1ec3m. B\u1ea1n kh\u00f4ng n\u00ean l\u00e0m lu\u00f4n b\u1ed9 Practice Tests Plus n\u00e0y ngay khi m\u1edbi b\u1eaft \u0111\u1ea7u l\u00e0m quen v\u1edbi full test, s\u1ebd r\u1ea5t d\u1ec5 n\u1ea3n.<\/p>\n<p>Khi l\u00e0m full test trong b\u1ed9 IELTS Practice Tests Plus, b\u1ea1n h\u1ecdc n\u00ean b\u1ea5m gi\u1edd l\u00e0m th\u1ef1c t\u1ebf \u0111\u1ec3 ki\u1ec3m tra kh\u1ea3 n\u0103ng l\u00e0m b\u00e0i d\u01b0\u1edbi \u00e1p l\u1ef1c th\u1eddi gian v\u00e0 chu\u1ea9n b\u1ecb tinh th\u1ea7n cho b\u00e0i thi th\u1eadt.<\/p>\n","protected":false},"excerpt":{"rendered":"<p>C\u00e1c b\u1ea1n h\u1ecdc thi c\u00f3 th\u1ec3 l\u00e0m h\u1ebft b\u1ed9 Cambridge, sau \u0111\u00f3 ti\u1ebfp t\u1ee5c v\u1edbi b\u1ed9 Practice Tests Plus \u0111\u1ec3 [&hellip;]<\/p>\n","protected":false},"featured_media":244,"comment_status":"open","ping_status":"closed","template":"","meta":{"site-sidebar-layout":"default","site-content-layout":"","ast-site-content-layout":"default","site-content-style":"default","site-sidebar-style":"default","ast-global-header-display":"","ast-banner-title-visibility":"","ast-main-header-display":"","ast-hfb-above-header-display":"","ast-hfb-below-header-display":"","ast-hfb-mobile-header-display":"","site-post-title":"","ast-breadcrumbs-content":"","ast-featured-img":"","footer-sml-layout":"","ast-disable-related-posts":"","theme-transparent-header-meta":"","adv-header-id-meta":"","stick-header-meta":"","header-above-stick-meta":"","header-main-stick-meta":"","header-below-stick-meta":"","astra-migrate-meta-layouts":"default","ast-page-background-enabled":"default","ast-page-background-meta":{"desktop":{"background-color":"var(--ast-global-color-5)","background-image":"","background-repeat":"repeat","background-position":"center center","background-size":"auto","background-attachment":"scroll","background-type":"","background-media":"","overlay-type":"","overlay-color":"","overlay-opacity":"","overlay-gradient":""},"tablet":{"background-color":"","background-image":"","background-repeat":"repeat","background-position":"center center","background-size":"auto","background-attachment":"scroll","background-type":"","background-media":"","overlay-type":"","overlay-color":"","overlay-opacity":"","overlay-gradient":""},"mobile":{"background-color":"","background-image":"","background-repeat":"repeat","background-position":"center center","background-size":"auto","background-attachment":"scroll","background-type":"","background-media":"","overlay-type":"","overlay-color":"","overlay-opacity":"","overlay-gradient":""}},"ast-content-background-meta":{"desktop":{"background-color":"var(--ast-global-color-4)","background-image":"","background-repeat":"repeat","background-position":"center center","background-size":"auto","background-attachment":"scroll","background-type":"","background-media":"","overlay-type":"","overlay-color":"","overlay-opacity":"","overlay-gradient":""},"tablet":{"background-color":"var(--ast-global-color-4)","background-image":"","background-repeat":"repeat","background-position":"center center","background-size":"auto","background-attachment":"scroll","background-type":"","background-media":"","overlay-type":"","overlay-color":"","overlay-opacity":"","overlay-gradient":""},"mobile":{"background-color":"var(--ast-global-color-4)","background-image":"","background-repeat":"repeat","background-position":"center center","background-size":"auto","background-attachment":"scroll","background-type":"","background-media":"","overlay-type":"","overlay-color":"","overlay-opacity":"","overlay-gradient":""}}},"product_brand":[],"product_cat":[24,22],"product_tag":[],"class_list":{"0":"post-240","1":"product","2":"type-product","3":"status-publish","4":"has-post-thumbnail","6":"product_cat-sach-ielts","7":"product_cat-sach-tieng-anh","8":"desktop-align-left","9":"tablet-align-left","10":"mobile-align-left","12":"first","13":"instock","14":"sale","15":"taxable","16":"shipping-taxable","17":"purchasable","18":"product-type-variable"},"_links":{"self":[{"href":"https:\/\/lulabookstore.com\/index.php\/wp-json\/wp\/v2\/product\/240","targetHints":{"allow":["GET"]}}],"collection":[{"href":"https:\/\/lulabookstore.com\/index.php\/wp-json\/wp\/v2\/product"}],"about":[{"href":"https:\/\/lulabookstore.com\/index.php\/wp-json\/wp\/v2\/types\/product"}],"replies":[{"embeddable":true,"href":"https:\/\/lulabookstore.com\/index.php\/wp-json\/wp\/v2\/comments?post=240"}],"wp:featuredmedia":[{"embeddable":true,"href":"https:\/\/lulabookstore.com\/index.php\/wp-json\/wp\/v2\/media\/244"}],"wp:attachment":[{"href":"https:\/\/lulabookstore.com\/index.php\/wp-json\/wp\/v2\/media?parent=240"}],"wp:term":[{"taxonomy":"product_brand","embeddable":true,"href":"https:\/\/lulabookstore.com\/index.php\/wp-json\/wp\/v2\/product_brand?post=240"},{"taxonomy":"product_cat","embeddable":true,"href":"https:\/\/lulabookstore.com\/index.php\/wp-json\/wp\/v2\/product_cat?post=240"},{"taxonomy":"product_tag","embeddable":true,"href":"https:\/\/lulabookstore.com\/index.php\/wp-json\/wp\/v2\/product_tag?post=240"}],"curies":[{"name":"wp","href":"https:\/\/api.w.org\/{rel}","templated":true}]}}