{"id":238,"date":"2026-03-20T11:18:49","date_gmt":"2026-03-20T11:18:49","guid":{"rendered":"https:\/\/lulabookstore.com\/?post_type=product&#038;p=238"},"modified":"2026-03-22T10:55:51","modified_gmt":"2026-03-22T10:55:51","slug":"sach-cambridge-vocabulary-for-ielts-advanced-tang-mp3-tai-ban-den-trang","status":"publish","type":"product","link":"https:\/\/lulabookstore.com\/index.php\/san-pham\/sach-cambridge-vocabulary-for-ielts-advanced-tang-mp3-tai-ban-den-trang\/","title":{"rendered":"S\u00e1ch Cambridge Vocabulary for IELTS Advanced &#8211; t\u1eb7ng mp3 &#8211; t\u00e1i b\u1ea3n &#8211; \u0111en tr\u1eafng"},"content":{"rendered":"<p>gi\u1edbi thi\u1ec7u s\u00e1ch<\/p>\n<p>S\u00e1ch Cambridge Vocabulary for IELTS Advanced &#8211; t\u1eb7ng mp3 &#8211; t\u00e1i b\u1ea3n &#8211; \u0111en tr\u1eafng<\/p>\n<p>S\u00e1ch &#8220;Vocabulary for IELTS Advanced&#8221; l\u00e0 m\u1ed9t cu\u1ed1n s\u00e1ch cho nh\u1eefng ng\u01b0\u1eddi h\u1ecdc mu\u1ed1n n\u00e2ng cao v\u1ed1n t\u1eeb v\u1ef1ng c\u1ee7a m\u00ecnh \u0111\u1ec3 \u0111\u1ea1t \u0111i\u1ec3m cao trong k\u1ef3 thi IELTS., b\u1ed9 s\u00e1ch n\u00e0y ph\u00f9 h\u1ee3p cho nh\u1eefng h\u1ecdc vi\u00ean \u1edf tr\u00ecnh \u0111\u1ed9 7.0 tr\u1edf l\u00ean v\u00e0 c\u00f3 m\u1ee5c ti\u00eau \u0111\u1ea1t \u0111\u1ebfn \u0111i\u1ec3m s\u1ed1 9.0.<\/p>\n<p>\u1ed9 s\u00e1ch bao g\u1ed3m 20 ch\u1ee7 \u0111\u1ec1 t\u1eeb v\u1ef1ng kh\u00e1c nhau, cung c\u1ea5p c\u00e1c b\u00e0i t\u1eadp v\u00e0 ph\u01b0\u01a1ng ph\u00e1p h\u1ecdc t\u1eeb v\u1ef1ng hi\u1ec7u qu\u1ea3 th\u00f4ng qua vi\u1ec7c luy\u1ec7n t\u1eadp c\u1ea3 b\u1ed1n k\u1ef9 n\u0103ng Nghe, N\u00f3i, \u0110\u1ecdc, Vi\u1ebft.<\/p>\n<p>Ngo\u00e0i ra, s\u00e1ch c\u00f2n c\u00f3 c\u00e1c b\u00e0i ki\u1ec3m tra t\u1eeb v\u1ef1ng v\u00e0 h\u01b0\u1edbng d\u1eabn s\u1eed d\u1ee5ng t\u1eeb \u0111i\u1ec3n \u0111\u1ec3 h\u1ecdc t\u1eeb v\u1ef1ng m\u1ed9t c\u00e1ch c\u00f3 h\u1ec7 th\u1ed1ng. \u0110\u00e2y l\u00e0 m\u1ed9t c\u00f4ng c\u1ee5 h\u1ed7 tr\u1ee3 h\u1ecdc t\u1eadp kh\u00f4ng th\u1ec3 thi\u1ebfu cho b\u1ea5t k\u1ef3 ai \u0111ang chu\u1ea9n b\u1ecb cho k\u1ef3 thi IELTS v\u00e0 mu\u1ed1n c\u1ea3i thi\u1ec7n v\u1ed1n t\u1eeb v\u1ef1ng c\u1ee7a m\u00ecnh.<\/p>\n","protected":false},"excerpt":{"rendered":"<p>gi\u1edbi thi\u1ec7u s\u00e1ch S\u00e1ch Cambridge Vocabulary for IELTS Advanced &#8211; t\u1eb7ng mp3 &#8211; t\u00e1i b\u1ea3n &#8211; \u0111en tr\u1eafng S\u00e1ch &#8220;Vocabulary [&hellip;]<\/p>\n","protected":false},"featured_media":239,"comment_status":"open","ping_status":"closed","template":"","meta":{"site-sidebar-layout":"default","site-content-layout":"","ast-site-content-layout":"default","site-content-style":"default","site-sidebar-style":"default","ast-global-header-display":"","ast-banner-title-visibility":"","ast-main-header-display":"","ast-hfb-above-header-display":"","ast-hfb-below-header-display":"","ast-hfb-mobile-header-display":"","site-post-title":"","ast-breadcrumbs-content":"","ast-featured-img":"","footer-sml-layout":"","ast-disable-related-posts":"","theme-transparent-header-meta":"","adv-header-id-meta":"","stick-header-meta":"","header-above-stick-meta":"","header-main-stick-meta":"","header-below-stick-meta":"","astra-migrate-meta-layouts":"default","ast-page-background-enabled":"default","ast-page-background-meta":{"desktop":{"background-color":"var(--ast-global-color-5)","background-image":"","background-repeat":"repeat","background-position":"center center","background-size":"auto","background-attachment":"scroll","background-type":"","background-media":"","overlay-type":"","overlay-color":"","overlay-opacity":"","overlay-gradient":""},"tablet":{"background-color":"","background-image":"","background-repeat":"repeat","background-position":"center center","background-size":"auto","background-attachment":"scroll","background-type":"","background-media":"","overlay-type":"","overlay-color":"","overlay-opacity":"","overlay-gradient":""},"mobile":{"background-color":"","background-image":"","background-repeat":"repeat","background-position":"center center","background-size":"auto","background-attachment":"scroll","background-type":"","background-media":"","overlay-type":"","overlay-color":"","overlay-opacity":"","overlay-gradient":""}},"ast-content-background-meta":{"desktop":{"background-color":"var(--ast-global-color-4)","background-image":"","background-repeat":"repeat","background-position":"center center","background-size":"auto","background-attachment":"scroll","background-type":"","background-media":"","overlay-type":"","overlay-color":"","overlay-opacity":"","overlay-gradient":""},"tablet":{"background-color":"var(--ast-global-color-4)","background-image":"","background-repeat":"repeat","background-position":"center center","background-size":"auto","background-attachment":"scroll","background-type":"","background-media":"","overlay-type":"","overlay-color":"","overlay-opacity":"","overlay-gradient":""},"mobile":{"background-color":"var(--ast-global-color-4)","background-image":"","background-repeat":"repeat","background-position":"center center","background-size":"auto","background-attachment":"scroll","background-type":"","background-media":"","overlay-type":"","overlay-color":"","overlay-opacity":"","overlay-gradient":""}}},"product_brand":[],"product_cat":[24],"product_tag":[],"class_list":{"0":"post-238","1":"product","2":"type-product","3":"status-publish","4":"has-post-thumbnail","6":"product_cat-sach-ielts","7":"desktop-align-left","8":"tablet-align-left","9":"mobile-align-left","11":"first","12":"instock","13":"sale","14":"taxable","15":"shipping-taxable","16":"purchasable","17":"product-type-simple"},"_links":{"self":[{"href":"https:\/\/lulabookstore.com\/index.php\/wp-json\/wp\/v2\/product\/238","targetHints":{"allow":["GET"]}}],"collection":[{"href":"https:\/\/lulabookstore.com\/index.php\/wp-json\/wp\/v2\/product"}],"about":[{"href":"https:\/\/lulabookstore.com\/index.php\/wp-json\/wp\/v2\/types\/product"}],"replies":[{"embeddable":true,"href":"https:\/\/lulabookstore.com\/index.php\/wp-json\/wp\/v2\/comments?post=238"}],"wp:featuredmedia":[{"embeddable":true,"href":"https:\/\/lulabookstore.com\/index.php\/wp-json\/wp\/v2\/media\/239"}],"wp:attachment":[{"href":"https:\/\/lulabookstore.com\/index.php\/wp-json\/wp\/v2\/media?parent=238"}],"wp:term":[{"taxonomy":"product_brand","embeddable":true,"href":"https:\/\/lulabookstore.com\/index.php\/wp-json\/wp\/v2\/product_brand?post=238"},{"taxonomy":"product_cat","embeddable":true,"href":"https:\/\/lulabookstore.com\/index.php\/wp-json\/wp\/v2\/product_cat?post=238"},{"taxonomy":"product_tag","embeddable":true,"href":"https:\/\/lulabookstore.com\/index.php\/wp-json\/wp\/v2\/product_tag?post=238"}],"curies":[{"name":"wp","href":"https:\/\/api.w.org\/{rel}","templated":true}]}}