{"id":204,"date":"2026-03-20T10:38:48","date_gmt":"2026-03-20T10:38:48","guid":{"rendered":"https:\/\/lulabookstore.com\/?post_type=product&#038;p=204"},"modified":"2026-03-22T10:56:09","modified_gmt":"2026-03-22T10:56:09","slug":"sach-improve-your-skills-improve-your-tai-ban-kem-audio-ban-den-trang","status":"publish","type":"product","link":"https:\/\/lulabookstore.com\/index.php\/san-pham\/sach-improve-your-skills-improve-your-tai-ban-kem-audio-ban-den-trang\/","title":{"rendered":"S\u00e1ch Improve Your Skills &#8211; Improve Your &#8211; T\u00e1i b\u1ea3n (k\u00e8m audio) (b\u1ea3n \u0111en tr\u1eafng)"},"content":{"rendered":"<p>S\u00e1ch Improve Your Skills &#8211; Improve Your &#8211; T\u00e1i b\u1ea3n (k\u00e8m audio)<\/p>\n<p>b\u1ed9 s\u00e1ch Improve Your IELTS s\u1ee1 h\u1eefu 3 cu\u1ed1n \u0111\u01b0\u1ee3c chia theo c\u00e1c k\u1ef9 n\u0103ng trong b\u00e0i thi IELTS, \u0111\u00f3 ch\u00ednh l\u00e0 Improve Your IELTS Listening and Speaking Skills, Improve Your IELTS Writing Skills v\u00e0 Improve Your IELTS Reading Skills.<\/p>\n<p>N\u1ed9i dung s\u00e1ch \u0111a d\u1ea1ng bao g\u1ed3m c\u00e1c b\u00e0i h\u1ecdc, v\u1ea5n \u0111\u1ec1 th\u01b0\u1eddng xu\u1ea5t hi\u1ec7n trong b\u00e0i thi IELTS. T\u1eeb \u0111\u00f3, b\u1ed9 s\u00e1ch gi\u00fap b\u1ea1n \u0111\u1ecdc c\u1ea3i thi\u1ec7n kh\u1ea3 n\u0103ng ng\u00f4n ng\u1eef v\u00e0 chinh ph\u1ee5c m\u1ee5c ti\u00eau c\u1ee7a ch\u00ednh m\u00ecnh.<\/p>\n<p>\u0110i\u1ec3m kh\u00e1c bi\u1ec7t l\u1edbn nh\u1ea5t c\u1ee7a b\u1ed9 s\u00e1ch Improve Your IELTS ch\u00ednh l\u00e0 vi\u1ec7c l\u1ed3ng gh\u00e9p 2 k\u1ef9 n\u0103ng Listening v\u00e0 Speaking th\u00e0nh 1 quy\u1ec3n, 2 k\u1ef9 n\u0103ng Reading v\u00e0 Writing th\u00e0nh 2 quy\u1ec3n kh\u00e1c nhau. \u0110i\u1ec1u n\u00e0y g\u00f3p ph\u1ea7n gi\u00fap c\u00e1c b\u1ea1n \u0111\u1ecdc li\u00ean k\u1ebft gi\u1eefa c\u00e1c k\u1ef9 n\u0103ng IELTS v\u00e0 ph\u00e1t tri\u1ec3n to\u00e0n di\u1ec7n h\u01a1n.<\/p>\n","protected":false},"excerpt":{"rendered":"<p>S\u00e1ch Improve Your Skills &#8211; Improve Your &#8211; T\u00e1i b\u1ea3n (k\u00e8m audio) b\u1ed9 s\u00e1ch Improve Your IELTS s\u1ee1 h\u1eefu 3 [&hellip;]<\/p>\n","protected":false},"featured_media":205,"comment_status":"open","ping_status":"closed","template":"","meta":{"site-sidebar-layout":"default","site-content-layout":"","ast-site-content-layout":"default","site-content-style":"default","site-sidebar-style":"default","ast-global-header-display":"","ast-banner-title-visibility":"","ast-main-header-display":"","ast-hfb-above-header-display":"","ast-hfb-below-header-display":"","ast-hfb-mobile-header-display":"","site-post-title":"","ast-breadcrumbs-content":"","ast-featured-img":"","footer-sml-layout":"","ast-disable-related-posts":"","theme-transparent-header-meta":"","adv-header-id-meta":"","stick-header-meta":"","header-above-stick-meta":"","header-main-stick-meta":"","header-below-stick-meta":"","astra-migrate-meta-layouts":"default","ast-page-background-enabled":"default","ast-page-background-meta":{"desktop":{"background-color":"var(--ast-global-color-5)","background-image":"","background-repeat":"repeat","background-position":"center center","background-size":"auto","background-attachment":"scroll","background-type":"","background-media":"","overlay-type":"","overlay-color":"","overlay-opacity":"","overlay-gradient":""},"tablet":{"background-color":"","background-image":"","background-repeat":"repeat","background-position":"center center","background-size":"auto","background-attachment":"scroll","background-type":"","background-media":"","overlay-type":"","overlay-color":"","overlay-opacity":"","overlay-gradient":""},"mobile":{"background-color":"","background-image":"","background-repeat":"repeat","background-position":"center center","background-size":"auto","background-attachment":"scroll","background-type":"","background-media":"","overlay-type":"","overlay-color":"","overlay-opacity":"","overlay-gradient":""}},"ast-content-background-meta":{"desktop":{"background-color":"var(--ast-global-color-4)","background-image":"","background-repeat":"repeat","background-position":"center center","background-size":"auto","background-attachment":"scroll","background-type":"","background-media":"","overlay-type":"","overlay-color":"","overlay-opacity":"","overlay-gradient":""},"tablet":{"background-color":"var(--ast-global-color-4)","background-image":"","background-repeat":"repeat","background-position":"center center","background-size":"auto","background-attachment":"scroll","background-type":"","background-media":"","overlay-type":"","overlay-color":"","overlay-opacity":"","overlay-gradient":""},"mobile":{"background-color":"var(--ast-global-color-4)","background-image":"","background-repeat":"repeat","background-position":"center center","background-size":"auto","background-attachment":"scroll","background-type":"","background-media":"","overlay-type":"","overlay-color":"","overlay-opacity":"","overlay-gradient":""}}},"product_brand":[],"product_cat":[24,22],"product_tag":[],"class_list":{"0":"post-204","1":"product","2":"type-product","3":"status-publish","4":"has-post-thumbnail","6":"product_cat-sach-ielts","7":"product_cat-sach-tieng-anh","8":"desktop-align-left","9":"tablet-align-left","10":"mobile-align-left","12":"first","13":"instock","14":"sale","15":"taxable","16":"shipping-taxable","17":"purchasable","18":"product-type-variable"},"_links":{"self":[{"href":"https:\/\/lulabookstore.com\/index.php\/wp-json\/wp\/v2\/product\/204","targetHints":{"allow":["GET"]}}],"collection":[{"href":"https:\/\/lulabookstore.com\/index.php\/wp-json\/wp\/v2\/product"}],"about":[{"href":"https:\/\/lulabookstore.com\/index.php\/wp-json\/wp\/v2\/types\/product"}],"replies":[{"embeddable":true,"href":"https:\/\/lulabookstore.com\/index.php\/wp-json\/wp\/v2\/comments?post=204"}],"wp:featuredmedia":[{"embeddable":true,"href":"https:\/\/lulabookstore.com\/index.php\/wp-json\/wp\/v2\/media\/205"}],"wp:attachment":[{"href":"https:\/\/lulabookstore.com\/index.php\/wp-json\/wp\/v2\/media?parent=204"}],"wp:term":[{"taxonomy":"product_brand","embeddable":true,"href":"https:\/\/lulabookstore.com\/index.php\/wp-json\/wp\/v2\/product_brand?post=204"},{"taxonomy":"product_cat","embeddable":true,"href":"https:\/\/lulabookstore.com\/index.php\/wp-json\/wp\/v2\/product_cat?post=204"},{"taxonomy":"product_tag","embeddable":true,"href":"https:\/\/lulabookstore.com\/index.php\/wp-json\/wp\/v2\/product_tag?post=204"}],"curies":[{"name":"wp","href":"https:\/\/api.w.org\/{rel}","templated":true}]}}