{"id":195,"date":"2026-03-20T10:21:53","date_gmt":"2026-03-20T10:21:53","guid":{"rendered":"https:\/\/lulabookstore.com\/?post_type=product&#038;p=195"},"modified":"2026-03-22T10:56:24","modified_gmt":"2026-03-22T10:56:24","slug":"sach-tactics-for-listening-tron-bo-3-cuon-ban-den-trang-kem-audio-tai-ban","status":"publish","type":"product","link":"https:\/\/lulabookstore.com\/index.php\/san-pham\/sach-tactics-for-listening-tron-bo-3-cuon-ban-den-trang-kem-audio-tai-ban\/","title":{"rendered":"S\u00e1ch Tactics For Listening Tr\u1ecdn B\u1ed9 3 Cu\u1ed1n ( b\u1ea3n \u0111en tr\u1eafng ) K\u00e8m Audio &#8211; t\u00e1i b\u1ea3n"},"content":{"rendered":"<p>S\u00e1ch Tactics For Listening Tr\u1ecdn B\u1ed9 3 Cu\u1ed1n ( b\u1ea3n \u0111en tr\u1eafng ) K\u00e8m Audio &#8211; t\u00e1i b\u1ea3n<\/p>\n<p>Tactics for Listening\u00a0c\u00f3 m\u1ed7i c\u1ea5p \u0111\u1ed9 c\u00e1c b\u1ea1n s\u1ebd \u0111\u01b0\u1ee3c h\u1ecdc 24 b\u00e0i h\u1ecdc, m\u1ed7i b\u00e0i m\u00f4 t\u1ea3 m\u1ed9t \u0111\u1ec1 t\u00e0i li\u00ean quan \u0111\u1ebfn cu\u1ed9c s\u1ed1ng h\u00e0ng ng\u00e0y v\u00e0 nh\u1eefng tr\u1ea3i nghi\u1ec7m trong cu\u1ed9c s\u1ed1ng c\u1ee7a con ng\u01b0\u1eddi. Cu\u1ed1n s\u00e1ch n\u00e0y ph\u00f9 h\u1ee3p v\u1edbi t\u1ea5t c\u1ea3 c\u00e1c b\u1ea1n mu\u1ed1n h\u1ecdc ti\u1ebfng Anh giao ti\u1ebfp t\u1eeb b\u1eaft \u0111\u1ea7u cho t\u1edbi n\u00e2ng cao.<\/p>\n","protected":false},"excerpt":{"rendered":"<p>S\u00e1ch Tactics For Listening Tr\u1ecdn B\u1ed9 3 Cu\u1ed1n ( b\u1ea3n \u0111en tr\u1eafng ) K\u00e8m Audio &#8211; t\u00e1i b\u1ea3n Tactics for [&hellip;]<\/p>\n","protected":false},"featured_media":196,"comment_status":"open","ping_status":"closed","template":"","meta":{"site-sidebar-layout":"default","site-content-layout":"","ast-site-content-layout":"default","site-content-style":"default","site-sidebar-style":"default","ast-global-header-display":"","ast-banner-title-visibility":"","ast-main-header-display":"","ast-hfb-above-header-display":"","ast-hfb-below-header-display":"","ast-hfb-mobile-header-display":"","site-post-title":"","ast-breadcrumbs-content":"","ast-featured-img":"","footer-sml-layout":"","ast-disable-related-posts":"","theme-transparent-header-meta":"","adv-header-id-meta":"","stick-header-meta":"","header-above-stick-meta":"","header-main-stick-meta":"","header-below-stick-meta":"","astra-migrate-meta-layouts":"default","ast-page-background-enabled":"default","ast-page-background-meta":{"desktop":{"background-color":"var(--ast-global-color-5)","background-image":"","background-repeat":"repeat","background-position":"center center","background-size":"auto","background-attachment":"scroll","background-type":"","background-media":"","overlay-type":"","overlay-color":"","overlay-opacity":"","overlay-gradient":""},"tablet":{"background-color":"","background-image":"","background-repeat":"repeat","background-position":"center center","background-size":"auto","background-attachment":"scroll","background-type":"","background-media":"","overlay-type":"","overlay-color":"","overlay-opacity":"","overlay-gradient":""},"mobile":{"background-color":"","background-image":"","background-repeat":"repeat","background-position":"center center","background-size":"auto","background-attachment":"scroll","background-type":"","background-media":"","overlay-type":"","overlay-color":"","overlay-opacity":"","overlay-gradient":""}},"ast-content-background-meta":{"desktop":{"background-color":"var(--ast-global-color-4)","background-image":"","background-repeat":"repeat","background-position":"center center","background-size":"auto","background-attachment":"scroll","background-type":"","background-media":"","overlay-type":"","overlay-color":"","overlay-opacity":"","overlay-gradient":""},"tablet":{"background-color":"var(--ast-global-color-4)","background-image":"","background-repeat":"repeat","background-position":"center center","background-size":"auto","background-attachment":"scroll","background-type":"","background-media":"","overlay-type":"","overlay-color":"","overlay-opacity":"","overlay-gradient":""},"mobile":{"background-color":"var(--ast-global-color-4)","background-image":"","background-repeat":"repeat","background-position":"center center","background-size":"auto","background-attachment":"scroll","background-type":"","background-media":"","overlay-type":"","overlay-color":"","overlay-opacity":"","overlay-gradient":""}}},"product_brand":[],"product_cat":[24,22,23],"product_tag":[],"class_list":{"0":"post-195","1":"product","2":"type-product","3":"status-publish","4":"has-post-thumbnail","6":"product_cat-sach-ielts","7":"product_cat-sach-tieng-anh","8":"product_cat-sach-toeic","9":"desktop-align-left","10":"tablet-align-left","11":"mobile-align-left","13":"first","14":"instock","15":"sale","16":"taxable","17":"shipping-taxable","18":"purchasable","19":"product-type-variable"},"_links":{"self":[{"href":"https:\/\/lulabookstore.com\/index.php\/wp-json\/wp\/v2\/product\/195","targetHints":{"allow":["GET"]}}],"collection":[{"href":"https:\/\/lulabookstore.com\/index.php\/wp-json\/wp\/v2\/product"}],"about":[{"href":"https:\/\/lulabookstore.com\/index.php\/wp-json\/wp\/v2\/types\/product"}],"replies":[{"embeddable":true,"href":"https:\/\/lulabookstore.com\/index.php\/wp-json\/wp\/v2\/comments?post=195"}],"wp:featuredmedia":[{"embeddable":true,"href":"https:\/\/lulabookstore.com\/index.php\/wp-json\/wp\/v2\/media\/196"}],"wp:attachment":[{"href":"https:\/\/lulabookstore.com\/index.php\/wp-json\/wp\/v2\/media?parent=195"}],"wp:term":[{"taxonomy":"product_brand","embeddable":true,"href":"https:\/\/lulabookstore.com\/index.php\/wp-json\/wp\/v2\/product_brand?post=195"},{"taxonomy":"product_cat","embeddable":true,"href":"https:\/\/lulabookstore.com\/index.php\/wp-json\/wp\/v2\/product_cat?post=195"},{"taxonomy":"product_tag","embeddable":true,"href":"https:\/\/lulabookstore.com\/index.php\/wp-json\/wp\/v2\/product_tag?post=195"}],"curies":[{"name":"wp","href":"https:\/\/api.w.org\/{rel}","templated":true}]}}