{"id":176,"date":"2026-03-20T10:05:32","date_gmt":"2026-03-20T10:05:32","guid":{"rendered":"https:\/\/lulabookstore.com\/?post_type=product&#038;p=176"},"modified":"2026-03-22T10:56:45","modified_gmt":"2026-03-22T10:56:45","slug":"sach-cambridge-key-english-test-kem-audio-tai-ban","status":"publish","type":"product","link":"https:\/\/lulabookstore.com\/index.php\/san-pham\/sach-cambridge-key-english-test-kem-audio-tai-ban\/","title":{"rendered":"S\u00e1ch Cambridge Key English Test K\u00e8m Audio -T\u00e1i b\u1ea3n"},"content":{"rendered":"<p>T\u1ed5ng quan<\/p>\n<p>Tr\u00ecnh \u0111\u1ed9:\u00a0A2 (s\u01a1 c\u1ea5p), l\u00e0 tr\u00ecnh \u0111\u1ed9 c\u01a1 b\u1ea3n v\u00e0\u00a0l\u00e0 b\u01b0\u1edbc \u0111\u1ec7m cho c\u00e1c k\u1ef3 thi tr\u00ecnh \u0111\u1ed9 cao h\u01a1n nh\u01b0 B1\u00a0S\u01a1 c\u1ea5p (PET).<\/p>\n<p>M\u1ee5c \u0111\u00edch:\u00a0Gi\u00fap ng\u01b0\u1eddi h\u1ecdc l\u00e0m quen v\u1edbi c\u1ea5u tr\u00fac\u00a0v\u00e0 \u0111\u1ecbnh d\u1ea1ng c\u1ee7a k\u1ef3 thi KET, \u0111\u1ed3ng th\u1eddi x\u00e2y d\u1ef1ng\u00a0s\u1ef1 t\u1ef1 tin khi s\u1eed d\u1ee5ng ti\u1ebfng Anh trong c\u00e1c t\u00ecnh hu\u1ed1ng h\u00e0ng ng\u00e0y.<\/p>\n<p>\u0110\u1ed1i t\u01b0\u1ee3ng m\u1ee5c ti\u00eau:\u00a0Ph\u00f9 h\u1ee3p v\u1edbi h\u1ecdc sinh \u0111\u00e3 ho\u00e0n th\u00e0nh\u00a0ch\u01b0\u01a1ng tr\u00ecnh Ti\u1ebfng Anh d\u00e0nh cho tr\u1ebb em (YLE Flyers) ho\u1eb7c ng\u01b0\u1eddi l\u1edbn mu\u1ed1n\u00a0b\u1eaft \u0111\u1ea7u h\u1ecdc ti\u1ebfng Anh c\u01a1 b\u1ea3n.<\/p>\n<p>\u01afu \u0111i\u1ec3m<\/p>\n<p>T\u00ednh x\u00e1c th\u1ef1c:\u00a0Cung c\u1ea5p \u0111\u1ec1 thi th\u1eadt, gi\u00fap th\u00ed sinh tr\u1ea3i nghi\u1ec7m \u0111\u01b0\u1ee3c\u00a0\u0111\u1ed9 kh\u00f3 v\u00e0 c\u1ea5u tr\u00fac c\u1ee7a k\u1ef3 thi.<\/p>\n<p>To\u00e0n di\u1ec7n:\u00a0M\u1ed7i cu\u1ed1n s\u00e1ch bao g\u1ed3m 4 b\u00e0i ki\u1ec3m tra th\u1ef1c h\u00e0nh \u0111\u1ea7y \u0111\u1ee7, bao g\u1ed3m\u00a0c\u1ea3 3 ph\u1ea7n c\u1ee7a k\u1ef3 thi: \u0110\u1ecdc &amp;\u00a0Vi\u1ebft, Nghe v\u00e0 N\u00f3i.<\/p>\n<p>H\u1ed7 tr\u1ee3 t\u1ef1 h\u1ecdc:\u00a0Phi\u00ean b\u1ea3n &#8220;C\u00f3 \u0111\u00e1p \u00e1n&#8221; (c\u00f3 \u0111\u00e1p \u00e1n) v\u00e0\u00a0\u0111\u0129a CD \u00e2m thanh (ho\u1eb7c t\u1ec7p nghe) r\u1ea5t ti\u1ec7n l\u1ee3i cho vi\u1ec7c t\u1ef1 h\u1ecdc.<\/p>\n<p>N\u1ed9i dung li\u00ean quan:\u00a0C\u00e1c ch\u1ee7 \u0111\u1ec1 thi th\u01b0\u1eddng li\u00ean quan \u0111\u1ebfn cu\u1ed9c s\u1ed1ng h\u00e0ng ng\u00e0y, th\u1ef1c t\u1ebf\u00a0v\u00e0 d\u1ec5 \u00e1p \u200b\u200bd\u1ee5ng.<\/p>\n","protected":false},"excerpt":{"rendered":"<p>T\u1ed5ng quan Tr\u00ecnh \u0111\u1ed9:\u00a0A2 (s\u01a1 c\u1ea5p), l\u00e0 tr\u00ecnh \u0111\u1ed9 c\u01a1 b\u1ea3n v\u00e0\u00a0l\u00e0 b\u01b0\u1edbc \u0111\u1ec7m cho c\u00e1c k\u1ef3 thi tr\u00ecnh \u0111\u1ed9 [&hellip;]<\/p>\n","protected":false},"featured_media":177,"comment_status":"open","ping_status":"closed","template":"","meta":{"site-sidebar-layout":"default","site-content-layout":"","ast-site-content-layout":"default","site-content-style":"default","site-sidebar-style":"default","ast-global-header-display":"","ast-banner-title-visibility":"","ast-main-header-display":"","ast-hfb-above-header-display":"","ast-hfb-below-header-display":"","ast-hfb-mobile-header-display":"","site-post-title":"","ast-breadcrumbs-content":"","ast-featured-img":"","footer-sml-layout":"","ast-disable-related-posts":"","theme-transparent-header-meta":"","adv-header-id-meta":"","stick-header-meta":"","header-above-stick-meta":"","header-main-stick-meta":"","header-below-stick-meta":"","astra-migrate-meta-layouts":"default","ast-page-background-enabled":"default","ast-page-background-meta":{"desktop":{"background-color":"var(--ast-global-color-5)","background-image":"","background-repeat":"repeat","background-position":"center center","background-size":"auto","background-attachment":"scroll","background-type":"","background-media":"","overlay-type":"","overlay-color":"","overlay-opacity":"","overlay-gradient":""},"tablet":{"background-color":"","background-image":"","background-repeat":"repeat","background-position":"center center","background-size":"auto","background-attachment":"scroll","background-type":"","background-media":"","overlay-type":"","overlay-color":"","overlay-opacity":"","overlay-gradient":""},"mobile":{"background-color":"","background-image":"","background-repeat":"repeat","background-position":"center center","background-size":"auto","background-attachment":"scroll","background-type":"","background-media":"","overlay-type":"","overlay-color":"","overlay-opacity":"","overlay-gradient":""}},"ast-content-background-meta":{"desktop":{"background-color":"var(--ast-global-color-4)","background-image":"","background-repeat":"repeat","background-position":"center center","background-size":"auto","background-attachment":"scroll","background-type":"","background-media":"","overlay-type":"","overlay-color":"","overlay-opacity":"","overlay-gradient":""},"tablet":{"background-color":"var(--ast-global-color-4)","background-image":"","background-repeat":"repeat","background-position":"center center","background-size":"auto","background-attachment":"scroll","background-type":"","background-media":"","overlay-type":"","overlay-color":"","overlay-opacity":"","overlay-gradient":""},"mobile":{"background-color":"var(--ast-global-color-4)","background-image":"","background-repeat":"repeat","background-position":"center center","background-size":"auto","background-attachment":"scroll","background-type":"","background-media":"","overlay-type":"","overlay-color":"","overlay-opacity":"","overlay-gradient":""}}},"product_brand":[],"product_cat":[22,28],"product_tag":[],"class_list":{"0":"post-176","1":"product","2":"type-product","3":"status-publish","4":"has-post-thumbnail","6":"product_cat-sach-tieng-anh","7":"product_cat-sach-tong-hop","8":"desktop-align-left","9":"tablet-align-left","10":"mobile-align-left","12":"first","13":"instock","14":"sale","15":"taxable","16":"shipping-taxable","17":"purchasable","18":"product-type-variable"},"_links":{"self":[{"href":"https:\/\/lulabookstore.com\/index.php\/wp-json\/wp\/v2\/product\/176","targetHints":{"allow":["GET"]}}],"collection":[{"href":"https:\/\/lulabookstore.com\/index.php\/wp-json\/wp\/v2\/product"}],"about":[{"href":"https:\/\/lulabookstore.com\/index.php\/wp-json\/wp\/v2\/types\/product"}],"replies":[{"embeddable":true,"href":"https:\/\/lulabookstore.com\/index.php\/wp-json\/wp\/v2\/comments?post=176"}],"wp:featuredmedia":[{"embeddable":true,"href":"https:\/\/lulabookstore.com\/index.php\/wp-json\/wp\/v2\/media\/177"}],"wp:attachment":[{"href":"https:\/\/lulabookstore.com\/index.php\/wp-json\/wp\/v2\/media?parent=176"}],"wp:term":[{"taxonomy":"product_brand","embeddable":true,"href":"https:\/\/lulabookstore.com\/index.php\/wp-json\/wp\/v2\/product_brand?post=176"},{"taxonomy":"product_cat","embeddable":true,"href":"https:\/\/lulabookstore.com\/index.php\/wp-json\/wp\/v2\/product_cat?post=176"},{"taxonomy":"product_tag","embeddable":true,"href":"https:\/\/lulabookstore.com\/index.php\/wp-json\/wp\/v2\/product_tag?post=176"}],"curies":[{"name":"wp","href":"https:\/\/api.w.org\/{rel}","templated":true}]}}