{"id":158,"date":"2026-03-20T08:03:30","date_gmt":"2026-03-20T08:03:30","guid":{"rendered":"https:\/\/lulabookstore.com\/?post_type=product&#038;p=158"},"modified":"2026-03-22T10:57:14","modified_gmt":"2026-03-22T10:57:14","slug":"sach-daily-reading-comprehension-1-2-3-4-5-6-7-8","status":"publish","type":"product","link":"https:\/\/lulabookstore.com\/index.php\/san-pham\/sach-daily-reading-comprehension-1-2-3-4-5-6-7-8\/","title":{"rendered":"S\u00e1ch Daily Reading Comprehension 1-2-3-4-5-6-7-8"},"content":{"rendered":"<p>B\u1ed9 s\u00e1ch\u00a0Daily Reading Comprehension\u00a0c\u1ee7a\u00a0Evan Moor\u00a0ph\u00f9 h\u1ee3p cho tr\u1ebb em mu\u1ed1n c\u1ea3i thi\u1ec7n k\u1ef9 n\u0103ng \u0111\u1ecdc hi\u1ec3u, \u0111\u1eb7c bi\u1ec7t l\u00e0 nh\u1eefng b\u00e9 kh\u00f4ng th\u00edch \u0111\u1ecdc truy\u1ec7n d\u00e0i. S\u00e1ch c\u00f3 8 c\u1ea5p \u0111\u1ed9, chia theo t\u1eebng ng\u00e0y h\u1ecdc, s\u1eed d\u1ee5ng c\u00e1c b\u00e0i \u0111\u1ecdc ng\u1eafn k\u00e8m c\u00e2u h\u1ecfi tr\u1eafc nghi\u1ec7m \u0111\u1ec3 c\u1ee7ng c\u1ed1 ki\u1ebfn th\u1ee9c v\u00e0 luy\u1ec7n t\u1eadp \u0111\u1ecdc hi\u1ec3u hi\u1ec7u qu\u1ea3.<\/p>\n","protected":false},"excerpt":{"rendered":"<p>B\u1ed9 s\u00e1ch\u00a0Daily Reading Comprehension\u00a0c\u1ee7a\u00a0Evan Moor\u00a0ph\u00f9 h\u1ee3p cho tr\u1ebb em mu\u1ed1n c\u1ea3i thi\u1ec7n k\u1ef9 n\u0103ng \u0111\u1ecdc hi\u1ec3u, \u0111\u1eb7c bi\u1ec7t l\u00e0 nh\u1eefng [&hellip;]<\/p>\n","protected":false},"featured_media":159,"comment_status":"open","ping_status":"closed","template":"","meta":{"site-sidebar-layout":"default","site-content-layout":"","ast-site-content-layout":"default","site-content-style":"default","site-sidebar-style":"default","ast-global-header-display":"","ast-banner-title-visibility":"","ast-main-header-display":"","ast-hfb-above-header-display":"","ast-hfb-below-header-display":"","ast-hfb-mobile-header-display":"","site-post-title":"","ast-breadcrumbs-content":"","ast-featured-img":"","footer-sml-layout":"","ast-disable-related-posts":"","theme-transparent-header-meta":"","adv-header-id-meta":"","stick-header-meta":"","header-above-stick-meta":"","header-main-stick-meta":"","header-below-stick-meta":"","astra-migrate-meta-layouts":"default","ast-page-background-enabled":"default","ast-page-background-meta":{"desktop":{"background-color":"var(--ast-global-color-5)","background-image":"","background-repeat":"repeat","background-position":"center center","background-size":"auto","background-attachment":"scroll","background-type":"","background-media":"","overlay-type":"","overlay-color":"","overlay-opacity":"","overlay-gradient":""},"tablet":{"background-color":"","background-image":"","background-repeat":"repeat","background-position":"center center","background-size":"auto","background-attachment":"scroll","background-type":"","background-media":"","overlay-type":"","overlay-color":"","overlay-opacity":"","overlay-gradient":""},"mobile":{"background-color":"","background-image":"","background-repeat":"repeat","background-position":"center center","background-size":"auto","background-attachment":"scroll","background-type":"","background-media":"","overlay-type":"","overlay-color":"","overlay-opacity":"","overlay-gradient":""}},"ast-content-background-meta":{"desktop":{"background-color":"var(--ast-global-color-4)","background-image":"","background-repeat":"repeat","background-position":"center center","background-size":"auto","background-attachment":"scroll","background-type":"","background-media":"","overlay-type":"","overlay-color":"","overlay-opacity":"","overlay-gradient":""},"tablet":{"background-color":"var(--ast-global-color-4)","background-image":"","background-repeat":"repeat","background-position":"center center","background-size":"auto","background-attachment":"scroll","background-type":"","background-media":"","overlay-type":"","overlay-color":"","overlay-opacity":"","overlay-gradient":""},"mobile":{"background-color":"var(--ast-global-color-4)","background-image":"","background-repeat":"repeat","background-position":"center center","background-size":"auto","background-attachment":"scroll","background-type":"","background-media":"","overlay-type":"","overlay-color":"","overlay-opacity":"","overlay-gradient":""}}},"product_brand":[],"product_cat":[22,28],"product_tag":[],"class_list":{"0":"post-158","1":"product","2":"type-product","3":"status-publish","4":"has-post-thumbnail","6":"product_cat-sach-tieng-anh","7":"product_cat-sach-tong-hop","8":"desktop-align-left","9":"tablet-align-left","10":"mobile-align-left","12":"first","13":"instock","14":"sale","15":"taxable","16":"shipping-taxable","17":"purchasable","18":"product-type-variable"},"_links":{"self":[{"href":"https:\/\/lulabookstore.com\/index.php\/wp-json\/wp\/v2\/product\/158","targetHints":{"allow":["GET"]}}],"collection":[{"href":"https:\/\/lulabookstore.com\/index.php\/wp-json\/wp\/v2\/product"}],"about":[{"href":"https:\/\/lulabookstore.com\/index.php\/wp-json\/wp\/v2\/types\/product"}],"replies":[{"embeddable":true,"href":"https:\/\/lulabookstore.com\/index.php\/wp-json\/wp\/v2\/comments?post=158"}],"wp:featuredmedia":[{"embeddable":true,"href":"https:\/\/lulabookstore.com\/index.php\/wp-json\/wp\/v2\/media\/159"}],"wp:attachment":[{"href":"https:\/\/lulabookstore.com\/index.php\/wp-json\/wp\/v2\/media?parent=158"}],"wp:term":[{"taxonomy":"product_brand","embeddable":true,"href":"https:\/\/lulabookstore.com\/index.php\/wp-json\/wp\/v2\/product_brand?post=158"},{"taxonomy":"product_cat","embeddable":true,"href":"https:\/\/lulabookstore.com\/index.php\/wp-json\/wp\/v2\/product_cat?post=158"},{"taxonomy":"product_tag","embeddable":true,"href":"https:\/\/lulabookstore.com\/index.php\/wp-json\/wp\/v2\/product_tag?post=158"}],"curies":[{"name":"wp","href":"https:\/\/api.w.org\/{rel}","templated":true}]}}