{"id":143,"date":"2026-03-20T07:02:57","date_gmt":"2026-03-20T07:02:57","guid":{"rendered":"https:\/\/lulabookstore.com\/?post_type=product&#038;p=143"},"modified":"2026-03-22T10:57:41","modified_gmt":"2026-03-22T10:57:41","slug":"sach-combo-2-cuon-cambridge-vocabulary-for-ielts-cambridge-grammar-for-ielts-le-tron-bo-tai-ban","status":"publish","type":"product","link":"https:\/\/lulabookstore.com\/index.php\/san-pham\/sach-combo-2-cuon-cambridge-vocabulary-for-ielts-cambridge-grammar-for-ielts-le-tron-bo-tai-ban\/","title":{"rendered":"S\u00e1ch &#8211; Combo 2 cu\u1ed1n Cambridge Vocabulary for Ielts &#8211; Cambridge Grammar for Ielts (L\u1ebb, Tr\u1ecdn b\u1ed9) &#8211; T\u00e1i b\u1ea3n"},"content":{"rendered":"<p>T\u1ed5ng quan<\/p>\n<p>B\u1ed1 c\u1ee5c:\u00a0C\u1ea3 hai cu\u1ed1n s\u00e1ch \u0111\u1ec1u \u0111\u01b0\u1ee3c thi\u1ebft k\u1ebf c\u00f3 h\u1ec7 th\u1ed1ng, m\u1ed7i b\u00e0i\u00a0t\u1eadp trung v\u00e0o m\u1ed9t ch\u1ee7 \u0111\u1ec1 c\u1ee5 th\u1ec3.<\/p>\n<p>Ph\u1ea7n l\u00fd thuy\u1ebft \u0111\u01b0\u1ee3c tr\u00ecnh b\u00e0y r\u00f5 r\u00e0ng, c\u00f3 v\u00ed d\u1ee5 d\u1ec5 hi\u1ec3u\u00a0.<\/p>\n<p>C\u00e1c b\u00e0i t\u1eadp th\u1ef1c h\u00e0nh b\u00e1m s\u00e1t c\u00e1c d\u1ea1ng c\u00e2u h\u1ecfi th\u01b0\u1eddng\u00a0g\u1eb7p trong b\u00e0i thi IELTS th\u1ef1c t\u1ebf, gi\u00fap ng\u01b0\u1eddi h\u1ecdc\u00a0l\u00e0m quen v\u1edbi \u0111\u1ecbnh d\u1ea1ng b\u00e0i thi.<\/p>\n<p>S\u00e1ch c\u00f3 \u0111\u00e1p \u00e1n chi ti\u1ebft \u1edf cu\u1ed1i s\u00e1ch\u00a0, thu\u1eadn ti\u1ec7n cho vi\u1ec7c t\u1ef1 h\u1ecdc.<\/p>\n<p>Bao g\u1ed3m \u0111\u0129a CD \u00e2m thanh (ho\u1eb7c t\u1ec7p nghe tr\u1ef1c tuy\u1ebfn) \u0111\u1ec3\u00a0luy\u1ec7n t\u1eadp k\u1ef9 n\u0103ng nghe.<\/p>\n","protected":false},"excerpt":{"rendered":"<p>T\u1ed5ng quan B\u1ed1 c\u1ee5c:\u00a0C\u1ea3 hai cu\u1ed1n s\u00e1ch \u0111\u1ec1u \u0111\u01b0\u1ee3c thi\u1ebft k\u1ebf c\u00f3 h\u1ec7 th\u1ed1ng, m\u1ed7i b\u00e0i\u00a0t\u1eadp trung v\u00e0o m\u1ed9t ch\u1ee7 [&hellip;]<\/p>\n","protected":false},"featured_media":144,"comment_status":"open","ping_status":"closed","template":"","meta":{"site-sidebar-layout":"default","site-content-layout":"","ast-site-content-layout":"default","site-content-style":"default","site-sidebar-style":"default","ast-global-header-display":"","ast-banner-title-visibility":"","ast-main-header-display":"","ast-hfb-above-header-display":"","ast-hfb-below-header-display":"","ast-hfb-mobile-header-display":"","site-post-title":"","ast-breadcrumbs-content":"","ast-featured-img":"","footer-sml-layout":"","ast-disable-related-posts":"","theme-transparent-header-meta":"","adv-header-id-meta":"","stick-header-meta":"","header-above-stick-meta":"","header-main-stick-meta":"","header-below-stick-meta":"","astra-migrate-meta-layouts":"default","ast-page-background-enabled":"default","ast-page-background-meta":{"desktop":{"background-color":"var(--ast-global-color-5)","background-image":"","background-repeat":"repeat","background-position":"center center","background-size":"auto","background-attachment":"scroll","background-type":"","background-media":"","overlay-type":"","overlay-color":"","overlay-opacity":"","overlay-gradient":""},"tablet":{"background-color":"","background-image":"","background-repeat":"repeat","background-position":"center center","background-size":"auto","background-attachment":"scroll","background-type":"","background-media":"","overlay-type":"","overlay-color":"","overlay-opacity":"","overlay-gradient":""},"mobile":{"background-color":"","background-image":"","background-repeat":"repeat","background-position":"center center","background-size":"auto","background-attachment":"scroll","background-type":"","background-media":"","overlay-type":"","overlay-color":"","overlay-opacity":"","overlay-gradient":""}},"ast-content-background-meta":{"desktop":{"background-color":"var(--ast-global-color-4)","background-image":"","background-repeat":"repeat","background-position":"center center","background-size":"auto","background-attachment":"scroll","background-type":"","background-media":"","overlay-type":"","overlay-color":"","overlay-opacity":"","overlay-gradient":""},"tablet":{"background-color":"var(--ast-global-color-4)","background-image":"","background-repeat":"repeat","background-position":"center center","background-size":"auto","background-attachment":"scroll","background-type":"","background-media":"","overlay-type":"","overlay-color":"","overlay-opacity":"","overlay-gradient":""},"mobile":{"background-color":"var(--ast-global-color-4)","background-image":"","background-repeat":"repeat","background-position":"center center","background-size":"auto","background-attachment":"scroll","background-type":"","background-media":"","overlay-type":"","overlay-color":"","overlay-opacity":"","overlay-gradient":""}}},"product_brand":[],"product_cat":[24],"product_tag":[],"class_list":{"0":"post-143","1":"product","2":"type-product","3":"status-publish","4":"has-post-thumbnail","6":"product_cat-sach-ielts","7":"desktop-align-left","8":"tablet-align-left","9":"mobile-align-left","11":"first","12":"instock","13":"sale","14":"taxable","15":"shipping-taxable","16":"purchasable","17":"product-type-variable"},"_links":{"self":[{"href":"https:\/\/lulabookstore.com\/index.php\/wp-json\/wp\/v2\/product\/143","targetHints":{"allow":["GET"]}}],"collection":[{"href":"https:\/\/lulabookstore.com\/index.php\/wp-json\/wp\/v2\/product"}],"about":[{"href":"https:\/\/lulabookstore.com\/index.php\/wp-json\/wp\/v2\/types\/product"}],"replies":[{"embeddable":true,"href":"https:\/\/lulabookstore.com\/index.php\/wp-json\/wp\/v2\/comments?post=143"}],"wp:featuredmedia":[{"embeddable":true,"href":"https:\/\/lulabookstore.com\/index.php\/wp-json\/wp\/v2\/media\/144"}],"wp:attachment":[{"href":"https:\/\/lulabookstore.com\/index.php\/wp-json\/wp\/v2\/media?parent=143"}],"wp:term":[{"taxonomy":"product_brand","embeddable":true,"href":"https:\/\/lulabookstore.com\/index.php\/wp-json\/wp\/v2\/product_brand?post=143"},{"taxonomy":"product_cat","embeddable":true,"href":"https:\/\/lulabookstore.com\/index.php\/wp-json\/wp\/v2\/product_cat?post=143"},{"taxonomy":"product_tag","embeddable":true,"href":"https:\/\/lulabookstore.com\/index.php\/wp-json\/wp\/v2\/product_tag?post=143"}],"curies":[{"name":"wp","href":"https:\/\/api.w.org\/{rel}","templated":true}]}}