{"id":134,"date":"2026-03-20T06:52:21","date_gmt":"2026-03-20T06:52:21","guid":{"rendered":"https:\/\/lulabookstore.com\/?post_type=product&#038;p=134"},"modified":"2026-03-22T10:58:05","modified_gmt":"2026-03-22T10:58:05","slug":"sach-cambridge-english-grammar-in-use-advanced-grammar-in-use-essential-grammar-in-use-luyen-thi-ielts-den-trang","status":"publish","type":"product","link":"https:\/\/lulabookstore.com\/index.php\/san-pham\/sach-cambridge-english-grammar-in-use-advanced-grammar-in-use-essential-grammar-in-use-luyen-thi-ielts-den-trang\/","title":{"rendered":"S\u00e1ch Cambridge English Grammar In Use \u2013 Advanced Grammar In Use &#8211; Essential Grammar In Use &#8211; Luy\u1ec7n thi Ielts &#8211; \u0110en tr\u1eafng"},"content":{"rendered":"<p>Chi ti\u1ebft s\u00e1ch<\/p>\n<p>B\u1ed9 s\u00e1ch g\u1ed3m ba cu\u1ed1n t\u01b0\u01a1ng \u1ee9ng v\u1edbi ba c\u1ea5p \u0111\u1ed9:<\/p>\n<p>Essential Grammar in Use (B\u00eca \u0111\u1ecf):\u00a0D\u00e0nh cho ng\u01b0\u1eddi m\u1edbi b\u1eaft \u0111\u1ea7u ho\u1eb7c ng\u01b0\u1eddi c\u00f3 n\u1ec1n t\u1ea3ng y\u1ebfu (tr\u00ecnh \u0111\u1ed9 s\u01a1 c\u1ea5p A1-A2, t\u01b0\u01a1ng \u0111\u01b0\u01a1ng IELTS 3.0-4.5). S\u00e1ch cung c\u1ea5p kho\u1ea3ng 115-116 ch\u1ee7 \u0111\u1ec1 ng\u1eef ph\u00e1p c\u01a1 b\u1ea3n v\u00e0 n\u1ec1n t\u1ea3ng.<\/p>\n<p>English Grammar in Use (B\u00eca xanh):\u00a0D\u00e0nh cho ng\u01b0\u1eddi h\u1ecdc tr\u00ecnh \u0111\u1ed9 Trung c\u1ea5p (B1-B2, t\u01b0\u01a1ng \u0111\u01b0\u01a1ng IELTS 4.5-5.5). Cu\u1ed1n s\u00e1ch n\u00e0y m\u1edf r\u1ed9ng v\u00e0 \u0111\u00e0o s\u00e2u c\u00e1c ch\u1ee7 \u0111\u1ec1 ng\u1eef ph\u00e1p ph\u1ed5 bi\u1ebfn, v\u1edbi kho\u1ea3ng 140-145 b\u00e0i h\u1ecdc.<\/p>\n<p>Ng\u1eef ph\u00e1p N\u00e2ng cao (B\u00eca xanh l\u00e1 c\u00e2y):\u00a0D\u00e0nh cho ng\u01b0\u1eddi h\u1ecdc \u1edf tr\u00ecnh \u0111\u1ed9 N\u00e2ng cao (C1-C2, t\u01b0\u01a1ng \u0111\u01b0\u01a1ng IELTS 5.5-7.0+). S\u00e1ch t\u1eadp trung v\u00e0o c\u00e1c c\u1ea5u tr\u00fac ng\u1eef ph\u00e1p ph\u1ee9c t\u1ea1p v\u00e0 chuy\u00ean s\u00e2u h\u01a1n, v\u1edbi kho\u1ea3ng 100 ch\u1ee7 \u0111\u1ec1 n\u00e2ng cao.<\/p>\n<p>T\u00f3m l\u1ea1i:\u00a0\u0110\u00e2y l\u00e0 m\u1ed9t b\u1ed9 s\u00e1ch ng\u1eef ph\u00e1p ti\u1ebfng Anh ch\u1ea5t l\u01b0\u1ee3ng cao v\u00e0 \u0111\u01b0\u1ee3c \u0111\u00e1nh gi\u00e1 cao, ph\u00f9 h\u1ee3p cho b\u1ea5t k\u1ef3 ai mu\u1ed1n c\u1ee7ng c\u1ed1 ho\u1eb7c c\u1ea3i thi\u1ec7n ki\u1ebfn \u200b\u200bth\u1ee9c ng\u1eef ph\u00e1p. B\u1ea1n n\u00ean ch\u1ecdn s\u00e1ch ph\u00f9 h\u1ee3p v\u1edbi tr\u00ecnh \u0111\u1ed9 hi\u1ec7n t\u1ea1i c\u1ee7a m\u00ecnh \u0111\u1ec3 \u0111\u1ea1t k\u1ebft qu\u1ea3 t\u1ed1t nh\u1ea5t.<\/p>\n","protected":false},"excerpt":{"rendered":"<p>Chi ti\u1ebft s\u00e1ch B\u1ed9 s\u00e1ch g\u1ed3m ba cu\u1ed1n t\u01b0\u01a1ng \u1ee9ng v\u1edbi ba c\u1ea5p \u0111\u1ed9: Essential Grammar in Use (B\u00eca \u0111\u1ecf):\u00a0D\u00e0nh [&hellip;]<\/p>\n","protected":false},"featured_media":138,"comment_status":"open","ping_status":"closed","template":"","meta":{"site-sidebar-layout":"default","site-content-layout":"","ast-site-content-layout":"default","site-content-style":"default","site-sidebar-style":"default","ast-global-header-display":"","ast-banner-title-visibility":"","ast-main-header-display":"","ast-hfb-above-header-display":"","ast-hfb-below-header-display":"","ast-hfb-mobile-header-display":"","site-post-title":"","ast-breadcrumbs-content":"","ast-featured-img":"","footer-sml-layout":"","ast-disable-related-posts":"","theme-transparent-header-meta":"","adv-header-id-meta":"","stick-header-meta":"","header-above-stick-meta":"","header-main-stick-meta":"","header-below-stick-meta":"","astra-migrate-meta-layouts":"default","ast-page-background-enabled":"default","ast-page-background-meta":{"desktop":{"background-color":"var(--ast-global-color-5)","background-image":"","background-repeat":"repeat","background-position":"center center","background-size":"auto","background-attachment":"scroll","background-type":"","background-media":"","overlay-type":"","overlay-color":"","overlay-opacity":"","overlay-gradient":""},"tablet":{"background-color":"","background-image":"","background-repeat":"repeat","background-position":"center center","background-size":"auto","background-attachment":"scroll","background-type":"","background-media":"","overlay-type":"","overlay-color":"","overlay-opacity":"","overlay-gradient":""},"mobile":{"background-color":"","background-image":"","background-repeat":"repeat","background-position":"center center","background-size":"auto","background-attachment":"scroll","background-type":"","background-media":"","overlay-type":"","overlay-color":"","overlay-opacity":"","overlay-gradient":""}},"ast-content-background-meta":{"desktop":{"background-color":"var(--ast-global-color-4)","background-image":"","background-repeat":"repeat","background-position":"center center","background-size":"auto","background-attachment":"scroll","background-type":"","background-media":"","overlay-type":"","overlay-color":"","overlay-opacity":"","overlay-gradient":""},"tablet":{"background-color":"var(--ast-global-color-4)","background-image":"","background-repeat":"repeat","background-position":"center center","background-size":"auto","background-attachment":"scroll","background-type":"","background-media":"","overlay-type":"","overlay-color":"","overlay-opacity":"","overlay-gradient":""},"mobile":{"background-color":"var(--ast-global-color-4)","background-image":"","background-repeat":"repeat","background-position":"center center","background-size":"auto","background-attachment":"scroll","background-type":"","background-media":"","overlay-type":"","overlay-color":"","overlay-opacity":"","overlay-gradient":""}}},"product_brand":[],"product_cat":[24,22,23],"product_tag":[],"class_list":{"0":"post-134","1":"product","2":"type-product","3":"status-publish","4":"has-post-thumbnail","6":"product_cat-sach-ielts","7":"product_cat-sach-tieng-anh","8":"product_cat-sach-toeic","9":"desktop-align-left","10":"tablet-align-left","11":"mobile-align-left","13":"first","14":"instock","15":"sale","16":"taxable","17":"shipping-taxable","18":"purchasable","19":"product-type-variable"},"_links":{"self":[{"href":"https:\/\/lulabookstore.com\/index.php\/wp-json\/wp\/v2\/product\/134","targetHints":{"allow":["GET"]}}],"collection":[{"href":"https:\/\/lulabookstore.com\/index.php\/wp-json\/wp\/v2\/product"}],"about":[{"href":"https:\/\/lulabookstore.com\/index.php\/wp-json\/wp\/v2\/types\/product"}],"replies":[{"embeddable":true,"href":"https:\/\/lulabookstore.com\/index.php\/wp-json\/wp\/v2\/comments?post=134"}],"wp:featuredmedia":[{"embeddable":true,"href":"https:\/\/lulabookstore.com\/index.php\/wp-json\/wp\/v2\/media\/138"}],"wp:attachment":[{"href":"https:\/\/lulabookstore.com\/index.php\/wp-json\/wp\/v2\/media?parent=134"}],"wp:term":[{"taxonomy":"product_brand","embeddable":true,"href":"https:\/\/lulabookstore.com\/index.php\/wp-json\/wp\/v2\/product_brand?post=134"},{"taxonomy":"product_cat","embeddable":true,"href":"https:\/\/lulabookstore.com\/index.php\/wp-json\/wp\/v2\/product_cat?post=134"},{"taxonomy":"product_tag","embeddable":true,"href":"https:\/\/lulabookstore.com\/index.php\/wp-json\/wp\/v2\/product_tag?post=134"}],"curies":[{"name":"wp","href":"https:\/\/api.w.org\/{rel}","templated":true}]}}