{"id":132,"date":"2026-03-20T06:43:23","date_gmt":"2026-03-20T06:43:23","guid":{"rendered":"https:\/\/lulabookstore.com\/?post_type=product&#038;p=132"},"modified":"2026-03-22T10:57:55","modified_gmt":"2026-03-22T10:57:55","slug":"sach-the-official-cambridge-guide-to-ielts-tang-audio-key","status":"publish","type":"product","link":"https:\/\/lulabookstore.com\/index.php\/san-pham\/sach-the-official-cambridge-guide-to-ielts-tang-audio-key\/","title":{"rendered":"S\u00e1ch The Official Cambridge Guide to IELTS + t\u1eb7ng AUDIO &#038; Key"},"content":{"rendered":"<p>S\u00e1ch The Official Cambridge Guide to IELTS + t\u1eb7ng AUDIO &amp; Key<\/p>\n<p>N\u1ed9i dung ch\u00ednh c\u1ee7a cu\u1ed1n s\u00e1ch:<\/p>\n<p>Listening: H\u01b0\u1edbng d\u1eabn chi ti\u1ebft v\u1ec1 c\u00e1ch l\u00e0m b\u00e0i nghe, bao g\u1ed3m c\u00e1c chi\u1ebfn l\u01b0\u1ee3c nghe hi\u1ec7u qu\u1ea3 v\u00e0 c\u00e1c b\u00e0i t\u1eadp th\u1ef1c h\u00e0nh.<\/p>\n<p>Reading: Cung c\u1ea5p c\u00e1c k\u1ef9 n\u0103ng \u0111\u1ecdc hi\u1ec3u, t\u1eeb vi\u1ec7c nh\u1eadn bi\u1ebft \u00fd ch\u00ednh \u0111\u1ebfn vi\u1ec7c tr\u1ea3 l\u1eddi c\u00e1c c\u00e2u h\u1ecfi tr\u1eafc nghi\u1ec7m.<\/p>\n<p>Writing: H\u01b0\u1edbng d\u1eabn c\u00e1ch vi\u1ebft b\u00e0i lu\u1eadn v\u00e0 m\u00f4 t\u1ea3 bi\u1ec3u \u0111\u1ed3, b\u1ea3ng bi\u1ec3u, c\u00f9ng v\u1edbi c\u00e1c b\u00e0i t\u1eadp th\u1ef1c h\u00e0nh.<\/p>\n<p>Speaking: Chi ti\u1ebft v\u1ec1 c\u00e1c ph\u1ea7n c\u1ee7a b\u00e0i thi n\u00f3i, t\u1eeb vi\u1ec7c tr\u1ea3 l\u1eddi c\u00e1c c\u00e2u h\u1ecfi ng\u1eafn \u0111\u1ebfn vi\u1ec7c th\u1ea3o lu\u1eadn c\u00e1c ch\u1ee7 \u0111\u1ec1 tr\u1eebu t\u01b0\u1ee3ng.<\/p>\n<p>Cu\u1ed1n s\u00e1ch c\u0169ng bao g\u1ed3m 8 b\u00e0i ki\u1ec3m tra th\u1ef1c h\u00e0nh, c\u00f9ng v\u1edbi 2 b\u00e0i ki\u1ec3m tra General Training, gi\u00fap h\u1ecdc vi\u00ean l\u00e0m quen v\u1edbi \u0111\u1ecbnh d\u1ea1ng v\u00e0 y\u00eau c\u1ea7u c\u1ee7a k\u1ef3 thi IELTS.<\/p>\n","protected":false},"excerpt":{"rendered":"<p>S\u00e1ch The Official Cambridge Guide to IELTS + t\u1eb7ng AUDIO &amp; Key N\u1ed9i dung ch\u00ednh c\u1ee7a cu\u1ed1n s\u00e1ch: Listening: H\u01b0\u1edbng [&hellip;]<\/p>\n","protected":false},"featured_media":133,"comment_status":"open","ping_status":"closed","template":"","meta":{"site-sidebar-layout":"default","site-content-layout":"","ast-site-content-layout":"default","site-content-style":"default","site-sidebar-style":"default","ast-global-header-display":"","ast-banner-title-visibility":"","ast-main-header-display":"","ast-hfb-above-header-display":"","ast-hfb-below-header-display":"","ast-hfb-mobile-header-display":"","site-post-title":"","ast-breadcrumbs-content":"","ast-featured-img":"","footer-sml-layout":"","ast-disable-related-posts":"","theme-transparent-header-meta":"","adv-header-id-meta":"","stick-header-meta":"","header-above-stick-meta":"","header-main-stick-meta":"","header-below-stick-meta":"","astra-migrate-meta-layouts":"default","ast-page-background-enabled":"default","ast-page-background-meta":{"desktop":{"background-color":"var(--ast-global-color-5)","background-image":"","background-repeat":"repeat","background-position":"center center","background-size":"auto","background-attachment":"scroll","background-type":"","background-media":"","overlay-type":"","overlay-color":"","overlay-opacity":"","overlay-gradient":""},"tablet":{"background-color":"","background-image":"","background-repeat":"repeat","background-position":"center center","background-size":"auto","background-attachment":"scroll","background-type":"","background-media":"","overlay-type":"","overlay-color":"","overlay-opacity":"","overlay-gradient":""},"mobile":{"background-color":"","background-image":"","background-repeat":"repeat","background-position":"center center","background-size":"auto","background-attachment":"scroll","background-type":"","background-media":"","overlay-type":"","overlay-color":"","overlay-opacity":"","overlay-gradient":""}},"ast-content-background-meta":{"desktop":{"background-color":"var(--ast-global-color-4)","background-image":"","background-repeat":"repeat","background-position":"center center","background-size":"auto","background-attachment":"scroll","background-type":"","background-media":"","overlay-type":"","overlay-color":"","overlay-opacity":"","overlay-gradient":""},"tablet":{"background-color":"var(--ast-global-color-4)","background-image":"","background-repeat":"repeat","background-position":"center center","background-size":"auto","background-attachment":"scroll","background-type":"","background-media":"","overlay-type":"","overlay-color":"","overlay-opacity":"","overlay-gradient":""},"mobile":{"background-color":"var(--ast-global-color-4)","background-image":"","background-repeat":"repeat","background-position":"center center","background-size":"auto","background-attachment":"scroll","background-type":"","background-media":"","overlay-type":"","overlay-color":"","overlay-opacity":"","overlay-gradient":""}}},"product_brand":[],"product_cat":[24],"product_tag":[],"class_list":{"0":"post-132","1":"product","2":"type-product","3":"status-publish","4":"has-post-thumbnail","6":"product_cat-sach-ielts","7":"desktop-align-left","8":"tablet-align-left","9":"mobile-align-left","11":"first","12":"instock","13":"sale","14":"taxable","15":"shipping-taxable","16":"purchasable","17":"product-type-simple"},"_links":{"self":[{"href":"https:\/\/lulabookstore.com\/index.php\/wp-json\/wp\/v2\/product\/132","targetHints":{"allow":["GET"]}}],"collection":[{"href":"https:\/\/lulabookstore.com\/index.php\/wp-json\/wp\/v2\/product"}],"about":[{"href":"https:\/\/lulabookstore.com\/index.php\/wp-json\/wp\/v2\/types\/product"}],"replies":[{"embeddable":true,"href":"https:\/\/lulabookstore.com\/index.php\/wp-json\/wp\/v2\/comments?post=132"}],"wp:featuredmedia":[{"embeddable":true,"href":"https:\/\/lulabookstore.com\/index.php\/wp-json\/wp\/v2\/media\/133"}],"wp:attachment":[{"href":"https:\/\/lulabookstore.com\/index.php\/wp-json\/wp\/v2\/media?parent=132"}],"wp:term":[{"taxonomy":"product_brand","embeddable":true,"href":"https:\/\/lulabookstore.com\/index.php\/wp-json\/wp\/v2\/product_brand?post=132"},{"taxonomy":"product_cat","embeddable":true,"href":"https:\/\/lulabookstore.com\/index.php\/wp-json\/wp\/v2\/product_cat?post=132"},{"taxonomy":"product_tag","embeddable":true,"href":"https:\/\/lulabookstore.com\/index.php\/wp-json\/wp\/v2\/product_tag?post=132"}],"curies":[{"name":"wp","href":"https:\/\/api.w.org\/{rel}","templated":true}]}}