{"id":122,"date":"2026-03-20T06:38:25","date_gmt":"2026-03-20T06:38:25","guid":{"rendered":"https:\/\/lulabookstore.com\/?post_type=product&#038;p=122"},"modified":"2026-03-22T10:58:41","modified_gmt":"2026-03-22T10:58:41","slug":"sach-oxford-word-skills-tron-bo-3-cuon-kem-audio-ban-den-trang-tai-ban","status":"publish","type":"product","link":"https:\/\/lulabookstore.com\/index.php\/san-pham\/sach-oxford-word-skills-tron-bo-3-cuon-kem-audio-ban-den-trang-tai-ban\/","title":{"rendered":"S\u00e1ch Oxford Word Skills Tr\u1ecdn B\u1ed9 3 Cu\u1ed1n K\u00e8m Audio &#8211; B\u1ea3n \u0111en tr\u1eafng &#8211; t\u00e1i b\u1ea3n"},"content":{"rendered":"<p>S\u00e1ch Oxford Word Skills Tr\u1ecdn B\u1ed9 3 Cu\u1ed1n K\u00e8m Audio &#8211; t\u00e1i b\u1ea3n<\/p>\n<p>s\u00e1ch s\u1ebd ph\u00f9 h\u1ee3p cho nh\u1eefng b\u1ea1n \u0111ang \u1edf tr\u00ecnh \u0111\u1ed9 (6.0-6.5 IELTS) v\u00e0 mong mu\u1ed1n \u0111\u1ea1t \u0111\u01b0\u1ee3c 7.5+ IELTS.<\/p>\n<p>S\u00e1ch \u0111\u01b0\u1ee3c chia th\u00e0nh c\u00e1c ch\u1ee7 \u0111\u1ec1 l\u1edbn (11 ch\u1ee7 \u0111\u1ec1), trong c\u00e1c ch\u1ee7 \u0111\u1ec1 l\u1edbn s\u1ebd c\u00f3 c\u00e1c ch\u1ee7 \u0111\u1ec1 nh\u1ecf h\u01a1n, v\u00e0 nh\u00ecn chung l\u00e0 d\u00f9 b\u1ea1n c\u00f3 \u0111ang c\u1ea7n ki\u1ebfm t\u00ecm t\u1eeb v\u1ef1ng v\u1ec1 b\u1ea5t k\u00ec 1 ch\u1ee7 \u0111\u1ec1 n\u00e0o th\u00ec c\u0169ng c\u00f3 th\u1ec3 t\u00ecm \u0111\u01b0\u1ee3c trong cu\u1ed1n n\u00e0y.B<\/p>\n","protected":false},"excerpt":{"rendered":"<p>S\u00e1ch Oxford Word Skills Tr\u1ecdn B\u1ed9 3 Cu\u1ed1n K\u00e8m Audio &#8211; t\u00e1i b\u1ea3n s\u00e1ch s\u1ebd ph\u00f9 h\u1ee3p cho nh\u1eefng b\u1ea1n [&hellip;]<\/p>\n","protected":false},"featured_media":126,"comment_status":"open","ping_status":"closed","template":"","meta":{"site-sidebar-layout":"default","site-content-layout":"","ast-site-content-layout":"default","site-content-style":"default","site-sidebar-style":"default","ast-global-header-display":"","ast-banner-title-visibility":"","ast-main-header-display":"","ast-hfb-above-header-display":"","ast-hfb-below-header-display":"","ast-hfb-mobile-header-display":"","site-post-title":"","ast-breadcrumbs-content":"","ast-featured-img":"","footer-sml-layout":"","ast-disable-related-posts":"","theme-transparent-header-meta":"","adv-header-id-meta":"","stick-header-meta":"","header-above-stick-meta":"","header-main-stick-meta":"","header-below-stick-meta":"","astra-migrate-meta-layouts":"default","ast-page-background-enabled":"default","ast-page-background-meta":{"desktop":{"background-color":"var(--ast-global-color-5)","background-image":"","background-repeat":"repeat","background-position":"center center","background-size":"auto","background-attachment":"scroll","background-type":"","background-media":"","overlay-type":"","overlay-color":"","overlay-opacity":"","overlay-gradient":""},"tablet":{"background-color":"","background-image":"","background-repeat":"repeat","background-position":"center center","background-size":"auto","background-attachment":"scroll","background-type":"","background-media":"","overlay-type":"","overlay-color":"","overlay-opacity":"","overlay-gradient":""},"mobile":{"background-color":"","background-image":"","background-repeat":"repeat","background-position":"center center","background-size":"auto","background-attachment":"scroll","background-type":"","background-media":"","overlay-type":"","overlay-color":"","overlay-opacity":"","overlay-gradient":""}},"ast-content-background-meta":{"desktop":{"background-color":"var(--ast-global-color-4)","background-image":"","background-repeat":"repeat","background-position":"center center","background-size":"auto","background-attachment":"scroll","background-type":"","background-media":"","overlay-type":"","overlay-color":"","overlay-opacity":"","overlay-gradient":""},"tablet":{"background-color":"var(--ast-global-color-4)","background-image":"","background-repeat":"repeat","background-position":"center center","background-size":"auto","background-attachment":"scroll","background-type":"","background-media":"","overlay-type":"","overlay-color":"","overlay-opacity":"","overlay-gradient":""},"mobile":{"background-color":"var(--ast-global-color-4)","background-image":"","background-repeat":"repeat","background-position":"center center","background-size":"auto","background-attachment":"scroll","background-type":"","background-media":"","overlay-type":"","overlay-color":"","overlay-opacity":"","overlay-gradient":""}}},"product_brand":[],"product_cat":[24,22,23],"product_tag":[],"class_list":{"0":"post-122","1":"product","2":"type-product","3":"status-publish","4":"has-post-thumbnail","6":"product_cat-sach-ielts","7":"product_cat-sach-tieng-anh","8":"product_cat-sach-toeic","9":"desktop-align-left","10":"tablet-align-left","11":"mobile-align-left","13":"first","14":"instock","15":"sale","16":"taxable","17":"shipping-taxable","18":"purchasable","19":"product-type-variable"},"_links":{"self":[{"href":"https:\/\/lulabookstore.com\/index.php\/wp-json\/wp\/v2\/product\/122","targetHints":{"allow":["GET"]}}],"collection":[{"href":"https:\/\/lulabookstore.com\/index.php\/wp-json\/wp\/v2\/product"}],"about":[{"href":"https:\/\/lulabookstore.com\/index.php\/wp-json\/wp\/v2\/types\/product"}],"replies":[{"embeddable":true,"href":"https:\/\/lulabookstore.com\/index.php\/wp-json\/wp\/v2\/comments?post=122"}],"wp:featuredmedia":[{"embeddable":true,"href":"https:\/\/lulabookstore.com\/index.php\/wp-json\/wp\/v2\/media\/126"}],"wp:attachment":[{"href":"https:\/\/lulabookstore.com\/index.php\/wp-json\/wp\/v2\/media?parent=122"}],"wp:term":[{"taxonomy":"product_brand","embeddable":true,"href":"https:\/\/lulabookstore.com\/index.php\/wp-json\/wp\/v2\/product_brand?post=122"},{"taxonomy":"product_cat","embeddable":true,"href":"https:\/\/lulabookstore.com\/index.php\/wp-json\/wp\/v2\/product_cat?post=122"},{"taxonomy":"product_tag","embeddable":true,"href":"https:\/\/lulabookstore.com\/index.php\/wp-json\/wp\/v2\/product_tag?post=122"}],"curies":[{"name":"wp","href":"https:\/\/api.w.org\/{rel}","templated":true}]}}