{"id":114,"date":"2026-03-20T03:43:19","date_gmt":"2026-03-20T03:43:19","guid":{"rendered":"https:\/\/lulabookstore.com\/?post_type=product&#038;p=114"},"modified":"2026-03-22T10:59:34","modified_gmt":"2026-03-22T10:59:34","slug":"sach-english-idioms-in-use-intermediate-advanced-ban-den-trang","status":"publish","type":"product","link":"https:\/\/lulabookstore.com\/index.php\/san-pham\/sach-english-idioms-in-use-intermediate-advanced-ban-den-trang\/","title":{"rendered":"S\u00e1ch English Idioms in Use &#8211; Intermediate, Advanced &#8211; b\u1ea3n \u0111en tr\u1eafng"},"content":{"rendered":"<p>S\u00e1ch English Idioms in Use &#8211; Intermediate, Advanced &#8211; b\u1ea3n \u0111en tr\u1eafng<\/p>\n<p>English Idioms in Use Intermediate&#8221; l\u00e0 m\u1ed9t b\u1ed9 s\u00e1ch tham kh\u1ea3o v\u00e0 luy\u1ec7n t\u1eadp v\u00f4 c\u00f9ng h\u1eefu \u00edch cho nh\u1eefng ng\u01b0\u1eddi h\u1ecdc ti\u1ebfng Anh \u1edf tr\u00ecnh \u0111\u1ed9 trung c\u1ea5p, t\u1eeb B1 \u0111\u1ebfn B2.<\/p>\n<p>Cu\u1ed1n s\u00e1ch n\u00e0y cung c\u1ea5p nh\u1eefng gi\u1ea3i th\u00edch r\u00f5 r\u00e0ng v\u00e0 c\u01a1 h\u1ed9i th\u1ef1c h\u00e0nh qua nhi\u1ec1u ch\u1ee7 \u0111\u1ec1 kh\u00e1c nhau nh\u01b0 &#8216;Qu\u1ea7n \u00e1o&#8217;, &#8216;\u00c2m nh\u1ea1c v\u00e0 r\u1ea1p h\u00e1t&#8217; v\u00e0 &#8216;C\u00f4ng vi\u1ec7c&#8217;, gi\u00fap ng\u01b0\u1eddi h\u1ecdc c\u1ea3i thi\u1ec7n s\u1ef1 hi\u1ec3u bi\u1ebft v\u1ec1 th\u00e0nh ng\u1eef trong ti\u1ebfng Anh.<\/p>\n<p>\u0110\u01b0\u1ee3c nghi\u00ean c\u1ee9u v\u00e0 ph\u00e1t tri\u1ec3n b\u1edfi \u0110\u1ea1i h\u1ecdc Cambridge, cu\u1ed1n s\u00e1ch n\u00e0y \u0111\u1ea3m b\u1ea3o r\u1eb1ng ng\u01b0\u1eddi h\u1ecdc c\u00f3 th\u1ec3 t\u1ef1 tin v\u1ec1 nh\u1eefng g\u00ec h\u1ecd \u0111ang h\u1ecdc v\u00e0 c\u1ea3i thi\u1ec7n kh\u1ea3 n\u0103ng t\u1ef1 h\u1ecdc th\u00f4ng qua c\u00e1c m\u1eb9o h\u1ecdc t\u1eadp, c\u00e1c nhi\u1ec7m v\u1ee5 theo d\u00f5i v\u00e0 m\u1ed9t ph\u1ea7n tr\u1ea3 l\u1eddi d\u1ec5 s\u1eed d\u1ee5ng.<\/p>\n","protected":false},"excerpt":{"rendered":"<p>S\u00e1ch English Idioms in Use &#8211; Intermediate, Advanced &#8211; b\u1ea3n \u0111en tr\u1eafng English Idioms in Use Intermediate&#8221; l\u00e0 m\u1ed9t b\u1ed9 [&hellip;]<\/p>\n","protected":false},"featured_media":116,"comment_status":"open","ping_status":"closed","template":"","meta":{"site-sidebar-layout":"default","site-content-layout":"","ast-site-content-layout":"default","site-content-style":"default","site-sidebar-style":"default","ast-global-header-display":"","ast-banner-title-visibility":"","ast-main-header-display":"","ast-hfb-above-header-display":"","ast-hfb-below-header-display":"","ast-hfb-mobile-header-display":"","site-post-title":"","ast-breadcrumbs-content":"","ast-featured-img":"","footer-sml-layout":"","ast-disable-related-posts":"","theme-transparent-header-meta":"","adv-header-id-meta":"","stick-header-meta":"","header-above-stick-meta":"","header-main-stick-meta":"","header-below-stick-meta":"","astra-migrate-meta-layouts":"default","ast-page-background-enabled":"default","ast-page-background-meta":{"desktop":{"background-color":"var(--ast-global-color-5)","background-image":"","background-repeat":"repeat","background-position":"center center","background-size":"auto","background-attachment":"scroll","background-type":"","background-media":"","overlay-type":"","overlay-color":"","overlay-opacity":"","overlay-gradient":""},"tablet":{"background-color":"","background-image":"","background-repeat":"repeat","background-position":"center center","background-size":"auto","background-attachment":"scroll","background-type":"","background-media":"","overlay-type":"","overlay-color":"","overlay-opacity":"","overlay-gradient":""},"mobile":{"background-color":"","background-image":"","background-repeat":"repeat","background-position":"center center","background-size":"auto","background-attachment":"scroll","background-type":"","background-media":"","overlay-type":"","overlay-color":"","overlay-opacity":"","overlay-gradient":""}},"ast-content-background-meta":{"desktop":{"background-color":"var(--ast-global-color-4)","background-image":"","background-repeat":"repeat","background-position":"center center","background-size":"auto","background-attachment":"scroll","background-type":"","background-media":"","overlay-type":"","overlay-color":"","overlay-opacity":"","overlay-gradient":""},"tablet":{"background-color":"var(--ast-global-color-4)","background-image":"","background-repeat":"repeat","background-position":"center center","background-size":"auto","background-attachment":"scroll","background-type":"","background-media":"","overlay-type":"","overlay-color":"","overlay-opacity":"","overlay-gradient":""},"mobile":{"background-color":"var(--ast-global-color-4)","background-image":"","background-repeat":"repeat","background-position":"center center","background-size":"auto","background-attachment":"scroll","background-type":"","background-media":"","overlay-type":"","overlay-color":"","overlay-opacity":"","overlay-gradient":""}}},"product_brand":[],"product_cat":[24,22,23],"product_tag":[],"class_list":{"0":"post-114","1":"product","2":"type-product","3":"status-publish","4":"has-post-thumbnail","6":"product_cat-sach-ielts","7":"product_cat-sach-tieng-anh","8":"product_cat-sach-toeic","9":"desktop-align-left","10":"tablet-align-left","11":"mobile-align-left","13":"first","14":"instock","15":"sale","16":"taxable","17":"shipping-taxable","18":"purchasable","19":"product-type-variable"},"_links":{"self":[{"href":"https:\/\/lulabookstore.com\/index.php\/wp-json\/wp\/v2\/product\/114","targetHints":{"allow":["GET"]}}],"collection":[{"href":"https:\/\/lulabookstore.com\/index.php\/wp-json\/wp\/v2\/product"}],"about":[{"href":"https:\/\/lulabookstore.com\/index.php\/wp-json\/wp\/v2\/types\/product"}],"replies":[{"embeddable":true,"href":"https:\/\/lulabookstore.com\/index.php\/wp-json\/wp\/v2\/comments?post=114"}],"wp:featuredmedia":[{"embeddable":true,"href":"https:\/\/lulabookstore.com\/index.php\/wp-json\/wp\/v2\/media\/116"}],"wp:attachment":[{"href":"https:\/\/lulabookstore.com\/index.php\/wp-json\/wp\/v2\/media?parent=114"}],"wp:term":[{"taxonomy":"product_brand","embeddable":true,"href":"https:\/\/lulabookstore.com\/index.php\/wp-json\/wp\/v2\/product_brand?post=114"},{"taxonomy":"product_cat","embeddable":true,"href":"https:\/\/lulabookstore.com\/index.php\/wp-json\/wp\/v2\/product_cat?post=114"},{"taxonomy":"product_tag","embeddable":true,"href":"https:\/\/lulabookstore.com\/index.php\/wp-json\/wp\/v2\/product_tag?post=114"}],"curies":[{"name":"wp","href":"https:\/\/api.w.org\/{rel}","templated":true}]}}